{"id":19224,"date":"2025-02-01T16:53:41","date_gmt":"2025-02-01T15:53:41","guid":{"rendered":"https:\/\/boskienasiona.pl\/product\/nasiona-warzyw-brukselka-kapusta-groninger-zrodlo-witamin-i-mikroskladnikow\/"},"modified":"2026-04-19T14:17:10","modified_gmt":"2026-04-19T12:17:10","slug":"nasiona-warzyw-brukselka-kapusta-groninger-zrodlo-witamin-i-mikroskladnikow","status":"publish","type":"product","link":"https:\/\/boskienasiona.pl\/en\/produkt\/nasiona-warzyw-brukselka-kapusta-groninger-zrodlo-witamin-i-mikroskladnikow\/","title":{"rendered":"Nasiona warzyw Brukselka Kapusta Groninger \u017ar\u00f3d\u0142o witamin i mikrosk\u0142adnik\u00f3w"},"content":{"rendered":"<section class=\"section\">\n<div class=\"item item-12\">\n<section class=\"text-item\">\n<h1>Nasiona warzyw Brukselka Kapusta Groninger \u017ar\u00f3d\u0142o witamin i mikrosk\u0142adnik\u00f3w<\/h1>\n<\/section><\/div>\n<\/section>\n<section class=\"section\">\n<div class=\"item item-6\">\n<section class=\"image-item\">\n            <img decoding=\"async\" src=\"https:\/\/upload.cdn.baselinker.com\/products\/3018170\/0badf06363f6e10a85145c11f9daeef9.jpg\" \/><br \/>\n        <\/section>\n<\/p><\/div>\n<div class=\"item item-6\">\n<section class=\"text-item\">\n<p><b>Kapusta Brukselska\u00a0Groninger<\/b><\/p>\n<p>Odmiana \u015brednio-p\u00f3\u017ana charakteryzuj\u0105ca\u00a0si\u0119 intensywnym wzrostem i\u00a0du\u017c\u0105 plenno\u015bci\u0105, przeznaczona na\u00a0zbi\u00f3r wczesno zimowy. W\u00a0przypadku \u0142agodnych zim zbi\u00f3r mo\u017cna przeprowadza\u0107 do\u00a0stycznia. G\u0142\u00f3wki \u015bredniej wielko\u015bci, kuliste (\u015br. 2-6 cm), g\u0119sto osadzone na\u00a0p\u0119dzie. Stanowi cenne \u017ar\u00f3d\u0142o witamin i\u00a0mikrosk\u0142adnik\u00f3w w\u00a0okresie zimowym. Siew pod\u00a0os\u0142ony: IV. Siew do\u00a0gruntu: koniec IV-V.<\/p>\n<ul>\n<li><b>Opakowanie:<\/b> 2g<\/li>\n<li><b>Siew:<\/b> IV-V<\/li>\n<li><b>Zbi\u00f3r:<\/b> X- po\u0142owa XII<\/li>\n<li><b>Rozstawa:<\/b> 50 x 60 cm<\/li>\n<\/ul>\n<\/section><\/div>\n<\/section>\n<section class=\"section\">\n<div class=\"item item-6\">\n<section class=\"image-item\">\n            <img decoding=\"async\" src=\"https:\/\/upload.cdn.baselinker.com\/products\/3018170\/1921bfaf4ce08b4d53347bed43683b61.jpg\" \/><br \/>\n        <\/section>\n<\/p><\/div>\n<div class=\"item item-6\">\n<section class=\"text-item\">\n<p><b>SPRAWDZONA JAKO\u015a\u0106 NASION<\/b><\/p>\n<p>Oferowane przez nas nasiona s\u0105 testowane w\u00a0<b>Laboratorium Oceny Nasion pod wzgl\u0119dem:<\/b><\/p>\n<p>\u2705<b>kie\u0142kowania<\/b><\/p>\n<p>\u2705<b>wilgotno\u015bci<\/b><\/p>\n<p>\u2705<b>czysto\u015bci ziarna<\/b><\/p>\n<p><b>Dzi\u0119ki czemu udost\u0119pniane nasiona s\u0105 \u015bci\u015ble wyselekcjonowane, tylko wysokiej klasy.<\/b><\/p>\n<p>Torebki zakupione na naszej aukcji s\u0105 w pe\u0142ni bezpieczne, posiadaj\u0105\u00a0<b>dat\u0119 wa\u017cno\u015bci i nr partii na opakowaniu.<\/b>\u00a0Gwarantujemy r\u00f3wnie\u017c jako\u015b\u0107 i oryginalno\u015b\u0107 produkt\u00f3w, poniewa\u017c s\u0105 nabywane bezpo\u015brednio od producenta.<\/p>\n<\/section><\/div>\n<\/section>\n<section class=\"section\">\n<div class=\"item item-6\">\n<section class=\"image-item\">\n            <img decoding=\"async\" src=\"https:\/\/upload.cdn.baselinker.com\/products\/3018170\/7dfb29b3396f07cccedfc834f6199c3d.jpg\" \/><br \/>\n        <\/section>\n<\/p><\/div>\n<div class=\"item item-6\">\n<section class=\"image-item\">\n            <img decoding=\"async\" src=\"https:\/\/upload.cdn.baselinker.com\/products\/3018170\/467c49d082927d57be837287c2a24c53.jpg\" \/><br \/>\n        <\/section>\n<\/p><\/div>\n<\/section>\n","protected":false},"excerpt":{"rendered":"<p>Nasiona warzyw Brukselka Kapusta Groninger \u017ar\u00f3d\u0142o witamin i mikrosk\u0142adnik\u00f3w Kapusta Brukselska\u00a0Groninger Odmiana \u015brednio-p\u00f3\u017ana charakteryzuj\u0105ca\u00a0si\u0119 intensywnym wzrostem i\u00a0du\u017c\u0105 plenno\u015bci\u0105, przeznaczona na\u00a0zbi\u00f3r wczesno zimowy. W\u00a0przypadku \u0142agodnych zim zbi\u00f3r mo\u017cna przeprowadza\u0107 do\u00a0stycznia. G\u0142\u00f3wki \u015bredniej wielko\u015bci, kuliste (\u015br. 2-6 cm), g\u0119sto osadzone na\u00a0p\u0119dzie. Stanowi cenne \u017ar\u00f3d\u0142o witamin i\u00a0mikrosk\u0142adnik\u00f3w w\u00a0okresie zimowym. Siew pod\u00a0os\u0142ony: IV. Siew do\u00a0gruntu: koniec IV-V. Opakowanie: 2g&#8230;<\/p>\n","protected":false},"featured_media":19216,"comment_status":"open","ping_status":"closed","template":"","meta":{"inline_featured_image":false},"product_cat":[126,162],"product_tag":[],"location":[],"class_list":{"0":"post-19224","1":"product","2":"type-product","3":"status-publish","4":"has-post-thumbnail","6":"product_cat-nasiona-warzyw","7":"product_cat-nasiona","8":"nt-post-class","9":"","12":"excerpt-none","15":"first","16":"instock","17":"shipping-taxable","18":"purchasable","19":"product-type-simple"},"_links":{"self":[{"href":"https:\/\/boskienasiona.pl\/en\/wp-json\/wp\/v2\/product\/19224","targetHints":{"allow":["GET"]}}],"collection":[{"href":"https:\/\/boskienasiona.pl\/en\/wp-json\/wp\/v2\/product"}],"about":[{"href":"https:\/\/boskienasiona.pl\/en\/wp-json\/wp\/v2\/types\/product"}],"replies":[{"embeddable":true,"href":"https:\/\/boskienasiona.pl\/en\/wp-json\/wp\/v2\/comments?post=19224"}],"version-history":[{"count":0,"href":"https:\/\/boskienasiona.pl\/en\/wp-json\/wp\/v2\/product\/19224\/revisions"}],"wp:featuredmedia":[{"embeddable":true,"href":"https:\/\/boskienasiona.pl\/en\/wp-json\/wp\/v2\/media\/19216"}],"wp:attachment":[{"href":"https:\/\/boskienasiona.pl\/en\/wp-json\/wp\/v2\/media?parent=19224"}],"wp:term":[{"taxonomy":"product_cat","embeddable":true,"href":"https:\/\/boskienasiona.pl\/en\/wp-json\/wp\/v2\/product_cat?post=19224"},{"taxonomy":"product_tag","embeddable":true,"href":"https:\/\/boskienasiona.pl\/en\/wp-json\/wp\/v2\/product_tag?post=19224"},{"taxonomy":"location","embeddable":true,"href":"https:\/\/boskienasiona.pl\/en\/wp-json\/wp\/v2\/location?post=19224"}],"curies":[{"name":"wp","href":"https:\/\/api.w.org\/{rel}","templated":true}]}}