{"id":19233,"date":"2025-02-01T16:53:58","date_gmt":"2025-02-01T15:53:58","guid":{"rendered":"https:\/\/boskienasiona.pl\/product\/nasiona-warzyw-kalarepa-gigant-pozna-duze-plony\/"},"modified":"2026-04-19T14:17:12","modified_gmt":"2026-04-19T12:17:12","slug":"nasiona-warzyw-kalarepa-gigant-pozna-duze-plony","status":"publish","type":"product","link":"https:\/\/boskienasiona.pl\/en\/produkt\/nasiona-warzyw-kalarepa-gigant-pozna-duze-plony\/","title":{"rendered":"Nasiona warzyw Kalarepa GIGANT P\u00d3\u0179NA DU\u017bE PLONY"},"content":{"rendered":"<section class=\"section\">\n<div class=\"item item-12\">\n<section class=\"text-item\">\n<h1>Nasiona warzyw Kalarepa GIGANT P\u00d3\u0179NA DU\u017bE PLONY<\/h1>\n<\/section><\/div>\n<\/section>\n<section class=\"section\">\n<div class=\"item item-6\">\n<section class=\"image-item\">\n            <img decoding=\"async\" src=\"https:\/\/upload.cdn.baselinker.com\/products\/3018170\/d61748eea6cf16fc211056aab3aedd70.jpg\" \/><br \/>\n        <\/section>\n<\/p><\/div>\n<div class=\"item item-6\">\n<section class=\"text-item\">\n<p><b>Kalarepa\u00a0GIGANT\u00a0(p\u00f3\u017ana)<\/b><\/p>\n<p>Odmiana p\u00f3\u017ana do\u00a0uprawy wiosennej i\u00a0jesiennej o\u00a0niezwykle du\u017cym zgrubieniu korzeniowym, o\u00a0masie do\u00a05 kg. Zgrubienie kuliste z\u00a0jasnozielon\u0105 sk\u00f3rk\u0105, mi\u0105\u017csz bia\u0142y, bardzo smaczny, bez\u00a0sk\u0142onno\u015bci do\u00a0drewnienia. \u015awietna odmiana do\u00a0przechowywania i\u00a0przetw\u00f3rstwa (mro\u017cenie).Wymaga gleby pr\u00f3chnicznej, \u017cyznej, dostatecznie wilgotnej. Siew od\u00a0po\u0142owy III do\u00a0IV na\u00a0zbi\u00f3r letni i\u00a0od\u00a0V do\u00a0pocz\u0105tku VI na\u00a0zbi\u00f3r jesienny.<\/p>\n<ul>\n<li><b>Opakowanie:<\/b> 2g<\/li>\n<li><b>Siew:<\/b> po\u0142owa III \u2013 po\u0142owa VI<\/li>\n<li><b>Zbi\u00f3r:<\/b> VII \u2013 X<\/li>\n<li><b>Rozstawa:<\/b> 20&#215;30<\/li>\n<\/ul>\n<\/section><\/div>\n<\/section>\n<section class=\"section\">\n<div class=\"item item-6\">\n<section class=\"image-item\">\n            <img decoding=\"async\" src=\"https:\/\/upload.cdn.baselinker.com\/products\/3018170\/8cdbadd785b8385985d7c98716852edf.jpg\" \/><br \/>\n        <\/section>\n<\/p><\/div>\n<div class=\"item item-6\">\n<section class=\"text-item\">\n<p><b>SPRAWDZONA JAKO\u015a\u0106 NASION<\/b><\/p>\n<p>Oferowane przez nas nasiona s\u0105 testowane w\u00a0<b>Laboratorium Oceny Nasion pod wzgl\u0119dem:<\/b><\/p>\n<p>\u2705<b>kie\u0142kowania<\/b><\/p>\n<p>\u2705<b>wilgotno\u015bci<\/b><\/p>\n<p>\u2705<b>czysto\u015bci ziarna<\/b><\/p>\n<p><b>Dzi\u0119ki czemu udost\u0119pniane nasiona s\u0105 \u015bci\u015ble wyselekcjonowane, tylko wysokiej klasy.<\/b><\/p>\n<p>Torebki zakupione na naszej aukcji s\u0105 w pe\u0142ni bezpieczne, posiadaj\u0105\u00a0<b>dat\u0119 wa\u017cno\u015bci i nr partii na opakowaniu.<\/b>\u00a0Gwarantujemy r\u00f3wnie\u017c jako\u015b\u0107 i oryginalno\u015b\u0107 produkt\u00f3w, poniewa\u017c s\u0105 nabywane bezpo\u015brednio od producenta.<\/p>\n<\/section><\/div>\n<\/section>\n<section class=\"section\">\n<div class=\"item item-6\">\n<section class=\"image-item\">\n            <img decoding=\"async\" src=\"https:\/\/upload.cdn.baselinker.com\/products\/3018170\/5aa74a376a83507deab3a84b5d451e71.jpg\" \/><br \/>\n        <\/section>\n<\/p><\/div>\n<div class=\"item item-6\">\n<section class=\"image-item\">\n            <img decoding=\"async\" src=\"https:\/\/upload.cdn.baselinker.com\/products\/3018170\/bc4a500d1b7af23dcbd576f1a29d88e5.jpg\" \/><br \/>\n        <\/section>\n<\/p><\/div>\n<\/section>\n","protected":false},"excerpt":{"rendered":"<p>Nasiona warzyw Kalarepa GIGANT P\u00d3\u0179NA DU\u017bE PLONY Kalarepa\u00a0GIGANT\u00a0(p\u00f3\u017ana) Odmiana p\u00f3\u017ana do\u00a0uprawy wiosennej i\u00a0jesiennej o\u00a0niezwykle du\u017cym zgrubieniu korzeniowym, o\u00a0masie do\u00a05 kg. Zgrubienie kuliste z\u00a0jasnozielon\u0105 sk\u00f3rk\u0105, mi\u0105\u017csz bia\u0142y, bardzo smaczny, bez\u00a0sk\u0142onno\u015bci do\u00a0drewnienia. \u015awietna odmiana do\u00a0przechowywania i\u00a0przetw\u00f3rstwa (mro\u017cenie).Wymaga gleby pr\u00f3chnicznej, \u017cyznej, dostatecznie wilgotnej. Siew od\u00a0po\u0142owy III do\u00a0IV na\u00a0zbi\u00f3r letni i\u00a0od\u00a0V do\u00a0pocz\u0105tku VI na\u00a0zbi\u00f3r jesienny. Opakowanie: 2g Siew: po\u0142owa&#8230;<\/p>\n","protected":false},"featured_media":19225,"comment_status":"open","ping_status":"closed","template":"","meta":{"inline_featured_image":false},"product_cat":[126,162],"product_tag":[],"location":[],"class_list":{"0":"post-19233","1":"product","2":"type-product","3":"status-publish","4":"has-post-thumbnail","6":"product_cat-nasiona-warzyw","7":"product_cat-nasiona","8":"nt-post-class","9":"","12":"excerpt-none","15":"first","16":"instock","17":"shipping-taxable","18":"purchasable","19":"product-type-simple"},"_links":{"self":[{"href":"https:\/\/boskienasiona.pl\/en\/wp-json\/wp\/v2\/product\/19233","targetHints":{"allow":["GET"]}}],"collection":[{"href":"https:\/\/boskienasiona.pl\/en\/wp-json\/wp\/v2\/product"}],"about":[{"href":"https:\/\/boskienasiona.pl\/en\/wp-json\/wp\/v2\/types\/product"}],"replies":[{"embeddable":true,"href":"https:\/\/boskienasiona.pl\/en\/wp-json\/wp\/v2\/comments?post=19233"}],"version-history":[{"count":0,"href":"https:\/\/boskienasiona.pl\/en\/wp-json\/wp\/v2\/product\/19233\/revisions"}],"wp:featuredmedia":[{"embeddable":true,"href":"https:\/\/boskienasiona.pl\/en\/wp-json\/wp\/v2\/media\/19225"}],"wp:attachment":[{"href":"https:\/\/boskienasiona.pl\/en\/wp-json\/wp\/v2\/media?parent=19233"}],"wp:term":[{"taxonomy":"product_cat","embeddable":true,"href":"https:\/\/boskienasiona.pl\/en\/wp-json\/wp\/v2\/product_cat?post=19233"},{"taxonomy":"product_tag","embeddable":true,"href":"https:\/\/boskienasiona.pl\/en\/wp-json\/wp\/v2\/product_tag?post=19233"},{"taxonomy":"location","embeddable":true,"href":"https:\/\/boskienasiona.pl\/en\/wp-json\/wp\/v2\/location?post=19233"}],"curies":[{"name":"wp","href":"https:\/\/api.w.org\/{rel}","templated":true}]}}