{"id":19244,"date":"2025-02-01T16:54:25","date_gmt":"2025-02-01T15:54:25","guid":{"rendered":"https:\/\/boskienasiona.pl\/product\/nasiona-warzyw-groch-ambrosia-wczesny-plenny\/"},"modified":"2026-04-19T22:18:43","modified_gmt":"2026-04-19T20:18:43","slug":"nasiona-warzyw-groch-ambrosia-wczesny-plenny","status":"publish","type":"product","link":"https:\/\/boskienasiona.pl\/en\/produkt\/nasiona-warzyw-groch-ambrosia-wczesny-plenny\/","title":{"rendered":"Nasiona warzyw GROCH AMBROSIA Wczesny Plenny"},"content":{"rendered":"<section class=\"section\">\n<div class=\"item item-12\">\n<section class=\"text-item\">\n<h1>Nasiona warzyw GROCH AMBROSIA Wczesny Plenny<\/h1>\n<\/section><\/div>\n<\/section>\n<section class=\"section\">\n<div class=\"item item-6\">\n<section class=\"image-item\">\n            <img decoding=\"async\" src=\"https:\/\/upload.cdn.baselinker.com\/products\/3018170\/d78879f0857b13b352a2d478273b7e4b.png\" \/><br \/>\n        <\/section>\n<\/p><\/div>\n<div class=\"item item-6\">\n<section class=\"text-item\">\n<p><b>Groch\u00a0Ambrosia<\/b><\/p>\n<p>Odmiana wczesna, plenna. Okres wegetacji 65 dni. Tworzy str\u0105ki s\u0142odkie o\u00a0wysokiej zawarto\u015bci cukru bez\u00a0pergaminowej wy\u015bci\u00f3\u0142ki, nadaj\u0105ce\u00a0si\u0119 do\u00a0konsumpcji w\u00a0ca\u0142o\u015bci. Polecany do\u00a0bezpo\u015bredniego spo\u017cycia oraz\u00a0przetw\u00f3rstwa na\u00a0groszek konserwowy. Wysiew wprost do\u00a0gruntu od\u00a0III do\u00a0po\u0142owy V, zbi\u00f3r w\u00a0od\u00a0po\u0142owy V do\u00a0ko\u0144ca VI.<\/p>\n<ul>\n<li><b>Opakowanie:<\/b> 50g<\/li>\n<li><b>Siew:<\/b> III- po\u0142owa V<\/li>\n<li><b>Zbi\u00f3r:<\/b> V- po\u0142owy VII<\/li>\n<li><b>Rozstawa:<\/b> 30- 40 x 3-4 cm<\/li>\n<\/ul>\n<\/section><\/div>\n<\/section>\n<section class=\"section\">\n<div class=\"item item-6\">\n<section class=\"image-item\">\n            <img decoding=\"async\" src=\"https:\/\/upload.cdn.baselinker.com\/products\/3018170\/ccc7f07e1618dc32091ef8be6d31d878.png\" \/><br \/>\n        <\/section>\n<\/p><\/div>\n<div class=\"item item-6\">\n<section class=\"text-item\">\n<p><b>SPRAWDZONA JAKO\u015a\u0106 NASION<\/b><\/p>\n<p>Oferowane przez nas nasiona s\u0105 testowane w <b>Laboratorium Oceny Nasion pod wzgl\u0119dem:<\/b><\/p>\n<p>\u2705<b>kie\u0142kowania<\/b><\/p>\n<p>\u2705<b>wilgotno\u015bci<\/b><\/p>\n<p>\u2705<b>czysto\u015bci ziarna<\/b><\/p>\n<p><b>Dzi\u0119ki czemu udost\u0119pniane nasiona s\u0105 \u015bci\u015ble wyselekcjonowane, tylko wysokiej klasy.<\/b><\/p>\n<p>Torebki zakupione na naszej aukcji s\u0105 w pe\u0142ni bezpieczne, posiadaj\u0105 <b>dat\u0119 wa\u017cno\u015bci i nr partii na opakowaniu.<\/b> Gwarantujemy r\u00f3wnie\u017c jako\u015b\u0107 i oryginalno\u015b\u0107 produkt\u00f3w, poniewa\u017c s\u0105 nabywane bezpo\u015brednio od producenta.<\/p>\n<\/section><\/div>\n<\/section>\n<section class=\"section\">\n<div class=\"item item-12\">\n<section class=\"image-item\">\n            <img decoding=\"async\" src=\"https:\/\/upload.cdn.baselinker.com\/products\/3018170\/ed1212cd15bef4a1193ee45d26e32acb.jpg\" \/><br \/>\n        <\/section>\n<\/p><\/div>\n<\/section>\n","protected":false},"excerpt":{"rendered":"<p>Nasiona warzyw GROCH AMBROSIA Wczesny Plenny Groch\u00a0Ambrosia Odmiana wczesna, plenna. Okres wegetacji 65 dni. Tworzy str\u0105ki s\u0142odkie o\u00a0wysokiej zawarto\u015bci cukru bez\u00a0pergaminowej wy\u015bci\u00f3\u0142ki, nadaj\u0105ce\u00a0si\u0119 do\u00a0konsumpcji w\u00a0ca\u0142o\u015bci. Polecany do\u00a0bezpo\u015bredniego spo\u017cycia oraz\u00a0przetw\u00f3rstwa na\u00a0groszek konserwowy. Wysiew wprost do\u00a0gruntu od\u00a0III do\u00a0po\u0142owy V, zbi\u00f3r w\u00a0od\u00a0po\u0142owy V do\u00a0ko\u0144ca VI. Opakowanie: 50g Siew: III- po\u0142owa V Zbi\u00f3r: V- po\u0142owy VII Rozstawa: 30- 40&#8230;<\/p>\n","protected":false},"featured_media":19234,"comment_status":"open","ping_status":"closed","template":"","meta":{"inline_featured_image":false},"product_cat":[126,162],"product_tag":[],"location":[],"class_list":{"0":"post-19244","1":"product","2":"type-product","3":"status-publish","4":"has-post-thumbnail","6":"product_cat-nasiona-warzyw","7":"product_cat-nasiona","8":"nt-post-class","9":"","12":"excerpt-none","15":"first","16":"instock","17":"shipping-taxable","18":"purchasable","19":"product-type-simple"},"_links":{"self":[{"href":"https:\/\/boskienasiona.pl\/en\/wp-json\/wp\/v2\/product\/19244","targetHints":{"allow":["GET"]}}],"collection":[{"href":"https:\/\/boskienasiona.pl\/en\/wp-json\/wp\/v2\/product"}],"about":[{"href":"https:\/\/boskienasiona.pl\/en\/wp-json\/wp\/v2\/types\/product"}],"replies":[{"embeddable":true,"href":"https:\/\/boskienasiona.pl\/en\/wp-json\/wp\/v2\/comments?post=19244"}],"version-history":[{"count":0,"href":"https:\/\/boskienasiona.pl\/en\/wp-json\/wp\/v2\/product\/19244\/revisions"}],"wp:featuredmedia":[{"embeddable":true,"href":"https:\/\/boskienasiona.pl\/en\/wp-json\/wp\/v2\/media\/19234"}],"wp:attachment":[{"href":"https:\/\/boskienasiona.pl\/en\/wp-json\/wp\/v2\/media?parent=19244"}],"wp:term":[{"taxonomy":"product_cat","embeddable":true,"href":"https:\/\/boskienasiona.pl\/en\/wp-json\/wp\/v2\/product_cat?post=19244"},{"taxonomy":"product_tag","embeddable":true,"href":"https:\/\/boskienasiona.pl\/en\/wp-json\/wp\/v2\/product_tag?post=19244"},{"taxonomy":"location","embeddable":true,"href":"https:\/\/boskienasiona.pl\/en\/wp-json\/wp\/v2\/location?post=19244"}],"curies":[{"name":"wp","href":"https:\/\/api.w.org\/{rel}","templated":true}]}}