{"id":19259,"date":"2025-02-01T16:55:08","date_gmt":"2025-02-01T15:55:08","guid":{"rendered":"https:\/\/boskienasiona.pl\/product\/nasiona-warzyw-cukinia-tapir-wczesna-wczesna-do-smazenia-i-konserwowania\/"},"modified":"2026-04-19T14:17:13","modified_gmt":"2026-04-19T12:17:13","slug":"nasiona-warzyw-cukinia-tapir-wczesna-wczesna-do-smazenia-i-konserwowania","status":"publish","type":"product","link":"https:\/\/boskienasiona.pl\/en\/produkt\/nasiona-warzyw-cukinia-tapir-wczesna-wczesna-do-smazenia-i-konserwowania\/","title":{"rendered":"Nasiona warzyw CUKINIA Tapir Wczesna WCZESNA do sma\u017cenia i konserwowania"},"content":{"rendered":"<section class=\"section\">\n<div class=\"item item-12\">\n<section class=\"text-item\">\n<h1>Nasiona warzyw CUKINIA Tapir Wczesna WCZESNA do sma\u017cenia i konserwowania<\/h1>\n<\/section><\/div>\n<\/section>\n<section class=\"section\">\n<div class=\"item item-6\">\n<section class=\"image-item\">\n            <img decoding=\"async\" src=\"https:\/\/upload.cdn.baselinker.com\/products\/3018170\/32b6267a0548779f139ac609664e0a61.png\" \/><br \/>\n        <\/section>\n<\/p><\/div>\n<div class=\"item item-6\">\n<section class=\"text-item\">\n<p><b>Cukinia\u00a0Tapir<\/b><\/p>\n<p>Odmiana cukinii o\u00a0d\u0142ugich, cylindrycznych owocach. Sk\u00f3rka z\u00a0jasnozielonym pr\u0105\u017ckowaniem, marmurkowa. Doskona\u0142y dodatek do\u00a0lecza, dobrze smakuje sma\u017cona nadaj\u0119\u00a0si\u0119 do\u00a0konserwowania. Wysiew w\u00a0IV do\u00a0doniczek lub\u00a0po\u00a015 maja wprost do\u00a0gruntu, po\u00a02-3 nasiona w\u00a0jedno miejsce, po\u00a0wschodach przerwa\u0107 pozostawiaj\u0105c jedn\u0105 ro\u015blin\u0119. Okres wegetacji oko\u0142o 70-80 dni.<\/p>\n<ul>\n<li><b>Opakowanie:<\/b> 3g<\/li>\n<li><b>Siew:<\/b> IV-po\u0142owy VII<\/li>\n<li><b>Zbi\u00f3r:<\/b> VII -VIII<\/li>\n<li><b>Rozstawa:<\/b> 100x80cm<\/li>\n<\/ul>\n<\/section><\/div>\n<\/section>\n<section class=\"section\">\n<div class=\"item item-6\">\n<section class=\"image-item\">\n            <img decoding=\"async\" src=\"https:\/\/upload.cdn.baselinker.com\/products\/3018170\/88492cc8303179bb2ecc45bef476abb5.png\" \/><br \/>\n        <\/section>\n<\/p><\/div>\n<div class=\"item item-6\">\n<section class=\"text-item\">\n<p><b>SPRAWDZONA JAKO\u015a\u0106 NASION<\/b><\/p>\n<p>Oferowane przez nas nasiona s\u0105 testowane w\u00a0<b>Laboratorium Oceny Nasion pod wzgl\u0119dem:<\/b><\/p>\n<p>\u2705<b>kie\u0142kowania<\/b><\/p>\n<p>\u2705<b>wilgotno\u015bci<\/b><\/p>\n<p>\u2705<b>czysto\u015bci ziarna<\/b><\/p>\n<p><b>Dzi\u0119ki czemu udost\u0119pniane nasiona s\u0105 \u015bci\u015ble wyselekcjonowane, tylko wysokiej klasy.<\/b><\/p>\n<p>Torebki zakupione na naszej aukcji s\u0105 w pe\u0142ni bezpieczne, posiadaj\u0105\u00a0<b>dat\u0119 wa\u017cno\u015bci i nr partii na opakowaniu.<\/b>\u00a0Gwarantujemy r\u00f3wnie\u017c jako\u015b\u0107 i oryginalno\u015b\u0107 produkt\u00f3w, poniewa\u017c s\u0105 nabywane bezpo\u015brednio od producenta.<\/p>\n<\/section><\/div>\n<\/section>\n<section class=\"section\">\n<div class=\"item item-6\">\n<section class=\"image-item\">\n            <img decoding=\"async\" src=\"https:\/\/upload.cdn.baselinker.com\/products\/3018170\/93963bd41cce4b4f5d8fcdc3e9665ea9.png\" \/><br \/>\n        <\/section>\n<\/p><\/div>\n<div class=\"item item-6\">\n<section class=\"image-item\">\n            <img decoding=\"async\" src=\"https:\/\/upload.cdn.baselinker.com\/products\/3018170\/0dcc5542b9fa91fdd86c6d5d42dc9d53.jpg\" \/><br \/>\n        <\/section>\n<\/p><\/div>\n<\/section>\n<section class=\"section\">\n<div class=\"item item-12\">\n<section class=\"image-item\">\n            <img decoding=\"async\" src=\"https:\/\/upload.cdn.baselinker.com\/products\/3018170\/0dcc5542b9fa91fdd86c6d5d42dc9d53.jpg\" \/><br \/>\n        <\/section>\n<\/p><\/div>\n<\/section>\n","protected":false},"excerpt":{"rendered":"<p>Nasiona warzyw CUKINIA Tapir Wczesna WCZESNA do sma\u017cenia i konserwowania Cukinia\u00a0Tapir Odmiana cukinii o\u00a0d\u0142ugich, cylindrycznych owocach. Sk\u00f3rka z\u00a0jasnozielonym pr\u0105\u017ckowaniem, marmurkowa. Doskona\u0142y dodatek do\u00a0lecza, dobrze smakuje sma\u017cona nadaj\u0119\u00a0si\u0119 do\u00a0konserwowania. Wysiew w\u00a0IV do\u00a0doniczek lub\u00a0po\u00a015 maja wprost do\u00a0gruntu, po\u00a02-3 nasiona w\u00a0jedno miejsce, po\u00a0wschodach przerwa\u0107 pozostawiaj\u0105c jedn\u0105 ro\u015blin\u0119. Okres wegetacji oko\u0142o 70-80 dni. Opakowanie: 3g Siew: IV-po\u0142owy VII Zbi\u00f3r:&#8230;<\/p>\n","protected":false},"featured_media":19245,"comment_status":"open","ping_status":"closed","template":"","meta":{"inline_featured_image":false},"product_cat":[126,162],"product_tag":[],"location":[],"class_list":{"0":"post-19259","1":"product","2":"type-product","3":"status-publish","4":"has-post-thumbnail","6":"product_cat-nasiona-warzyw","7":"product_cat-nasiona","8":"nt-post-class","9":"","12":"excerpt-none","15":"first","16":"instock","17":"shipping-taxable","18":"purchasable","19":"product-type-simple"},"_links":{"self":[{"href":"https:\/\/boskienasiona.pl\/en\/wp-json\/wp\/v2\/product\/19259","targetHints":{"allow":["GET"]}}],"collection":[{"href":"https:\/\/boskienasiona.pl\/en\/wp-json\/wp\/v2\/product"}],"about":[{"href":"https:\/\/boskienasiona.pl\/en\/wp-json\/wp\/v2\/types\/product"}],"replies":[{"embeddable":true,"href":"https:\/\/boskienasiona.pl\/en\/wp-json\/wp\/v2\/comments?post=19259"}],"version-history":[{"count":0,"href":"https:\/\/boskienasiona.pl\/en\/wp-json\/wp\/v2\/product\/19259\/revisions"}],"wp:featuredmedia":[{"embeddable":true,"href":"https:\/\/boskienasiona.pl\/en\/wp-json\/wp\/v2\/media\/19245"}],"wp:attachment":[{"href":"https:\/\/boskienasiona.pl\/en\/wp-json\/wp\/v2\/media?parent=19259"}],"wp:term":[{"taxonomy":"product_cat","embeddable":true,"href":"https:\/\/boskienasiona.pl\/en\/wp-json\/wp\/v2\/product_cat?post=19259"},{"taxonomy":"product_tag","embeddable":true,"href":"https:\/\/boskienasiona.pl\/en\/wp-json\/wp\/v2\/product_tag?post=19259"},{"taxonomy":"location","embeddable":true,"href":"https:\/\/boskienasiona.pl\/en\/wp-json\/wp\/v2\/location?post=19259"}],"curies":[{"name":"wp","href":"https:\/\/api.w.org\/{rel}","templated":true}]}}