{"id":19278,"date":"2025-02-01T16:56:28","date_gmt":"2025-02-01T15:56:28","guid":{"rendered":"https:\/\/boskienasiona.pl\/product\/nasiona-warzyw-cebula-siedmiolatka-bajkal-smaczna-wieloletnia-mrozoodporna\/"},"modified":"2026-04-19T14:17:14","modified_gmt":"2026-04-19T12:17:14","slug":"nasiona-warzyw-cebula-siedmiolatka-bajkal-smaczna-wieloletnia-mrozoodporna","status":"publish","type":"product","link":"https:\/\/boskienasiona.pl\/en\/produkt\/nasiona-warzyw-cebula-siedmiolatka-bajkal-smaczna-wieloletnia-mrozoodporna\/","title":{"rendered":"Nasiona warzyw Cebula Siedmiolatka Bajka\u0142 smaczna wieloletnia mrozoodporna"},"content":{"rendered":"<section class=\"section\">\n<div class=\"item item-12\">\n<section class=\"text-item\">\n<h1>Nasiona warzyw Cebula Siedmiolatka Bajka\u0142 smaczna wieloletnia mrozoodporna<\/h1>\n<\/section><\/div>\n<\/section>\n<section class=\"section\">\n<div class=\"item item-6\">\n<section class=\"image-item\">\n            <img decoding=\"async\" src=\"https:\/\/upload.cdn.baselinker.com\/products\/3018170\/7f5538697bbb5562a14cb95b57ea1e1e.png\" \/><br \/>\n        <\/section>\n<\/p><\/div>\n<div class=\"item item-6\">\n<section class=\"text-item\">\n<p><b>Cebula\u00a0Siedmiolatka\u00a0Bajka\u0142<\/b><\/p>\n<p><b>Allium fistulosum L<\/b><\/p>\n<p>Ro\u015blina wieloletnia, mrozoodporna &#8211; na\u00a0jednym miejscu nie\u00a0powinna jednak pozostawa\u0107 d\u0142u\u017cej ni\u017c 4-5 lata. Cz\u0119\u015bci\u0105 u\u017cytkow\u0105 ro\u015bliny jest smaczny aromatyczny szczypior bogaty w\u00a0witamin\u0119 C i\u00a0A\u00a0oraz\u00a0\u017celazo. Doskona\u0142y dodatek do\u00a0sur\u00f3wek, sa\u0142atek i\u00a0kanapek. Siew na\u00a0g\u0142\u0119boko\u015b\u0107 1-2\u00a0cm od\u00a0III do\u00a0po\u0142owy VII.<\/p>\n<ul>\n<li><b>Siew:<\/b>\u00a0\u00bd\u00a0III &#8211;\u00a0\u00bd\u00a0VII<\/li>\n<li><b>Zbi\u00f3r:<\/b>\u00a0VI \u2013IX<\/li>\n<li><b>Rozstawa:<\/b>\u00a030x30cm<\/li>\n<\/ul>\n<\/section><\/div>\n<\/section>\n<section class=\"section\">\n<div class=\"item item-6\">\n<section class=\"image-item\">\n            <img decoding=\"async\" src=\"https:\/\/upload.cdn.baselinker.com\/products\/3018170\/65f61ef43bfe4a30f6003cc7014f0b38.png\" \/><br \/>\n        <\/section>\n<\/p><\/div>\n<div class=\"item item-6\">\n<section class=\"text-item\">\n<p><b>SPRAWDZONA JAKO\u015a\u0106 NASION<\/b><\/p>\n<p>Oferowane przez nas nasiona s\u0105 testowane w\u00a0<b>Laboratorium Oceny Nasion pod wzgl\u0119dem:<\/b><\/p>\n<p>\u2705<b>kie\u0142kowania<\/b><\/p>\n<p>\u2705<b>wilgotno\u015bci<\/b><\/p>\n<p>\u2705<b>czysto\u015bci ziarna<\/b><\/p>\n<p><b>Dzi\u0119ki czemu udost\u0119pniane nasiona s\u0105 \u015bci\u015ble wyselekcjonowane, tylko wysokiej klasy.<\/b><\/p>\n<p>Torebki zakupione na naszej aukcji s\u0105 w pe\u0142ni bezpieczne, posiadaj\u0105\u00a0<b>dat\u0119 wa\u017cno\u015bci i nr partii na opakowaniu.<\/b>\u00a0Gwarantujemy r\u00f3wnie\u017c jako\u015b\u0107 i oryginalno\u015b\u0107 produkt\u00f3w, poniewa\u017c s\u0105 nabywane bezpo\u015brednio od producenta.<\/p>\n<\/section><\/div>\n<\/section>\n<section class=\"section\">\n<div class=\"item item-6\">\n<section class=\"image-item\">\n            <img decoding=\"async\" src=\"https:\/\/upload.cdn.baselinker.com\/products\/3018170\/9559952f75b6c23664bdb0070f59b500.png\" \/><br \/>\n        <\/section>\n<\/p><\/div>\n<div class=\"item item-6\">\n<section class=\"image-item\">\n            <img decoding=\"async\" src=\"https:\/\/upload.cdn.baselinker.com\/products\/3018170\/9b20522fe15d5f39b4f12e799d14dd2e.png\" \/><br \/>\n        <\/section>\n<\/p><\/div>\n<\/section>\n<section class=\"section\">\n<div class=\"item item-6\">\n<section class=\"image-item\">\n            <img decoding=\"async\" src=\"https:\/\/upload.cdn.baselinker.com\/products\/3018170\/a242f012fc5f20ce1c0ab01c04431417.png\" \/><br \/>\n        <\/section>\n<\/p><\/div>\n<div class=\"item item-6\">\n<section class=\"image-item\">\n            <img decoding=\"async\" src=\"https:\/\/upload.cdn.baselinker.com\/products\/3018170\/f03b037409ded3e35a28852721942861.png\" \/><br \/>\n        <\/section>\n<\/p><\/div>\n<\/section>\n<section class=\"section\">\n<div class=\"item item-12\">\n<section class=\"image-item\">\n            <img decoding=\"async\" src=\"https:\/\/upload.cdn.baselinker.com\/products\/3018170\/9b9ab80dd2f624022f00a3cbc1b492df.png\" \/><br \/>\n        <\/section>\n<\/p><\/div>\n<\/section>\n","protected":false},"excerpt":{"rendered":"<p>Nasiona warzyw Cebula Siedmiolatka Bajka\u0142 smaczna wieloletnia mrozoodporna Cebula\u00a0Siedmiolatka\u00a0Bajka\u0142 Allium fistulosum L Ro\u015blina wieloletnia, mrozoodporna &#8211; na\u00a0jednym miejscu nie\u00a0powinna jednak pozostawa\u0107 d\u0142u\u017cej ni\u017c 4-5 lata. Cz\u0119\u015bci\u0105 u\u017cytkow\u0105 ro\u015bliny jest smaczny aromatyczny szczypior bogaty w\u00a0witamin\u0119 C i\u00a0A\u00a0oraz\u00a0\u017celazo. Doskona\u0142y dodatek do\u00a0sur\u00f3wek, sa\u0142atek i\u00a0kanapek. Siew na\u00a0g\u0142\u0119boko\u015b\u0107 1-2\u00a0cm od\u00a0III do\u00a0po\u0142owy VII. Siew:\u00a0\u00bd\u00a0III &#8211;\u00a0\u00bd\u00a0VII Zbi\u00f3r:\u00a0VI \u2013IX Rozstawa:\u00a030x30cm SPRAWDZONA JAKO\u015a\u0106 NASION&#8230;<\/p>\n","protected":false},"featured_media":19260,"comment_status":"open","ping_status":"closed","template":"","meta":{"inline_featured_image":false},"product_cat":[126,162],"product_tag":[],"location":[],"class_list":{"0":"post-19278","1":"product","2":"type-product","3":"status-publish","4":"has-post-thumbnail","6":"product_cat-nasiona-warzyw","7":"product_cat-nasiona","8":"nt-post-class","9":"","12":"excerpt-none","15":"first","16":"instock","17":"shipping-taxable","18":"purchasable","19":"product-type-simple"},"_links":{"self":[{"href":"https:\/\/boskienasiona.pl\/en\/wp-json\/wp\/v2\/product\/19278","targetHints":{"allow":["GET"]}}],"collection":[{"href":"https:\/\/boskienasiona.pl\/en\/wp-json\/wp\/v2\/product"}],"about":[{"href":"https:\/\/boskienasiona.pl\/en\/wp-json\/wp\/v2\/types\/product"}],"replies":[{"embeddable":true,"href":"https:\/\/boskienasiona.pl\/en\/wp-json\/wp\/v2\/comments?post=19278"}],"version-history":[{"count":0,"href":"https:\/\/boskienasiona.pl\/en\/wp-json\/wp\/v2\/product\/19278\/revisions"}],"wp:featuredmedia":[{"embeddable":true,"href":"https:\/\/boskienasiona.pl\/en\/wp-json\/wp\/v2\/media\/19260"}],"wp:attachment":[{"href":"https:\/\/boskienasiona.pl\/en\/wp-json\/wp\/v2\/media?parent=19278"}],"wp:term":[{"taxonomy":"product_cat","embeddable":true,"href":"https:\/\/boskienasiona.pl\/en\/wp-json\/wp\/v2\/product_cat?post=19278"},{"taxonomy":"product_tag","embeddable":true,"href":"https:\/\/boskienasiona.pl\/en\/wp-json\/wp\/v2\/product_tag?post=19278"},{"taxonomy":"location","embeddable":true,"href":"https:\/\/boskienasiona.pl\/en\/wp-json\/wp\/v2\/location?post=19278"}],"curies":[{"name":"wp","href":"https:\/\/api.w.org\/{rel}","templated":true}]}}