{"id":19293,"date":"2025-02-01T16:57:01","date_gmt":"2025-02-01T15:57:01","guid":{"rendered":"https:\/\/boskienasiona.pl\/product\/nasiona-warzyw-burak-cwiklowy-opolski-podluzny-na-przetwory-plenny\/"},"modified":"2026-04-19T14:17:15","modified_gmt":"2026-04-19T12:17:15","slug":"nasiona-warzyw-burak-cwiklowy-opolski-podluzny-na-przetwory-plenny","status":"publish","type":"product","link":"https:\/\/boskienasiona.pl\/en\/produkt\/nasiona-warzyw-burak-cwiklowy-opolski-podluzny-na-przetwory-plenny\/","title":{"rendered":"Nasiona warzyw Burak \u0106wik\u0142owy Opolski pod\u0142u\u017cny na przetwory PLENNY"},"content":{"rendered":"<section class=\"section\">\n<div class=\"item item-12\">\n<section class=\"text-item\">\n<h1>Nasiona warzyw Burak \u0106wik\u0142owy Opolski pod\u0142u\u017cny na przetwory PLENNY<\/h1>\n<\/section><\/div>\n<\/section>\n<section class=\"section\">\n<div class=\"item item-6\">\n<section class=\"image-item\">\n            <img decoding=\"async\" src=\"https:\/\/upload.cdn.baselinker.com\/products\/3018170\/fbb5331203b5f61fc84a482ddc8b25e7.png\" \/><br \/>\n        <\/section>\n<\/p><\/div>\n<div class=\"item item-6\">\n<section class=\"text-item\">\n<p><b>Nasiona warzyw Burak \u0106wik\u0142owy Opolski<\/b><\/p>\n<p>Odmiana bardzo plenna o\u00a0wyd\u0142u\u017conych korzeniach z\u00a0zaokr\u0105glon\u0105 nasad\u0105. Wyr\u00f3\u017cnia\u00a0si\u0119 smakowito\u015bci\u0105 i\u00a0intensywnie wybarwionym mi\u0105\u017cszem z\u00a0du\u017c\u0105 zawarto\u015bci\u0105 <b>betaniny<\/b>. Przydatna do\u00a0bezpo\u015bredniego spo\u017cycia, przechowywania oraz\u00a0przetw\u00f3rstwa. Wysiew na\u00a0g\u0142\u0119boko\u015b\u0107 2-3\u00a0cm od\u00a0pocz\u0105tku IV do\u00a0pocz\u0105tku VII.<\/p>\n<p>Odmiana bardzo plenna o\u00a0wyd\u0142u\u017conych korzeniach z\u00a0zaokr\u0105glon\u0105 nasad\u0105. Wyr\u00f3\u017cnia\u00a0si\u0119 smakowito\u015bci\u0105 i\u00a0intensywnie wybarwionym mi\u0105\u017cszem z\u00a0du\u017c\u0105 zawarto\u015bci\u0105 betaniny. Przydatna do\u00a0bezpo\u015bredniego spo\u017cycia, przechowywania oraz\u00a0przetw\u00f3rstwa. Wysiew na\u00a0g\u0142\u0119boko\u015b\u0107 2-3\u00a0cm od\u00a0pocz\u0105tku IV do\u00a0pocz\u0105tku VII.<\/p>\n<ul>\n<li><b>\u2705Opakowanie:<\/b> 10g<\/li>\n<li><b>\u2705Siew:<\/b> IV- VI<\/li>\n<li><b>\u2705Zbi\u00f3r:<\/b> VII- X<\/li>\n<li><b>\u2705Rozstawa:<\/b> 30 x 3 cm<\/li>\n<\/ul>\n<\/section><\/div>\n<\/section>\n<section class=\"section\">\n<div class=\"item item-6\">\n<section class=\"image-item\">\n            <img decoding=\"async\" src=\"https:\/\/upload.cdn.baselinker.com\/products\/3018170\/77c9afad6219194cbac4d9fcc79116ac.png\" \/><br \/>\n        <\/section>\n<\/p><\/div>\n<div class=\"item item-6\">\n<section class=\"text-item\">\n<p><b>SPRAWDZONA JAKO\u015a\u0106 NASION<\/b><\/p>\n<p>Oferowane przez nas nasiona s\u0105 testowane w\u00a0<b>Laboratorium Oceny Nasion pod wzgl\u0119dem:<\/b><\/p>\n<p>\u2705<b>kie\u0142kowania<\/b><\/p>\n<p>\u2705<b>wilgotno\u015bci<\/b><\/p>\n<p>\u2705<b>czysto\u015bci ziarna<\/b><\/p>\n<p><b>Dzi\u0119ki czemu udost\u0119pniane nasiona s\u0105 \u015bci\u015ble wyselekcjonowane, tylko wysokiej klasy.<\/b><\/p>\n<p>Torebki zakupione na naszej aukcji s\u0105 w pe\u0142ni bezpieczne, posiadaj\u0105\u00a0<b>dat\u0119 wa\u017cno\u015bci i nr partii na opakowaniu.<\/b>\u00a0Gwarantujemy r\u00f3wnie\u017c jako\u015b\u0107 i oryginalno\u015b\u0107 produkt\u00f3w, poniewa\u017c s\u0105 nabywane bezpo\u015brednio od producenta.<\/p>\n<\/section><\/div>\n<\/section>\n<section class=\"section\">\n<div class=\"item item-6\">\n<section class=\"image-item\">\n            <img decoding=\"async\" src=\"https:\/\/upload.cdn.baselinker.com\/products\/3018170\/5a6c025f978412a92b88568539330b5a.jpg\" \/><br \/>\n        <\/section>\n<\/p><\/div>\n<div class=\"item item-6\">\n<section class=\"image-item\">\n            <img decoding=\"async\" src=\"https:\/\/upload.cdn.baselinker.com\/products\/3018170\/68c2ebbe7080522299ff4945381b27f5.jpg\" \/><br \/>\n        <\/section>\n<\/p><\/div>\n<\/section>\n<section class=\"section\">\n<div class=\"item item-12\">\n<section class=\"image-item\">\n            <img decoding=\"async\" src=\"https:\/\/upload.cdn.baselinker.com\/products\/3018170\/570479026e9fd28aa9a876ea351d4d82.jpg\" \/><br \/>\n        <\/section>\n<\/p><\/div>\n<\/section>\n","protected":false},"excerpt":{"rendered":"<p>Nasiona warzyw Burak \u0106wik\u0142owy Opolski pod\u0142u\u017cny na przetwory PLENNY Nasiona warzyw Burak \u0106wik\u0142owy Opolski Odmiana bardzo plenna o\u00a0wyd\u0142u\u017conych korzeniach z\u00a0zaokr\u0105glon\u0105 nasad\u0105. Wyr\u00f3\u017cnia\u00a0si\u0119 smakowito\u015bci\u0105 i\u00a0intensywnie wybarwionym mi\u0105\u017cszem z\u00a0du\u017c\u0105 zawarto\u015bci\u0105 betaniny. Przydatna do\u00a0bezpo\u015bredniego spo\u017cycia, przechowywania oraz\u00a0przetw\u00f3rstwa. Wysiew na\u00a0g\u0142\u0119boko\u015b\u0107 2-3\u00a0cm od\u00a0pocz\u0105tku IV do\u00a0pocz\u0105tku VII. Odmiana bardzo plenna o\u00a0wyd\u0142u\u017conych korzeniach z\u00a0zaokr\u0105glon\u0105 nasad\u0105. Wyr\u00f3\u017cnia\u00a0si\u0119 smakowito\u015bci\u0105 i\u00a0intensywnie wybarwionym mi\u0105\u017cszem z\u00a0du\u017c\u0105 zawarto\u015bci\u0105&#8230;<\/p>\n","protected":false},"featured_media":19279,"comment_status":"open","ping_status":"closed","template":"","meta":{"inline_featured_image":false},"product_cat":[126,162],"product_tag":[],"location":[],"class_list":{"0":"post-19293","1":"product","2":"type-product","3":"status-publish","4":"has-post-thumbnail","6":"product_cat-nasiona-warzyw","7":"product_cat-nasiona","8":"nt-post-class","9":"","12":"excerpt-none","15":"first","16":"instock","17":"shipping-taxable","18":"purchasable","19":"product-type-simple"},"_links":{"self":[{"href":"https:\/\/boskienasiona.pl\/en\/wp-json\/wp\/v2\/product\/19293","targetHints":{"allow":["GET"]}}],"collection":[{"href":"https:\/\/boskienasiona.pl\/en\/wp-json\/wp\/v2\/product"}],"about":[{"href":"https:\/\/boskienasiona.pl\/en\/wp-json\/wp\/v2\/types\/product"}],"replies":[{"embeddable":true,"href":"https:\/\/boskienasiona.pl\/en\/wp-json\/wp\/v2\/comments?post=19293"}],"version-history":[{"count":0,"href":"https:\/\/boskienasiona.pl\/en\/wp-json\/wp\/v2\/product\/19293\/revisions"}],"wp:featuredmedia":[{"embeddable":true,"href":"https:\/\/boskienasiona.pl\/en\/wp-json\/wp\/v2\/media\/19279"}],"wp:attachment":[{"href":"https:\/\/boskienasiona.pl\/en\/wp-json\/wp\/v2\/media?parent=19293"}],"wp:term":[{"taxonomy":"product_cat","embeddable":true,"href":"https:\/\/boskienasiona.pl\/en\/wp-json\/wp\/v2\/product_cat?post=19293"},{"taxonomy":"product_tag","embeddable":true,"href":"https:\/\/boskienasiona.pl\/en\/wp-json\/wp\/v2\/product_tag?post=19293"},{"taxonomy":"location","embeddable":true,"href":"https:\/\/boskienasiona.pl\/en\/wp-json\/wp\/v2\/location?post=19293"}],"curies":[{"name":"wp","href":"https:\/\/api.w.org\/{rel}","templated":true}]}}