{"id":19308,"date":"2025-02-01T16:57:40","date_gmt":"2025-02-01T15:57:40","guid":{"rendered":"https:\/\/boskienasiona.pl\/product\/nasiona-warzyw-burak-cwiklowy-czerwona-kula-plenny\/"},"modified":"2026-04-19T14:17:16","modified_gmt":"2026-04-19T12:17:16","slug":"nasiona-warzyw-burak-cwiklowy-czerwona-kula-plenny","status":"publish","type":"product","link":"https:\/\/boskienasiona.pl\/en\/produkt\/nasiona-warzyw-burak-cwiklowy-czerwona-kula-plenny\/","title":{"rendered":"Nasiona warzyw Burak \u0106wik\u0142owy Czerwona Kula Plenny"},"content":{"rendered":"<section class=\"section\">\n<div class=\"item item-12\">\n<section class=\"text-item\">\n<h1>Nasiona warzyw Burak \u0106wik\u0142owy Czerwona Kula Plenny<\/h1>\n<\/section><\/div>\n<\/section>\n<section class=\"section\">\n<div class=\"item item-6\">\n<section class=\"image-item\">\n            <img decoding=\"async\" src=\"https:\/\/upload.cdn.baselinker.com\/products\/3018170\/0dd081a700594bd9688f9c55d9f1c71d.png\" \/><br \/>\n        <\/section>\n<\/p><\/div>\n<div class=\"item item-6\">\n<section class=\"text-item\">\n<p><b>Burak \u0107wik\u0142owy Czerwona Kula 2<\/b><\/p>\n<p>Odmiana bardzo plenna o korzeniach kulistych i du\u017cej zawarto\u015bci soku i s\u0142abo widocznych pier\u015bcieniach. Nadaje si\u0119 do d\u0142ugotrwa\u0142ego przechowywania zimowego. Odmiana przeznaczona na u\u017cytek letni i jesienny. Na zbi\u00f3r letni nasiona nale\u017cy wysia\u0107 oko\u0142o po\u0142owy kwietnia. Na sprz\u0119t jesienno-zimowy od po\u0142owy maja do ko\u0144ca czerwca. Okres wegetacji 100-110 dni.<\/p>\n<ul>\n<li><b>Opakowanie:<\/b> 10g<\/li>\n<li><b>Siew:<\/b> IV- VI<\/li>\n<li><b>Zbi\u00f3r:<\/b> VII- X<\/li>\n<li><b>Rozstawa:<\/b> 30\u00a0cm x 3 cm<\/li>\n<\/ul>\n<\/section><\/div>\n<\/section>\n<section class=\"section\">\n<div class=\"item item-6\">\n<section class=\"image-item\">\n            <img decoding=\"async\" src=\"https:\/\/upload.cdn.baselinker.com\/products\/3018170\/a71a272f5aa1cc2ba9755d0be4327db3.png\" \/><br \/>\n        <\/section>\n<\/p><\/div>\n<div class=\"item item-6\">\n<section class=\"text-item\">\n<p><b>SPRAWDZONA JAKO\u015a\u0106 NASION<\/b><\/p>\n<p>Oferowane przez nas nasiona s\u0105 testowane w <b>Laboratorium Oceny Nasion pod wzgl\u0119dem:<\/b><\/p>\n<p>\u2705<b>kie\u0142kowania<\/b><\/p>\n<p>\u2705<b>wilgotno\u015bci<\/b><\/p>\n<p>\u2705<b>czysto\u015bci ziarna<\/b><\/p>\n<p><b>Dzi\u0119ki czemu udost\u0119pniane nasiona s\u0105 \u015bci\u015ble wyselekcjonowane, tylko wysokiej klasy.<\/b><\/p>\n<p>Torebki zakupione na naszej aukcji s\u0105 w pe\u0142ni bezpieczne, posiadaj\u0105 <b>dat\u0119 wa\u017cno\u015bci i nr partii na opakowaniu.<\/b> Gwarantujemy r\u00f3wnie\u017c jako\u015b\u0107 i oryginalno\u015b\u0107 produkt\u00f3w, poniewa\u017c s\u0105 nabywane bezpo\u015brednio od producenta.<\/p>\n<\/section><\/div>\n<\/section>\n<section class=\"section\">\n<div class=\"item item-6\">\n<section class=\"image-item\">\n            <img decoding=\"async\" src=\"https:\/\/upload.cdn.baselinker.com\/products\/3018170\/9b75d8bead62e4440108b6457d8b827e.jpg\" \/><br \/>\n        <\/section>\n<\/p><\/div>\n<div class=\"item item-6\">\n<section class=\"image-item\">\n            <img decoding=\"async\" src=\"https:\/\/upload.cdn.baselinker.com\/products\/3018170\/6b548786806f274c047b18e818a92a46.jpg\" \/><br \/>\n        <\/section>\n<\/p><\/div>\n<\/section>\n<section class=\"section\">\n<div class=\"item item-12\">\n<section class=\"image-item\">\n            <img decoding=\"async\" src=\"https:\/\/upload.cdn.baselinker.com\/products\/3018170\/46fc45237f9b099f5c3ee09cb35546a6.png\" \/><br \/>\n        <\/section>\n<\/p><\/div>\n<\/section>\n","protected":false},"excerpt":{"rendered":"<p>Nasiona warzyw Burak \u0106wik\u0142owy Czerwona Kula Plenny Burak \u0107wik\u0142owy Czerwona Kula 2 Odmiana bardzo plenna o korzeniach kulistych i du\u017cej zawarto\u015bci soku i s\u0142abo widocznych pier\u015bcieniach. Nadaje si\u0119 do d\u0142ugotrwa\u0142ego przechowywania zimowego. Odmiana przeznaczona na u\u017cytek letni i jesienny. Na zbi\u00f3r letni nasiona nale\u017cy wysia\u0107 oko\u0142o po\u0142owy kwietnia. Na sprz\u0119t jesienno-zimowy od po\u0142owy maja do&#8230;<\/p>\n","protected":false},"featured_media":19294,"comment_status":"open","ping_status":"closed","template":"","meta":{"inline_featured_image":false},"product_cat":[126,162],"product_tag":[],"location":[],"class_list":{"0":"post-19308","1":"product","2":"type-product","3":"status-publish","4":"has-post-thumbnail","6":"product_cat-nasiona-warzyw","7":"product_cat-nasiona","8":"nt-post-class","9":"","12":"excerpt-none","15":"first","16":"instock","17":"shipping-taxable","18":"purchasable","19":"product-type-simple"},"_links":{"self":[{"href":"https:\/\/boskienasiona.pl\/en\/wp-json\/wp\/v2\/product\/19308","targetHints":{"allow":["GET"]}}],"collection":[{"href":"https:\/\/boskienasiona.pl\/en\/wp-json\/wp\/v2\/product"}],"about":[{"href":"https:\/\/boskienasiona.pl\/en\/wp-json\/wp\/v2\/types\/product"}],"replies":[{"embeddable":true,"href":"https:\/\/boskienasiona.pl\/en\/wp-json\/wp\/v2\/comments?post=19308"}],"version-history":[{"count":0,"href":"https:\/\/boskienasiona.pl\/en\/wp-json\/wp\/v2\/product\/19308\/revisions"}],"wp:featuredmedia":[{"embeddable":true,"href":"https:\/\/boskienasiona.pl\/en\/wp-json\/wp\/v2\/media\/19294"}],"wp:attachment":[{"href":"https:\/\/boskienasiona.pl\/en\/wp-json\/wp\/v2\/media?parent=19308"}],"wp:term":[{"taxonomy":"product_cat","embeddable":true,"href":"https:\/\/boskienasiona.pl\/en\/wp-json\/wp\/v2\/product_cat?post=19308"},{"taxonomy":"product_tag","embeddable":true,"href":"https:\/\/boskienasiona.pl\/en\/wp-json\/wp\/v2\/product_tag?post=19308"},{"taxonomy":"location","embeddable":true,"href":"https:\/\/boskienasiona.pl\/en\/wp-json\/wp\/v2\/location?post=19308"}],"curies":[{"name":"wp","href":"https:\/\/api.w.org\/{rel}","templated":true}]}}