{"id":19325,"date":"2025-02-01T16:58:19","date_gmt":"2025-02-01T15:58:19","guid":{"rendered":"https:\/\/boskienasiona.pl\/product\/nasiona-warzyw-brokul-calabrese-zrodlo-witamin\/"},"modified":"2026-04-19T14:17:16","modified_gmt":"2026-04-19T12:17:16","slug":"nasiona-warzyw-brokul-calabrese-zrodlo-witamin","status":"publish","type":"product","link":"https:\/\/boskienasiona.pl\/en\/produkt\/nasiona-warzyw-brokul-calabrese-zrodlo-witamin\/","title":{"rendered":"Nasiona warzyw BROKU\u0141 CALABRESE \u017ar\u00f3d\u0142o witamin"},"content":{"rendered":"<section class=\"section\">\n<div class=\"item item-12\">\n<section class=\"text-item\">\n<h1>Nasiona warzyw BROKU\u0141 CALABRESE \u017ar\u00f3d\u0142o witamin<\/h1>\n<\/section><\/div>\n<\/section>\n<section class=\"section\">\n<div class=\"item item-6\">\n<section class=\"image-item\">\n            <img decoding=\"async\" src=\"https:\/\/upload.cdn.baselinker.com\/products\/3018170\/e68eb28cb072e6f5465bd5ba7bd2569b.png\" \/><br \/>\n        <\/section>\n<\/p><\/div>\n<div class=\"item item-6\">\n<section class=\"text-item\">\n<p><b>Broku\u0142\u00a0Calabrese Natalino<\/b><\/p>\n<p>Odmiana \u015bredniop\u00f3\u017ana tworzy du\u017ce r\u00f3\u017ce o\u00a0ciemnozielonej barwie. Dzi\u0119ki zawarto\u015bci soli mineralnych, witamin oraz\u00a0w\u0142a\u015bciwo\u015bci antyrakowych\u00a0<b>broku\u0142<\/b>\u00a0jest cenionym warzywem. W\u00a0uprawie jest \u0142atwiejszy od\u00a0kalafiora. Wysiew w\u00a0marcu do\u00a0inspektu lub\u00a0od\u00a0kwietnia do\u00a0ko\u0144ca maja na\u00a0rozsadniku. Mo\u017cna tak\u017ce uprawia\u0107\u00a0<b>broku\u0142<\/b>y jako poplon po\u00a0ro\u015blinach zebranych w\u00a0czerwcu.<\/p>\n<ul>\n<li><b>Siew:<\/b>\u00a0III-V<\/li>\n<li><b>Zbi\u00f3r:<\/b>\u00a0VII -X<\/li>\n<li><b>Rozstawa:<\/b>\u00a050&#215;40-50<\/li>\n<\/ul>\n<\/section><\/div>\n<\/section>\n<section class=\"section\">\n<div class=\"item item-6\">\n<section class=\"image-item\">\n            <img decoding=\"async\" src=\"https:\/\/upload.cdn.baselinker.com\/products\/3018170\/9055c42646923f49002fd1a9287e0572.png\" \/><br \/>\n        <\/section>\n<\/p><\/div>\n<div class=\"item item-6\">\n<section class=\"text-item\">\n<p><b>SPRAWDZONA JAKO\u015a\u0106 NASION<\/b><\/p>\n<p>Oferowane przez nas nasiona s\u0105 testowane w\u00a0<b>Laboratorium Oceny Nasion pod wzgl\u0119dem:<\/b><\/p>\n<p>\u2705<b>kie\u0142kowania<\/b><\/p>\n<p>\u2705<b>wilgotno\u015bci<\/b><\/p>\n<p>\u2705<b>czysto\u015bci ziarna<\/b><\/p>\n<p><b>Dzi\u0119ki czemu udost\u0119pniane nasiona s\u0105 \u015bci\u015ble wyselekcjonowane, tylko wysokiej klasy.<\/b><\/p>\n<p>Torebki zakupione na naszej aukcji s\u0105 w pe\u0142ni bezpieczne, posiadaj\u0105\u00a0<b>dat\u0119 wa\u017cno\u015bci i nr partii na opakowaniu.<\/b>\u00a0Gwarantujemy r\u00f3wnie\u017c jako\u015b\u0107 i oryginalno\u015b\u0107 produkt\u00f3w, poniewa\u017c s\u0105 nabywane bezpo\u015brednio od producenta.<\/p>\n<\/section><\/div>\n<\/section>\n<section class=\"section\">\n<div class=\"item item-6\">\n<section class=\"image-item\">\n            <img decoding=\"async\" src=\"https:\/\/upload.cdn.baselinker.com\/products\/3018170\/49ec28a8cc80f35c29d5905ae65f037c.jpg\" \/><br \/>\n        <\/section>\n<\/p><\/div>\n<div class=\"item item-6\">\n<section class=\"image-item\">\n            <img decoding=\"async\" src=\"https:\/\/upload.cdn.baselinker.com\/products\/3018170\/464a450ed931a27e392430d9a37c6bee.jpg\" \/><br \/>\n        <\/section>\n<\/p><\/div>\n<\/section>\n<section class=\"section\">\n<div class=\"item item-6\">\n<section class=\"image-item\">\n            <img decoding=\"async\" src=\"https:\/\/upload.cdn.baselinker.com\/products\/3018170\/cc78788a7f2401d36bebbd7f57f16cea.jpg\" \/><br \/>\n        <\/section>\n<\/p><\/div>\n<div class=\"item item-6\">\n<section class=\"image-item\">\n            <img decoding=\"async\" src=\"https:\/\/upload.cdn.baselinker.com\/products\/3018170\/9055c42646923f49002fd1a9287e0572.png\" \/><br \/>\n        <\/section>\n<\/p><\/div>\n<\/section>\n","protected":false},"excerpt":{"rendered":"<p>Nasiona warzyw BROKU\u0141 CALABRESE \u017ar\u00f3d\u0142o witamin Broku\u0142\u00a0Calabrese Natalino Odmiana \u015bredniop\u00f3\u017ana tworzy du\u017ce r\u00f3\u017ce o\u00a0ciemnozielonej barwie. Dzi\u0119ki zawarto\u015bci soli mineralnych, witamin oraz\u00a0w\u0142a\u015bciwo\u015bci antyrakowych\u00a0broku\u0142\u00a0jest cenionym warzywem. W\u00a0uprawie jest \u0142atwiejszy od\u00a0kalafiora. Wysiew w\u00a0marcu do\u00a0inspektu lub\u00a0od\u00a0kwietnia do\u00a0ko\u0144ca maja na\u00a0rozsadniku. Mo\u017cna tak\u017ce uprawia\u0107\u00a0broku\u0142y jako poplon po\u00a0ro\u015blinach zebranych w\u00a0czerwcu. Siew:\u00a0III-V Zbi\u00f3r:\u00a0VII -X Rozstawa:\u00a050&#215;40-50 SPRAWDZONA JAKO\u015a\u0106 NASION Oferowane przez nas nasiona s\u0105&#8230;<\/p>\n","protected":false},"featured_media":19309,"comment_status":"open","ping_status":"closed","template":"","meta":{"inline_featured_image":false},"product_cat":[126,162],"product_tag":[],"location":[],"class_list":{"0":"post-19325","1":"product","2":"type-product","3":"status-publish","4":"has-post-thumbnail","6":"product_cat-nasiona-warzyw","7":"product_cat-nasiona","8":"nt-post-class","9":"","12":"excerpt-none","15":"first","16":"instock","17":"shipping-taxable","18":"purchasable","19":"product-type-simple"},"_links":{"self":[{"href":"https:\/\/boskienasiona.pl\/en\/wp-json\/wp\/v2\/product\/19325","targetHints":{"allow":["GET"]}}],"collection":[{"href":"https:\/\/boskienasiona.pl\/en\/wp-json\/wp\/v2\/product"}],"about":[{"href":"https:\/\/boskienasiona.pl\/en\/wp-json\/wp\/v2\/types\/product"}],"replies":[{"embeddable":true,"href":"https:\/\/boskienasiona.pl\/en\/wp-json\/wp\/v2\/comments?post=19325"}],"version-history":[{"count":0,"href":"https:\/\/boskienasiona.pl\/en\/wp-json\/wp\/v2\/product\/19325\/revisions"}],"wp:featuredmedia":[{"embeddable":true,"href":"https:\/\/boskienasiona.pl\/en\/wp-json\/wp\/v2\/media\/19309"}],"wp:attachment":[{"href":"https:\/\/boskienasiona.pl\/en\/wp-json\/wp\/v2\/media?parent=19325"}],"wp:term":[{"taxonomy":"product_cat","embeddable":true,"href":"https:\/\/boskienasiona.pl\/en\/wp-json\/wp\/v2\/product_cat?post=19325"},{"taxonomy":"product_tag","embeddable":true,"href":"https:\/\/boskienasiona.pl\/en\/wp-json\/wp\/v2\/product_tag?post=19325"},{"taxonomy":"location","embeddable":true,"href":"https:\/\/boskienasiona.pl\/en\/wp-json\/wp\/v2\/location?post=19325"}],"curies":[{"name":"wp","href":"https:\/\/api.w.org\/{rel}","templated":true}]}}