{"id":19346,"date":"2025-02-01T16:59:21","date_gmt":"2025-02-01T15:59:21","guid":{"rendered":"https:\/\/boskienasiona.pl\/product\/nasiona-warzyw-na-tasmie-rzodkiewka-rzodkiew-wczesna-soczysta-chrupiaca-6m\/"},"modified":"2026-04-19T14:17:17","modified_gmt":"2026-04-19T12:17:17","slug":"nasiona-warzyw-na-tasmie-rzodkiewka-rzodkiew-wczesna-soczysta-chrupiaca-6m","status":"publish","type":"product","link":"https:\/\/boskienasiona.pl\/en\/produkt\/nasiona-warzyw-na-tasmie-rzodkiewka-rzodkiew-wczesna-soczysta-chrupiaca-6m\/","title":{"rendered":"Nasiona warzyw na ta\u015bmie Rzodkiewka Rzodkiew Wczesna Soczysta Chrupi\u0105ca 6m"},"content":{"rendered":"<section class=\"section\">\n<div class=\"item item-12\">\n<section class=\"text-item\">\n<h1>Nasiona warzyw na ta\u015bmie Rzodkiewka Rzodkiew Wczesna Soczysta Chrupi\u0105ca 6m<\/h1>\n<\/section><\/div>\n<\/section>\n<section class=\"section\">\n<div class=\"item item-6\">\n<section class=\"image-item\">\n            <img decoding=\"async\" src=\"https:\/\/upload.cdn.baselinker.com\/products\/3018170\/eace658a1523c46536305c1745ed9f3d.png\" \/><br \/>\n        <\/section>\n<\/p><\/div>\n<div class=\"item item-6\">\n<section class=\"text-item\">\n<p><b>Rzodkiewka Opolanka (wczesna) &#8211; ta\u015bma<\/b><\/p>\n<p>Raphanus sativus \u00a0L. subvar. radicula<\/p>\n<p>Odmiana wczesna, bardzo plenna z\u00a0ma\u0142\u0105 sk\u0142onno\u015bci\u0105 do\u00a0parcenia do\u00a0uprawy pod\u00a0os\u0142onami i\u00a0w\u00a0gruncie. Okres wegetacji oko\u0142o 25 dni. Tworzy cylindryczne, szkar\u0142atno-czerwone zgrubienia z\u00a0bia\u0142ym ko\u0144cem i\u00a0soczystym mi\u0105\u017cszu. Mo\u017cna uprawia\u0107 na\u00a0zbi\u00f3r wiosenny i\u00a0jesienny. Siew na\u00a0g\u0142\u0119boko\u015b\u0107 1cm od\u00a0po\u0142. III do\u00a0po\u0142. VI na\u00a0zbi\u00f3r wiosenny i\u00a0od\u00a0VIII do\u00a0IX na\u00a0zbi\u00f3r jesienny.<\/p>\n<p>Ta\u015bma nasienna u\u0142atwia wysiew, dzi\u0119ki odpowiedniemu rozmieszczeniu nasion na\u00a0ta\u015bmie eliminuj\u0105c potrzeb\u0119 stosowania przerywki i\u00a0pozwala na\u00a0uzyskanie dobrych plon\u00f3w.<\/p>\n<p><b>Opakowanie zawiera 6\u00a0m ta\u015bmy nasiennej.<\/b><\/p>\n<\/section><\/div>\n<\/section>\n<section class=\"section\">\n<div class=\"item item-6\">\n<section class=\"image-item\">\n            <img decoding=\"async\" src=\"https:\/\/upload.cdn.baselinker.com\/products\/3018170\/a6998fa61bd297f50b2bb02b9f92b263.jpg\" \/><br \/>\n        <\/section>\n<\/p><\/div>\n<div class=\"item item-6\">\n<section class=\"text-item\">\n<p><b>Nasiona na ta\u015bmie<\/b><\/p>\n<p>S\u0105 to specjalne ta\u015bmy oraz kr\u0105\u017cki naszpikowane nasionami w odpowiednim rozstawie. Nie trzeba wi\u0119c by\u0107 ekspertem, \u017ceby odpowiednio dobra\u0107 odleg\u0142o\u015b\u0107 rozsiewu dla danej ro\u015bliny. Ro\u015bliny nie b\u0119d\u0105 przeszkadza\u0107 sobie nawzajem w rozro\u015bcie, dzi\u0119ki temu plony b\u0119d\u0105 maksymalnie obfite!<\/p>\n<\/section><\/div>\n<\/section>\n<section class=\"section\">\n<div class=\"item item-6\">\n<section class=\"image-item\">\n            <img decoding=\"async\" src=\"https:\/\/upload.cdn.baselinker.com\/products\/3018170\/781d11c184f597f00344bf9336732417.jpg\" \/><br \/>\n        <\/section>\n<\/p><\/div>\n<div class=\"item item-6\">\n<section class=\"text-item\">\n<h1>Wysiew nasion na ta\u015bmie w 4 prostych krokach<\/h1>\n<p><b>1\ufe0f\u20e3 Rozrywamy ta\u015bm\u0119 w miejscu perforacji<\/b><\/p>\n<p><b>2\ufe0f\u20e3 Uk\u0142adamy we wcze\u015bniej przygotowanym rowku<\/b><\/p>\n<p><b>3\ufe0f\u20e3 Roz\u0142o\u017con\u0105 ta\u015bm\u0119 przysypujemy cienk\u0105 warstw\u0105 ziemi<\/b><\/p>\n<p><b>4\ufe0f\u20e3 Na koniec obficie podlewamy<\/b><\/p>\n<\/section><\/div>\n<\/section>\n<section class=\"section\">\n<div class=\"item item-6\">\n<section class=\"image-item\">\n            <img decoding=\"async\" src=\"https:\/\/upload.cdn.baselinker.com\/products\/3018170\/c1866134fd6c38618df17693985fc364.png\" \/><br \/>\n        <\/section>\n<\/p><\/div>\n<div class=\"item item-6\">\n<section class=\"text-item\">\n<p><b>SPRAWDZONA JAKO\u015a\u0106 NASION<\/b><\/p>\n<p>Oferowane przez nas nasiona s\u0105 testowane w\u00a0<b>Laboratorium Oceny Nasion pod wzgl\u0119dem:<\/b><\/p>\n<p>\u2705<b>kie\u0142kowania<\/b><\/p>\n<p>\u2705<b>wilgotno\u015bci<\/b><\/p>\n<p>\u2705<b>czysto\u015bci ziarna<\/b><\/p>\n<p><b>Dzi\u0119ki czemu udost\u0119pniane nasiona s\u0105 \u015bci\u015ble wyselekcjonowane, tylko wysokiej klasy.<\/b><\/p>\n<p>Torebki zakupione na naszej aukcji s\u0105 w pe\u0142ni bezpieczne, posiadaj\u0105\u00a0<b>dat\u0119 wa\u017cno\u015bci i nr partii na opakowaniu.<\/b>\u00a0Gwarantujemy r\u00f3wnie\u017c jako\u015b\u0107 i oryginalno\u015b\u0107 produkt\u00f3w, poniewa\u017c s\u0105 nabywane bezpo\u015brednio od producenta.<\/p>\n<\/section><\/div>\n<\/section>\n<section class=\"section\">\n<div class=\"item item-6\">\n<section class=\"image-item\">\n            <img decoding=\"async\" src=\"https:\/\/upload.cdn.baselinker.com\/products\/3018170\/a6998fa61bd297f50b2bb02b9f92b263.jpg\" \/><br \/>\n        <\/section>\n<\/p><\/div>\n<div class=\"item item-6\">\n<section class=\"image-item\">\n            <img decoding=\"async\" src=\"https:\/\/upload.cdn.baselinker.com\/products\/3018170\/a750c14b0c200fdc98fcf677a03f3ecc.jpg\" \/><br \/>\n        <\/section>\n<\/p><\/div>\n<\/section>\n<section class=\"section\">\n<div class=\"item item-12\">\n<section class=\"image-item\">\n            <img decoding=\"async\" src=\"https:\/\/upload.cdn.baselinker.com\/products\/3018170\/d56bcecdd97024c4e7c73ba557c965a8.jpg\" \/><br \/>\n        <\/section>\n<\/p><\/div>\n<\/section>\n","protected":false},"excerpt":{"rendered":"<p>Nasiona warzyw na ta\u015bmie Rzodkiewka Rzodkiew Wczesna Soczysta Chrupi\u0105ca 6m Rzodkiewka Opolanka (wczesna) &#8211; ta\u015bma Raphanus sativus \u00a0L. subvar. radicula Odmiana wczesna, bardzo plenna z\u00a0ma\u0142\u0105 sk\u0142onno\u015bci\u0105 do\u00a0parcenia do\u00a0uprawy pod\u00a0os\u0142onami i\u00a0w\u00a0gruncie. Okres wegetacji oko\u0142o 25 dni. Tworzy cylindryczne, szkar\u0142atno-czerwone zgrubienia z\u00a0bia\u0142ym ko\u0144cem i\u00a0soczystym mi\u0105\u017cszu. Mo\u017cna uprawia\u0107 na\u00a0zbi\u00f3r wiosenny i\u00a0jesienny. Siew na\u00a0g\u0142\u0119boko\u015b\u0107 1cm od\u00a0po\u0142. III do\u00a0po\u0142. VI&#8230;<\/p>\n","protected":false},"featured_media":19326,"comment_status":"open","ping_status":"closed","template":"","meta":{"inline_featured_image":false},"product_cat":[126,162,184],"product_tag":[],"location":[],"class_list":{"0":"post-19346","1":"product","2":"type-product","3":"status-publish","4":"has-post-thumbnail","6":"product_cat-nasiona-warzyw","7":"product_cat-nasiona","8":"product_cat-nasiona-warzyw-na-tasmie","9":"nt-post-class","10":"","13":"excerpt-none","16":"first","17":"instock","18":"shipping-taxable","19":"purchasable","20":"product-type-simple"},"_links":{"self":[{"href":"https:\/\/boskienasiona.pl\/en\/wp-json\/wp\/v2\/product\/19346","targetHints":{"allow":["GET"]}}],"collection":[{"href":"https:\/\/boskienasiona.pl\/en\/wp-json\/wp\/v2\/product"}],"about":[{"href":"https:\/\/boskienasiona.pl\/en\/wp-json\/wp\/v2\/types\/product"}],"replies":[{"embeddable":true,"href":"https:\/\/boskienasiona.pl\/en\/wp-json\/wp\/v2\/comments?post=19346"}],"version-history":[{"count":1,"href":"https:\/\/boskienasiona.pl\/en\/wp-json\/wp\/v2\/product\/19346\/revisions"}],"predecessor-version":[{"id":22580,"href":"https:\/\/boskienasiona.pl\/en\/wp-json\/wp\/v2\/product\/19346\/revisions\/22580"}],"wp:featuredmedia":[{"embeddable":true,"href":"https:\/\/boskienasiona.pl\/en\/wp-json\/wp\/v2\/media\/19326"}],"wp:attachment":[{"href":"https:\/\/boskienasiona.pl\/en\/wp-json\/wp\/v2\/media?parent=19346"}],"wp:term":[{"taxonomy":"product_cat","embeddable":true,"href":"https:\/\/boskienasiona.pl\/en\/wp-json\/wp\/v2\/product_cat?post=19346"},{"taxonomy":"product_tag","embeddable":true,"href":"https:\/\/boskienasiona.pl\/en\/wp-json\/wp\/v2\/product_tag?post=19346"},{"taxonomy":"location","embeddable":true,"href":"https:\/\/boskienasiona.pl\/en\/wp-json\/wp\/v2\/location?post=19346"}],"curies":[{"name":"wp","href":"https:\/\/api.w.org\/{rel}","templated":true}]}}