{"id":19404,"date":"2025-02-01T17:01:15","date_gmt":"2025-02-01T16:01:15","guid":{"rendered":"https:\/\/boskienasiona.pl\/product\/nasiona-warzyw-marchew-ogorek-inne-na-dobry-start\/"},"modified":"2026-04-03T14:19:39","modified_gmt":"2026-04-03T12:19:39","slug":"nasiona-warzyw-marchew-ogorek-inne-na-dobry-start","status":"publish","type":"product","link":"https:\/\/boskienasiona.pl\/en\/produkt\/nasiona-warzyw-marchew-ogorek-inne-na-dobry-start\/","title":{"rendered":"Nasiona warzyw marchew og\u00f3rek inne NA DOBRY START"},"content":{"rendered":"<section class=\"section\">\n<div class=\"item item-12\">\n<section class=\"text-item\">\n<p><b>Zestaw 20 odmian nasiona na dobry start<\/b><\/p>\n<p>Praktyczny zestaw nasion to idealna propozycja zar\u00f3wno dla pocz\u0105tkuj\u0105cych ogrodnik\u00f3w jak i os\u00f3b, kt\u00f3re od wielu lat zajmuj\u0105 si\u0119 w\u0142asnor\u0119czn\u0105 upraw\u0105 warzyw. W\u0142asne nasiona to bardzo dobry spos\u00f3b by zadba\u0107 o w\u0142asne zdrowie oraz Twoich najbli\u017cszych.<\/p>\n<p>Nasiona&nbsp; odpowiednie do uprawy w szklarniach, podwy\u017cszonych grz\u0105dkach oraz bezpo\u015brednio w gruncie.<\/p>\n<ul>\n<li><b>\u2705 Burka czerwona kula&nbsp; &nbsp; &nbsp; &nbsp; &nbsp; &nbsp; &nbsp; &nbsp; &nbsp; &nbsp; &nbsp; &nbsp; &nbsp; &nbsp; &nbsp; &nbsp; &nbsp; &nbsp; &nbsp;\u2705Burak Opolski<\/b><\/li>\n<li><b>\u2705 Cebula Siedmiolatka Bajkal&nbsp; &nbsp; &nbsp; &nbsp; &nbsp; &nbsp; &nbsp; &nbsp; &nbsp; &nbsp; &nbsp; &nbsp; &nbsp;\u2705Cukinia Nefertiti<\/b><\/li>\n<li><b>\u2705 Marchew Amsterdam (Wczesna)&nbsp; &nbsp; &nbsp; &nbsp; &nbsp; &nbsp; &nbsp; &nbsp; \u2705Marchew Flakkese (P\u00f3\u017ana)<\/b><\/li>\n<li><b>\u2705 Rzodkiewka Carmen&nbsp; &nbsp; &nbsp; &nbsp; &nbsp; &nbsp; &nbsp; &nbsp; &nbsp; &nbsp; &nbsp; &nbsp; &nbsp; &nbsp; &nbsp; &nbsp; &nbsp; &nbsp; &nbsp; \u2705Rzodkiewka Opolanka<\/b><\/li>\n<li><b>\u2705Pietruszka korzeniowa Konika&nbsp; &nbsp; &nbsp; &nbsp; &nbsp; &nbsp; &nbsp; &nbsp; &nbsp; &nbsp; \u2705Og\u00f3rek \u015aremski<\/b><\/li>\n<li><b>\u2705Pietruszka korzeniowa Berli\u0144ska P\u00f3\u017ana&nbsp; &nbsp;\u2705Og\u00f3rek Anulka<\/b><\/li>\n<li><b>\u2705Pomidor Koktajlowy&nbsp; &nbsp; &nbsp; &nbsp; &nbsp; &nbsp; &nbsp; &nbsp; &nbsp; &nbsp; &nbsp; &nbsp; &nbsp; &nbsp; &nbsp; &nbsp; &nbsp; &nbsp; &nbsp; &nbsp;\u2705Szczypiorek Bohemia<\/b><\/li>\n<li><b>\u2705Koper Sprinter&nbsp; &nbsp; &nbsp; &nbsp; &nbsp; &nbsp; &nbsp; &nbsp; &nbsp; &nbsp; &nbsp; &nbsp; &nbsp; &nbsp; &nbsp; &nbsp; &nbsp; &nbsp; &nbsp; &nbsp; &nbsp; &nbsp; &nbsp; &nbsp; &nbsp; \u2705Koper Krezus<\/b><\/li>\n<li><b>\u2705Sa\u0142ata Lodowa Kr\u00f3lowa lata&nbsp; &nbsp; &nbsp; &nbsp; &nbsp; &nbsp; &nbsp; &nbsp; &nbsp; &nbsp; &nbsp; &nbsp; &nbsp;\u2705Seler Naciowy Zefir<\/b><\/li>\n<li><b>\u2705Sa\u0142ata Mas\u0142owa Kr\u00f3lowa majowych&nbsp; &nbsp; &nbsp; &nbsp; &nbsp; &nbsp;\u2705Pietruszka Li\u015bciowa Festival<\/b><\/li>\n<\/ul>\n<\/section><\/div>\n<\/section>\n<section class=\"section\">\n<div class=\"item item-12\">\n<section class=\"image-item\"><img decoding=\"async\" src=\"https:\/\/upload.cdn.baselinker.com\/products\/3018170\/750e990056aba6d5679ee272ce2be5b1.jpg\"><\/section>\n<\/p><\/div>\n<\/section>\n<section class=\"section\">\n<div class=\"item item-6\">\n<section class=\"image-item\"><img decoding=\"async\" src=\"https:\/\/upload.cdn.baselinker.com\/products\/3018170\/d9848f2a2fc0cc2d525a8f6c37429cea.jpg\"><\/section>\n<\/p><\/div>\n<div class=\"item item-6\">\n<section class=\"text-item\">\n<p><b>Burak \u0107wik\u0142owy Czerwona Kula 2<\/b><\/p>\n<p>Odmiana bardzo plenna o&nbsp;korzeniach kulistych i&nbsp;du\u017cej zawarto\u015bci soku i&nbsp;s\u0142abo widocznych pier\u015bcieniach. Nadaje&nbsp;si\u0119 do&nbsp;d\u0142ugotrwa\u0142ego przechowywania zimowego. Odmiana przeznaczona na&nbsp;u\u017cytek letni i&nbsp;jesienny. Na&nbsp;zbi\u00f3r letni nasiona nale\u017cy wysia\u0107 oko\u0142o po\u0142owy kwietnia. Na&nbsp;sprz\u0119t jesienno-zimowy od&nbsp;po\u0142owy maja do&nbsp;ko\u0144ca czerwca. Okres wegetacji 100-110 dni.<\/p>\n<ul>\n<li><b>Opakowanie:<\/b> 10g<\/li>\n<li><b>Siew:<\/b> IV- VI<\/li>\n<li><b>Zbi\u00f3r:<\/b> VII- X<\/li>\n<li><b>Rozstawa:<\/b> 30&nbsp;cm x 3 cm<\/li>\n<\/ul>\n<\/section><\/div>\n<\/section>\n<section class=\"section\">\n<div class=\"item item-6\">\n<section class=\"image-item\"><img decoding=\"async\" src=\"https:\/\/upload.cdn.baselinker.com\/products\/3018170\/e2c2b62feb8c26305a32abf5725fbff3.jpg\"><\/section>\n<\/p><\/div>\n<div class=\"item item-6\">\n<section class=\"text-item\">\n<p><b>Burak \u0107wik\u0142owy Opolski<\/b><\/p>\n<p>Odmiana bardzo plenna o\u00a0wyd\u0142u\u017conych korzeniach z\u00a0zaokr\u0105glon\u0105 nasad\u0105. Wyr\u00f3\u017cnia\u00a0si\u0119 smakowito\u015bci\u0105 i\u00a0intensywnie wybarwionym mi\u0105\u017cszem z\u00a0du\u017c\u0105 zawarto\u015bci\u0105 betaniny. Przydatna do\u00a0bezpo\u015bredniego spo\u017cycia, przechowywania oraz\u00a0przetw\u00f3rstwa. Wysiew na\u00a0g\u0142\u0119boko\u015b\u0107 2-3\u00a0cm od\u00a0pocz\u0105tku IV do\u00a0pocz\u0105tku VII.<\/p>\n<ul>\n<li><b>Opakowanie:<\/b> 10g<\/li>\n<li><b>Siew:<\/b> IV- VI<\/li>\n<li><b>Zbi\u00f3r:<\/b> VII- X<\/li>\n<li><b>Rozstawa:<\/b> 30 x 3 cm<\/li>\n<\/ul>\n<\/section><\/div>\n<\/section>\n<section class=\"section\">\n<div class=\"item item-6\">\n<section class=\"image-item\"><img decoding=\"async\" src=\"https:\/\/upload.cdn.baselinker.com\/products\/3018170\/303e41f8171c3bbd6cc9554adec3c4bb.jpg\"><\/section>\n<\/p><\/div>\n<div class=\"item item-6\">\n<section class=\"text-item\">\n<p><b>Cebula Siedmiolatka Bajka\u0142<\/b><\/p>\n<p>Allium fistulosum L<\/p>\n<p>Ro\u015blina wieloletnia, mrozoodporna &#8211; na\u00a0jednym miejscu nie\u00a0powinna jednak pozostawa\u0107 d\u0142u\u017cej ni\u017c 4-5 lata. Cz\u0119\u015bci\u0105 u\u017cytkow\u0105 ro\u015bliny jest smaczny aromatyczny szczypior bogaty w\u00a0witamin\u0119 C i\u00a0A\u00a0oraz\u00a0\u017celazo. Doskona\u0142y dodatek do\u00a0sur\u00f3wek, sa\u0142atek i\u00a0kanapek. Siew na\u00a0g\u0142\u0119boko\u015b\u0107 1-2\u00a0cm od\u00a0III do\u00a0po\u0142owy VII.<\/p>\n<ul>\n<li><b>Siew:<\/b> \u00bd\u00a0III &#8211;\u00a0\u00bd\u00a0VII<\/li>\n<li><b>Zbi\u00f3r:<\/b> VI \u2013IX<\/li>\n<li><b>Rozstawa:<\/b> 30x30cm<\/li>\n<\/ul>\n<\/section><\/div>\n<\/section>\n<section class=\"section\">\n<div class=\"item item-6\">\n<section class=\"image-item\"><img decoding=\"async\" src=\"https:\/\/upload.cdn.baselinker.com\/products\/3018170\/cb92955069cf811ddb5b44da4609308b.jpg\"><\/section>\n<\/p><\/div>\n<div class=\"item item-6\">\n<section class=\"text-item\">\n<p><b>Cukinia Nefertiti<\/b><\/p>\n<p>Odmiana cukinii o\u00a0d\u0142ugich lub\u00a0\u015brednich, owocach kszta\u0142tu cylindrycznego. Owoce maj\u0105 l\u015bni\u0105c\u0105 intensywnie zielon\u0105 sk\u00f3rk\u0119. Przeznaczona do\u00a0uprawy w\u00a0gruncie. Wysiew w\u00a0IV do\u00a0inspektu lub\u00a0po\u00a015 maja wprost do\u00a0gruntu, po\u00a02-3 nasiona w\u00a0jedno miejsce, po\u00a0wschodach przerwa\u0107 pozostawiaj\u0105c jedn\u0105 ro\u015blin\u0119.<\/p>\n<ul>\n<li><b>Opakowanie:<\/b> 3g<\/li>\n<li><b>Siew:<\/b> IV-po\u0142owy VI<\/li>\n<li><b>Zbi\u00f3r:<\/b> VII -VIII<\/li>\n<li><b>Rozstawa:<\/b> 100x80cm<\/li>\n<\/ul>\n<\/section><\/div>\n<\/section>\n<section class=\"section\">\n<div class=\"item item-6\">\n<section class=\"image-item\"><img decoding=\"async\" src=\"https:\/\/upload.cdn.baselinker.com\/products\/3018170\/18657e3248236b3ee17c910746f79320.jpg\"><\/section>\n<\/p><\/div>\n<div class=\"item item-6\">\n<section class=\"text-item\">\n<h1>Marchew jadalna AMSTERDAM 3 (wczesna)<\/h1>\n<p>Odmiana wczesna. Korzenie d\u0142ugo\u015bci 15 cm, ciemno-pomara\u0144czowe, wcze\u015bnie wybarwiaj\u0105ce si\u0119, kruche i\u00a0soczyste. Bardzo dobra na\u00a0soki i\u00a0do\u00a0bezpo\u015bredniego spo\u017cycia i\u00a0kr\u00f3tkotrwa\u0142ego przechowywania. Wymaga gleby lekkiej, \u017cyznej dobrze uprawionej. Wysiew na\u00a0g\u0142\u0119boko\u015b\u0107 1-2cm od\u00a0ko\u0144ca III od\u00a0ko\u0144ca V. Zbi\u00f3r od\u00a0VIII do\u00a0IX.<\/p>\n<ul>\n<li><b>Opakowanie:<\/b> 5g<\/li>\n<li><b>Siew:<\/b> po\u0142owa III- V<\/li>\n<li><b>Zbi\u00f3r:<\/b> VIII-IX<\/li>\n<li><b>Rozstawa:<\/b> 30-40 x 3-4 cm<\/li>\n<\/ul>\n<\/section><\/div>\n<\/section>\n<section class=\"section\">\n<div class=\"item item-6\">\n<section class=\"image-item\"><img decoding=\"async\" src=\"https:\/\/upload.cdn.baselinker.com\/products\/3018170\/099b8e4301ce784b736868096725d638.jpg\"><\/section>\n<\/p><\/div>\n<div class=\"item item-6\">\n<section class=\"text-item\">\n<h1>Rzodkiewka Carmen<\/h1>\n<p>Odmiana bardzo plenna wczesna do\u00a0ca\u0142orocznej uprawy gruntowej. Tworzy du\u017ce kszta\u0142tne karminowo-czerwone zgrubienia z\u00a0bia\u0142ym ogonkiem. \u0141agodna w\u00a0smaku odporna na\u00a0parcenie i\u00a0p\u0119kanie. Przez d\u0142ugi okres zachowuje dobr\u0105 jako\u015b\u0107 zgrubienia. Siew na\u00a0g\u0142\u0119boko\u015b\u0107 1\u00a0cm od\u00a0po\u0142. III do\u00a0V na\u00a0zbi\u00f3r wiosenny i\u00a0od\u00a0VIII do\u00a0po\u0142. IX na\u00a0zbi\u00f3r jesienny.<\/p>\n<p>Wiosenny<\/p>\n<ul>\n<li><b>Siew:<\/b> \u00bd III \u2013 V<\/li>\n<li><b>Zbi\u00f3r:<\/b> V \u2013 VII<\/li>\n<\/ul>\n<p>Jesienny<\/p>\n<ul>\n<li><b>Siew:<\/b> VIII &#8211; \u00bd IX<\/li>\n<li><b>Zbi\u00f3r:<\/b> IX \u2013 X<\/li>\n<li><b>Rozstawa:<\/b> 2-3 x 10-20 cm<\/li>\n<\/ul>\n<\/section><\/div>\n<\/section>\n<section class=\"section\">\n<div class=\"item item-6\">\n<section class=\"image-item\"><img decoding=\"async\" src=\"https:\/\/upload.cdn.baselinker.com\/products\/3018170\/9d2cbdbe8621be9e80a76088c51e5dfd.jpg\"><\/section>\n<\/p><\/div>\n<div class=\"item item-6\">\n<section class=\"text-item\">\n<h1>Rzodkiewka Opolanka<\/h1>\n<p>Odmiana wczesna, bardzo plenna z\u00a0ma\u0142\u0105 sk\u0142onno\u015bci\u0105 do\u00a0parcenia do\u00a0uprawy pod\u00a0os\u0142onami i\u00a0w\u00a0gruncie. Okres wegetacji oko\u0142o 25 dni. Tworzy cylindryczne, szkar\u0142atnoczewone zgrubienia z\u00a0bia\u0142ym ko\u0144cem i\u00a0soczystym mi\u0105\u017cszu. Mo\u017cna uprawia\u0107 na\u00a0zbi\u00f3r wiosenny i\u00a0jesienny. Siew na\u00a0g\u0142\u0119boko\u015b\u0107 1cm od\u00a0po\u0142. III do\u00a0po\u0142. VI na\u00a0zbi\u00f3r wiosenny i\u00a0od\u00a0VIII do\u00a0IX na\u00a0zbi\u00f3r jesienny.<\/p>\n<ul>\n<li><b>Waga:<\/b> 10g<\/li>\n<li><b>Siew:<\/b> po\u0142owa III-VI , VIII- IX<\/li>\n<li><b>Zbi\u00f3r:<\/b> IV-VII, IX-X<\/li>\n<li><b>Rozstawa:<\/b> 10-20 x 2-3 cm<\/li>\n<\/ul>\n<\/section><\/div>\n<\/section>\n<section class=\"section\">\n<div class=\"item item-6\">\n<section class=\"image-item\"><img decoding=\"async\" src=\"https:\/\/upload.cdn.baselinker.com\/products\/3018170\/0ce65c18c595d2ccad06c36a3031f79f.jpg\"><\/section>\n<\/p><\/div>\n<div class=\"item item-6\">\n<section class=\"text-item\">\n<h1>Pietruszka korzeniowa KONIKA (\u015brednio wczesna)<\/h1>\n<p>Odmiana \u015brednio wczesna (okres wegetacji 160-170 dni), nadaj\u0105\u00a0si\u0119 na\u00a0wczesny zbi\u00f3r p\u0119czkowy, jak i\u00a0jesienny zbi\u00f3r korzeni do\u00a0przechowywania. Korzenie o\u00a0kszta\u0142cie szeroko sto\u017ckowym, \u015bredniej d\u0142ugo\u015bci 12-15 cm, o\u00a0g\u0142adkiej powierzchni. Mi\u0105\u017csz aromatyczny w\u00a0kolorze kremowo-bia\u0142ym. Wysiew na\u00a0g\u0142\u0119boko\u015b\u0107 1,5-2,5\u00a0cm od\u00a0po\u0142owy III do\u00a0po\u0142owy V.<\/p>\n<p>Wiosenny<\/p>\n<ul>\n<li><b>Siew:<\/b> \u00bd III &#8211; \u00bd V<\/li>\n<li><b>Zbi\u00f3r:<\/b> \u00bd VII &#8211; IX<\/li>\n<li><b>Rozstawa:<\/b> 3-4 x 20-40\u00a0cm<\/li>\n<\/ul>\n<\/section><\/div>\n<\/section>\n<section class=\"section\">\n<div class=\"item item-6\">\n<section class=\"image-item\"><img decoding=\"async\" src=\"https:\/\/upload.cdn.baselinker.com\/products\/3018170\/afaf913859e3a323942733b889ba7956.jpg\"><\/section>\n<\/p><\/div>\n<div class=\"item item-6\">\n<section class=\"text-item\">\n<h1>Pietruszka korzeniowa HALBLANGE &#8211;\u00a0BERLI\u0143SKA\u00a0(p\u00f3\u017ana)<\/h1>\n<p>dmiana p\u00f3\u017ana, bardzo plenna, przeznaczona na\u00a0u\u017cytek jesienny i\u00a0zimowy. bardzo trwa\u0142a w\u00a0przechowywaniu. Korze\u0144 d\u0142ugo\u015bci oko\u0142o 22\u00a0cm w\u00a0kszta\u0142cie wyd\u0142u\u017conego sto\u017cka, mi\u0105\u017csz bia\u0142y, j\u0119drny. Wysiew od\u00a0po\u0142owy III do\u00a0po\u0142owy V. Mo\u017cna stosowa\u0107 siew ozimy od\u00a0po\u0142owy X-XI. Zbi\u00f3r od\u00a0po\u0142owy VII-X.<\/p>\n<p>Wiosenny<\/p>\n<ul>\n<li><b>Siew:<\/b> \u00bd III &#8211; \u00bd VI<\/li>\n<li><b>Zbi\u00f3r:<\/b> \u00bd VII &#8211; \u00bd X<\/li>\n<\/ul>\n<p>Jesienny<\/p>\n<ul>\n<li><b>Siew:<\/b> \u00bd XI &#8211; \u00bc XII<\/li>\n<li><b>Zbi\u00f3r:<\/b> IV &#8211; \u00be V<\/li>\n<li><b>Rozstawa:<\/b> 3-4 x 30-40\u00a0cm<\/li>\n<\/ul>\n<\/section><\/div>\n<\/section>\n<section class=\"section\">\n<div class=\"item item-6\">\n<section class=\"image-item\"><img decoding=\"async\" src=\"https:\/\/upload.cdn.baselinker.com\/products\/3018170\/98cb0743e1a8c1f3799b08a84136b6ce.jpg\"><\/section>\n<\/p><\/div>\n<div class=\"item item-6\">\n<section class=\"text-item\">\n<h1>Og\u00f3rek gruntowy \u015aREMSKI F1 (wczesny)<\/h1>\n<p>Cucumis sativus \u00a0L.<\/p>\n<p>Odmiana wczesna, bardzo plenna, o\u00a0du\u017cej tolerancji wobec chor\u00f3b, \u00a0polecana do\u00a0uprawy gruntowej i\u00a0pod\u00a0tunelami na\u00a0wczesny zbi\u00f3r. Przydatna do\u00a0konserwowania, kwaszenia i\u00a0na\u00a0sur\u00f3wki. Owoce bardzo smaczne pozbawione goryczki, kszta\u0142tne, cylindryczne, bez\u00a0szyjki z\u00a0ma\u0142\u0105 komor\u0105 nasienn\u0105. Sk\u00f3rka zielona grubo brodawkowa ze smugami si\u0119gaj\u0105cymi po\u0142owy owocu. Wysiew nasion na\u00a0g\u0142\u0119boko\u015b\u0107 2\u00a0cm po\u00a015 V. Wymaga gleby silnie nawo\u017conej, zasobnej w\u00a0wod\u0119, przepuszczalnej i\u00a0ciep\u0142ej.<\/p>\n<ul>\n<li><b>Siew:<\/b> \u00bd V- VI<\/li>\n<li><b>Zbi\u00f3r:<\/b> \u00bdVII-IX<\/li>\n<li><b>Rozstawa:<\/b> 15 x 90-120 cm<\/li>\n<\/ul>\n<\/section><\/div>\n<\/section>\n<section class=\"section\">\n<div class=\"item item-6\">\n<section class=\"image-item\"><img decoding=\"async\" src=\"https:\/\/upload.cdn.baselinker.com\/products\/3018170\/1800f1ed69bc23259da3ffbb238e8623.jpg\"><\/section>\n<\/p><\/div>\n<div class=\"item item-6\">\n<section class=\"text-item\">\n<h1>Pomidor\u00a0koktajlowy\u00a0Gartenperle<\/h1>\n<p>Pomidor\u00a0<b>koktajlowy<\/b>\u00a0typu cherry o\u00a0intensywnie czerwonych owocach o\u00a0wadze 6-8 g. Wysoko\u015bci do\u00a070 cm. Uprawia\u0107 mo\u017cna w\u00a0gruncie, donicach lub\u00a0w\u00a0skrzynkach balkonowych. Owoce dekoracyjne, nadaj\u0105ce\u00a0si\u0119 do\u00a0spo\u017cycia. Wysiew w\u00a0mieszkaniu na\u00a0parapecie od\u00a0pocz\u0105tku marca do\u00a0gruntu po\u00a015 maja.<\/p>\n<ul>\n<li><b>Siew:<\/b> III-V<\/li>\n<li><b>Zbi\u00f3r:<\/b> VII-VIII<\/li>\n<li><b>Rozstawa:<\/b> 50 x 70 cm<\/li>\n<\/ul>\n<\/section><\/div>\n<\/section>\n<section class=\"section\">\n<div class=\"item item-6\">\n<section class=\"image-item\"><img decoding=\"async\" src=\"https:\/\/upload.cdn.baselinker.com\/products\/3018170\/26d17aaa015450265b797b548ce36bca.jpg\"><\/section>\n<\/p><\/div>\n<div class=\"item item-6\">\n<section class=\"text-item\">\n<h1>Szczypiorek\u00a0Bohemia<\/h1>\n<p>Ro\u015blina wieloletnia, \u015brednio wysoka, bardzo plenna. Tworzy aromatyczny delikatny, intensywnie zielony, cienki szczypior o\u00a0du\u017cej zawarto\u015bci witaminy C i\u00a0ostrym smaku. Do\u00a0uprawy na\u00a0wiosn\u0119 i\u00a0jesie\u0144. Nadaje\u00a0si\u0119 do\u00a0wielokrotnego zbioru. Bardzo dobrze zimuje bez\u00a0przykrycia. Wysiew na\u00a0wiosn\u0119 od\u00a0ko\u0144ca III do\u00a0V do\u00a0zimnego inspektu lub\u00a0na\u00a0rozsadniku. Rozsad\u0119 wysadza\u0107 do\u00a0gruntu w\u00a0maju-czerwcu, po\u00a05-8 ro\u015blin razem. Wysiew bezpo\u015brednio do\u00a0gruntu na\u00a0g\u0142. 1-2\u00a0cm w\u00a0IV.<\/p>\n<ul>\n<li><b>Siew:<\/b> III &#8211;\u00a0V<\/li>\n<li><b>Zbi\u00f3r:<\/b> V \u2013 \u00bd X<\/li>\n<li><b>Rozstawa:<\/b> 20 x 30 cm<\/li>\n<\/ul>\n<\/section><\/div>\n<\/section>\n<section class=\"section\">\n<div class=\"item item-6\">\n<section class=\"image-item\"><img decoding=\"async\" src=\"https:\/\/upload.cdn.baselinker.com\/products\/3018170\/1c43a758113e72db59c45c82d5845a5d.jpg\"><\/section>\n<\/p><\/div>\n<div class=\"item item-6\">\n<section class=\"text-item\">\n<h1>Koper\u00a0Sprinter<\/h1>\n<p>Odmiana silnie krzewi\u0105ca\u00a0si\u0119 o\u00a0ciemnozielonych li\u015bciach o\u00a0silnym aromacie. Ro\u015blina bardzo dobrze plonuj\u0105ca na\u00a0zbi\u00f3r na\u00a0zielono, p\u00f3\u017ano wzbija w\u00a0p\u0119dy kwiatowe. Nadaj\u0119\u00a0si\u0119 tak\u017ce do\u00a0suszenia i\u00a0mro\u017cenia. Wysiew nasion od\u00a0III do\u00a0po\u0142owy VIII.<\/p>\n<ul>\n<li><b>Siew:<\/b> III-po\u0142owy VIII<\/li>\n<li><b>Zbi\u00f3r:<\/b> V \u2013X<\/li>\n<li><b>Rozstawa:<\/b> 15&#215;30 cm<\/li>\n<\/ul>\n<\/section><\/div>\n<\/section>\n<section class=\"section\">\n<div class=\"item item-6\">\n<section class=\"image-item\"><img decoding=\"async\" src=\"https:\/\/upload.cdn.baselinker.com\/products\/3018170\/a719660d3b268c11341f71f878a2fc92.jpg\"><\/section>\n<\/p><\/div>\n<div class=\"item item-6\">\n<section class=\"text-item\">\n<h1>Seler naciowy\u00a0Zefir<\/h1>\n<p>Ro\u015blina jednoroczna o\u00a0pe\u0142nych jasno fioletowych kwiatach z\u00a0kremowo-\u017c\u00f3\u0142tym \u015brodkiem. Wysoko\u015b\u0107 ro\u015blin 50-75cm. Kwitnie od\u00a0lipca do\u00a0pa\u017adziernika. Polecana na\u00a0kwiat ci\u0119ty, rabaty, obw\u00f3dki i\u00a0kwietniki. Wysiew w\u00a0marcu-kwietniu do\u00a0ogrzewanego inspektu lub\u00a0wprost do\u00a0gruntu w\u00a0kwietniu-maju. Wymaga stanowiska s\u0142onecznego, \u015brednio wilgotnej, \u017cyznej gleby.<\/p>\n<ul>\n<li><b>Siew:<\/b> \u00bd II \u2013 \u00a0V<\/li>\n<li><b>Kwitnie:<\/b> VI-X<\/li>\n<li><b>Rozstawa:<\/b> 50&#215;50 cm<\/li>\n<\/ul>\n<\/section><\/div>\n<\/section>\n<section class=\"section\">\n<div class=\"item item-6\">\n<section class=\"image-item\"><img decoding=\"async\" src=\"https:\/\/upload.cdn.baselinker.com\/products\/3018170\/0ba3b5799d197b3c15049a995dd16d21.jpg\"><\/section>\n<\/p><\/div>\n<div class=\"item item-6\">\n<section class=\"text-item\">\n<h1>Pietruszka li\u015bciowa Festival 68 Naciowa\u00a0<\/h1>\n<p>Odmiana plenna o\u00a0aromatycznych intensywnie zielonych g\u0142adkich li\u015bciach. Niezwykle zasobna w\u00a0witaminy A, C\u00a0i\u00a0B i\u00a0sole mineralne. Odporna na\u00a0\u017c\u00f3\u0142kni\u0119cie i\u00a0m\u0105czniaka prawdziwego. Odmiana dobrze zimuje w\u00a0gruncie. Na\u00a0zbi\u00f3r wiosenny wysiew nasion w\u00a0VII, na\u00a0zbi\u00f3r jesienny od\u00a0III do\u00a0V.<\/p>\n<\/section><\/div>\n<\/section>\n<section class=\"section\">\n<div class=\"item item-12\">\n<section class=\"text-item\">\n<p><b>\u2705Marchew jadalna FLAKKESE 2 (p\u00f3\u017ana):<\/b>Odmiana p\u00f3\u017ana, bardzo plenna. Korzenie du\u017ce, d\u0142ugie 17-22 cm, bez&nbsp;sk\u0142onno\u015bci do&nbsp;gromadzenia azotan\u00f3w. Sk\u00f3rka g\u0142adka. Mi\u0105\u017csz intensywnie pomara\u0144czowy s\u0142odki, zawiera du\u017co karotenu. Nadaje&nbsp;si\u0119 do&nbsp;bezpo\u015bredniego spo\u017cycia i&nbsp;do&nbsp;przetw\u00f3rstwa, na&nbsp;soki i&nbsp;mro\u017conki. Siew od&nbsp;po\u0142owy IV do&nbsp;ko\u0144ca V.<\/p>\n<ul>\n<li><b>Opakowanie:<\/b> 5g<\/li>\n<li><b>Siew:<\/b> IX-X<\/li>\n<li><b>Zbi\u00f3r:<\/b> IX-X<\/li>\n<li><b>Rozstawa:<\/b> 30-40 x 3-4 cm<\/li>\n<\/ul>\n<p><b>\u2705Koper ogrodowy Krezus (wczesny) :<\/b>Odmiana wczesna, dobrze plonuj\u0105ca &#8220;na zielono&#8221; nadaje&nbsp;si\u0119 r\u00f3wnie\u017c do&nbsp;kwaszenia. Ro\u015bliny dobrze ulistniona. Li\u015bcie zielone do&nbsp;ciemnozielonych. Odmiana o&nbsp;li\u015bciach obfituj\u0105cych w&nbsp;olejki eteryczne o&nbsp;przyjemnym kminkowo-cytrusowym zapachu. Wysiew od&nbsp;III do&nbsp;VIII.<\/p>\n<ul>\n<li><b>Opakowanie:<\/b> 5g<\/li>\n<li><b>Siew:<\/b> III-po\u0142owy VIII<\/li>\n<li><b>Zbi\u00f3r:<\/b> V \u2013X<\/li>\n<li><b>Rozstawa:<\/b> 15x30cm<\/li>\n<\/ul>\n<p><b>\u2705Sa\u0142ata krucha &#8211; lodowa Kr\u00f3lowa Lata (wczesna):<\/b>Atrakcyjna wczesna odmiana, (weg. 50-55 dni), odporna na wybijanie w p\u0119dy kwiatowe i m\u0105czniaka rzekomego, do uprawy wiosn\u0105, latem i jesieni\u0105. Tworzy bardzo du\u017ce, \u015bcis\u0142e g\u0142\u00f3wki, do 1 kg, z\u0142o\u017cone z kruchych li\u015bci koloru jasnozielonego o p\u0119cherzykowatej powierzchni. Siew na g\u0142\u0119boko\u015b\u0107 0,5-1cm w III pod os\u0142ony lub IV-V na rozsadniku na zbi\u00f3r wczesno letni lub od po\u0142owy VII-VIII na zbi\u00f3r jesienny. Wymaga gleby \u017cyznej, zasobnej w sk\u0142adniki pokarmowe i wod\u0119.<\/p>\n<ul>\n<li><b>Siew:<\/b> koniec III-V; VII-VIII<\/li>\n<li><b>Zbi\u00f3r:<\/b> po\u0142owa V-VII; IX-X<\/li>\n<li><b>Piktogram z&nbsp;rozstaw\u0105:<\/b> 35 x 40 cm<\/li>\n<\/ul>\n<p><b>\u2705Sa\u0142ata mas\u0142owa g\u0142owiasta Kr\u00f3lowa Majowych:<\/b>Odmiana wczesna przeznaczona do&nbsp;wczesnej uprawy w&nbsp;gruncie i&nbsp;pod&nbsp;os\u0142onami. Tworzy du\u017ce dobrze zamkni\u0119te kuliste g\u0142\u00f3wki o&nbsp;j\u0119drnych li\u015bciach. Do\u015b\u0107 odporna na&nbsp;m\u0105czniaka rzekomego i&nbsp;\u015brednio odporna na&nbsp;szar\u0105 ple\u015b\u0144. Dobrze plonuje w&nbsp;2 roku po&nbsp;oborniku, na&nbsp;glebach ciep\u0142ych, przewiewnych, dostatecznie wilgotnych. Siew wiosn\u0105 IV- V, na&nbsp;zbi\u00f3r jesienny w&nbsp;VIII.<\/p>\n<p>Wiosenny<\/p>\n<ul>\n<li><b>Siew:<\/b> IV \u2013 V<\/li>\n<li><b>Zbi\u00f3r:<\/b> V \u2013 &nbsp;VII<\/li>\n<\/ul>\n<p>Jesienny<\/p>\n<ul>\n<li><b>Siew:<\/b> VII<\/li>\n<li><b>Zbi\u00f3r:<\/b> \u00bd IX \u2013 X<\/li>\n<li><b>Rozstawa:<\/b> 20-25 x 30-40 cm.<\/li>\n<\/ul>\n<p><b>SPRAWDZONA JAKO\u015a\u0106 NASION<\/b><\/p>\n<p>Oferowane przez nas nasiona s\u0105 testowane w&nbsp;<b>Laboratorium Oceny Nasion pod wzgl\u0119dem:<\/b><\/p>\n<p>\u2705<b>kie\u0142kowania<\/b><\/p>\n<p>\u2705<b>wilgotno\u015bci<\/b><\/p>\n<p>\u2705<b>czysto\u015bci ziarna<\/b><\/p>\n<p><b>Dzi\u0119ki czemu udost\u0119pniane nasiona s\u0105 \u015bci\u015ble wyselekcjonowane, tylko wysokiej klasy.<\/b><\/p>\n<p>Torebki zakupione na naszej aukcji s\u0105 w pe\u0142ni bezpieczne, posiadaj\u0105&nbsp;<b>dat\u0119 wa\u017cno\u015bci i nr partii na opakowaniu.<\/b>&nbsp;Gwarantujemy r\u00f3wnie\u017c jako\u015b\u0107 i oryginalno\u015b\u0107 produkt\u00f3w, poniewa\u017c s\u0105 nabywane bezpo\u015brednio od producenta.<\/p>\n<\/section><\/div>\n<\/section>\n","protected":false},"excerpt":{"rendered":"<p>Zestaw 20 odmian nasiona na dobry start Praktyczny zestaw nasion to idealna propozycja zar\u00f3wno dla pocz\u0105tkuj\u0105cych ogrodnik\u00f3w jak i os\u00f3b, kt\u00f3re od wielu lat zajmuj\u0105 si\u0119 w\u0142asnor\u0119czn\u0105 upraw\u0105 warzyw. W\u0142asne nasiona to bardzo dobry spos\u00f3b by zadba\u0107 o w\u0142asne zdrowie oraz Twoich najbli\u017cszych. Nasiona&nbsp; odpowiednie do uprawy w szklarniach, podwy\u017cszonych grz\u0105dkach oraz bezpo\u015brednio w gruncie&#8230;.<\/p>\n","protected":false},"featured_media":19372,"comment_status":"open","ping_status":"closed","template":"","meta":{"inline_featured_image":false},"product_cat":[126,162,186,190],"product_tag":[],"location":[],"class_list":{"0":"post-19404","1":"product","2":"type-product","3":"status-publish","4":"has-post-thumbnail","6":"product_cat-nasiona-warzyw","7":"product_cat-nasiona","8":"product_cat-nasiona-marchwi","9":"product_cat-nasiona-ogorka","10":"nt-post-class","11":"","14":"excerpt-none","17":"first","18":"instock","19":"shipping-taxable","20":"purchasable","21":"product-type-simple"},"_links":{"self":[{"href":"https:\/\/boskienasiona.pl\/en\/wp-json\/wp\/v2\/product\/19404","targetHints":{"allow":["GET"]}}],"collection":[{"href":"https:\/\/boskienasiona.pl\/en\/wp-json\/wp\/v2\/product"}],"about":[{"href":"https:\/\/boskienasiona.pl\/en\/wp-json\/wp\/v2\/types\/product"}],"replies":[{"embeddable":true,"href":"https:\/\/boskienasiona.pl\/en\/wp-json\/wp\/v2\/comments?post=19404"}],"version-history":[{"count":1,"href":"https:\/\/boskienasiona.pl\/en\/wp-json\/wp\/v2\/product\/19404\/revisions"}],"predecessor-version":[{"id":22605,"href":"https:\/\/boskienasiona.pl\/en\/wp-json\/wp\/v2\/product\/19404\/revisions\/22605"}],"wp:featuredmedia":[{"embeddable":true,"href":"https:\/\/boskienasiona.pl\/en\/wp-json\/wp\/v2\/media\/19372"}],"wp:attachment":[{"href":"https:\/\/boskienasiona.pl\/en\/wp-json\/wp\/v2\/media?parent=19404"}],"wp:term":[{"taxonomy":"product_cat","embeddable":true,"href":"https:\/\/boskienasiona.pl\/en\/wp-json\/wp\/v2\/product_cat?post=19404"},{"taxonomy":"product_tag","embeddable":true,"href":"https:\/\/boskienasiona.pl\/en\/wp-json\/wp\/v2\/product_tag?post=19404"},{"taxonomy":"location","embeddable":true,"href":"https:\/\/boskienasiona.pl\/en\/wp-json\/wp\/v2\/location?post=19404"}],"curies":[{"name":"wp","href":"https:\/\/api.w.org\/{rel}","templated":true}]}}