{"id":19413,"date":"2025-02-01T17:01:40","date_gmt":"2025-02-01T16:01:40","guid":{"rendered":"https:\/\/boskienasiona.pl\/product\/nasiona-warzyw-szczypiorek-czosnkowy-wieloletni-roslina-lecznicza\/"},"modified":"2026-04-19T14:17:19","modified_gmt":"2026-04-19T12:17:19","slug":"nasiona-warzyw-szczypiorek-czosnkowy-wieloletni-roslina-lecznicza","status":"publish","type":"product","link":"https:\/\/boskienasiona.pl\/en\/produkt\/nasiona-warzyw-szczypiorek-czosnkowy-wieloletni-roslina-lecznicza\/","title":{"rendered":"Nasiona warzyw SZCZYPIOREK CZOSNKOWY Wieloletni Ro\u015blina Lecznicza"},"content":{"rendered":"<section class=\"section\">\n<div class=\"item item-12\">\n<section class=\"text-item\">\n<h1>Nasiona warzyw SZCZYPIOREK CZOSNKOWY Wieloletni Ro\u015blina Lecznicza<\/h1>\n<\/section><\/div>\n<\/section>\n<section class=\"section\">\n<div class=\"item item-6\">\n<section class=\"image-item\">\n            <img decoding=\"async\" src=\"https:\/\/upload.cdn.baselinker.com\/products\/3018170\/5790698c85f66205f2c9653884cdf88c.png\" \/><br \/>\n        <\/section>\n<\/p><\/div>\n<div class=\"item item-6\">\n<section class=\"text-item\">\n<p><b>Szczypiorek czosnkowy wieloletni<\/b><\/p>\n<p>Ro\u015blina wieloletnia, rozrastaj\u0105ca\u00a0si\u0119 szybko w\u00a0zwarte k\u0119pki. Li\u015bcie w\u0105skie i\u00a0p\u0142askie, o\u00a0wyra\u017anym aromacie czosnku. Bia\u0142e gwie\u017adziste kwiaty zebrane w\u00a0s\u0142odko pachn\u0105ce baldachy. Ro\u015blina o\u00a0potr\u00f3jnym zastosowaniu. Jako ro\u015blina lecznicza, dzia\u0142aj\u0105ca przeciwzapalnie i\u00a0antyseptycznie, jako warzywo dodawane do\u00a0sa\u0142atek i\u00a0sur\u00f3wek, oraz\u00a0jako bardzo dekoracyjna ozdoba dywanowa. Czosnek posadzony w\u00a0ogrodzie zapobiega parchowi jab\u0142oni, rdzom i\u00a0m\u0105czniakom. Zimuje w\u00a0postaci cebulek. Nadaje\u00a0si\u0119 do\u00a0p\u0119dzenia i\u00a0uprawy w\u00a0pojemnikach, r\u00f3wnie\u017c na\u00a0parapecie okiennym. Wysiew wczesn\u0105 wiosn\u0105 lub\u00a0p\u00f3\u017anym latem wprost do\u00a0gruntu. Nasiona po\u00a0siewie przypr\u00f3szamy lekko ziemi\u0105 i\u00a0wgniatamy w\u00a0pod\u0142o\u017ce. Kie\u0142kuj\u0105 na\u00a0\u015bwietle.<\/p>\n<p><b>Wiosenny:<\/b><\/p>\n<p><b>\u2705Siew:<\/b> III \u2013 V<\/p>\n<p><b>\u2705Zbi\u00f3r:<\/b> VI \u2013 VIII<\/p>\n<p><b>Jesienny:<\/b><\/p>\n<p><b>\u2705Siew:<\/b> VIII<\/p>\n<p><b>\u2705Zbi\u00f3r:<\/b> X \u2013 XI<\/p>\n<p><b>\u2705Rozstawa:<\/b> 30 x 30 cm<\/p>\n<\/section><\/div>\n<\/section>\n<section class=\"section\">\n<div class=\"item item-6\">\n<section class=\"image-item\">\n            <img decoding=\"async\" src=\"https:\/\/upload.cdn.baselinker.com\/products\/3018170\/e1756a27ef0106d2f92a9809b793570b.png\" \/><br \/>\n        <\/section>\n<\/p><\/div>\n<div class=\"item item-6\">\n<section class=\"text-item\">\n<p><b>SPRAWDZONA JAKO\u015a\u0106 NASION<\/b><\/p>\n<p>Oferowane przez nas nasiona s\u0105 testowane w <b>Laboratorium Oceny Nasion pod wzgl\u0119dem:<\/b><\/p>\n<p>\u2705<b>kie\u0142kowania<\/b><\/p>\n<p>\u2705<b>wilgotno\u015bci<\/b><\/p>\n<p>\u2705<b>czysto\u015bci ziarna<\/b><\/p>\n<p><b>Dzi\u0119ki czemu udost\u0119pniane nasiona s\u0105 \u015bci\u015ble wyselekcjonowane, tylko wysokiej klasy.<\/b><\/p>\n<p>Torebki zakupione na naszej aukcji s\u0105 w pe\u0142ni bezpieczne, posiadaj\u0105 <b>dat\u0119 wa\u017cno\u015bci i nr partii na opakowaniu.<\/b> Gwarantujemy r\u00f3wnie\u017c jako\u015b\u0107 i oryginalno\u015b\u0107 produkt\u00f3w, poniewa\u017c s\u0105 nabywane bezpo\u015brednio od producenta.<\/p>\n<\/section><\/div>\n<\/section>\n","protected":false},"excerpt":{"rendered":"<p>Nasiona warzyw SZCZYPIOREK CZOSNKOWY Wieloletni Ro\u015blina Lecznicza Szczypiorek czosnkowy wieloletni Ro\u015blina wieloletnia, rozrastaj\u0105ca\u00a0si\u0119 szybko w\u00a0zwarte k\u0119pki. Li\u015bcie w\u0105skie i\u00a0p\u0142askie, o\u00a0wyra\u017anym aromacie czosnku. Bia\u0142e gwie\u017adziste kwiaty zebrane w\u00a0s\u0142odko pachn\u0105ce baldachy. Ro\u015blina o\u00a0potr\u00f3jnym zastosowaniu. Jako ro\u015blina lecznicza, dzia\u0142aj\u0105ca przeciwzapalnie i\u00a0antyseptycznie, jako warzywo dodawane do\u00a0sa\u0142atek i\u00a0sur\u00f3wek, oraz\u00a0jako bardzo dekoracyjna ozdoba dywanowa. Czosnek posadzony w\u00a0ogrodzie zapobiega parchowi jab\u0142oni, rdzom&#8230;<\/p>\n","protected":false},"featured_media":19405,"comment_status":"open","ping_status":"closed","template":"","meta":{"inline_featured_image":false},"product_cat":[126,162],"product_tag":[],"location":[],"class_list":{"0":"post-19413","1":"product","2":"type-product","3":"status-publish","4":"has-post-thumbnail","6":"product_cat-nasiona-warzyw","7":"product_cat-nasiona","8":"nt-post-class","9":"","12":"excerpt-none","15":"first","16":"instock","17":"shipping-taxable","18":"purchasable","19":"product-type-simple"},"_links":{"self":[{"href":"https:\/\/boskienasiona.pl\/en\/wp-json\/wp\/v2\/product\/19413","targetHints":{"allow":["GET"]}}],"collection":[{"href":"https:\/\/boskienasiona.pl\/en\/wp-json\/wp\/v2\/product"}],"about":[{"href":"https:\/\/boskienasiona.pl\/en\/wp-json\/wp\/v2\/types\/product"}],"replies":[{"embeddable":true,"href":"https:\/\/boskienasiona.pl\/en\/wp-json\/wp\/v2\/comments?post=19413"}],"version-history":[{"count":0,"href":"https:\/\/boskienasiona.pl\/en\/wp-json\/wp\/v2\/product\/19413\/revisions"}],"wp:featuredmedia":[{"embeddable":true,"href":"https:\/\/boskienasiona.pl\/en\/wp-json\/wp\/v2\/media\/19405"}],"wp:attachment":[{"href":"https:\/\/boskienasiona.pl\/en\/wp-json\/wp\/v2\/media?parent=19413"}],"wp:term":[{"taxonomy":"product_cat","embeddable":true,"href":"https:\/\/boskienasiona.pl\/en\/wp-json\/wp\/v2\/product_cat?post=19413"},{"taxonomy":"product_tag","embeddable":true,"href":"https:\/\/boskienasiona.pl\/en\/wp-json\/wp\/v2\/product_tag?post=19413"},{"taxonomy":"location","embeddable":true,"href":"https:\/\/boskienasiona.pl\/en\/wp-json\/wp\/v2\/location?post=19413"}],"curies":[{"name":"wp","href":"https:\/\/api.w.org\/{rel}","templated":true}]}}