{"id":19424,"date":"2025-02-01T17:02:08","date_gmt":"2025-02-01T16:02:08","guid":{"rendered":"https:\/\/boskienasiona.pl\/product\/nasiona-warzyw-brukiew-jadalna-wilhelmburska-nadmorska-bogata-w-witaminy\/"},"modified":"2026-04-16T22:20:05","modified_gmt":"2026-04-16T20:20:05","slug":"nasiona-warzyw-brukiew-jadalna-wilhelmburska-nadmorska-bogata-w-witaminy","status":"publish","type":"product","link":"https:\/\/boskienasiona.pl\/en\/produkt\/nasiona-warzyw-brukiew-jadalna-wilhelmburska-nadmorska-bogata-w-witaminy\/","title":{"rendered":"Nasiona warzyw Brukiew jadalna Wilhelmburska Nadmorska Bogata w witaminy"},"content":{"rendered":"<section class=\"section\">\n<div class=\"item item-12\">\n<section class=\"text-item\">\n<h1>Nasiona warzyw Brukiew jadalna Wilhelmburska Nadmorska Bogata w witaminy<\/h1>\n<\/section><\/div>\n<\/section>\n<section class=\"section\">\n<div class=\"item item-6\">\n<section class=\"image-item\">\n            <img decoding=\"async\" src=\"https:\/\/upload.cdn.baselinker.com\/products\/3018170\/88923cb4b4a261fd1c427b265e2c86e7.png\" \/><br \/>\n        <\/section>\n<\/p><\/div>\n<div class=\"item item-6\">\n<section class=\"text-item\">\n<p><b>Brukiew Wilhemburska &#8211; Nadmorska Nasiona 10g<\/b><\/p>\n<p>Odmiana \u015bredniowczesna, plenna, trwa\u0142a w\u00a0przechowywaniu. Mi\u0105\u017csz kremowo\u017c\u00f3\u0142ty, delikatny, smaczny zw\u0142aszcza u\u00a0m\u0142odych ro\u015blin. Zar\u00f3wno korzenie jak i\u00a0li\u015bcie nadaj\u0105\u00a0si\u0119 na\u00a0pasz\u0119 i\u00a0do\u00a0bezpo\u015bredniego spo\u017cycia m.in. na\u00a0sur\u00f3wki z\u00a0uwagi na\u00a0wysokie warto\u015bci od\u017cywcze, zawiera witaminy C, B1, B2, sole mineralne.<\/p>\n<p><b>\u2705Waga\u00a0:<\/b>\u00a010g<\/p>\n<p><b>\u2705Siew:<\/b>\u00a0IV-V<\/p>\n<p><b>\u2705Zbi\u00f3r:<\/b>\u00a0IX-X<\/p>\n<p><b>\u2705Rozstawa:<\/b>\u00a040-50&#215;20-30<\/p>\n<\/section><\/div>\n<\/section>\n<section class=\"section\">\n<div class=\"item item-6\">\n<section class=\"image-item\">\n            <img decoding=\"async\" src=\"https:\/\/upload.cdn.baselinker.com\/products\/3018170\/87733693da9712b793a83b25b54873ae.png\" \/><br \/>\n        <\/section>\n<\/p><\/div>\n<div class=\"item item-6\">\n<section class=\"text-item\">\n<p><b>SPRAWDZONA JAKO\u015a\u0106 NASION<\/b><\/p>\n<p>Oferowane przez nas nasiona s\u0105 testowane w\u00a0<b>Laboratorium Oceny Nasion pod wzgl\u0119dem:<\/b><\/p>\n<p>\u2705<b>kie\u0142kowania<\/b><\/p>\n<p>\u2705<b>wilgotno\u015bci<\/b><\/p>\n<p>\u2705<b>czysto\u015bci ziarna<\/b><\/p>\n<p><b>Dzi\u0119ki czemu udost\u0119pniane nasiona s\u0105 \u015bci\u015ble wyselekcjonowane, tylko wysokiej klasy.<\/b><\/p>\n<p>Torebki zakupione na naszej aukcji s\u0105 w pe\u0142ni bezpieczne, posiadaj\u0105\u00a0<b>dat\u0119 wa\u017cno\u015bci i nr partii na opakowaniu.<\/b>\u00a0Gwarantujemy r\u00f3wnie\u017c jako\u015b\u0107 i oryginalno\u015b\u0107 produkt\u00f3w, poniewa\u017c s\u0105 nabywane bezpo\u015brednio od producenta.<\/p>\n<\/section><\/div>\n<\/section>\n<section class=\"section\">\n<div class=\"item item-12\">\n<section class=\"image-item\">\n            <img decoding=\"async\" src=\"https:\/\/upload.cdn.baselinker.com\/products\/3018170\/42b6d0c4d1d5ddf7f51b709918654363.jpg\" \/><br \/>\n        <\/section>\n<\/p><\/div>\n<\/section>\n","protected":false},"excerpt":{"rendered":"<p>Nasiona warzyw Brukiew jadalna Wilhelmburska Nadmorska Bogata w witaminy Brukiew Wilhemburska &#8211; Nadmorska Nasiona 10g Odmiana \u015bredniowczesna, plenna, trwa\u0142a w\u00a0przechowywaniu. Mi\u0105\u017csz kremowo\u017c\u00f3\u0142ty, delikatny, smaczny zw\u0142aszcza u\u00a0m\u0142odych ro\u015blin. Zar\u00f3wno korzenie jak i\u00a0li\u015bcie nadaj\u0105\u00a0si\u0119 na\u00a0pasz\u0119 i\u00a0do\u00a0bezpo\u015bredniego spo\u017cycia m.in. na\u00a0sur\u00f3wki z\u00a0uwagi na\u00a0wysokie warto\u015bci od\u017cywcze, zawiera witaminy C, B1, B2, sole mineralne. \u2705Waga\u00a0:\u00a010g \u2705Siew:\u00a0IV-V \u2705Zbi\u00f3r:\u00a0IX-X \u2705Rozstawa:\u00a040-50&#215;20-30 SPRAWDZONA JAKO\u015a\u0106 NASION&#8230;<\/p>\n","protected":false},"featured_media":19414,"comment_status":"open","ping_status":"closed","template":"","meta":{"inline_featured_image":false},"product_cat":[126,162],"product_tag":[],"location":[],"class_list":{"0":"post-19424","1":"product","2":"type-product","3":"status-publish","4":"has-post-thumbnail","6":"product_cat-nasiona-warzyw","7":"product_cat-nasiona","8":"nt-post-class","9":"","12":"excerpt-none","15":"first","16":"instock","17":"shipping-taxable","18":"purchasable","19":"product-type-simple"},"_links":{"self":[{"href":"https:\/\/boskienasiona.pl\/en\/wp-json\/wp\/v2\/product\/19424","targetHints":{"allow":["GET"]}}],"collection":[{"href":"https:\/\/boskienasiona.pl\/en\/wp-json\/wp\/v2\/product"}],"about":[{"href":"https:\/\/boskienasiona.pl\/en\/wp-json\/wp\/v2\/types\/product"}],"replies":[{"embeddable":true,"href":"https:\/\/boskienasiona.pl\/en\/wp-json\/wp\/v2\/comments?post=19424"}],"version-history":[{"count":0,"href":"https:\/\/boskienasiona.pl\/en\/wp-json\/wp\/v2\/product\/19424\/revisions"}],"wp:featuredmedia":[{"embeddable":true,"href":"https:\/\/boskienasiona.pl\/en\/wp-json\/wp\/v2\/media\/19414"}],"wp:attachment":[{"href":"https:\/\/boskienasiona.pl\/en\/wp-json\/wp\/v2\/media?parent=19424"}],"wp:term":[{"taxonomy":"product_cat","embeddable":true,"href":"https:\/\/boskienasiona.pl\/en\/wp-json\/wp\/v2\/product_cat?post=19424"},{"taxonomy":"product_tag","embeddable":true,"href":"https:\/\/boskienasiona.pl\/en\/wp-json\/wp\/v2\/product_tag?post=19424"},{"taxonomy":"location","embeddable":true,"href":"https:\/\/boskienasiona.pl\/en\/wp-json\/wp\/v2\/location?post=19424"}],"curies":[{"name":"wp","href":"https:\/\/api.w.org\/{rel}","templated":true}]}}