{"id":19439,"date":"2025-02-01T17:02:46","date_gmt":"2025-02-01T16:02:46","guid":{"rendered":"https:\/\/boskienasiona.pl\/product\/nasiona-warzyw-fasolka-szparagowa-zielona-saxa-bezwloknista-na-mrozonki\/"},"modified":"2026-04-19T14:17:20","modified_gmt":"2026-04-19T12:17:20","slug":"nasiona-warzyw-fasolka-szparagowa-zielona-saxa-bezwloknista-na-mrozonki","status":"publish","type":"product","link":"https:\/\/boskienasiona.pl\/en\/produkt\/nasiona-warzyw-fasolka-szparagowa-zielona-saxa-bezwloknista-na-mrozonki\/","title":{"rendered":"Nasiona warzyw Fasolka szparagowa ZIELONA SAXA bezw\u0142\u00f3knista na mro\u017conki"},"content":{"rendered":"<section class=\"section\">\n<div class=\"item item-12\">\n<section class=\"text-item\">\n<h1>Nasiona warzyw Fasolka szparagowa ZIELONA SAXA bezw\u0142\u00f3knista na mro\u017conki<\/h1>\n<\/section><\/div>\n<\/section>\n<section class=\"section\">\n<div class=\"item item-6\">\n<section class=\"image-item\">\n            <img decoding=\"async\" src=\"https:\/\/upload.cdn.baselinker.com\/products\/3018170\/8157e43f5ec223e545ea4f5ff8535ed8.png\" \/><br \/>\n        <\/section>\n<\/p><\/div>\n<div class=\"item item-6\">\n<section class=\"text-item\">\n<p><b>Fasola szparagowa kar\u0142owa\u00a0Saxa\u00a0(wczesna)<\/b><\/p>\n<p>Phaseolus vulgaris L.<\/p>\n<p>Odmiana kar\u0142owa wczesna bardzo plenna. Tworzy bezw\u0142\u00f3kniste ciemnozielone okr\u0105g\u0142e str\u0105ki, najcz\u0119\u015bciej lekko wygi\u0119te o\u00a0d\u0142ugo\u015bci 13-16 cm. Ze wzgl\u0119du na\u00a0wczesno\u015b\u0107 i\u00a0dobry smak nadaj\u0119\u00a0si\u0119 do\u00a0bezpo\u015bredniego spo\u017cycia oraz\u00a0mro\u017conki i\u00a0konserwy. Wysiew wprost do\u00a0gruntu w\u00a0od\u00a0drugiej po\u0142owie maja do\u00a0pocz\u0105tku lipca.<\/p>\n<p><b>\u2705Opakowanie:<\/b> 50g<\/p>\n<p><b>\u2705Siew:<\/b> \u00bd V- pocz\u0105tek VII<\/p>\n<p><b>\u2705Zbi\u00f3r:<\/b> VII- pocz\u0105tek IX<\/p>\n<p><b>\u2705Rozstawa:<\/b> 40-60 x 10 cm<\/p>\n<\/section><\/div>\n<\/section>\n<section class=\"section\">\n<div class=\"item item-6\">\n<section class=\"image-item\">\n            <img decoding=\"async\" src=\"https:\/\/upload.cdn.baselinker.com\/products\/3018170\/ca1655b05503907ba15156cccb7efff6.png\" \/><br \/>\n        <\/section>\n<\/p><\/div>\n<div class=\"item item-6\">\n<section class=\"text-item\">\n<p><b>SPRAWDZONA JAKO\u015a\u0106 NASION<\/b><\/p>\n<p>Oferowane przez nas nasiona s\u0105 testowane w\u00a0<b>Laboratorium Oceny Nasion pod wzgl\u0119dem:<\/b><\/p>\n<p>\u2705<b>kie\u0142kowania<\/b><\/p>\n<p>\u2705<b>wilgotno\u015bci<\/b><\/p>\n<p>\u2705<b>czysto\u015bci ziarna<\/b><\/p>\n<p><b>Dzi\u0119ki czemu udost\u0119pniane nasiona s\u0105 \u015bci\u015ble wyselekcjonowane, tylko wysokiej klasy.<\/b><\/p>\n<p>Torebki zakupione na naszej aukcji s\u0105 w pe\u0142ni bezpieczne, posiadaj\u0105\u00a0<b>dat\u0119 wa\u017cno\u015bci i nr partii na opakowaniu.<\/b>\u00a0Gwarantujemy r\u00f3wnie\u017c jako\u015b\u0107 i oryginalno\u015b\u0107 produkt\u00f3w, poniewa\u017c s\u0105 nabywane bezpo\u015brednio od producenta.<\/p>\n<\/section><\/div>\n<\/section>\n<section class=\"section\">\n<div class=\"item item-6\">\n<section class=\"image-item\">\n            <img decoding=\"async\" src=\"https:\/\/upload.cdn.baselinker.com\/products\/3018170\/12c30da17b2ef50ce29bcd8a87d74506.jpg\" \/><br \/>\n        <\/section>\n<\/p><\/div>\n<div class=\"item item-6\">\n<section class=\"image-item\">\n            <img decoding=\"async\" src=\"https:\/\/upload.cdn.baselinker.com\/products\/3018170\/29cc918e1820bbe2d062ec0211de46ee.jpg\" \/><br \/>\n        <\/section>\n<\/p><\/div>\n<\/section>\n<section class=\"section\">\n<div class=\"item item-12\">\n<section class=\"image-item\">\n            <img decoding=\"async\" src=\"https:\/\/upload.cdn.baselinker.com\/products\/3018170\/129c85ae097c6b009c5d956b5b906ceb.jpg\" \/><br \/>\n        <\/section>\n<\/p><\/div>\n<\/section>\n","protected":false},"excerpt":{"rendered":"<p>Nasiona warzyw Fasolka szparagowa ZIELONA SAXA bezw\u0142\u00f3knista na mro\u017conki Fasola szparagowa kar\u0142owa\u00a0Saxa\u00a0(wczesna) Phaseolus vulgaris L. Odmiana kar\u0142owa wczesna bardzo plenna. Tworzy bezw\u0142\u00f3kniste ciemnozielone okr\u0105g\u0142e str\u0105ki, najcz\u0119\u015bciej lekko wygi\u0119te o\u00a0d\u0142ugo\u015bci 13-16 cm. Ze wzgl\u0119du na\u00a0wczesno\u015b\u0107 i\u00a0dobry smak nadaj\u0119\u00a0si\u0119 do\u00a0bezpo\u015bredniego spo\u017cycia oraz\u00a0mro\u017conki i\u00a0konserwy. Wysiew wprost do\u00a0gruntu w\u00a0od\u00a0drugiej po\u0142owie maja do\u00a0pocz\u0105tku lipca. \u2705Opakowanie: 50g \u2705Siew: \u00bd V- pocz\u0105tek&#8230;<\/p>\n","protected":false},"featured_media":19425,"comment_status":"open","ping_status":"closed","template":"","meta":{"inline_featured_image":false},"product_cat":[126,162,189],"product_tag":[],"location":[],"class_list":{"0":"post-19439","1":"product","2":"type-product","3":"status-publish","4":"has-post-thumbnail","6":"product_cat-nasiona-warzyw","7":"product_cat-nasiona","8":"product_cat-nasiona-fasolki-szparagowej","9":"nt-post-class","10":"","13":"excerpt-none","16":"first","17":"instock","18":"shipping-taxable","19":"purchasable","20":"product-type-simple"},"_links":{"self":[{"href":"https:\/\/boskienasiona.pl\/en\/wp-json\/wp\/v2\/product\/19439","targetHints":{"allow":["GET"]}}],"collection":[{"href":"https:\/\/boskienasiona.pl\/en\/wp-json\/wp\/v2\/product"}],"about":[{"href":"https:\/\/boskienasiona.pl\/en\/wp-json\/wp\/v2\/types\/product"}],"replies":[{"embeddable":true,"href":"https:\/\/boskienasiona.pl\/en\/wp-json\/wp\/v2\/comments?post=19439"}],"version-history":[{"count":1,"href":"https:\/\/boskienasiona.pl\/en\/wp-json\/wp\/v2\/product\/19439\/revisions"}],"predecessor-version":[{"id":22649,"href":"https:\/\/boskienasiona.pl\/en\/wp-json\/wp\/v2\/product\/19439\/revisions\/22649"}],"wp:featuredmedia":[{"embeddable":true,"href":"https:\/\/boskienasiona.pl\/en\/wp-json\/wp\/v2\/media\/19425"}],"wp:attachment":[{"href":"https:\/\/boskienasiona.pl\/en\/wp-json\/wp\/v2\/media?parent=19439"}],"wp:term":[{"taxonomy":"product_cat","embeddable":true,"href":"https:\/\/boskienasiona.pl\/en\/wp-json\/wp\/v2\/product_cat?post=19439"},{"taxonomy":"product_tag","embeddable":true,"href":"https:\/\/boskienasiona.pl\/en\/wp-json\/wp\/v2\/product_tag?post=19439"},{"taxonomy":"location","embeddable":true,"href":"https:\/\/boskienasiona.pl\/en\/wp-json\/wp\/v2\/location?post=19439"}],"curies":[{"name":"wp","href":"https:\/\/api.w.org\/{rel}","templated":true}]}}