{"id":19460,"date":"2025-02-01T17:03:21","date_gmt":"2025-02-01T16:03:21","guid":{"rendered":"https:\/\/boskienasiona.pl\/product\/nasiona-warzyw-jarmuz-kapral-bogaty-w-witaminy-a-i-b\/"},"modified":"2026-04-19T22:18:53","modified_gmt":"2026-04-19T20:18:53","slug":"nasiona-warzyw-jarmuz-kapral-bogaty-w-witaminy-a-i-b","status":"publish","type":"product","link":"https:\/\/boskienasiona.pl\/en\/produkt\/nasiona-warzyw-jarmuz-kapral-bogaty-w-witaminy-a-i-b\/","title":{"rendered":"Nasiona warzyw Jarmu\u017c Kapral bogaty w witaminy A i B"},"content":{"rendered":"<section class=\"section\">\n<div class=\"item item-12\">\n<section class=\"text-item\">\n<h1>Nasiona warzyw Jarmu\u017c Kapral bogaty w witaminy A i B<\/h1>\n<\/section><\/div>\n<\/section>\n<section class=\"section\">\n<div class=\"item item-6\">\n<section class=\"image-item\">\n            <img decoding=\"async\" src=\"https:\/\/upload.cdn.baselinker.com\/products\/3018170\/3303be35a9651faa7969b37948e17894.jpg\" \/><br \/>\n        <\/section>\n<\/p><\/div>\n<div class=\"item item-6\">\n<section class=\"text-item\">\n<p><b>Jarmu\u017c Kapral<\/b><\/p>\n<p>Odmiana \u015bredniowczesna do\u00a040-60cm wys., odporna na\u00a0wywracanie i\u00a0niskie temp. (do -15oC). Rozeta li\u015bci du\u017ca, k\u0119dzierzawa. Li\u015bcie do\u00a0bezpo\u015bredniego spo\u017cycia jak szpinak i\u00a0do\u00a0dekoracji potraw, zasobne w\u00a0witaminy A\u00a0i\u00a0C oraz\u00a0mikroelementy, bardzo od\u017cywcze. Zebrane po\u00a0przemro\u017ceniu s\u0105 delikatniejsze i\u00a0pozbawione goryczy.<\/p>\n<p><b>\u2705Waga:<\/b> 3g<\/p>\n<p><b>\u2705Siew:<\/b> III &#8211;\u00a0V<\/p>\n<p><b>\u2705Zbi\u00f3r:<\/b> IX-III<\/p>\n<p><b>\u2705Rozstawa:<\/b> 60-80cm<\/p>\n<\/section><\/div>\n<\/section>\n<section class=\"section\">\n<div class=\"item item-6\">\n<section class=\"image-item\">\n            <img decoding=\"async\" src=\"https:\/\/upload.cdn.baselinker.com\/products\/3018170\/eb6fa78b42bd8fe8006900da5ac79650.png\" \/><br \/>\n        <\/section>\n<\/p><\/div>\n<div class=\"item item-6\">\n<section class=\"text-item\">\n<p><b>SPRAWDZONA JAKO\u015a\u0106 NASION<\/b><\/p>\n<p>Oferowane przez nas nasiona s\u0105 testowane w\u00a0<b>Laboratorium Oceny Nasion pod wzgl\u0119dem:<\/b><\/p>\n<p>\u2705<b>kie\u0142kowania<\/b><\/p>\n<p>\u2705<b>wilgotno\u015bci<\/b><\/p>\n<p>\u2705<b>czysto\u015bci ziarna<\/b><\/p>\n<p><b>Dzi\u0119ki czemu udost\u0119pniane nasiona s\u0105 \u015bci\u015ble wyselekcjonowane, tylko wysokiej klasy.<\/b><\/p>\n<p>Torebki zakupione na naszej aukcji s\u0105 w pe\u0142ni bezpieczne, posiadaj\u0105\u00a0<b>dat\u0119 wa\u017cno\u015bci i nr partii na opakowaniu.<\/b>\u00a0Gwarantujemy r\u00f3wnie\u017c jako\u015b\u0107 i oryginalno\u015b\u0107 produkt\u00f3w, poniewa\u017c s\u0105 nabywane bezpo\u015brednio od producenta.<\/p>\n<\/section><\/div>\n<\/section>\n<section class=\"section\">\n<div class=\"item item-6\">\n<section class=\"image-item\">\n            <img decoding=\"async\" src=\"https:\/\/upload.cdn.baselinker.com\/products\/3018170\/42df097e3b15a74e18d4e1dc011069ce.jpg\" \/><br \/>\n        <\/section>\n<\/p><\/div>\n<div class=\"item item-6\">\n<section class=\"image-item\">\n            <img decoding=\"async\" src=\"https:\/\/upload.cdn.baselinker.com\/products\/3018170\/ba7026d434534fc4fb1978a40a8dc422.jpg\" \/><br \/>\n        <\/section>\n<\/p><\/div>\n<\/section>\n<section class=\"section\">\n<div class=\"item item-6\">\n<section class=\"image-item\">\n            <img decoding=\"async\" src=\"https:\/\/upload.cdn.baselinker.com\/products\/3018170\/026e17d90b6d918d1b2f630e2f9f9916.jpg\" \/><br \/>\n        <\/section>\n<\/p><\/div>\n<div class=\"item item-6\">\n<section class=\"image-item\">\n            <img decoding=\"async\" src=\"https:\/\/upload.cdn.baselinker.com\/products\/3018170\/5cc29cd995bc9189ae2064b2304cc45e.jpg\" \/><br \/>\n        <\/section>\n<\/p><\/div>\n<\/section>\n","protected":false},"excerpt":{"rendered":"<p>Nasiona warzyw Jarmu\u017c Kapral bogaty w witaminy A i B Jarmu\u017c Kapral Odmiana \u015bredniowczesna do\u00a040-60cm wys., odporna na\u00a0wywracanie i\u00a0niskie temp. (do -15oC). Rozeta li\u015bci du\u017ca, k\u0119dzierzawa. Li\u015bcie do\u00a0bezpo\u015bredniego spo\u017cycia jak szpinak i\u00a0do\u00a0dekoracji potraw, zasobne w\u00a0witaminy A\u00a0i\u00a0C oraz\u00a0mikroelementy, bardzo od\u017cywcze. Zebrane po\u00a0przemro\u017ceniu s\u0105 delikatniejsze i\u00a0pozbawione goryczy. \u2705Waga: 3g \u2705Siew: III &#8211;\u00a0V \u2705Zbi\u00f3r: IX-III \u2705Rozstawa: 60-80cm SPRAWDZONA&#8230;<\/p>\n","protected":false},"featured_media":19440,"comment_status":"open","ping_status":"closed","template":"","meta":{"inline_featured_image":false},"product_cat":[126,162],"product_tag":[],"location":[],"class_list":{"0":"post-19460","1":"product","2":"type-product","3":"status-publish","4":"has-post-thumbnail","6":"product_cat-nasiona-warzyw","7":"product_cat-nasiona","8":"nt-post-class","9":"","12":"excerpt-none","15":"first","16":"instock","17":"shipping-taxable","18":"purchasable","19":"product-type-simple"},"_links":{"self":[{"href":"https:\/\/boskienasiona.pl\/en\/wp-json\/wp\/v2\/product\/19460","targetHints":{"allow":["GET"]}}],"collection":[{"href":"https:\/\/boskienasiona.pl\/en\/wp-json\/wp\/v2\/product"}],"about":[{"href":"https:\/\/boskienasiona.pl\/en\/wp-json\/wp\/v2\/types\/product"}],"replies":[{"embeddable":true,"href":"https:\/\/boskienasiona.pl\/en\/wp-json\/wp\/v2\/comments?post=19460"}],"version-history":[{"count":0,"href":"https:\/\/boskienasiona.pl\/en\/wp-json\/wp\/v2\/product\/19460\/revisions"}],"wp:featuredmedia":[{"embeddable":true,"href":"https:\/\/boskienasiona.pl\/en\/wp-json\/wp\/v2\/media\/19440"}],"wp:attachment":[{"href":"https:\/\/boskienasiona.pl\/en\/wp-json\/wp\/v2\/media?parent=19460"}],"wp:term":[{"taxonomy":"product_cat","embeddable":true,"href":"https:\/\/boskienasiona.pl\/en\/wp-json\/wp\/v2\/product_cat?post=19460"},{"taxonomy":"product_tag","embeddable":true,"href":"https:\/\/boskienasiona.pl\/en\/wp-json\/wp\/v2\/product_tag?post=19460"},{"taxonomy":"location","embeddable":true,"href":"https:\/\/boskienasiona.pl\/en\/wp-json\/wp\/v2\/location?post=19460"}],"curies":[{"name":"wp","href":"https:\/\/api.w.org\/{rel}","templated":true}]}}