{"id":19465,"date":"2025-02-01T17:03:31","date_gmt":"2025-02-01T16:03:31","guid":{"rendered":"https:\/\/boskienasiona.pl\/product\/nasiona-warzyw-kabaczek-zloty-cepelin-plenny\/"},"modified":"2026-04-19T22:18:54","modified_gmt":"2026-04-19T20:18:54","slug":"nasiona-warzyw-kabaczek-zloty-cepelin-plenny","status":"publish","type":"product","link":"https:\/\/boskienasiona.pl\/en\/produkt\/nasiona-warzyw-kabaczek-zloty-cepelin-plenny\/","title":{"rendered":"Nasiona warzyw KABACZEK Z\u0142oty Cepelin Plenny"},"content":{"rendered":"<section class=\"section\">\n<div class=\"item item-12\">\n<section class=\"text-item\">\n<h1>Nasiona warzyw KABACZEK Z\u0142oty Cepelin Plenny<\/h1>\n<\/section><\/div>\n<\/section>\n<section class=\"section\">\n<div class=\"item item-6\">\n<section class=\"image-item\">\n            <img decoding=\"async\" src=\"https:\/\/upload.cdn.baselinker.com\/products\/3018170\/1e741018201f93c2bef14341bc6e8d06.jpg\" \/><br \/>\n        <\/section>\n<\/p><\/div>\n<div class=\"item item-6\">\n<section class=\"text-item\">\n<p><b>Dynia zwyczajna &#8211;\u00a0kabaczek\u00a0Z\u0142oty Cepelin<\/b><\/p>\n<p>Cucurbita pepo<\/p>\n<p>Wczesna i\u00a0bardzo plenna odmiana. Ro\u015blina o\u00a0krzaczastym pokroju, odporna na\u00a0m\u0105czniaka rzekomego. Dojrza\u0142e owoce o\u00a0cylindrycznym kszta\u0142cie lekko rozszerzaj\u0105ce\u00a0si\u0119 ku do\u0142owi osi\u0105gaj\u0105 d\u0142ugo\u015b\u0107 18 \u2013 22\u00a0cm i\u00a0mas\u0119 od\u00a02 do\u00a03 kg. Mi\u0105\u017csz kremowo-z\u0142oty bardzo soczysty jest cennym \u017ar\u00f3d\u0142em witaminy C. Wysiew nasion w\u00a0IV do\u00a0inspektu lub\u00a0w\u00a0V wprost do\u00a0gruntu, gniazdowo po\u00a02 \u2013 3 nasiona. Wymaga gleby \u017cyznej i\u00a0dobrze nawil\u017conej.<\/p>\n<p><b>Wysiew:<\/b><\/p>\n<p><b>\u2705Do inspektu:<\/b> IV<\/p>\n<p><b>\u2705Wprost do gruntu:<\/b> V<\/p>\n<p><b>\u2705Zbi\u00f3r:<\/b> VII &#8211; IX<\/p>\n<p><b>\u2705Rozstawa:<\/b> 100 x 80 cm<\/p>\n<\/section><\/div>\n<\/section>\n<section class=\"section\">\n<div class=\"item item-6\">\n<section class=\"image-item\">\n            <img decoding=\"async\" src=\"https:\/\/upload.cdn.baselinker.com\/products\/3018170\/e2f72e9e1033df8bd13eb32d33003e31.jpg\" \/><br \/>\n        <\/section>\n<\/p><\/div>\n<div class=\"item item-6\">\n<section class=\"text-item\">\n<p><b>SPRAWDZONA JAKO\u015a\u0106 NASION<\/b><\/p>\n<p>Oferowane przez nas nasiona s\u0105 testowane w\u00a0<b>Laboratorium Oceny Nasion pod wzgl\u0119dem:<\/b><\/p>\n<p>\u2705<b>kie\u0142kowania<\/b><\/p>\n<p>\u2705<b>wilgotno\u015bci<\/b><\/p>\n<p>\u2705<b>czysto\u015bci ziarna<\/b><\/p>\n<p><b>Dzi\u0119ki czemu udost\u0119pniane nasiona s\u0105 \u015bci\u015ble wyselekcjonowane, tylko wysokiej klasy.<\/b><\/p>\n<p>Torebki zakupione na naszej aukcji s\u0105 w pe\u0142ni bezpieczne, posiadaj\u0105\u00a0<b>dat\u0119 wa\u017cno\u015bci i nr partii na opakowaniu.<\/b>\u00a0Gwarantujemy r\u00f3wnie\u017c jako\u015b\u0107 i oryginalno\u015b\u0107 produkt\u00f3w, poniewa\u017c s\u0105 nabywane bezpo\u015brednio od producenta.<\/p>\n<\/section><\/div>\n<\/section>\n","protected":false},"excerpt":{"rendered":"<p>Nasiona warzyw KABACZEK Z\u0142oty Cepelin Plenny Dynia zwyczajna &#8211;\u00a0kabaczek\u00a0Z\u0142oty Cepelin Cucurbita pepo Wczesna i\u00a0bardzo plenna odmiana. Ro\u015blina o\u00a0krzaczastym pokroju, odporna na\u00a0m\u0105czniaka rzekomego. Dojrza\u0142e owoce o\u00a0cylindrycznym kszta\u0142cie lekko rozszerzaj\u0105ce\u00a0si\u0119 ku do\u0142owi osi\u0105gaj\u0105 d\u0142ugo\u015b\u0107 18 \u2013 22\u00a0cm i\u00a0mas\u0119 od\u00a02 do\u00a03 kg. Mi\u0105\u017csz kremowo-z\u0142oty bardzo soczysty jest cennym \u017ar\u00f3d\u0142em witaminy C. Wysiew nasion w\u00a0IV do\u00a0inspektu lub\u00a0w\u00a0V wprost do\u00a0gruntu,&#8230;<\/p>\n","protected":false},"featured_media":19461,"comment_status":"open","ping_status":"closed","template":"","meta":{"inline_featured_image":false},"product_cat":[126,162],"product_tag":[],"location":[],"class_list":{"0":"post-19465","1":"product","2":"type-product","3":"status-publish","4":"has-post-thumbnail","6":"product_cat-nasiona-warzyw","7":"product_cat-nasiona","8":"nt-post-class","9":"","12":"excerpt-none","15":"first","16":"instock","17":"shipping-taxable","18":"purchasable","19":"product-type-simple"},"_links":{"self":[{"href":"https:\/\/boskienasiona.pl\/en\/wp-json\/wp\/v2\/product\/19465","targetHints":{"allow":["GET"]}}],"collection":[{"href":"https:\/\/boskienasiona.pl\/en\/wp-json\/wp\/v2\/product"}],"about":[{"href":"https:\/\/boskienasiona.pl\/en\/wp-json\/wp\/v2\/types\/product"}],"replies":[{"embeddable":true,"href":"https:\/\/boskienasiona.pl\/en\/wp-json\/wp\/v2\/comments?post=19465"}],"version-history":[{"count":0,"href":"https:\/\/boskienasiona.pl\/en\/wp-json\/wp\/v2\/product\/19465\/revisions"}],"wp:featuredmedia":[{"embeddable":true,"href":"https:\/\/boskienasiona.pl\/en\/wp-json\/wp\/v2\/media\/19461"}],"wp:attachment":[{"href":"https:\/\/boskienasiona.pl\/en\/wp-json\/wp\/v2\/media?parent=19465"}],"wp:term":[{"taxonomy":"product_cat","embeddable":true,"href":"https:\/\/boskienasiona.pl\/en\/wp-json\/wp\/v2\/product_cat?post=19465"},{"taxonomy":"product_tag","embeddable":true,"href":"https:\/\/boskienasiona.pl\/en\/wp-json\/wp\/v2\/product_tag?post=19465"},{"taxonomy":"location","embeddable":true,"href":"https:\/\/boskienasiona.pl\/en\/wp-json\/wp\/v2\/location?post=19465"}],"curies":[{"name":"wp","href":"https:\/\/api.w.org\/{rel}","templated":true}]}}