{"id":19474,"date":"2025-02-01T17:03:48","date_gmt":"2025-02-01T16:03:48","guid":{"rendered":"https:\/\/boskienasiona.pl\/product\/nasiona-warzyw-kapusta-glowiasta-kamienna-glowa-do-kwaszenia\/"},"modified":"2026-04-17T14:20:04","modified_gmt":"2026-04-17T12:20:04","slug":"nasiona-warzyw-kapusta-glowiasta-kamienna-glowa-do-kwaszenia","status":"publish","type":"product","link":"https:\/\/boskienasiona.pl\/en\/produkt\/nasiona-warzyw-kapusta-glowiasta-kamienna-glowa-do-kwaszenia\/","title":{"rendered":"Nasiona warzyw Kapusta g\u0142owiasta KAMIENNA G\u0141OWA do kwaszenia"},"content":{"rendered":"<section class=\"section\">\n<div class=\"item item-12\">\n<section class=\"text-item\">\n<h1>Nasiona warzyw Kapusta g\u0142owiasta KAMIENNA G\u0141OWA do kwaszenia<\/h1>\n<\/section><\/div>\n<\/section>\n<section class=\"section\">\n<div class=\"item item-6\">\n<section class=\"image-item\">\n            <img decoding=\"async\" src=\"https:\/\/upload.cdn.baselinker.com\/products\/3018170\/b9d524bdd6c34a43ad82036c75052f58.jpg\" \/><br \/>\n        <\/section>\n<\/p><\/div>\n<div class=\"item item-6\">\n<section class=\"text-item\">\n<p><b>Kapusta\u00a0g\u0142owiasta KAMIENNA\u00a0G\u0141OWA\u00a0(p\u00f3\u017ana)<\/b><\/p>\n<p>Odmiana p\u00f3\u017ana polecana do\u00a0kwaszenia, przechowywania i\u00a0bezpo\u015bredniego spo\u017cycia. G\u0142\u00f3wki \u015bcis\u0142e, du\u017ce, kuliste. Charakteryzuje\u00a0si\u0119 wyj\u0105tkowymi walorami smakowymi.<\/p>\n<p>Okres wegetacji 130-160 dni. Siew: IV na\u00a0rozsadniku. Wysadzanie w\u00a0pole od\u00a0po\u0142. V do\u00a0po\u0142. VI. Zbi\u00f3r: IX &#8211; X. Wymaga obfitego nawo\u017cenia i\u00a0dostatecznej ilo\u015bci wody w\u00a0glebie.<\/p>\n<p><b>\u2705Opakowanie:<\/b> 2g<\/p>\n<p><b>\u2705Siew:<\/b> IV-V<\/p>\n<p><b>\u2705Zbi\u00f3r:<\/b> IX-X<\/p>\n<p><b>\u2705Rozstawa:<\/b> 50-60 x 60-70 cm<\/p>\n<\/section><\/div>\n<\/section>\n<section class=\"section\">\n<div class=\"item item-6\">\n<section class=\"image-item\">\n            <img decoding=\"async\" src=\"https:\/\/upload.cdn.baselinker.com\/products\/3018170\/34041a6f08d5eac20af1ccdf3914eb9b.jpg\" \/><br \/>\n        <\/section>\n<\/p><\/div>\n<div class=\"item item-6\">\n<section class=\"text-item\">\n<p><b>SPRAWDZONA JAKO\u015a\u0106 NASION<\/b><\/p>\n<p>Oferowane przez nas nasiona s\u0105 testowane w\u00a0<b>Laboratorium Oceny Nasion pod wzgl\u0119dem:<\/b><\/p>\n<p>\u2705<b>kie\u0142kowania<\/b><\/p>\n<p>\u2705<b>wilgotno\u015bci<\/b><\/p>\n<p>\u2705<b>czysto\u015bci ziarna<\/b><\/p>\n<p><b>Dzi\u0119ki czemu udost\u0119pniane nasiona s\u0105 \u015bci\u015ble wyselekcjonowane, tylko wysokiej klasy.<\/b><\/p>\n<p>Torebki zakupione na naszej aukcji s\u0105 w pe\u0142ni bezpieczne, posiadaj\u0105\u00a0<b>dat\u0119 wa\u017cno\u015bci i nr partii na opakowaniu.<\/b>\u00a0Gwarantujemy r\u00f3wnie\u017c jako\u015b\u0107 i oryginalno\u015b\u0107 produkt\u00f3w, poniewa\u017c s\u0105 nabywane bezpo\u015brednio od producenta.<\/p>\n<\/section><\/div>\n<\/section>\n<section class=\"section\">\n<div class=\"item item-6\">\n<section class=\"image-item\">\n            <img decoding=\"async\" src=\"https:\/\/upload.cdn.baselinker.com\/products\/3018170\/88bf9d65caefc606e9c70e8b91ed78a2.jpg\" \/><br \/>\n        <\/section>\n<\/p><\/div>\n<div class=\"item item-6\">\n<section class=\"image-item\">\n            <img decoding=\"async\" src=\"https:\/\/upload.cdn.baselinker.com\/products\/3018170\/937a0726dea388c80d2fcb3e32be60be.jpg\" \/><br \/>\n        <\/section>\n<\/p><\/div>\n<\/section>\n","protected":false},"excerpt":{"rendered":"<p>Nasiona warzyw Kapusta g\u0142owiasta KAMIENNA G\u0141OWA do kwaszenia Kapusta\u00a0g\u0142owiasta KAMIENNA\u00a0G\u0141OWA\u00a0(p\u00f3\u017ana) Odmiana p\u00f3\u017ana polecana do\u00a0kwaszenia, przechowywania i\u00a0bezpo\u015bredniego spo\u017cycia. G\u0142\u00f3wki \u015bcis\u0142e, du\u017ce, kuliste. Charakteryzuje\u00a0si\u0119 wyj\u0105tkowymi walorami smakowymi. Okres wegetacji 130-160 dni. Siew: IV na\u00a0rozsadniku. Wysadzanie w\u00a0pole od\u00a0po\u0142. V do\u00a0po\u0142. VI. Zbi\u00f3r: IX &#8211; X. Wymaga obfitego nawo\u017cenia i\u00a0dostatecznej ilo\u015bci wody w\u00a0glebie. \u2705Opakowanie: 2g \u2705Siew: IV-V \u2705Zbi\u00f3r: IX-X&#8230;<\/p>\n","protected":false},"featured_media":19466,"comment_status":"open","ping_status":"closed","template":"","meta":{"inline_featured_image":false},"product_cat":[126,162],"product_tag":[],"location":[],"class_list":{"0":"post-19474","1":"product","2":"type-product","3":"status-publish","4":"has-post-thumbnail","6":"product_cat-nasiona-warzyw","7":"product_cat-nasiona","8":"nt-post-class","9":"","12":"excerpt-none","15":"first","16":"instock","17":"shipping-taxable","18":"purchasable","19":"product-type-simple"},"_links":{"self":[{"href":"https:\/\/boskienasiona.pl\/en\/wp-json\/wp\/v2\/product\/19474","targetHints":{"allow":["GET"]}}],"collection":[{"href":"https:\/\/boskienasiona.pl\/en\/wp-json\/wp\/v2\/product"}],"about":[{"href":"https:\/\/boskienasiona.pl\/en\/wp-json\/wp\/v2\/types\/product"}],"replies":[{"embeddable":true,"href":"https:\/\/boskienasiona.pl\/en\/wp-json\/wp\/v2\/comments?post=19474"}],"version-history":[{"count":0,"href":"https:\/\/boskienasiona.pl\/en\/wp-json\/wp\/v2\/product\/19474\/revisions"}],"wp:featuredmedia":[{"embeddable":true,"href":"https:\/\/boskienasiona.pl\/en\/wp-json\/wp\/v2\/media\/19466"}],"wp:attachment":[{"href":"https:\/\/boskienasiona.pl\/en\/wp-json\/wp\/v2\/media?parent=19474"}],"wp:term":[{"taxonomy":"product_cat","embeddable":true,"href":"https:\/\/boskienasiona.pl\/en\/wp-json\/wp\/v2\/product_cat?post=19474"},{"taxonomy":"product_tag","embeddable":true,"href":"https:\/\/boskienasiona.pl\/en\/wp-json\/wp\/v2\/product_tag?post=19474"},{"taxonomy":"location","embeddable":true,"href":"https:\/\/boskienasiona.pl\/en\/wp-json\/wp\/v2\/location?post=19474"}],"curies":[{"name":"wp","href":"https:\/\/api.w.org\/{rel}","templated":true}]}}