{"id":19481,"date":"2025-02-01T17:04:14","date_gmt":"2025-02-01T16:04:14","guid":{"rendered":"https:\/\/boskienasiona.pl\/product\/nasiona-warzyw-kapusta-chinska-pak-choi-joi-choi-dodatek-do-surowek\/"},"modified":"2026-04-19T22:18:56","modified_gmt":"2026-04-19T20:18:56","slug":"nasiona-warzyw-kapusta-chinska-pak-choi-joi-choi-dodatek-do-surowek","status":"publish","type":"product","link":"https:\/\/boskienasiona.pl\/en\/produkt\/nasiona-warzyw-kapusta-chinska-pak-choi-joi-choi-dodatek-do-surowek\/","title":{"rendered":"Nasiona warzyw Kapusta Chi\u0144ska Pak-Choi Joi Choi dodatek do sur\u00f3wek"},"content":{"rendered":"<section class=\"section\">\n<div class=\"item item-12\">\n<section class=\"text-item\">\n<h1>Nasiona warzyw Kapusta Chi\u0144ska Pak-Choi Joi Choi dodatek do sur\u00f3wek<\/h1>\n<\/section><\/div>\n<\/section>\n<section class=\"section\">\n<div class=\"item item-6\">\n<section class=\"image-item\">\n            <img decoding=\"async\" src=\"https:\/\/upload.cdn.baselinker.com\/products\/3018170\/a59eb4b51e3d5d7f0d5aa2f5dc29d441.png\" \/><br \/>\n        <\/section>\n<\/p><\/div>\n<div class=\"item item-6\">\n<section class=\"text-item\">\n<p><b>Kapusta\u00a0chi\u0144ska\u00a0Pak-Choi<\/b><\/p>\n<p>Tworzy mocne i\u00a0zwarte rozety li\u015bciowej o\u00a0masie 5-1,5 kg. Wysiew w\u00a0rozstawie 30-35&#215;25-30cm na\u00a0pocz\u0105tku lipca wprost do\u00a0gruntu lub\u00a0rozsady doniczkowej. Zbi\u00f3r po\u00a040-50 dniach od\u00a0wysiewu. Mo\u017cna spo\u017cywa\u0107 jako dodatek do\u00a0dodatek do\u00a0sur\u00f3wek po\u00a0ugotowaniu, duszeniu jak szparagi. Blaszki li\u015bciowe mo\u017cna przy\u017c\u0105dza\u0107 jak szpinak lub\u00a0spo\u017cywa\u0107 na\u00a0surowo. Toleruje przymrozki do\u00a0-5\u00b0C. Wymaga obfitego nawadniania.<\/p>\n<p><b>\u2705Opakowanie:<\/b> 1g<\/p>\n<p><b>\u2705Siew:<\/b> 1\/4 VII<\/p>\n<p><b>\u2705Zbi\u00f3r:<\/b> 3\/4 VIII<\/p>\n<p><b>\u2705Rozstawa:<\/b> 25-30X30-35 cm<\/p>\n<\/section><\/div>\n<\/section>\n<section class=\"section\">\n<div class=\"item item-6\">\n<section class=\"image-item\">\n            <img decoding=\"async\" src=\"https:\/\/upload.cdn.baselinker.com\/products\/3018170\/3b9491b56880e8eb25a91cd27a964f87.jpg\" \/><br \/>\n        <\/section>\n<\/p><\/div>\n<div class=\"item item-6\">\n<section class=\"text-item\">\n<p><b>SPRAWDZONA JAKO\u015a\u0106 NASION<\/b><\/p>\n<p>Oferowane przez nas nasiona s\u0105 testowane w\u00a0<b>Laboratorium Oceny Nasion pod wzgl\u0119dem:<\/b><\/p>\n<p>\u2705<b>kie\u0142kowania<\/b><\/p>\n<p>\u2705<b>wilgotno\u015bci<\/b><\/p>\n<p>\u2705<b>czysto\u015bci ziarna<\/b><\/p>\n<p><b>Dzi\u0119ki czemu udost\u0119pniane nasiona s\u0105 \u015bci\u015ble wyselekcjonowane, tylko wysokiej klasy.<\/b><\/p>\n<p>Torebki zakupione na naszej aukcji s\u0105 w pe\u0142ni bezpieczne, posiadaj\u0105\u00a0<b>dat\u0119 wa\u017cno\u015bci i nr partii na opakowaniu.<\/b>\u00a0Gwarantujemy r\u00f3wnie\u017c jako\u015b\u0107 i oryginalno\u015b\u0107 produkt\u00f3w, poniewa\u017c s\u0105 nabywane bezpo\u015brednio od producenta.<\/p>\n<\/section><\/div>\n<\/section>\n<section class=\"section\">\n<div class=\"item item-12\">\n<section class=\"image-item\">\n            <img decoding=\"async\" src=\"https:\/\/upload.cdn.baselinker.com\/products\/3018170\/bfcfa04e6a3ff746da751a711154f8c6.jpg\" \/><br \/>\n        <\/section>\n<\/p><\/div>\n<\/section>\n","protected":false},"excerpt":{"rendered":"<p>Nasiona warzyw Kapusta Chi\u0144ska Pak-Choi Joi Choi dodatek do sur\u00f3wek Kapusta\u00a0chi\u0144ska\u00a0Pak-Choi Tworzy mocne i\u00a0zwarte rozety li\u015bciowej o\u00a0masie 5-1,5 kg. Wysiew w\u00a0rozstawie 30-35&#215;25-30cm na\u00a0pocz\u0105tku lipca wprost do\u00a0gruntu lub\u00a0rozsady doniczkowej. Zbi\u00f3r po\u00a040-50 dniach od\u00a0wysiewu. Mo\u017cna spo\u017cywa\u0107 jako dodatek do\u00a0dodatek do\u00a0sur\u00f3wek po\u00a0ugotowaniu, duszeniu jak szparagi. Blaszki li\u015bciowe mo\u017cna przy\u017c\u0105dza\u0107 jak szpinak lub\u00a0spo\u017cywa\u0107 na\u00a0surowo. Toleruje przymrozki do\u00a0-5\u00b0C. Wymaga obfitego&#8230;<\/p>\n","protected":false},"featured_media":19475,"comment_status":"open","ping_status":"closed","template":"","meta":{"inline_featured_image":false},"product_cat":[126,162],"product_tag":[],"location":[],"class_list":{"0":"post-19481","1":"product","2":"type-product","3":"status-publish","4":"has-post-thumbnail","6":"product_cat-nasiona-warzyw","7":"product_cat-nasiona","8":"nt-post-class","9":"","12":"excerpt-none","15":"first","16":"instock","17":"shipping-taxable","18":"purchasable","19":"product-type-simple"},"_links":{"self":[{"href":"https:\/\/boskienasiona.pl\/en\/wp-json\/wp\/v2\/product\/19481","targetHints":{"allow":["GET"]}}],"collection":[{"href":"https:\/\/boskienasiona.pl\/en\/wp-json\/wp\/v2\/product"}],"about":[{"href":"https:\/\/boskienasiona.pl\/en\/wp-json\/wp\/v2\/types\/product"}],"replies":[{"embeddable":true,"href":"https:\/\/boskienasiona.pl\/en\/wp-json\/wp\/v2\/comments?post=19481"}],"version-history":[{"count":0,"href":"https:\/\/boskienasiona.pl\/en\/wp-json\/wp\/v2\/product\/19481\/revisions"}],"wp:featuredmedia":[{"embeddable":true,"href":"https:\/\/boskienasiona.pl\/en\/wp-json\/wp\/v2\/media\/19475"}],"wp:attachment":[{"href":"https:\/\/boskienasiona.pl\/en\/wp-json\/wp\/v2\/media?parent=19481"}],"wp:term":[{"taxonomy":"product_cat","embeddable":true,"href":"https:\/\/boskienasiona.pl\/en\/wp-json\/wp\/v2\/product_cat?post=19481"},{"taxonomy":"product_tag","embeddable":true,"href":"https:\/\/boskienasiona.pl\/en\/wp-json\/wp\/v2\/product_tag?post=19481"},{"taxonomy":"location","embeddable":true,"href":"https:\/\/boskienasiona.pl\/en\/wp-json\/wp\/v2\/location?post=19481"}],"curies":[{"name":"wp","href":"https:\/\/api.w.org\/{rel}","templated":true}]}}