{"id":19498,"date":"2025-02-01T17:04:57","date_gmt":"2025-02-01T16:04:57","guid":{"rendered":"https:\/\/boskienasiona.pl\/product\/nasiona-warzyw-kapusta-pekinska-wczesna-na-surowki-i-salatki\/"},"modified":"2026-03-25T22:19:33","modified_gmt":"2026-03-25T21:19:33","slug":"nasiona-warzyw-kapusta-pekinska-wczesna-na-surowki-i-salatki","status":"publish","type":"product","link":"https:\/\/boskienasiona.pl\/en\/produkt\/nasiona-warzyw-kapusta-pekinska-wczesna-na-surowki-i-salatki\/","title":{"rendered":"Nasiona warzyw Kapusta Peki\u0144ska Wczesna na sur\u00f3wki i sa\u0142atki"},"content":{"rendered":"<section class=\"section\">\n<div class=\"item item-12\">\n<section class=\"text-item\">\n<h1>Nasiona warzyw Kapusta Peki\u0144ska Wczesna na sur\u00f3wki i sa\u0142atki<\/h1>\n<\/section><\/div>\n<\/section>\n<section class=\"section\">\n<div class=\"item item-6\">\n<section class=\"image-item\">\n            <img decoding=\"async\" src=\"https:\/\/upload.cdn.baselinker.com\/products\/3018170\/8f8616670a2f2e8142a0c9482ebc18cf.png\" \/><br \/>\n        <\/section>\n<\/p><\/div>\n<div class=\"item item-6\">\n<section class=\"text-item\">\n<p><b>Kapusta\u00a0peki\u0144ska\u00a0Bristol (wczesna)<\/b><\/p>\n<p>Wczesna odmiana, (okres wegetacji 58-65 dni), do\u00a0uprawy jesiennej, tworzy szerokie, eliptyczne, zamkni\u0119te \u017c\u00f3\u0142to-zielone g\u0142\u00f3wki (1,5-1,8 kg). Wysoce odporna na\u00a0wybijanie w\u00a0p\u0119dy kwiatostanowe. Mo\u017ce by\u0107 uprawiana zar\u00f3wno z\u00a0rozsady jak i\u00a0siewu wprost do\u00a0gruntu w\u00a0r\u00f3\u017cnych terminach Siew od\u00a0IV do\u00a0po\u0142owy VII na\u00a0rozsadniku lub\u00a0wprost do\u00a0gruntu. Wysadzanie w\u00a0pole od\u00a0V do\u00a0VII w\u00a0rozstawie: 30&#215;20 cm. Zbi\u00f3r od\u00a0po\u0142. VI &#8211; IX.<\/p>\n<p><b>\u2705Siew:<\/b> VII<\/p>\n<p><b>\u2705Zbi\u00f3r:<\/b> VI-IX<\/p>\n<p><b>\u2705Rozstawa:<\/b> 30&#215;20 cm<\/p>\n<\/section><\/div>\n<\/section>\n<section class=\"section\">\n<div class=\"item item-6\">\n<section class=\"image-item\">\n            <img decoding=\"async\" src=\"https:\/\/upload.cdn.baselinker.com\/products\/3018170\/b198f5e19f7f1e1adf679a58240590d8.png\" \/><br \/>\n        <\/section>\n<\/p><\/div>\n<div class=\"item item-6\">\n<section class=\"text-item\">\n<p><b>SPRAWDZONA JAKO\u015a\u0106 NASION<\/b><\/p>\n<p>Oferowane przez nas nasiona s\u0105 testowane w\u00a0<b>Laboratorium Oceny Nasion pod wzgl\u0119dem:<\/b><\/p>\n<p>\u2705<b>kie\u0142kowania<\/b><\/p>\n<p>\u2705<b>wilgotno\u015bci<\/b><\/p>\n<p>\u2705<b>czysto\u015bci ziarna<\/b><\/p>\n<p><b>Dzi\u0119ki czemu udost\u0119pniane nasiona s\u0105 \u015bci\u015ble wyselekcjonowane, tylko wysokiej klasy.<\/b><\/p>\n<p>Torebki zakupione na naszej aukcji s\u0105 w pe\u0142ni bezpieczne, posiadaj\u0105\u00a0<b>dat\u0119 wa\u017cno\u015bci i nr partii na opakowaniu.<\/b>\u00a0Gwarantujemy r\u00f3wnie\u017c jako\u015b\u0107 i oryginalno\u015b\u0107 produkt\u00f3w, poniewa\u017c s\u0105 nabywane bezpo\u015brednio od producenta.<\/p>\n<\/section><\/div>\n<\/section>\n<section class=\"section\">\n<div class=\"item item-6\">\n<section class=\"image-item\">\n            <img decoding=\"async\" src=\"https:\/\/upload.cdn.baselinker.com\/products\/3018170\/b97cc19a5e7723735215f390cd4792af.png\" \/><br \/>\n        <\/section>\n<\/p><\/div>\n<div class=\"item item-6\">\n<section class=\"image-item\">\n            <img decoding=\"async\" src=\"https:\/\/upload.cdn.baselinker.com\/products\/3018170\/58a8f81729bc0f8f8bc478f161d440cb.jpg\" \/><br \/>\n        <\/section>\n<\/p><\/div>\n<\/section>\n","protected":false},"excerpt":{"rendered":"<p>Nasiona warzyw Kapusta Peki\u0144ska Wczesna na sur\u00f3wki i sa\u0142atki Kapusta\u00a0peki\u0144ska\u00a0Bristol (wczesna) Wczesna odmiana, (okres wegetacji 58-65 dni), do\u00a0uprawy jesiennej, tworzy szerokie, eliptyczne, zamkni\u0119te \u017c\u00f3\u0142to-zielone g\u0142\u00f3wki (1,5-1,8 kg). Wysoce odporna na\u00a0wybijanie w\u00a0p\u0119dy kwiatostanowe. Mo\u017ce by\u0107 uprawiana zar\u00f3wno z\u00a0rozsady jak i\u00a0siewu wprost do\u00a0gruntu w\u00a0r\u00f3\u017cnych terminach Siew od\u00a0IV do\u00a0po\u0142owy VII na\u00a0rozsadniku lub\u00a0wprost do\u00a0gruntu. Wysadzanie w\u00a0pole od\u00a0V do\u00a0VII w\u00a0rozstawie:&#8230;<\/p>\n","protected":false},"featured_media":19482,"comment_status":"open","ping_status":"closed","template":"","meta":{"inline_featured_image":false},"product_cat":[126,162],"product_tag":[],"location":[],"class_list":{"0":"post-19498","1":"product","2":"type-product","3":"status-publish","4":"has-post-thumbnail","6":"product_cat-nasiona-warzyw","7":"product_cat-nasiona","8":"nt-post-class","9":"","12":"excerpt-none","15":"first","16":"instock","17":"shipping-taxable","18":"purchasable","19":"product-type-simple"},"_links":{"self":[{"href":"https:\/\/boskienasiona.pl\/en\/wp-json\/wp\/v2\/product\/19498","targetHints":{"allow":["GET"]}}],"collection":[{"href":"https:\/\/boskienasiona.pl\/en\/wp-json\/wp\/v2\/product"}],"about":[{"href":"https:\/\/boskienasiona.pl\/en\/wp-json\/wp\/v2\/types\/product"}],"replies":[{"embeddable":true,"href":"https:\/\/boskienasiona.pl\/en\/wp-json\/wp\/v2\/comments?post=19498"}],"version-history":[{"count":0,"href":"https:\/\/boskienasiona.pl\/en\/wp-json\/wp\/v2\/product\/19498\/revisions"}],"wp:featuredmedia":[{"embeddable":true,"href":"https:\/\/boskienasiona.pl\/en\/wp-json\/wp\/v2\/media\/19482"}],"wp:attachment":[{"href":"https:\/\/boskienasiona.pl\/en\/wp-json\/wp\/v2\/media?parent=19498"}],"wp:term":[{"taxonomy":"product_cat","embeddable":true,"href":"https:\/\/boskienasiona.pl\/en\/wp-json\/wp\/v2\/product_cat?post=19498"},{"taxonomy":"product_tag","embeddable":true,"href":"https:\/\/boskienasiona.pl\/en\/wp-json\/wp\/v2\/product_tag?post=19498"},{"taxonomy":"location","embeddable":true,"href":"https:\/\/boskienasiona.pl\/en\/wp-json\/wp\/v2\/location?post=19498"}],"curies":[{"name":"wp","href":"https:\/\/api.w.org\/{rel}","templated":true}]}}