{"id":19509,"date":"2025-02-01T17:05:22","date_gmt":"2025-02-01T16:05:22","guid":{"rendered":"https:\/\/boskienasiona.pl\/product\/nasiona-warzyw-kapusta-wloska-vertus-doskonaly-smak\/"},"modified":"2026-04-17T14:20:06","modified_gmt":"2026-04-17T12:20:06","slug":"nasiona-warzyw-kapusta-wloska-vertus-doskonaly-smak","status":"publish","type":"product","link":"https:\/\/boskienasiona.pl\/en\/produkt\/nasiona-warzyw-kapusta-wloska-vertus-doskonaly-smak\/","title":{"rendered":"Nasiona warzyw Kapusta W\u0142oska Vertus doskona\u0142y smak"},"content":{"rendered":"<section class=\"section\">\n<div class=\"item item-12\">\n<section class=\"text-item\">\n<h1>Nasiona warzyw Kapusta W\u0142oska Vertus doskona\u0142y smak<\/h1>\n<\/section><\/div>\n<\/section>\n<section class=\"section\">\n<div class=\"item item-6\">\n<section class=\"image-item\">\n            <img decoding=\"async\" src=\"https:\/\/upload.cdn.baselinker.com\/products\/3018170\/c3d5f469657c54988eaf2dd9f91522f7.jpg\" \/><br \/>\n        <\/section>\n<\/p><\/div>\n<div class=\"item item-6\">\n<section class=\"text-item\">\n<p><b>Kapusta w\u0142oska\u00a0Vertus\u00a02<\/b><\/p>\n<p>Odmiana \u015brednio-wczesna okres wegetacji 140-150 dni. Tworzy kuliste, zwi\u0119z\u0142e g\u0142\u00f3wki o\u00a0masie 2-2,5 kg, o\u00a0karbowanych li\u015bciach. Nadaje\u00a0si\u0119 na\u00a0u\u017cytek jesienny i\u00a0do\u00a0kr\u00f3tkotrwa\u0142ego przechowywania. Doskona\u0142a w\u00a0smaku. Wysiew nasion w\u00a0III-V do\u00a0inspektu. Wysadzanie rozsady na\u00a0miejsce sta\u0142e od\u00a0III do\u00a0IV.<\/p>\n<p><b>\u2705Opakowanie:<\/b> 2 g<\/p>\n<p><b>\u2705Siew:<\/b> III-V<\/p>\n<p><b>\u2705Zbi\u00f3r:<\/b> VII-IX<\/p>\n<p><b>\u2705Rozstawa:<\/b> 40-50cm<\/p>\n<\/section><\/div>\n<\/section>\n<section class=\"section\">\n<div class=\"item item-6\">\n<section class=\"image-item\">\n            <img decoding=\"async\" src=\"https:\/\/upload.cdn.baselinker.com\/products\/3018170\/ed59f4b74be392c5c5838afa89545e29.jpg\" \/><br \/>\n        <\/section>\n<\/p><\/div>\n<div class=\"item item-6\">\n<section class=\"text-item\">\n<p><b>SPRAWDZONA JAKO\u015a\u0106 NASION<\/b><\/p>\n<p>Oferowane przez nas nasiona s\u0105 testowane w\u00a0<b>Laboratorium Oceny Nasion pod wzgl\u0119dem:<\/b><\/p>\n<p>\u2705<b>kie\u0142kowania<\/b><\/p>\n<p>\u2705<b>wilgotno\u015bci<\/b><\/p>\n<p>\u2705<b>czysto\u015bci ziarna<\/b><\/p>\n<p><b>Dzi\u0119ki czemu udost\u0119pniane nasiona s\u0105 \u015bci\u015ble wyselekcjonowane, tylko wysokiej klasy.<\/b><\/p>\n<p>Torebki zakupione na naszej aukcji s\u0105 w pe\u0142ni bezpieczne, posiadaj\u0105\u00a0<b>dat\u0119 wa\u017cno\u015bci i nr partii na opakowaniu.<\/b>\u00a0Gwarantujemy r\u00f3wnie\u017c jako\u015b\u0107 i oryginalno\u015b\u0107 produkt\u00f3w, poniewa\u017c s\u0105 nabywane bezpo\u015brednio od producenta.<\/p>\n<\/section><\/div>\n<\/section>\n<section class=\"section\">\n<div class=\"item item-6\">\n<section class=\"image-item\">\n            <img decoding=\"async\" src=\"https:\/\/upload.cdn.baselinker.com\/products\/3018170\/1aebaaa65b55da35400b95205409399f.jpg\" \/><br \/>\n        <\/section>\n<\/p><\/div>\n<div class=\"item item-6\">\n<section class=\"image-item\">\n            <img decoding=\"async\" src=\"https:\/\/upload.cdn.baselinker.com\/products\/3018170\/53682e793323fa034090f26f06d06e34.jpg\" \/><br \/>\n        <\/section>\n<\/p><\/div>\n<\/section>\n","protected":false},"excerpt":{"rendered":"<p>Nasiona warzyw Kapusta W\u0142oska Vertus doskona\u0142y smak Kapusta w\u0142oska\u00a0Vertus\u00a02 Odmiana \u015brednio-wczesna okres wegetacji 140-150 dni. Tworzy kuliste, zwi\u0119z\u0142e g\u0142\u00f3wki o\u00a0masie 2-2,5 kg, o\u00a0karbowanych li\u015bciach. Nadaje\u00a0si\u0119 na\u00a0u\u017cytek jesienny i\u00a0do\u00a0kr\u00f3tkotrwa\u0142ego przechowywania. Doskona\u0142a w\u00a0smaku. Wysiew nasion w\u00a0III-V do\u00a0inspektu. Wysadzanie rozsady na\u00a0miejsce sta\u0142e od\u00a0III do\u00a0IV. \u2705Opakowanie: 2 g \u2705Siew: III-V \u2705Zbi\u00f3r: VII-IX \u2705Rozstawa: 40-50cm SPRAWDZONA JAKO\u015a\u0106 NASION Oferowane przez&#8230;<\/p>\n","protected":false},"featured_media":19499,"comment_status":"open","ping_status":"closed","template":"","meta":{"inline_featured_image":false},"product_cat":[126,162],"product_tag":[],"location":[],"class_list":{"0":"post-19509","1":"product","2":"type-product","3":"status-publish","4":"has-post-thumbnail","6":"product_cat-nasiona-warzyw","7":"product_cat-nasiona","8":"nt-post-class","9":"","12":"excerpt-none","15":"first","16":"instock","17":"shipping-taxable","18":"purchasable","19":"product-type-simple"},"_links":{"self":[{"href":"https:\/\/boskienasiona.pl\/en\/wp-json\/wp\/v2\/product\/19509","targetHints":{"allow":["GET"]}}],"collection":[{"href":"https:\/\/boskienasiona.pl\/en\/wp-json\/wp\/v2\/product"}],"about":[{"href":"https:\/\/boskienasiona.pl\/en\/wp-json\/wp\/v2\/types\/product"}],"replies":[{"embeddable":true,"href":"https:\/\/boskienasiona.pl\/en\/wp-json\/wp\/v2\/comments?post=19509"}],"version-history":[{"count":0,"href":"https:\/\/boskienasiona.pl\/en\/wp-json\/wp\/v2\/product\/19509\/revisions"}],"wp:featuredmedia":[{"embeddable":true,"href":"https:\/\/boskienasiona.pl\/en\/wp-json\/wp\/v2\/media\/19499"}],"wp:attachment":[{"href":"https:\/\/boskienasiona.pl\/en\/wp-json\/wp\/v2\/media?parent=19509"}],"wp:term":[{"taxonomy":"product_cat","embeddable":true,"href":"https:\/\/boskienasiona.pl\/en\/wp-json\/wp\/v2\/product_cat?post=19509"},{"taxonomy":"product_tag","embeddable":true,"href":"https:\/\/boskienasiona.pl\/en\/wp-json\/wp\/v2\/product_tag?post=19509"},{"taxonomy":"location","embeddable":true,"href":"https:\/\/boskienasiona.pl\/en\/wp-json\/wp\/v2\/location?post=19509"}],"curies":[{"name":"wp","href":"https:\/\/api.w.org\/{rel}","templated":true}]}}