{"id":19526,"date":"2025-02-01T17:05:58","date_gmt":"2025-02-01T16:05:58","guid":{"rendered":"https:\/\/boskienasiona.pl\/product\/nasiona-warzyw-koper-ogrodowy-moravan-bardzo-plenny\/"},"modified":"2026-04-16T22:20:10","modified_gmt":"2026-04-16T20:20:10","slug":"nasiona-warzyw-koper-ogrodowy-moravan-bardzo-plenny","status":"publish","type":"product","link":"https:\/\/boskienasiona.pl\/en\/produkt\/nasiona-warzyw-koper-ogrodowy-moravan-bardzo-plenny\/","title":{"rendered":"Nasiona warzyw Koper ogrodowy MORAVAN bardzo plenny"},"content":{"rendered":"<section class=\"section\">\n<div class=\"item item-12\">\n<section class=\"text-item\">\n<h1>Nasiona warzyw Koper ogrodowy MORAVAN bardzo plenny<\/h1>\n<\/section><\/div>\n<\/section>\n<section class=\"section\">\n<div class=\"item item-6\">\n<section class=\"image-item\">\n            <img decoding=\"async\" src=\"https:\/\/upload.cdn.baselinker.com\/products\/3018170\/181ac0c5ac586d912758f487112030f2.png\" \/><br \/>\n        <\/section>\n<\/p><\/div>\n<div class=\"item item-6\">\n<section class=\"text-item\">\n<p><b>Koper\u00a0Moravan<\/b><\/p>\n<p>Odmiana \u015brednio wczesna, bardzo dobrze plonuj\u0105ca &#8220;na zielono&#8221; p\u00f3\u017ano wzbija w\u00a0p\u0119dy nasienne. \u0141odyga sztywna, dobrze ulistniona. Li\u015bcie ciemno zielone, ze s\u0142abym nalotem woskowym. Odmiana bardzo aromatyczna. Wysiew nasion od\u00a0III do\u00a0po\u0142owy VIII.<\/p>\n<p><b>\u2705Opakowanie:<\/b> 5g<\/p>\n<p><b>\u2705Siew:<\/b> III \u2013\u00a0\u00bd VIII<\/p>\n<p><b>\u2705Zbi\u00f3r:<\/b> V \u2013X<\/p>\n<p><b>\u2705Rozstawa:<\/b> 15&#215;30 cm<\/p>\n<\/section><\/div>\n<\/section>\n<section class=\"section\">\n<div class=\"item item-6\">\n<section class=\"image-item\">\n            <img decoding=\"async\" src=\"https:\/\/upload.cdn.baselinker.com\/products\/3018170\/fce33dedb95eea81ddc279414651d90c.png\" \/><br \/>\n        <\/section>\n<\/p><\/div>\n<div class=\"item item-6\">\n<section class=\"text-item\">\n<p><b>SPRAWDZONA JAKO\u015a\u0106 NASION<\/b><\/p>\n<p>Oferowane przez nas nasiona s\u0105 testowane w\u00a0<b>Laboratorium Oceny Nasion pod wzgl\u0119dem:<\/b><\/p>\n<p>\u2705<b>kie\u0142kowania<\/b><\/p>\n<p>\u2705<b>wilgotno\u015bci<\/b><\/p>\n<p>\u2705<b>czysto\u015bci ziarna<\/b><\/p>\n<p><b>Dzi\u0119ki czemu udost\u0119pniane nasiona s\u0105 \u015bci\u015ble wyselekcjonowane, tylko wysokiej klasy.<\/b><\/p>\n<p>Torebki zakupione na naszej aukcji s\u0105 w pe\u0142ni bezpieczne, posiadaj\u0105\u00a0<b>dat\u0119 wa\u017cno\u015bci i nr partii na opakowaniu.<\/b>\u00a0Gwarantujemy r\u00f3wnie\u017c jako\u015b\u0107 i oryginalno\u015b\u0107 produkt\u00f3w, poniewa\u017c s\u0105 nabywane bezpo\u015brednio od producenta.<\/p>\n<\/section><\/div>\n<\/section>\n<section class=\"section\">\n<div class=\"item item-6\">\n<section class=\"image-item\">\n            <img decoding=\"async\" src=\"https:\/\/upload.cdn.baselinker.com\/products\/3018170\/3eeac5cc5e5a70c377b7e82f9341983f.jpg\" \/><br \/>\n        <\/section>\n<\/p><\/div>\n<div class=\"item item-6\">\n<section class=\"image-item\">\n            <img decoding=\"async\" src=\"https:\/\/upload.cdn.baselinker.com\/products\/3018170\/a2fe90b440ea8617baef46b9f62a71f7.jpg\" \/><br \/>\n        <\/section>\n<\/p><\/div>\n<\/section>\n","protected":false},"excerpt":{"rendered":"<p>Nasiona warzyw Koper ogrodowy MORAVAN bardzo plenny Koper\u00a0Moravan Odmiana \u015brednio wczesna, bardzo dobrze plonuj\u0105ca &#8220;na zielono&#8221; p\u00f3\u017ano wzbija w\u00a0p\u0119dy nasienne. \u0141odyga sztywna, dobrze ulistniona. Li\u015bcie ciemno zielone, ze s\u0142abym nalotem woskowym. Odmiana bardzo aromatyczna. Wysiew nasion od\u00a0III do\u00a0po\u0142owy VIII. \u2705Opakowanie: 5g \u2705Siew: III \u2013\u00a0\u00bd VIII \u2705Zbi\u00f3r: V \u2013X \u2705Rozstawa: 15&#215;30 cm SPRAWDZONA JAKO\u015a\u0106 NASION Oferowane&#8230;<\/p>\n","protected":false},"featured_media":19510,"comment_status":"open","ping_status":"closed","template":"","meta":{"inline_featured_image":false},"product_cat":[126,162],"product_tag":[],"location":[],"class_list":{"0":"post-19526","1":"product","2":"type-product","3":"status-publish","4":"has-post-thumbnail","6":"product_cat-nasiona-warzyw","7":"product_cat-nasiona","8":"nt-post-class","9":"","12":"excerpt-none","15":"first","16":"instock","17":"shipping-taxable","18":"purchasable","19":"product-type-simple"},"_links":{"self":[{"href":"https:\/\/boskienasiona.pl\/en\/wp-json\/wp\/v2\/product\/19526","targetHints":{"allow":["GET"]}}],"collection":[{"href":"https:\/\/boskienasiona.pl\/en\/wp-json\/wp\/v2\/product"}],"about":[{"href":"https:\/\/boskienasiona.pl\/en\/wp-json\/wp\/v2\/types\/product"}],"replies":[{"embeddable":true,"href":"https:\/\/boskienasiona.pl\/en\/wp-json\/wp\/v2\/comments?post=19526"}],"version-history":[{"count":0,"href":"https:\/\/boskienasiona.pl\/en\/wp-json\/wp\/v2\/product\/19526\/revisions"}],"wp:featuredmedia":[{"embeddable":true,"href":"https:\/\/boskienasiona.pl\/en\/wp-json\/wp\/v2\/media\/19510"}],"wp:attachment":[{"href":"https:\/\/boskienasiona.pl\/en\/wp-json\/wp\/v2\/media?parent=19526"}],"wp:term":[{"taxonomy":"product_cat","embeddable":true,"href":"https:\/\/boskienasiona.pl\/en\/wp-json\/wp\/v2\/product_cat?post=19526"},{"taxonomy":"product_tag","embeddable":true,"href":"https:\/\/boskienasiona.pl\/en\/wp-json\/wp\/v2\/product_tag?post=19526"},{"taxonomy":"location","embeddable":true,"href":"https:\/\/boskienasiona.pl\/en\/wp-json\/wp\/v2\/location?post=19526"}],"curies":[{"name":"wp","href":"https:\/\/api.w.org\/{rel}","templated":true}]}}