{"id":19539,"date":"2025-02-01T17:06:31","date_gmt":"2025-02-01T16:06:31","guid":{"rendered":"https:\/\/boskienasiona.pl\/product\/nasiona-warzyw-papryka-slodka-stozkowe-owoce-corno-di-toro-rosso-giallo\/"},"modified":"2026-04-19T14:17:23","modified_gmt":"2026-04-19T12:17:23","slug":"nasiona-warzyw-papryka-slodka-stozkowe-owoce-corno-di-toro-rosso-giallo","status":"publish","type":"product","link":"https:\/\/boskienasiona.pl\/en\/produkt\/nasiona-warzyw-papryka-slodka-stozkowe-owoce-corno-di-toro-rosso-giallo\/","title":{"rendered":"Nasiona warzyw Papryka S\u0142odka Sto\u017ckowe Owoce Corno di Toro Rosso &amp; Giallo"},"content":{"rendered":"<section class=\"section\">\n<div class=\"item item-12\">\n<section class=\"text-item\">\n<h1>Nasiona warzyw Papryka S\u0142odka Sto\u017ckowe Owoce Corno di Toro Rosso &amp; Giallo<\/h1>\n<\/section><\/div>\n<\/section>\n<section class=\"section\">\n<div class=\"item item-6\">\n<section class=\"image-item\">\n            <img decoding=\"async\" src=\"https:\/\/upload.cdn.baselinker.com\/products\/3018170\/d94709c83c2e73cefd73d167610578c3.png\" \/><br \/>\n        <\/section>\n<\/p><\/div>\n<div class=\"item item-6\">\n<section class=\"text-item\">\n<p><b>Papryka\u00a0s\u0142odka Corno di Toro Rosso &amp; Giallo<\/b><\/p>\n<p>Mieszanka dw\u00f3ch wczesnych odmian czerwonej i\u00a0\u017c\u00f3\u0142tej s\u0142odkiej papryki o\u00a0pod\u0142u\u017cnych sto\u017ckowatych owocach. Mi\u0105\u017csz \u015brednio gruby, soczysty, bardzo smaczny. Owoce d\u0142. 18-20\u00a0cm mog\u0105 by\u0107 te\u017c zbierane w\u00a0fazie niepe\u0142nej dojrza\u0142o\u015bci kiedy s\u0105 zielone. Wysiew do\u00a0skrzynek pod\u00a0os\u0142onami w\u00a0po\u0142owie III. Wysiewa\u0107 do\u00a0gruntu w\u00a0ko\u0144cu V. Sadzi\u0107 w\u00a0miejscach nas\u0142onecznionych, zacisznych, na\u00a0glebie pr\u00f3chniczej.<\/p>\n<p><b>\u2705Siew:<\/b> \u00bd III-V<\/p>\n<p><b>\u2705Zbi\u00f3r:<\/b> VIII-IX<\/p>\n<p><b>\u2705Rozstawa:<\/b> 40&#215;40 cm<\/p>\n<\/section><\/div>\n<\/section>\n<section class=\"section\">\n<div class=\"item item-6\">\n<section class=\"image-item\">\n            <img decoding=\"async\" src=\"https:\/\/upload.cdn.baselinker.com\/products\/3018170\/9fd92a255d4d93967ed32316b11ee096.png\" \/><br \/>\n        <\/section>\n<\/p><\/div>\n<div class=\"item item-6\">\n<section class=\"text-item\">\n<p><b>SPRAWDZONA JAKO\u015a\u0106 NASION<\/b><\/p>\n<p>Oferowane przez nas nasiona s\u0105 testowane w\u00a0<b>Laboratorium Oceny Nasion pod wzgl\u0119dem:<\/b><\/p>\n<p>\u2705<b>kie\u0142kowania<\/b><\/p>\n<p>\u2705<b>wilgotno\u015bci<\/b><\/p>\n<p>\u2705<b>czysto\u015bci ziarna<\/b><\/p>\n<p><b>Dzi\u0119ki czemu udost\u0119pniane nasiona s\u0105 \u015bci\u015ble wyselekcjonowane, tylko wysokiej klasy.<\/b><\/p>\n<p>Torebki zakupione na naszej aukcji s\u0105 w pe\u0142ni bezpieczne, posiadaj\u0105\u00a0<b>dat\u0119 wa\u017cno\u015bci i nr partii na opakowaniu.<\/b>\u00a0Gwarantujemy r\u00f3wnie\u017c jako\u015b\u0107 i oryginalno\u015b\u0107 produkt\u00f3w, poniewa\u017c s\u0105 nabywane bezpo\u015brednio od producenta.<\/p>\n<\/section><\/div>\n<\/section>\n<section class=\"section\">\n<div class=\"item item-12\">\n<section class=\"image-item\">\n            <img decoding=\"async\" src=\"https:\/\/upload.cdn.baselinker.com\/products\/3018170\/def7f7f0a6284fbde717b9cbf5ef6e3e.jpg\" \/><br \/>\n        <\/section>\n<\/p><\/div>\n<\/section>\n","protected":false},"excerpt":{"rendered":"<p>Nasiona warzyw Papryka S\u0142odka Sto\u017ckowe Owoce Corno di Toro Rosso &amp; Giallo Papryka\u00a0s\u0142odka Corno di Toro Rosso &amp; Giallo Mieszanka dw\u00f3ch wczesnych odmian czerwonej i\u00a0\u017c\u00f3\u0142tej s\u0142odkiej papryki o\u00a0pod\u0142u\u017cnych sto\u017ckowatych owocach. Mi\u0105\u017csz \u015brednio gruby, soczysty, bardzo smaczny. Owoce d\u0142. 18-20\u00a0cm mog\u0105 by\u0107 te\u017c zbierane w\u00a0fazie niepe\u0142nej dojrza\u0142o\u015bci kiedy s\u0105 zielone. Wysiew do\u00a0skrzynek pod\u00a0os\u0142onami w\u00a0po\u0142owie III. Wysiewa\u0107&#8230;<\/p>\n","protected":false},"featured_media":19527,"comment_status":"open","ping_status":"closed","template":"","meta":{"inline_featured_image":false},"product_cat":[126,162,188],"product_tag":[],"location":[],"class_list":{"0":"post-19539","1":"product","2":"type-product","3":"status-publish","4":"has-post-thumbnail","6":"product_cat-nasiona-warzyw","7":"product_cat-nasiona","8":"product_cat-nasiona-papryki","9":"nt-post-class","10":"","13":"excerpt-none","16":"first","17":"instock","18":"shipping-taxable","19":"purchasable","20":"product-type-simple"},"_links":{"self":[{"href":"https:\/\/boskienasiona.pl\/en\/wp-json\/wp\/v2\/product\/19539","targetHints":{"allow":["GET"]}}],"collection":[{"href":"https:\/\/boskienasiona.pl\/en\/wp-json\/wp\/v2\/product"}],"about":[{"href":"https:\/\/boskienasiona.pl\/en\/wp-json\/wp\/v2\/types\/product"}],"replies":[{"embeddable":true,"href":"https:\/\/boskienasiona.pl\/en\/wp-json\/wp\/v2\/comments?post=19539"}],"version-history":[{"count":1,"href":"https:\/\/boskienasiona.pl\/en\/wp-json\/wp\/v2\/product\/19539\/revisions"}],"predecessor-version":[{"id":22638,"href":"https:\/\/boskienasiona.pl\/en\/wp-json\/wp\/v2\/product\/19539\/revisions\/22638"}],"wp:featuredmedia":[{"embeddable":true,"href":"https:\/\/boskienasiona.pl\/en\/wp-json\/wp\/v2\/media\/19527"}],"wp:attachment":[{"href":"https:\/\/boskienasiona.pl\/en\/wp-json\/wp\/v2\/media?parent=19539"}],"wp:term":[{"taxonomy":"product_cat","embeddable":true,"href":"https:\/\/boskienasiona.pl\/en\/wp-json\/wp\/v2\/product_cat?post=19539"},{"taxonomy":"product_tag","embeddable":true,"href":"https:\/\/boskienasiona.pl\/en\/wp-json\/wp\/v2\/product_tag?post=19539"},{"taxonomy":"location","embeddable":true,"href":"https:\/\/boskienasiona.pl\/en\/wp-json\/wp\/v2\/location?post=19539"}],"curies":[{"name":"wp","href":"https:\/\/api.w.org\/{rel}","templated":true}]}}