{"id":19558,"date":"2025-02-01T17:07:28","date_gmt":"2025-02-01T16:07:28","guid":{"rendered":"https:\/\/boskienasiona.pl\/product\/nasiona-warzyw-papryka-chili-jalapeno-bardzo-ostra-bogata-w-witamine-c\/"},"modified":"2026-04-19T14:17:25","modified_gmt":"2026-04-19T12:17:25","slug":"nasiona-warzyw-papryka-chili-jalapeno-bardzo-ostra-bogata-w-witamine-c","status":"publish","type":"product","link":"https:\/\/boskienasiona.pl\/en\/produkt\/nasiona-warzyw-papryka-chili-jalapeno-bardzo-ostra-bogata-w-witamine-c\/","title":{"rendered":"Nasiona warzyw Papryka Chili JALAPENO bardzo ostra bogata w witamin\u0119 C"},"content":{"rendered":"<section class=\"section\">\n<div class=\"item item-12\">\n<section class=\"text-item\">\n<h1>Nasiona warzyw Papryka Chili JALAPENO bardzo ostra bogata w witamin\u0119 C<\/h1>\n<\/section><\/div>\n<\/section>\n<section class=\"section\">\n<div class=\"item item-6\">\n<section class=\"image-item\">\n            <img decoding=\"async\" src=\"https:\/\/upload.cdn.baselinker.com\/products\/3018170\/ccd3af0b3214ee452171ab4277920f9c.png\" \/><br \/>\n        <\/section>\n<\/p><\/div>\n<div class=\"item item-6\">\n<section class=\"text-item\">\n<p><b>Papryka ostra (typu Chili)\u00a0Jalapeno\u00a0Ruben<\/b><\/p>\n<p>Capsicum annuum L.<\/p>\n<p>Odmiana \u015brednio wczesna polecana do\u00a0uprawy w\u00a0gruncie i\u00a0pod\u00a0os\u0142onami. Tworzy niewielkie (7-8 cm), czerwone, wyd\u0142u\u017cone owoce o\u00a0cienkiej sk\u00f3rce, zawieraj\u0105 du\u017co wit. C, likopenu i\u00a0kapsaicyny, nadaj\u0105cej pikantny smak. Wysiew do\u00a0skrzynek pod\u00a0os\u0142onami w\u00a0po\u0142owie marca. Wysiewa\u0107 do\u00a0gruntu w\u00a0ko\u0144cu maja. Sadzi\u0107 nale\u017cy w\u00a0gruncie w\u00a0miejscach nas\u0142onecznionych, zacisznych, na\u00a0glebie pr\u00f3chniczej.<\/p>\n<p><b>\u2705Siew:<\/b> \u00bd III\u2013V<\/p>\n<p><b>\u2705Zbi\u00f3r:<\/b> VIII\u2013IX<\/p>\n<p><b>\u2705Rozstawa:<\/b> 40&#215;40 cm<\/p>\n<\/section><\/div>\n<\/section>\n<section class=\"section\">\n<div class=\"item item-6\">\n<section class=\"image-item\">\n            <img decoding=\"async\" src=\"https:\/\/upload.cdn.baselinker.com\/products\/3018170\/03e1fefa540bf6ed9bc6032470b26cab.png\" \/><br \/>\n        <\/section>\n<\/p><\/div>\n<div class=\"item item-6\">\n<section class=\"text-item\">\n<p><b>SPRAWDZONA JAKO\u015a\u0106 NASION<\/b><\/p>\n<p>Oferowane przez nas nasiona s\u0105 testowane w\u00a0<b>Laboratorium Oceny Nasion pod wzgl\u0119dem:<\/b><\/p>\n<p>\u2705<b>kie\u0142kowania<\/b><\/p>\n<p>\u2705<b>wilgotno\u015bci<\/b><\/p>\n<p>\u2705<b>czysto\u015bci ziarna<\/b><\/p>\n<p><b>Dzi\u0119ki czemu udost\u0119pniane nasiona s\u0105 \u015bci\u015ble wyselekcjonowane, tylko wysokiej klasy.<\/b><\/p>\n<p>Torebki zakupione na naszej aukcji s\u0105 w pe\u0142ni bezpieczne, posiadaj\u0105\u00a0<b>dat\u0119 wa\u017cno\u015bci i nr partii na opakowaniu.<\/b>\u00a0Gwarantujemy r\u00f3wnie\u017c jako\u015b\u0107 i oryginalno\u015b\u0107 produkt\u00f3w, poniewa\u017c s\u0105 nabywane bezpo\u015brednio od producenta.<\/p>\n<\/section><\/div>\n<\/section>\n<section class=\"section\">\n<div class=\"item item-12\">\n<section class=\"image-item\">\n            <img decoding=\"async\" src=\"https:\/\/upload.cdn.baselinker.com\/products\/3018170\/2d96af1b5b4c1fe9ab3d980f00317a82.png\" \/><br \/>\n        <\/section>\n<\/p><\/div>\n<\/section>\n<section class=\"section\">\n<div class=\"item item-12\">\n<section class=\"image-item\">\n            <img decoding=\"async\" src=\"https:\/\/upload.cdn.baselinker.com\/products\/3018170\/e657ef965007d328865693b6fc5f90ac.png\" \/><br \/>\n        <\/section>\n<\/p><\/div>\n<\/section>\n<section class=\"section\">\n<div class=\"item item-12\">\n<section class=\"image-item\">\n            <img decoding=\"async\" src=\"https:\/\/upload.cdn.baselinker.com\/products\/3018170\/7cd6c3f853d5a2db2af40c6c68922535.jpg\" \/><br \/>\n        <\/section>\n<\/p><\/div>\n<\/section>\n<section class=\"section\">\n<div class=\"item item-12\">\n<section class=\"image-item\">\n            <img decoding=\"async\" src=\"https:\/\/upload.cdn.baselinker.com\/products\/3018170\/2b95d31da4c40055640ea63945c51afb.jpg\" \/><br \/>\n        <\/section>\n<\/p><\/div>\n<\/section>\n","protected":false},"excerpt":{"rendered":"<p>Nasiona warzyw Papryka Chili JALAPENO bardzo ostra bogata w witamin\u0119 C Papryka ostra (typu Chili)\u00a0Jalapeno\u00a0Ruben Capsicum annuum L. Odmiana \u015brednio wczesna polecana do\u00a0uprawy w\u00a0gruncie i\u00a0pod\u00a0os\u0142onami. Tworzy niewielkie (7-8 cm), czerwone, wyd\u0142u\u017cone owoce o\u00a0cienkiej sk\u00f3rce, zawieraj\u0105 du\u017co wit. C, likopenu i\u00a0kapsaicyny, nadaj\u0105cej pikantny smak. Wysiew do\u00a0skrzynek pod\u00a0os\u0142onami w\u00a0po\u0142owie marca. Wysiewa\u0107 do\u00a0gruntu w\u00a0ko\u0144cu maja. Sadzi\u0107 nale\u017cy w\u00a0gruncie&#8230;<\/p>\n","protected":false},"featured_media":19540,"comment_status":"open","ping_status":"closed","template":"","meta":{"inline_featured_image":false},"product_cat":[126,162,188],"product_tag":[],"location":[],"class_list":{"0":"post-19558","1":"product","2":"type-product","3":"status-publish","4":"has-post-thumbnail","6":"product_cat-nasiona-warzyw","7":"product_cat-nasiona","8":"product_cat-nasiona-papryki","9":"nt-post-class","10":"","13":"excerpt-none","16":"first","17":"instock","18":"shipping-taxable","19":"purchasable","20":"product-type-simple"},"_links":{"self":[{"href":"https:\/\/boskienasiona.pl\/en\/wp-json\/wp\/v2\/product\/19558","targetHints":{"allow":["GET"]}}],"collection":[{"href":"https:\/\/boskienasiona.pl\/en\/wp-json\/wp\/v2\/product"}],"about":[{"href":"https:\/\/boskienasiona.pl\/en\/wp-json\/wp\/v2\/types\/product"}],"replies":[{"embeddable":true,"href":"https:\/\/boskienasiona.pl\/en\/wp-json\/wp\/v2\/comments?post=19558"}],"version-history":[{"count":1,"href":"https:\/\/boskienasiona.pl\/en\/wp-json\/wp\/v2\/product\/19558\/revisions"}],"predecessor-version":[{"id":22637,"href":"https:\/\/boskienasiona.pl\/en\/wp-json\/wp\/v2\/product\/19558\/revisions\/22637"}],"wp:featuredmedia":[{"embeddable":true,"href":"https:\/\/boskienasiona.pl\/en\/wp-json\/wp\/v2\/media\/19540"}],"wp:attachment":[{"href":"https:\/\/boskienasiona.pl\/en\/wp-json\/wp\/v2\/media?parent=19558"}],"wp:term":[{"taxonomy":"product_cat","embeddable":true,"href":"https:\/\/boskienasiona.pl\/en\/wp-json\/wp\/v2\/product_cat?post=19558"},{"taxonomy":"product_tag","embeddable":true,"href":"https:\/\/boskienasiona.pl\/en\/wp-json\/wp\/v2\/product_tag?post=19558"},{"taxonomy":"location","embeddable":true,"href":"https:\/\/boskienasiona.pl\/en\/wp-json\/wp\/v2\/location?post=19558"}],"curies":[{"name":"wp","href":"https:\/\/api.w.org\/{rel}","templated":true}]}}