{"id":19571,"date":"2025-02-01T17:07:58","date_gmt":"2025-02-01T16:07:58","guid":{"rendered":"https:\/\/boskienasiona.pl\/product\/nasiona-warzyw-fasolka-szparagowa-karlowa-mix-odmian-smaczna\/"},"modified":"2026-04-19T14:17:26","modified_gmt":"2026-04-19T12:17:26","slug":"nasiona-warzyw-fasolka-szparagowa-karlowa-mix-odmian-smaczna","status":"publish","type":"product","link":"https:\/\/boskienasiona.pl\/en\/produkt\/nasiona-warzyw-fasolka-szparagowa-karlowa-mix-odmian-smaczna\/","title":{"rendered":"Nasiona warzyw Fasolka szparagowa kar\u0142owa MIX odmian SMACZNA"},"content":{"rendered":"<section class=\"section\">\n<div class=\"item item-12\">\n<section class=\"text-item\">\n<h1>Nasiona warzyw Fasolka szparagowa kar\u0142owa MIX odmian SMACZNA<\/h1>\n<\/section><\/div>\n<\/section>\n<section class=\"section\">\n<div class=\"item item-6\">\n<section class=\"image-item\">\n            <img decoding=\"async\" src=\"https:\/\/upload.cdn.baselinker.com\/products\/3018170\/df2c3e32594839dc246186df76776acd.png\" \/><br \/>\n        <\/section>\n<\/p><\/div>\n<div class=\"item item-6\">\n<section class=\"text-item\">\n<p><b>Fasola\u00a0szparagowa kar\u0142owa\u00a0MIX\u00a0odmian<\/b><\/p>\n<p>PHASEOLUS VULGARIS L.<\/p>\n<p>Oryginalna mieszanka fasoli szparagowych, r\u00f3\u017cni\u0105cych si\u0119 mi\u0119dzy innymi kolorem, kszta\u0142tem i smakiem. R\u00f3\u017cny termin dojrzewania poszczeg\u00f3lnych odmian wyd\u0142u\u017ca okres zbior\u00f3w.W sk\u0142ad mieszanki wchodz\u0105 odmiany \u017c\u00f3\u0142te, zielone, fioletowe i dwubarwne (bia\u0142oczerwone). Nasiona nale\u017cy wysiewa\u0107 w maju bezpo\u015brednio do gruntu na g\u0142\u0119boko\u015b\u0107 2-5 cm.<\/p>\n<\/section><\/div>\n<\/section>\n<section class=\"section\">\n<div class=\"item item-6\">\n<section class=\"image-item\">\n            <img decoding=\"async\" src=\"https:\/\/upload.cdn.baselinker.com\/products\/3018170\/7499f9eca1a13f7c5b7e25797dc7157a.png\" \/><br \/>\n        <\/section>\n<\/p><\/div>\n<div class=\"item item-6\">\n<section class=\"text-item\">\n<p><b>SPRAWDZONA JAKO\u015a\u0106 NASION<\/b><\/p>\n<p>Oferowane przez nas nasiona s\u0105 testowane w\u00a0<b>Laboratorium Oceny Nasion pod wzgl\u0119dem:<\/b><\/p>\n<p>\u2705<b>kie\u0142kowania<\/b><\/p>\n<p>\u2705<b>wilgotno\u015bci<\/b><\/p>\n<p>\u2705<b>czysto\u015bci ziarna<\/b><\/p>\n<p><b>Dzi\u0119ki czemu udost\u0119pniane nasiona s\u0105 \u015bci\u015ble wyselekcjonowane, tylko wysokiej klasy.<\/b><\/p>\n<p>Torebki zakupione na naszej aukcji s\u0105 w pe\u0142ni bezpieczne, posiadaj\u0105\u00a0<b>dat\u0119 wa\u017cno\u015bci i nr partii na opakowaniu.<\/b>\u00a0Gwarantujemy r\u00f3wnie\u017c jako\u015b\u0107 i oryginalno\u015b\u0107 produkt\u00f3w, poniewa\u017c s\u0105 nabywane bezpo\u015brednio od producenta.<\/p>\n<\/section><\/div>\n<\/section>\n<section class=\"section\">\n<div class=\"item item-12\">\n<section class=\"image-item\">\n            <img decoding=\"async\" src=\"https:\/\/upload.cdn.baselinker.com\/products\/3018170\/23fa1375b2ef6f8e91c6f250ce6bde76.jpg\" \/><br \/>\n        <\/section>\n<\/p><\/div>\n<\/section>\n","protected":false},"excerpt":{"rendered":"<p>Nasiona warzyw Fasolka szparagowa kar\u0142owa MIX odmian SMACZNA Fasola\u00a0szparagowa kar\u0142owa\u00a0MIX\u00a0odmian PHASEOLUS VULGARIS L. Oryginalna mieszanka fasoli szparagowych, r\u00f3\u017cni\u0105cych si\u0119 mi\u0119dzy innymi kolorem, kszta\u0142tem i smakiem. R\u00f3\u017cny termin dojrzewania poszczeg\u00f3lnych odmian wyd\u0142u\u017ca okres zbior\u00f3w.W sk\u0142ad mieszanki wchodz\u0105 odmiany \u017c\u00f3\u0142te, zielone, fioletowe i dwubarwne (bia\u0142oczerwone). Nasiona nale\u017cy wysiewa\u0107 w maju bezpo\u015brednio do gruntu na g\u0142\u0119boko\u015b\u0107 2-5 cm&#8230;.<\/p>\n","protected":false},"featured_media":19559,"comment_status":"open","ping_status":"closed","template":"","meta":{"inline_featured_image":false},"product_cat":[126,162,189],"product_tag":[],"location":[],"class_list":{"0":"post-19571","1":"product","2":"type-product","3":"status-publish","4":"has-post-thumbnail","6":"product_cat-nasiona-warzyw","7":"product_cat-nasiona","8":"product_cat-nasiona-fasolki-szparagowej","9":"nt-post-class","10":"","13":"excerpt-none","16":"first","17":"instock","18":"shipping-taxable","19":"purchasable","20":"product-type-simple"},"_links":{"self":[{"href":"https:\/\/boskienasiona.pl\/en\/wp-json\/wp\/v2\/product\/19571","targetHints":{"allow":["GET"]}}],"collection":[{"href":"https:\/\/boskienasiona.pl\/en\/wp-json\/wp\/v2\/product"}],"about":[{"href":"https:\/\/boskienasiona.pl\/en\/wp-json\/wp\/v2\/types\/product"}],"replies":[{"embeddable":true,"href":"https:\/\/boskienasiona.pl\/en\/wp-json\/wp\/v2\/comments?post=19571"}],"version-history":[{"count":1,"href":"https:\/\/boskienasiona.pl\/en\/wp-json\/wp\/v2\/product\/19571\/revisions"}],"predecessor-version":[{"id":22648,"href":"https:\/\/boskienasiona.pl\/en\/wp-json\/wp\/v2\/product\/19571\/revisions\/22648"}],"wp:featuredmedia":[{"embeddable":true,"href":"https:\/\/boskienasiona.pl\/en\/wp-json\/wp\/v2\/media\/19559"}],"wp:attachment":[{"href":"https:\/\/boskienasiona.pl\/en\/wp-json\/wp\/v2\/media?parent=19571"}],"wp:term":[{"taxonomy":"product_cat","embeddable":true,"href":"https:\/\/boskienasiona.pl\/en\/wp-json\/wp\/v2\/product_cat?post=19571"},{"taxonomy":"product_tag","embeddable":true,"href":"https:\/\/boskienasiona.pl\/en\/wp-json\/wp\/v2\/product_tag?post=19571"},{"taxonomy":"location","embeddable":true,"href":"https:\/\/boskienasiona.pl\/en\/wp-json\/wp\/v2\/location?post=19571"}],"curies":[{"name":"wp","href":"https:\/\/api.w.org\/{rel}","templated":true}]}}