{"id":19582,"date":"2025-02-01T17:08:29","date_gmt":"2025-02-01T16:08:29","guid":{"rendered":"https:\/\/boskienasiona.pl\/product\/nasiona-warzyw-pomidory-bawole-serce-bardzo-smaczny-duzy-owoc\/"},"modified":"2026-04-17T14:20:10","modified_gmt":"2026-04-17T12:20:10","slug":"nasiona-warzyw-pomidory-bawole-serce-bardzo-smaczny-duzy-owoc","status":"publish","type":"product","link":"https:\/\/boskienasiona.pl\/en\/produkt\/nasiona-warzyw-pomidory-bawole-serce-bardzo-smaczny-duzy-owoc\/","title":{"rendered":"Nasiona warzyw Pomidory BAWOLE SERCE Bardzo smaczny DU\u017bY OWOC"},"content":{"rendered":"<section class=\"section\">\n<div class=\"item item-12\">\n<section class=\"text-item\">\n<h1>Nasiona warzyw Pomidory BAWOLE SERCE Bardzo smaczny DU\u017bY OWOC<\/h1>\n<\/section><\/div>\n<\/section>\n<section class=\"section\">\n<div class=\"item item-6\">\n<section class=\"image-item\">\n            <img decoding=\"async\" src=\"https:\/\/upload.cdn.baselinker.com\/products\/3018170\/b1edcd396568277402ec95673d8a55d0.png\" \/><br \/>\n        <\/section>\n<\/p><\/div>\n<div class=\"item item-6\">\n<section class=\"text-item\">\n<p><b>Pomidor gruntowy Oxheart 0,5g<\/b><\/p>\n<p>Odmiana o\u00a0wyj\u0105tkowo du\u017cych owocach, kszta\u0142tu sercowatego, mi\u0119sistych. Mi\u0105\u017csz r\u00f3\u017cowo-czerwony, s\u0142odki, bardzo smaczny. Ro\u015bliny wysokie, wymagaj\u0105ce podpory. Odmiana doskona\u0142a do\u00a0bezpo\u015bredniego spo\u017cycia i\u00a0na\u00a0przetwory. Siew do\u00a0inspektu od\u00a0III do\u00a0IV. Wysadzanie rozsady w\u00a0drugiej po\u0142owie V. Wysiew wprost do\u00a0gruntu po\u00a015 maja.<\/p>\n<p><b>\u2705Siew:<\/b> III-V<\/p>\n<p><b>\u2705Zbi\u00f3r:<\/b> VIII-IX<\/p>\n<p><b>\u2705Rozstawa:<\/b> 50 x 70 cm<\/p>\n<\/section><\/div>\n<\/section>\n<section class=\"section\">\n<div class=\"item item-6\">\n<section class=\"image-item\">\n            <img decoding=\"async\" src=\"https:\/\/upload.cdn.baselinker.com\/products\/3018170\/8b1cd71bea2fd4dc28e36051440c893a.png\" \/><br \/>\n        <\/section>\n<\/p><\/div>\n<div class=\"item item-6\">\n<section class=\"text-item\">\n<p><b>SPRAWDZONA JAKO\u015a\u0106 NASION<\/b><\/p>\n<p>Oferowane przez nas nasiona s\u0105 testowane w\u00a0<b>Laboratorium Oceny Nasion pod wzgl\u0119dem:<\/b><\/p>\n<p>\u2705<b>kie\u0142kowania<\/b><\/p>\n<p>\u2705<b>wilgotno\u015bci<\/b><\/p>\n<p>\u2705<b>czysto\u015bci ziarna<\/b><\/p>\n<p><b>Dzi\u0119ki czemu udost\u0119pniane nasiona s\u0105 \u015bci\u015ble wyselekcjonowane, tylko wysokiej klasy.<\/b><\/p>\n<p>Torebki zakupione na naszej aukcji s\u0105 w pe\u0142ni bezpieczne, posiadaj\u0105\u00a0<b>dat\u0119 wa\u017cno\u015bci i nr partii na opakowaniu.<\/b>\u00a0Gwarantujemy r\u00f3wnie\u017c jako\u015b\u0107 i oryginalno\u015b\u0107 produkt\u00f3w, poniewa\u017c s\u0105 nabywane bezpo\u015brednio od producenta.<\/p>\n<\/section><\/div>\n<\/section>\n<section class=\"section\">\n<div class=\"item item-12\">\n<section class=\"image-item\">\n            <img decoding=\"async\" src=\"https:\/\/upload.cdn.baselinker.com\/products\/3018170\/005a279e30dc236197863ef7a1afcd2c.jpg\" \/><br \/>\n        <\/section>\n<\/p><\/div>\n<\/section>\n","protected":false},"excerpt":{"rendered":"<p>Nasiona warzyw Pomidory BAWOLE SERCE Bardzo smaczny DU\u017bY OWOC Pomidor gruntowy Oxheart 0,5g Odmiana o\u00a0wyj\u0105tkowo du\u017cych owocach, kszta\u0142tu sercowatego, mi\u0119sistych. Mi\u0105\u017csz r\u00f3\u017cowo-czerwony, s\u0142odki, bardzo smaczny. Ro\u015bliny wysokie, wymagaj\u0105ce podpory. Odmiana doskona\u0142a do\u00a0bezpo\u015bredniego spo\u017cycia i\u00a0na\u00a0przetwory. Siew do\u00a0inspektu od\u00a0III do\u00a0IV. Wysadzanie rozsady w\u00a0drugiej po\u0142owie V. Wysiew wprost do\u00a0gruntu po\u00a015 maja. \u2705Siew: III-V \u2705Zbi\u00f3r: VIII-IX \u2705Rozstawa: 50 x&#8230;<\/p>\n","protected":false},"featured_media":19572,"comment_status":"open","ping_status":"closed","template":"","meta":{"inline_featured_image":false},"product_cat":[126,162,185],"product_tag":[],"location":[],"class_list":{"0":"post-19582","1":"product","2":"type-product","3":"status-publish","4":"has-post-thumbnail","6":"product_cat-nasiona-warzyw","7":"product_cat-nasiona","8":"product_cat-nasiona-pomidorow","9":"nt-post-class","10":"","13":"excerpt-none","16":"first","17":"instock","18":"shipping-taxable","19":"purchasable","20":"product-type-simple"},"_links":{"self":[{"href":"https:\/\/boskienasiona.pl\/en\/wp-json\/wp\/v2\/product\/19582","targetHints":{"allow":["GET"]}}],"collection":[{"href":"https:\/\/boskienasiona.pl\/en\/wp-json\/wp\/v2\/product"}],"about":[{"href":"https:\/\/boskienasiona.pl\/en\/wp-json\/wp\/v2\/types\/product"}],"replies":[{"embeddable":true,"href":"https:\/\/boskienasiona.pl\/en\/wp-json\/wp\/v2\/comments?post=19582"}],"version-history":[{"count":1,"href":"https:\/\/boskienasiona.pl\/en\/wp-json\/wp\/v2\/product\/19582\/revisions"}],"predecessor-version":[{"id":22601,"href":"https:\/\/boskienasiona.pl\/en\/wp-json\/wp\/v2\/product\/19582\/revisions\/22601"}],"wp:featuredmedia":[{"embeddable":true,"href":"https:\/\/boskienasiona.pl\/en\/wp-json\/wp\/v2\/media\/19572"}],"wp:attachment":[{"href":"https:\/\/boskienasiona.pl\/en\/wp-json\/wp\/v2\/media?parent=19582"}],"wp:term":[{"taxonomy":"product_cat","embeddable":true,"href":"https:\/\/boskienasiona.pl\/en\/wp-json\/wp\/v2\/product_cat?post=19582"},{"taxonomy":"product_tag","embeddable":true,"href":"https:\/\/boskienasiona.pl\/en\/wp-json\/wp\/v2\/product_tag?post=19582"},{"taxonomy":"location","embeddable":true,"href":"https:\/\/boskienasiona.pl\/en\/wp-json\/wp\/v2\/location?post=19582"}],"curies":[{"name":"wp","href":"https:\/\/api.w.org\/{rel}","templated":true}]}}