{"id":19599,"date":"2025-02-01T17:09:24","date_gmt":"2025-02-01T16:09:24","guid":{"rendered":"https:\/\/boskienasiona.pl\/product\/nasiona-warzyw-pomidor-san-marzano-gruntowy-podluzny-doskonaly-na-przetwory\/"},"modified":"2026-04-19T14:17:27","modified_gmt":"2026-04-19T12:17:27","slug":"nasiona-warzyw-pomidor-san-marzano-gruntowy-podluzny-doskonaly-na-przetwory","status":"publish","type":"product","link":"https:\/\/boskienasiona.pl\/en\/produkt\/nasiona-warzyw-pomidor-san-marzano-gruntowy-podluzny-doskonaly-na-przetwory\/","title":{"rendered":"Nasiona warzyw Pomidor SAN MARZANO gruntowy pod\u0142u\u017cny DOSKONA\u0141Y NA PRZETWORY"},"content":{"rendered":"<section class=\"section\">\n<div class=\"item item-12\">\n<section class=\"text-item\">\n<h1>Nasiona warzyw Pomidor SAN MARZANO gruntowy pod\u0142u\u017cny DOSKONA\u0141Y NA PRZETWORY<\/h1>\n<\/section><\/div>\n<\/section>\n<section class=\"section\">\n<div class=\"item item-6\">\n<section class=\"image-item\">\n            <img decoding=\"async\" src=\"https:\/\/upload.cdn.baselinker.com\/products\/3018170\/a0873c74130dfb4500e07a134754b211.png\" \/><br \/>\n        <\/section>\n<\/p><\/div>\n<div class=\"item item-6\">\n<section class=\"text-item\">\n<p><b>Pomidor\u00a0gruntowy S. MARZANO 3<\/b><\/p>\n<p>Solanum lycopersicum L.<\/p>\n<p>Pod\u0142u\u017cna, wysoka, w\u0142oska odmiana\u00a0pomidora wymagaj\u0105ca palikowana, przeznaczona do\u00a0uprawy w\u00a0gruncie. Owoce o\u00a0masie 80-100 g, z\u00a0mi\u0119sistym bardzo smacznym, aromatycznym mi\u0105\u017cszem. Idealny do\u00a0da\u0144 kuchni w\u0142oskiej, pizzy, zapiekanki oraz\u00a0do\u00a0przyrz\u0105dzania przetwor\u00f3w. Siew do\u00a0ciep\u0142ego inspektu w\u00a0III-IV, przesadzanie do\u00a0gruntu w\u00a0\u00bd V.<\/p>\n<p><b>\u2705Siew: inspekt:<\/b> III-IV, grunt: V, na\u00a0g\u0142. 0,5-1 cm<\/p>\n<p><b>\u2705Rozstawa:<\/b> 50-55 \u2013 100 cm<\/p>\n<p><b>\u2705Przesadzanie:<\/b> \u00bd V<\/p>\n<p><b>\u2705Zbi\u00f3r:<\/b> VIII-IX<\/p>\n<\/section><\/div>\n<\/section>\n<section class=\"section\">\n<div class=\"item item-6\">\n<section class=\"image-item\">\n            <img decoding=\"async\" src=\"https:\/\/upload.cdn.baselinker.com\/products\/3018170\/d555d103c0066ea18f695a96284d509d.png\" \/><br \/>\n        <\/section>\n<\/p><\/div>\n<div class=\"item item-6\">\n<section class=\"text-item\">\n<p><b>SPRAWDZONA JAKO\u015a\u0106 NASION<\/b><\/p>\n<p>Oferowane przez nas nasiona s\u0105 testowane w\u00a0<b>Laboratorium Oceny Nasion pod wzgl\u0119dem:<\/b><\/p>\n<p>\u2705<b>kie\u0142kowania<\/b><\/p>\n<p>\u2705<b>wilgotno\u015bci<\/b><\/p>\n<p>\u2705<b>czysto\u015bci ziarna<\/b><\/p>\n<p><b>Dzi\u0119ki czemu udost\u0119pniane nasiona s\u0105 \u015bci\u015ble wyselekcjonowane, tylko wysokiej klasy.<\/b><\/p>\n<p>Torebki zakupione na naszej aukcji s\u0105 w pe\u0142ni bezpieczne, posiadaj\u0105\u00a0<b>dat\u0119 wa\u017cno\u015bci i nr partii na opakowaniu.<\/b>\u00a0Gwarantujemy r\u00f3wnie\u017c jako\u015b\u0107 i oryginalno\u015b\u0107 produkt\u00f3w, poniewa\u017c s\u0105 nabywane bezpo\u015brednio od producenta.<\/p>\n<\/section><\/div>\n<\/section>\n<section class=\"section\">\n<div class=\"item item-12\">\n<section class=\"image-item\">\n            <img decoding=\"async\" src=\"https:\/\/upload.cdn.baselinker.com\/products\/3018170\/2f338669a914ff408df92b61eeefe4f4.png\" \/><br \/>\n        <\/section>\n<\/p><\/div>\n<\/section>\n<section class=\"section\">\n<div class=\"item item-12\">\n<section class=\"image-item\">\n            <img decoding=\"async\" src=\"https:\/\/upload.cdn.baselinker.com\/products\/3018170\/7803a4c51726b2b3b6b9f118ff7f76cc.png\" \/><br \/>\n        <\/section>\n<\/p><\/div>\n<\/section>\n<section class=\"section\">\n<div class=\"item item-12\">\n<section class=\"image-item\">\n            <img decoding=\"async\" src=\"https:\/\/upload.cdn.baselinker.com\/products\/3018170\/b5526faaf3d644b8fce6261c670c446d.png\" \/><br \/>\n        <\/section>\n<\/p><\/div>\n<\/section>\n","protected":false},"excerpt":{"rendered":"<p>Nasiona warzyw Pomidor SAN MARZANO gruntowy pod\u0142u\u017cny DOSKONA\u0141Y NA PRZETWORY Pomidor\u00a0gruntowy S. MARZANO 3 Solanum lycopersicum L. Pod\u0142u\u017cna, wysoka, w\u0142oska odmiana\u00a0pomidora wymagaj\u0105ca palikowana, przeznaczona do\u00a0uprawy w\u00a0gruncie. Owoce o\u00a0masie 80-100 g, z\u00a0mi\u0119sistym bardzo smacznym, aromatycznym mi\u0105\u017cszem. Idealny do\u00a0da\u0144 kuchni w\u0142oskiej, pizzy, zapiekanki oraz\u00a0do\u00a0przyrz\u0105dzania przetwor\u00f3w. Siew do\u00a0ciep\u0142ego inspektu w\u00a0III-IV, przesadzanie do\u00a0gruntu w\u00a0\u00bd V. \u2705Siew: inspekt: III-IV, grunt:&#8230;<\/p>\n","protected":false},"featured_media":19583,"comment_status":"open","ping_status":"closed","template":"","meta":{"inline_featured_image":false},"product_cat":[126,162,185],"product_tag":[],"location":[],"class_list":{"0":"post-19599","1":"product","2":"type-product","3":"status-publish","4":"has-post-thumbnail","6":"product_cat-nasiona-warzyw","7":"product_cat-nasiona","8":"product_cat-nasiona-pomidorow","9":"nt-post-class","10":"","13":"excerpt-none","16":"first","17":"instock","18":"shipping-taxable","19":"purchasable","20":"product-type-simple"},"_links":{"self":[{"href":"https:\/\/boskienasiona.pl\/en\/wp-json\/wp\/v2\/product\/19599","targetHints":{"allow":["GET"]}}],"collection":[{"href":"https:\/\/boskienasiona.pl\/en\/wp-json\/wp\/v2\/product"}],"about":[{"href":"https:\/\/boskienasiona.pl\/en\/wp-json\/wp\/v2\/types\/product"}],"replies":[{"embeddable":true,"href":"https:\/\/boskienasiona.pl\/en\/wp-json\/wp\/v2\/comments?post=19599"}],"version-history":[{"count":1,"href":"https:\/\/boskienasiona.pl\/en\/wp-json\/wp\/v2\/product\/19599\/revisions"}],"predecessor-version":[{"id":22600,"href":"https:\/\/boskienasiona.pl\/en\/wp-json\/wp\/v2\/product\/19599\/revisions\/22600"}],"wp:featuredmedia":[{"embeddable":true,"href":"https:\/\/boskienasiona.pl\/en\/wp-json\/wp\/v2\/media\/19583"}],"wp:attachment":[{"href":"https:\/\/boskienasiona.pl\/en\/wp-json\/wp\/v2\/media?parent=19599"}],"wp:term":[{"taxonomy":"product_cat","embeddable":true,"href":"https:\/\/boskienasiona.pl\/en\/wp-json\/wp\/v2\/product_cat?post=19599"},{"taxonomy":"product_tag","embeddable":true,"href":"https:\/\/boskienasiona.pl\/en\/wp-json\/wp\/v2\/product_tag?post=19599"},{"taxonomy":"location","embeddable":true,"href":"https:\/\/boskienasiona.pl\/en\/wp-json\/wp\/v2\/location?post=19599"}],"curies":[{"name":"wp","href":"https:\/\/api.w.org\/{rel}","templated":true}]}}