{"id":19606,"date":"2025-02-01T17:09:38","date_gmt":"2025-02-01T16:09:38","guid":{"rendered":"https:\/\/boskienasiona.pl\/product\/nasiona-warzyw-pomidor-gruntowy-sejk\/"},"modified":"2026-04-19T22:18:59","modified_gmt":"2026-04-19T20:18:59","slug":"nasiona-warzyw-pomidor-gruntowy-sejk","status":"publish","type":"product","link":"https:\/\/boskienasiona.pl\/en\/produkt\/nasiona-warzyw-pomidor-gruntowy-sejk\/","title":{"rendered":"Nasiona warzyw POMIDOR GRUNTOWY SEJK"},"content":{"rendered":"<section class=\"section\">\n<div class=\"item item-12\">\n<section class=\"text-item\">\n<h1>Nasiona warzyw POMIDOR GRUNTOWY SEJK<\/h1>\n<\/section><\/div>\n<\/section>\n<section class=\"section\">\n<div class=\"item item-6\">\n<section class=\"image-item\">\n            <img decoding=\"async\" src=\"https:\/\/upload.cdn.baselinker.com\/products\/3018170\/9d7657c10d76d69f9d9168d36f74e8f1.jpg\" \/><br \/>\n        <\/section>\n<\/p><\/div>\n<div class=\"item item-6\">\n<section class=\"text-item\">\n<p><b>Pomidor gruntowy \u0160ejk<\/b><\/p>\n<p>Odmiana wczesna, bardzo plenna. Owoce o\u00a0wadze 80-90 g., kszta\u0142tu pod\u0142u\u017cno-cylindrycznego. Mi\u0105\u017csz bardzo \u015bcis\u0142y, owoce wyr\u00f3wnane o\u00a0wyj\u0105tkowo intensywnej barwie, wyj\u0105tkowo smaczne. Ro\u015bliny wysoko\u015bci 60-80\u00a0cm nie\u00a0wymagaj\u0105 palikowania. Mo\u017ce by\u0107 uprawiany w\u00a0pojemnikach jako ro\u015blina ozdobna. Wysiew do\u00a0ciep\u0142ego inspektu w\u00a0marcu-kwietniu. Wysadza\u0107 na\u00a0miejsce sta\u0142e po\u00a0przej\u015bciu majowych przymrozk\u00f3w.<\/p>\n<p><b>\u2705Siew:<\/b> III-V<\/p>\n<p><b>\u2705Zbi\u00f3r:<\/b> \u00bd VI \u2013 \u00bd IX<\/p>\n<p><b>\u2705Rozstawa:<\/b> 40 x 60 cm<\/p>\n<\/section><\/div>\n<\/section>\n<section class=\"section\">\n<div class=\"item item-6\">\n<section class=\"image-item\">\n            <img decoding=\"async\" src=\"https:\/\/upload.cdn.baselinker.com\/products\/3018170\/c481def73210a257341fee131e798521.jpg\" \/><br \/>\n        <\/section>\n<\/p><\/div>\n<div class=\"item item-6\">\n<section class=\"text-item\">\n<p><b>SPRAWDZONA JAKO\u015a\u0106 NASION<\/b><\/p>\n<p>Oferowane przez nas nasiona s\u0105 testowane w\u00a0<b>Laboratorium Oceny Nasion pod wzgl\u0119dem:<\/b><\/p>\n<p>\u2705<b>kie\u0142kowania<\/b><\/p>\n<p>\u2705<b>wilgotno\u015bci<\/b><\/p>\n<p>\u2705<b>czysto\u015bci ziarna<\/b><\/p>\n<p><b>Dzi\u0119ki czemu udost\u0119pniane nasiona s\u0105 \u015bci\u015ble wyselekcjonowane, tylko wysokiej klasy.<\/b><\/p>\n<p>Torebki zakupione na naszej aukcji s\u0105 w pe\u0142ni bezpieczne, posiadaj\u0105\u00a0<b>dat\u0119 wa\u017cno\u015bci i nr partii na opakowaniu.<\/b>\u00a0Gwarantujemy r\u00f3wnie\u017c jako\u015b\u0107 i oryginalno\u015b\u0107 produkt\u00f3w, poniewa\u017c s\u0105 nabywane bezpo\u015brednio od producenta.<\/p>\n<\/section><\/div>\n<\/section>\n<section class=\"section\">\n<div class=\"item item-12\">\n<section class=\"image-item\">\n            <img decoding=\"async\" src=\"https:\/\/upload.cdn.baselinker.com\/products\/3018170\/7f1d6ee88e37414cf2426d50d9bfca5b.jpg\" \/><br \/>\n        <\/section>\n<\/p><\/div>\n<\/section>\n","protected":false},"excerpt":{"rendered":"<p>Nasiona warzyw POMIDOR GRUNTOWY SEJK Pomidor gruntowy \u0160ejk Odmiana wczesna, bardzo plenna. Owoce o\u00a0wadze 80-90 g., kszta\u0142tu pod\u0142u\u017cno-cylindrycznego. Mi\u0105\u017csz bardzo \u015bcis\u0142y, owoce wyr\u00f3wnane o\u00a0wyj\u0105tkowo intensywnej barwie, wyj\u0105tkowo smaczne. Ro\u015bliny wysoko\u015bci 60-80\u00a0cm nie\u00a0wymagaj\u0105 palikowania. Mo\u017ce by\u0107 uprawiany w\u00a0pojemnikach jako ro\u015blina ozdobna. Wysiew do\u00a0ciep\u0142ego inspektu w\u00a0marcu-kwietniu. Wysadza\u0107 na\u00a0miejsce sta\u0142e po\u00a0przej\u015bciu majowych przymrozk\u00f3w. \u2705Siew: III-V \u2705Zbi\u00f3r: \u00bd VI&#8230;<\/p>\n","protected":false},"featured_media":19600,"comment_status":"open","ping_status":"closed","template":"","meta":{"inline_featured_image":false},"product_cat":[126,162,185],"product_tag":[],"location":[],"class_list":{"0":"post-19606","1":"product","2":"type-product","3":"status-publish","4":"has-post-thumbnail","6":"product_cat-nasiona-warzyw","7":"product_cat-nasiona","8":"product_cat-nasiona-pomidorow","9":"nt-post-class","10":"","13":"excerpt-none","16":"first","17":"instock","18":"shipping-taxable","19":"purchasable","20":"product-type-simple"},"_links":{"self":[{"href":"https:\/\/boskienasiona.pl\/en\/wp-json\/wp\/v2\/product\/19606","targetHints":{"allow":["GET"]}}],"collection":[{"href":"https:\/\/boskienasiona.pl\/en\/wp-json\/wp\/v2\/product"}],"about":[{"href":"https:\/\/boskienasiona.pl\/en\/wp-json\/wp\/v2\/types\/product"}],"replies":[{"embeddable":true,"href":"https:\/\/boskienasiona.pl\/en\/wp-json\/wp\/v2\/comments?post=19606"}],"version-history":[{"count":1,"href":"https:\/\/boskienasiona.pl\/en\/wp-json\/wp\/v2\/product\/19606\/revisions"}],"predecessor-version":[{"id":22599,"href":"https:\/\/boskienasiona.pl\/en\/wp-json\/wp\/v2\/product\/19606\/revisions\/22599"}],"wp:featuredmedia":[{"embeddable":true,"href":"https:\/\/boskienasiona.pl\/en\/wp-json\/wp\/v2\/media\/19600"}],"wp:attachment":[{"href":"https:\/\/boskienasiona.pl\/en\/wp-json\/wp\/v2\/media?parent=19606"}],"wp:term":[{"taxonomy":"product_cat","embeddable":true,"href":"https:\/\/boskienasiona.pl\/en\/wp-json\/wp\/v2\/product_cat?post=19606"},{"taxonomy":"product_tag","embeddable":true,"href":"https:\/\/boskienasiona.pl\/en\/wp-json\/wp\/v2\/product_tag?post=19606"},{"taxonomy":"location","embeddable":true,"href":"https:\/\/boskienasiona.pl\/en\/wp-json\/wp\/v2\/location?post=19606"}],"curies":[{"name":"wp","href":"https:\/\/api.w.org\/{rel}","templated":true}]}}