{"id":19615,"date":"2025-02-01T17:10:19","date_gmt":"2025-02-01T16:10:19","guid":{"rendered":"https:\/\/boskienasiona.pl\/product\/nasiona-warzyw-rzodkiwe-rzodkiewka-astor-biala-lagodna\/"},"modified":"2025-12-15T14:18:19","modified_gmt":"2025-12-15T13:18:19","slug":"nasiona-warzyw-rzodkiwe-rzodkiewka-astor-biala-lagodna","status":"publish","type":"product","link":"https:\/\/boskienasiona.pl\/en\/produkt\/nasiona-warzyw-rzodkiwe-rzodkiewka-astor-biala-lagodna\/","title":{"rendered":"Nasiona warzyw Rzodkiwe rzodkiewka Astor bia\u0142a \u0141agodna"},"content":{"rendered":"<section class=\"section\">\n<div class=\"item item-12\">\n<section class=\"text-item\">\n<h1>Nasiona warzyw Rzodkiwe rzodkiewka Astor bia\u0142a \u0141agodna<\/h1>\n<\/section><\/div>\n<\/section>\n<section class=\"section\">\n<div class=\"item item-6\">\n<section class=\"image-item\">\n            <img decoding=\"async\" src=\"https:\/\/upload.cdn.baselinker.com\/products\/3018170\/efec60a9f4b29969caf3ca4697ce1bf6.png\" \/><br \/>\n        <\/section>\n<\/p><\/div>\n<div class=\"item item-6\">\n<section class=\"text-item\">\n<p><b>Rzodkiew Astor<\/b><\/p>\n<p>Odmiana wczesna (okres wegetacji 75 &#8211; 85 dni), przeznaczone do\u00a0bezpo\u015bredniego spo\u017cycia i\u00a0kr\u00f3tkotrwa\u0142ego przechowywania. Zgrubienia bardzo d\u0142ugie kszta\u0142tu cylindrycznego. Sk\u00f3rka i\u00a0mi\u0105\u017csz bia\u0142y o\u00a0\u0142agodnym smaku rzodkiewki. Uprawiamy j\u0105 w\u00a0drugim roku po\u00a0oborniku z\u00a0siewu wprost do\u00a0gruntu. Siew na\u00a0g\u0142\u0119boko\u015b\u0107 2\u00a0cm od\u00a0III do\u00a0V na\u00a0zbi\u00f3r wiosenny i\u00a0od\u00a0po\u0142 VII do\u00a0po\u0142. VIII na\u00a0zbi\u00f3r jesienny.<\/p>\n<p>Wiosenny<\/p>\n<ul>\n<li><b>Siew:<\/b> III &#8211; \u00a0V<\/li>\n<li><b>Zbi\u00f3r:<\/b> V \u2013 VII<\/li>\n<\/ul>\n<p>Jesienny<\/p>\n<ul>\n<li><b>Siew:<\/b> \u00bd VII &#8211; \u00bd VIII<\/li>\n<li><b>Zbi\u00f3r:<\/b> IX-X<\/li>\n<li><b>Rozstawa:<\/b> 15\u00a0x\u00a030 cm<\/li>\n<\/ul>\n<\/section><\/div>\n<\/section>\n<section class=\"section\">\n<div class=\"item item-6\">\n<section class=\"image-item\">\n            <img decoding=\"async\" src=\"https:\/\/upload.cdn.baselinker.com\/products\/3018170\/17221bf868c7a0f46899248734899dc6.png\" \/><br \/>\n        <\/section>\n<\/p><\/div>\n<div class=\"item item-6\">\n<section class=\"text-item\">\n<p><b>SPRAWDZONA JAKO\u015a\u0106 NASION<\/b><\/p>\n<p>Oferowane przez nas nasiona s\u0105 testowane w\u00a0<b>Laboratorium Oceny Nasion pod wzgl\u0119dem:<\/b><\/p>\n<p>\u2705<b>kie\u0142kowania<\/b><\/p>\n<p>\u2705<b>wilgotno\u015bci<\/b><\/p>\n<p>\u2705<b>czysto\u015bci ziarna<\/b><\/p>\n<p><b>Dzi\u0119ki czemu udost\u0119pniane nasiona s\u0105 \u015bci\u015ble wyselekcjonowane, tylko wysokiej klasy.<\/b><\/p>\n<p>Torebki zakupione na naszej aukcji s\u0105 w pe\u0142ni bezpieczne, posiadaj\u0105\u00a0<b>dat\u0119 wa\u017cno\u015bci i nr partii na opakowaniu.<\/b>\u00a0Gwarantujemy r\u00f3wnie\u017c jako\u015b\u0107 i oryginalno\u015b\u0107 produkt\u00f3w, poniewa\u017c s\u0105 nabywane bezpo\u015brednio od producenta.<\/p>\n<\/section><\/div>\n<\/section>\n<section class=\"section\">\n<div class=\"item item-12\">\n<section class=\"image-item\">\n            <img decoding=\"async\" src=\"https:\/\/upload.cdn.baselinker.com\/products\/3018170\/86b88918f819fd874675afafdda00baa.png\" \/><br \/>\n        <\/section>\n<\/p><\/div>\n<\/section>\n<section class=\"section\">\n<div class=\"item item-12\">\n<section class=\"image-item\">\n            <img decoding=\"async\" src=\"https:\/\/upload.cdn.baselinker.com\/products\/3018170\/a650f20fd8a836e91971a14ee36ce591.png\" \/><br \/>\n        <\/section>\n<\/p><\/div>\n<\/section>\n","protected":false},"excerpt":{"rendered":"<p>Nasiona warzyw Rzodkiwe rzodkiewka Astor bia\u0142a \u0141agodna Rzodkiew Astor Odmiana wczesna (okres wegetacji 75 &#8211; 85 dni), przeznaczone do\u00a0bezpo\u015bredniego spo\u017cycia i\u00a0kr\u00f3tkotrwa\u0142ego przechowywania. Zgrubienia bardzo d\u0142ugie kszta\u0142tu cylindrycznego. Sk\u00f3rka i\u00a0mi\u0105\u017csz bia\u0142y o\u00a0\u0142agodnym smaku rzodkiewki. Uprawiamy j\u0105 w\u00a0drugim roku po\u00a0oborniku z\u00a0siewu wprost do\u00a0gruntu. Siew na\u00a0g\u0142\u0119boko\u015b\u0107 2\u00a0cm od\u00a0III do\u00a0V na\u00a0zbi\u00f3r wiosenny i\u00a0od\u00a0po\u0142 VII do\u00a0po\u0142. VIII na\u00a0zbi\u00f3r jesienny. Wiosenny&#8230;<\/p>\n","protected":false},"featured_media":19607,"comment_status":"open","ping_status":"closed","template":"","meta":{"inline_featured_image":false},"product_cat":[126,162],"product_tag":[],"location":[],"class_list":{"0":"post-19615","1":"product","2":"type-product","3":"status-publish","4":"has-post-thumbnail","6":"product_cat-nasiona-warzyw","7":"product_cat-nasiona","8":"nt-post-class","9":"","12":"excerpt-none","15":"first","16":"instock","17":"shipping-taxable","18":"purchasable","19":"product-type-simple"},"_links":{"self":[{"href":"https:\/\/boskienasiona.pl\/en\/wp-json\/wp\/v2\/product\/19615","targetHints":{"allow":["GET"]}}],"collection":[{"href":"https:\/\/boskienasiona.pl\/en\/wp-json\/wp\/v2\/product"}],"about":[{"href":"https:\/\/boskienasiona.pl\/en\/wp-json\/wp\/v2\/types\/product"}],"replies":[{"embeddable":true,"href":"https:\/\/boskienasiona.pl\/en\/wp-json\/wp\/v2\/comments?post=19615"}],"version-history":[{"count":0,"href":"https:\/\/boskienasiona.pl\/en\/wp-json\/wp\/v2\/product\/19615\/revisions"}],"wp:featuredmedia":[{"embeddable":true,"href":"https:\/\/boskienasiona.pl\/en\/wp-json\/wp\/v2\/media\/19607"}],"wp:attachment":[{"href":"https:\/\/boskienasiona.pl\/en\/wp-json\/wp\/v2\/media?parent=19615"}],"wp:term":[{"taxonomy":"product_cat","embeddable":true,"href":"https:\/\/boskienasiona.pl\/en\/wp-json\/wp\/v2\/product_cat?post=19615"},{"taxonomy":"product_tag","embeddable":true,"href":"https:\/\/boskienasiona.pl\/en\/wp-json\/wp\/v2\/product_tag?post=19615"},{"taxonomy":"location","embeddable":true,"href":"https:\/\/boskienasiona.pl\/en\/wp-json\/wp\/v2\/location?post=19615"}],"curies":[{"name":"wp","href":"https:\/\/api.w.org\/{rel}","templated":true}]}}