{"id":19634,"date":"2025-02-01T17:10:57","date_gmt":"2025-02-01T16:10:57","guid":{"rendered":"https:\/\/boskienasiona.pl\/product\/nasiona-warzyw-rzodkwie-rzodkiewki-red-meat-doskonaly-smak-duze-owoce\/"},"modified":"2026-03-30T14:02:31","modified_gmt":"2026-03-30T12:02:31","slug":"nasiona-warzyw-rzodkwie-rzodkiewki-red-meat-doskonaly-smak-duze-owoce","status":"publish","type":"product","link":"https:\/\/boskienasiona.pl\/en\/produkt\/nasiona-warzyw-rzodkwie-rzodkiewki-red-meat-doskonaly-smak-duze-owoce\/","title":{"rendered":"Nasiona warzyw Rzodkwie rzodkiewki RED MEAT DOSKONA\u0141Y SMAK DU\u017bE OWOCE"},"content":{"rendered":"<section class=\"section\">\n<div class=\"item item-12\">\n<section class=\"text-item\">\n<h1>Nasiona warzyw Rzodkwie rzodkiewki RED MEAT DOSKONA\u0141Y SMAK DU\u017bE OWOCE<\/h1>\n<\/section><\/div>\n<\/section>\n<section class=\"section\">\n<div class=\"item item-6\">\n<section class=\"image-item\">\n            <img decoding=\"async\" src=\"https:\/\/upload.cdn.baselinker.com\/products\/3018170\/9910befce1d7f83b34c905bfb705295e.png\" \/><br \/>\n        <\/section>\n<\/p><\/div>\n<div class=\"item item-6\">\n<section class=\"text-item\">\n<p><b>Rzodkiew\u00a0Red\u00a0Meat<\/b><\/p>\n<p>Rephanus sativus var.major<\/p>\n<p>Owoce wielko\u015bci pi\u0142ki tenisowej, o\u00a0wyj\u0105tkowym smaku. Mi\u0105\u017csz wewn\u0105trz chrupi\u0105cy, czerwony, \u0142agodny, o\u00a0lekko orzechowym smaku, mi\u0105\u017csz zewn\u0119trzny ostrzejszy o\u00a0barwie bia\u0142ej. Wysiew do\u00a0gruntu VII-VIII. Doskona\u0142a do\u00a0sa\u0142atek , sur\u00f3wek i\u00a0do\u00a0dekoracji.<\/p>\n<p><b>\u2705Siew:<\/b> IV \u2013 V, VII \u2013 VIII<\/p>\n<p><b>\u2705Zbi\u00f3r:<\/b> V \u2013 VII, IX \u2013 XI<\/p>\n<p><b>\u2705Rozstawa:<\/b> 10-20&#215;10-15 cm<\/p>\n<\/section><\/div>\n<\/section>\n<section class=\"section\">\n<div class=\"item item-6\">\n<section class=\"image-item\">\n            <img decoding=\"async\" src=\"https:\/\/upload.cdn.baselinker.com\/products\/3018170\/8f0049b4d57f825df2d2f006a02e2117.png\" \/><br \/>\n        <\/section>\n<\/p><\/div>\n<div class=\"item item-6\">\n<section class=\"text-item\">\n<p><b>SPRAWDZONA JAKO\u015a\u0106 NASION<\/b><\/p>\n<p>Oferowane przez nas nasiona s\u0105 testowane w\u00a0<b>Laboratorium Oceny Nasion pod wzgl\u0119dem:<\/b><\/p>\n<p>\u2705<b>kie\u0142kowania<\/b><\/p>\n<p>\u2705<b>wilgotno\u015bci<\/b><\/p>\n<p>\u2705<b>czysto\u015bci ziarna<\/b><\/p>\n<p><b>Dzi\u0119ki czemu udost\u0119pniane nasiona s\u0105 \u015bci\u015ble wyselekcjonowane, tylko wysokiej klasy.<\/b><\/p>\n<p>Torebki zakupione na naszej aukcji s\u0105 w pe\u0142ni bezpieczne, posiadaj\u0105\u00a0<b>dat\u0119 wa\u017cno\u015bci i nr partii na opakowaniu.<\/b>\u00a0Gwarantujemy r\u00f3wnie\u017c jako\u015b\u0107 i oryginalno\u015b\u0107 produkt\u00f3w, poniewa\u017c s\u0105 nabywane bezpo\u015brednio od producenta.<\/p>\n<\/section><\/div>\n<\/section>\n<section class=\"section\">\n<div class=\"item item-6\">\n<section class=\"image-item\">\n            <img decoding=\"async\" src=\"https:\/\/upload.cdn.baselinker.com\/products\/3018170\/58864b8f7796c8106099b80a1a6aeda8.jpg\" \/><br \/>\n        <\/section>\n<\/p><\/div>\n<div class=\"item item-6\">\n<section class=\"image-item\">\n            <img decoding=\"async\" src=\"https:\/\/upload.cdn.baselinker.com\/products\/3018170\/8743759d836ad3130c86279bd8bd9b26.jpg\" \/><br \/>\n        <\/section>\n<\/p><\/div>\n<\/section>\n","protected":false},"excerpt":{"rendered":"<p>Nasiona warzyw Rzodkwie rzodkiewki RED MEAT DOSKONA\u0141Y SMAK DU\u017bE OWOCE Rzodkiew\u00a0Red\u00a0Meat Rephanus sativus var.major Owoce wielko\u015bci pi\u0142ki tenisowej, o\u00a0wyj\u0105tkowym smaku. Mi\u0105\u017csz wewn\u0105trz chrupi\u0105cy, czerwony, \u0142agodny, o\u00a0lekko orzechowym smaku, mi\u0105\u017csz zewn\u0119trzny ostrzejszy o\u00a0barwie bia\u0142ej. Wysiew do\u00a0gruntu VII-VIII. Doskona\u0142a do\u00a0sa\u0142atek , sur\u00f3wek i\u00a0do\u00a0dekoracji. \u2705Siew: IV \u2013 V, VII \u2013 VIII \u2705Zbi\u00f3r: V \u2013 VII, IX \u2013 XI&#8230;<\/p>\n","protected":false},"featured_media":19616,"comment_status":"open","ping_status":"closed","template":"","meta":{"inline_featured_image":false},"product_cat":[126,162],"product_tag":[],"location":[],"class_list":{"0":"post-19634","1":"product","2":"type-product","3":"status-publish","4":"has-post-thumbnail","6":"product_cat-nasiona-warzyw","7":"product_cat-nasiona","8":"nt-post-class","9":"","12":"excerpt-none","15":"first","16":"outofstock","17":"shipping-taxable","18":"purchasable","19":"product-type-simple"},"_links":{"self":[{"href":"https:\/\/boskienasiona.pl\/en\/wp-json\/wp\/v2\/product\/19634","targetHints":{"allow":["GET"]}}],"collection":[{"href":"https:\/\/boskienasiona.pl\/en\/wp-json\/wp\/v2\/product"}],"about":[{"href":"https:\/\/boskienasiona.pl\/en\/wp-json\/wp\/v2\/types\/product"}],"replies":[{"embeddable":true,"href":"https:\/\/boskienasiona.pl\/en\/wp-json\/wp\/v2\/comments?post=19634"}],"version-history":[{"count":1,"href":"https:\/\/boskienasiona.pl\/en\/wp-json\/wp\/v2\/product\/19634\/revisions"}],"predecessor-version":[{"id":25695,"href":"https:\/\/boskienasiona.pl\/en\/wp-json\/wp\/v2\/product\/19634\/revisions\/25695"}],"wp:featuredmedia":[{"embeddable":true,"href":"https:\/\/boskienasiona.pl\/en\/wp-json\/wp\/v2\/media\/19616"}],"wp:attachment":[{"href":"https:\/\/boskienasiona.pl\/en\/wp-json\/wp\/v2\/media?parent=19634"}],"wp:term":[{"taxonomy":"product_cat","embeddable":true,"href":"https:\/\/boskienasiona.pl\/en\/wp-json\/wp\/v2\/product_cat?post=19634"},{"taxonomy":"product_tag","embeddable":true,"href":"https:\/\/boskienasiona.pl\/en\/wp-json\/wp\/v2\/product_tag?post=19634"},{"taxonomy":"location","embeddable":true,"href":"https:\/\/boskienasiona.pl\/en\/wp-json\/wp\/v2\/location?post=19634"}],"curies":[{"name":"wp","href":"https:\/\/api.w.org\/{rel}","templated":true}]}}