{"id":19645,"date":"2025-02-01T17:11:31","date_gmt":"2025-02-01T16:11:31","guid":{"rendered":"https:\/\/boskienasiona.pl\/product\/nasiona-warzyw-salata-maslowa-humil-zimujaca-jedrna-zimujaca\/"},"modified":"2026-04-18T14:17:17","modified_gmt":"2026-04-18T12:17:17","slug":"nasiona-warzyw-salata-maslowa-humil-zimujaca-jedrna-zimujaca","status":"publish","type":"product","link":"https:\/\/boskienasiona.pl\/en\/produkt\/nasiona-warzyw-salata-maslowa-humil-zimujaca-jedrna-zimujaca\/","title":{"rendered":"Nasiona warzyw Sa\u0142ata Mas\u0142owa HUMIL Zimuj\u0105ca J\u0119drna ZIMUJ\u0104CA"},"content":{"rendered":"<section class=\"section\">\n<div class=\"item item-12\">\n<section class=\"text-item\">\n<h1>Nasiona warzyw Sa\u0142ata Mas\u0142owa HUMIL Zimuj\u0105ca J\u0119drna ZIMUJ\u0104CA<\/h1>\n<\/section><\/div>\n<\/section>\n<section class=\"section\">\n<div class=\"item item-6\">\n<section class=\"image-item\">\n            <img decoding=\"async\" src=\"https:\/\/upload.cdn.baselinker.com\/products\/3018170\/03212c89680a608ca746c34913a1c323.png\" \/><br \/>\n        <\/section>\n<\/p><\/div>\n<div class=\"item item-6\">\n<section class=\"text-item\">\n<p><b>Sa\u0142ata mas\u0142owa zimuj\u0105ca Humil<\/b><\/p>\n<p>Odmiana sa\u0142aty mas\u0142owej doskonale zimuj\u0105ca w\u00a0gruncie bez\u00a0os\u0142on, przeznaczona do\u00a0bardzo wczesnych wiosennych zbior\u00f3w.\u00a0 Tworzy \u015bredniej wielko\u015bci dobrze zamkni\u0119te jasnozielone g\u0142\u00f3wki o\u00a0lekko podniesionych \u00a0nad\u00a0gleb\u0105 zewn\u0119trznych li\u015bciach co chroni sa\u0142at\u0119 przed gniciem. Siew bezpo\u015brednio do\u00a0gruntu na\u00a0g\u0142\u0119boko\u015b\u0107 0,5cm od\u00a025 sierpnia do\u00a0po\u0142owy wrze\u015bnia, zbi\u00f3r od\u00a0kwietnia do\u00a0ko\u0144ca maja. Mo\u017cna tak\u017ce wyprodukowa\u0107 rozsad\u0119 kt\u00f3r\u0105 mo\u017cna wysadza\u0107 na\u00a0miejsce sta\u0142e do\u00a0ko\u0144ca pa\u017adziernika.<\/p>\n<ul>\n<li><b>Siew:<\/b> \u00bd VIII \u2013 X<\/li>\n<li><b>Zbi\u00f3r:<\/b> IV- V<\/li>\n<li><b>Rozstawa:<\/b> 30 x 30 cm<\/li>\n<\/ul>\n<\/section><\/div>\n<\/section>\n<section class=\"section\">\n<div class=\"item item-6\">\n<section class=\"image-item\">\n            <img decoding=\"async\" src=\"https:\/\/upload.cdn.baselinker.com\/products\/3018170\/4decafd7e089cb19e42dbab69d8e19b0.jpg\" \/><br \/>\n        <\/section>\n<\/p><\/div>\n<div class=\"item item-6\">\n<section class=\"text-item\">\n<p><b>Sa\u0142ata<\/b>\u00a0jest jednym z najpopularniejszych warzyw w Polsce. Jest g\u0142\u00f3wnym sk\u0142adnikiem wielu sa\u0142atek, ale tak\u017ce ch\u0119tnie wybierana jako dodatek do obiad\u00f3w. Doskonale komponuje si\u0119 z innymi warzywami, na przyk\u0142ad pomidorami, papryk\u0105,\u00a0og\u00f3rkiem\u00a0i wieloma innymi.<\/p>\n<p>Sa\u0142ata jest bogatym \u017ar\u00f3d\u0142em<b> witaminy A, C oraz witamin z grupy B<\/b>. Zawiera tak\u017ce kwas foliowy i b\u0142onnik, kt\u00f3re zmniejszaj\u0105 wch\u0142anianie t\u0142uszcz\u00f3w oraz cukr\u00f3w. Jest tak\u017ce bogata w sole mineralne, szczeg\u00f3lnie w wap\u0144 oraz \u017celazo.<\/p>\n<\/section><\/div>\n<\/section>\n<section class=\"section\">\n<div class=\"item item-6\">\n<section class=\"image-item\">\n            <img decoding=\"async\" src=\"https:\/\/upload.cdn.baselinker.com\/products\/3018170\/c10f763b415482ec02dff72fc9f78272.png\" \/><br \/>\n        <\/section>\n<\/p><\/div>\n<div class=\"item item-6\">\n<section class=\"text-item\">\n<p><b>SPRAWDZONA JAKO\u015a\u0106 NASION<\/b><\/p>\n<p>Oferowane przez nas nasiona s\u0105 testowane w\u00a0<b>Laboratorium Oceny Nasion pod wzgl\u0119dem:<\/b><\/p>\n<p>\u2705<b>kie\u0142kowania<\/b><\/p>\n<p>\u2705<b>wilgotno\u015bci<\/b><\/p>\n<p>\u2705<b>czysto\u015bci ziarna<\/b><\/p>\n<p><b>Dzi\u0119ki czemu udost\u0119pniane nasiona s\u0105 \u015bci\u015ble wyselekcjonowane, tylko wysokiej klasy.<\/b><\/p>\n<p>Gwarantujemy r\u00f3wnie\u017c jako\u015b\u0107 i oryginalno\u015b\u0107 produkt\u00f3w, poniewa\u017c s\u0105 nabywane bezpo\u015brednio od producenta.<\/p>\n<\/section><\/div>\n<\/section>\n","protected":false},"excerpt":{"rendered":"<p>Nasiona warzyw Sa\u0142ata Mas\u0142owa HUMIL Zimuj\u0105ca J\u0119drna ZIMUJ\u0104CA Sa\u0142ata mas\u0142owa zimuj\u0105ca Humil Odmiana sa\u0142aty mas\u0142owej doskonale zimuj\u0105ca w\u00a0gruncie bez\u00a0os\u0142on, przeznaczona do\u00a0bardzo wczesnych wiosennych zbior\u00f3w.\u00a0 Tworzy \u015bredniej wielko\u015bci dobrze zamkni\u0119te jasnozielone g\u0142\u00f3wki o\u00a0lekko podniesionych \u00a0nad\u00a0gleb\u0105 zewn\u0119trznych li\u015bciach co chroni sa\u0142at\u0119 przed gniciem. Siew bezpo\u015brednio do\u00a0gruntu na\u00a0g\u0142\u0119boko\u015b\u0107 0,5cm od\u00a025 sierpnia do\u00a0po\u0142owy wrze\u015bnia, zbi\u00f3r od\u00a0kwietnia do\u00a0ko\u0144ca maja. Mo\u017cna&#8230;<\/p>\n","protected":false},"featured_media":19635,"comment_status":"open","ping_status":"closed","template":"","meta":{"inline_featured_image":false},"product_cat":[126,162],"product_tag":[],"location":[],"class_list":{"0":"post-19645","1":"product","2":"type-product","3":"status-publish","4":"has-post-thumbnail","6":"product_cat-nasiona-warzyw","7":"product_cat-nasiona","8":"nt-post-class","9":"","12":"excerpt-none","15":"first","16":"instock","17":"shipping-taxable","18":"purchasable","19":"product-type-simple"},"_links":{"self":[{"href":"https:\/\/boskienasiona.pl\/en\/wp-json\/wp\/v2\/product\/19645","targetHints":{"allow":["GET"]}}],"collection":[{"href":"https:\/\/boskienasiona.pl\/en\/wp-json\/wp\/v2\/product"}],"about":[{"href":"https:\/\/boskienasiona.pl\/en\/wp-json\/wp\/v2\/types\/product"}],"replies":[{"embeddable":true,"href":"https:\/\/boskienasiona.pl\/en\/wp-json\/wp\/v2\/comments?post=19645"}],"version-history":[{"count":0,"href":"https:\/\/boskienasiona.pl\/en\/wp-json\/wp\/v2\/product\/19645\/revisions"}],"wp:featuredmedia":[{"embeddable":true,"href":"https:\/\/boskienasiona.pl\/en\/wp-json\/wp\/v2\/media\/19635"}],"wp:attachment":[{"href":"https:\/\/boskienasiona.pl\/en\/wp-json\/wp\/v2\/media?parent=19645"}],"wp:term":[{"taxonomy":"product_cat","embeddable":true,"href":"https:\/\/boskienasiona.pl\/en\/wp-json\/wp\/v2\/product_cat?post=19645"},{"taxonomy":"product_tag","embeddable":true,"href":"https:\/\/boskienasiona.pl\/en\/wp-json\/wp\/v2\/product_tag?post=19645"},{"taxonomy":"location","embeddable":true,"href":"https:\/\/boskienasiona.pl\/en\/wp-json\/wp\/v2\/location?post=19645"}],"curies":[{"name":"wp","href":"https:\/\/api.w.org\/{rel}","templated":true}]}}