{"id":19675,"date":"2025-02-01T17:12:24","date_gmt":"2025-02-01T16:12:24","guid":{"rendered":"https:\/\/boskienasiona.pl\/product\/nasiona-warzywa-ozdobne-papryka-ozdobna-mix\/"},"modified":"2026-04-19T06:16:11","modified_gmt":"2026-04-19T04:16:11","slug":"nasiona-warzywa-ozdobne-papryka-ozdobna-mix","status":"publish","type":"product","link":"https:\/\/boskienasiona.pl\/en\/produkt\/nasiona-warzywa-ozdobne-papryka-ozdobna-mix\/","title":{"rendered":"Nasiona warzywa ozdobne Papryka ozdobna MIX"},"content":{"rendered":"<section class=\"section\">\n<div class=\"item item-12\">\n<section class=\"text-item\">\n<h1>Nasiona warzywa ozdobne Papryka ozdobna MIX<\/h1>\n<\/section><\/div>\n<\/section>\n<section class=\"section\">\n<div class=\"item item-6\">\n<section class=\"image-item\"><img decoding=\"async\" src=\"https:\/\/upload.cdn.baselinker.com\/products\/3018170\/534f89bda36503c0de7df9f9f710f2ee.jpg\" \/><\/section>\n<\/p><\/div>\n<div class=\"item item-6\">\n<section class=\"text-item\">\n<p><b>Papryka&nbsp;ozdobna&nbsp;mieszanka<\/b><\/p>\n<p>Capsicum annuum<\/p>\n<p><b>Ozdobna<\/b>, jednoroczna ro\u015blina doniczkowa. Wysok\u0105 warto\u015b\u0107 dekoracyjn\u0105 stanowi\u0105 drobne owoce o&nbsp;b\u0142yszcz\u0105cej sk\u00f3rce, w&nbsp;r\u00f3\u017cnych kolorach w&nbsp;zale\u017cno\u015bci od&nbsp;fazy dojrzewania, ukazuj\u0105&nbsp;si\u0119 latem i&nbsp;s\u0105 ozdob\u0105 do&nbsp;p\u00f3\u017anej jesieni. Siew nasion od&nbsp;III-V&nbsp; do&nbsp;skrzynek balkonowych i&nbsp;pojemnik\u00f3w. Wymaga pikowania. Na&nbsp;miejsce sta\u0142e rozsad\u0119 wysadza\u0107 w&nbsp;maju do&nbsp;doniczek. Wymaga stanowiska dobrze nas\u0142onecznionego i&nbsp;regularnego podlewania.<\/p>\n<ul>\n<li><b>Siew:<\/b> III-V<\/li>\n<li><b>Rozstawa:<\/b> 20&#215;25 cm<\/li>\n<li><b>Wysoko\u015b\u0107:<\/b> 20-40 cm<\/li>\n<li><b>Kwitnienie:<\/b> VI-X<\/li>\n<\/ul>\n<\/section><\/div>\n<\/section>\n<section class=\"section\">\n<div class=\"item item-6\">\n<section class=\"image-item\"><img decoding=\"async\" src=\"https:\/\/upload.cdn.baselinker.com\/products\/3018170\/f094f277681741add6294dcf7c6f8263.jpg\" \/><\/section>\n<\/p><\/div>\n<div class=\"item item-6\">\n<section class=\"text-item\">\n<p><b>SPRAWDZONA JAKO\u015a\u0106 NASION<\/b><\/p>\n<p>Oferowane przez nas nasiona s\u0105 testowane w\u00a0<b>Laboratorium Oceny Nasion pod wzgl\u0119dem:<\/b><\/p>\n<p>\u2705<b>kie\u0142kowania<\/b><\/p>\n<p>\u2705<b>wilgotno\u015bci<\/b><\/p>\n<p>\u2705<b>czysto\u015bci ziarna<\/b><\/p>\n<p><b>Dzi\u0119ki czemu udost\u0119pniane nasiona s\u0105 \u015bci\u015ble wyselekcjonowane, tylko wysokiej klasy.<\/b><\/p>\n<p>Torebki zakupione na naszej aukcji s\u0105 w pe\u0142ni bezpieczne, posiadaj\u0105\u00a0<b>dat\u0119 wa\u017cno\u015bci i nr partii na opakowaniu.<\/b>\u00a0Gwarantujemy r\u00f3wnie\u017c jako\u015b\u0107 i oryginalno\u015b\u0107 produkt\u00f3w, poniewa\u017c s\u0105 nabywane bezpo\u015brednio od producenta.<\/p>\n<\/section><\/div>\n<\/section>\n<section class=\"section\">\n<div class=\"item item-6\">\n<section class=\"image-item\"><img decoding=\"async\" src=\"https:\/\/upload.cdn.baselinker.com\/products\/3018170\/103da15aa9aede722c0af6625e80bddc.jpg\" \/><\/section>\n<\/p><\/div>\n<div class=\"item item-6\">\n<section class=\"image-item\"><img decoding=\"async\" src=\"https:\/\/upload.cdn.baselinker.com\/products\/3018170\/d9a3d0dfe4037f48eaa204df08a36664.jpg\" \/><\/section>\n<\/p><\/div>\n<\/section>\n","protected":false},"excerpt":{"rendered":"<p>Nasiona warzywa ozdobne Papryka ozdobna MIX Papryka&nbsp;ozdobna&nbsp;mieszanka Capsicum annuum Ozdobna, jednoroczna ro\u015blina doniczkowa. Wysok\u0105 warto\u015b\u0107 dekoracyjn\u0105 stanowi\u0105 drobne owoce o&nbsp;b\u0142yszcz\u0105cej sk\u00f3rce, w&nbsp;r\u00f3\u017cnych kolorach w&nbsp;zale\u017cno\u015bci od&nbsp;fazy dojrzewania, ukazuj\u0105&nbsp;si\u0119 latem i&nbsp;s\u0105 ozdob\u0105 do&nbsp;p\u00f3\u017anej jesieni. Siew nasion od&nbsp;III-V&nbsp; do&nbsp;skrzynek balkonowych i&nbsp;pojemnik\u00f3w. Wymaga pikowania. Na&nbsp;miejsce sta\u0142e rozsad\u0119 wysadza\u0107 w&nbsp;maju do&nbsp;doniczek. Wymaga stanowiska dobrze nas\u0142onecznionego i&nbsp;regularnego podlewania. Siew: III-V Rozstawa:&#8230;<\/p>\n","protected":false},"featured_media":21654,"comment_status":"open","ping_status":"closed","template":"","meta":{"inline_featured_image":false},"product_cat":[134,162,188],"product_tag":[],"location":[],"class_list":{"0":"post-19675","1":"product","2":"type-product","3":"status-publish","4":"has-post-thumbnail","6":"product_cat-nasiona-kwiatow","7":"product_cat-nasiona","8":"product_cat-nasiona-papryki","9":"nt-post-class","10":"","13":"excerpt-none","16":"first","17":"instock","18":"shipping-taxable","19":"purchasable","20":"product-type-simple"},"_links":{"self":[{"href":"https:\/\/boskienasiona.pl\/en\/wp-json\/wp\/v2\/product\/19675","targetHints":{"allow":["GET"]}}],"collection":[{"href":"https:\/\/boskienasiona.pl\/en\/wp-json\/wp\/v2\/product"}],"about":[{"href":"https:\/\/boskienasiona.pl\/en\/wp-json\/wp\/v2\/types\/product"}],"replies":[{"embeddable":true,"href":"https:\/\/boskienasiona.pl\/en\/wp-json\/wp\/v2\/comments?post=19675"}],"version-history":[{"count":1,"href":"https:\/\/boskienasiona.pl\/en\/wp-json\/wp\/v2\/product\/19675\/revisions"}],"predecessor-version":[{"id":21691,"href":"https:\/\/boskienasiona.pl\/en\/wp-json\/wp\/v2\/product\/19675\/revisions\/21691"}],"wp:featuredmedia":[{"embeddable":true,"href":"https:\/\/boskienasiona.pl\/en\/wp-json\/wp\/v2\/media\/21654"}],"wp:attachment":[{"href":"https:\/\/boskienasiona.pl\/en\/wp-json\/wp\/v2\/media?parent=19675"}],"wp:term":[{"taxonomy":"product_cat","embeddable":true,"href":"https:\/\/boskienasiona.pl\/en\/wp-json\/wp\/v2\/product_cat?post=19675"},{"taxonomy":"product_tag","embeddable":true,"href":"https:\/\/boskienasiona.pl\/en\/wp-json\/wp\/v2\/product_tag?post=19675"},{"taxonomy":"location","embeddable":true,"href":"https:\/\/boskienasiona.pl\/en\/wp-json\/wp\/v2\/location?post=19675"}],"curies":[{"name":"wp","href":"https:\/\/api.w.org\/{rel}","templated":true}]}}