{"id":19682,"date":"2025-02-01T17:12:47","date_gmt":"2025-02-01T16:12:47","guid":{"rendered":"https:\/\/boskienasiona.pl\/product\/nasiona-warzyw-szczaw-krwisty-bogatym-zrodlem-beta-karotenu\/"},"modified":"2026-04-19T06:16:12","modified_gmt":"2026-04-19T04:16:12","slug":"nasiona-warzyw-szczaw-krwisty-bogatym-zrodlem-beta-karotenu","status":"publish","type":"product","link":"https:\/\/boskienasiona.pl\/en\/produkt\/nasiona-warzyw-szczaw-krwisty-bogatym-zrodlem-beta-karotenu\/","title":{"rendered":"Nasiona warzyw Szczaw Krwisty bogatym \u017ar\u00f3d\u0142em beta-karotenu"},"content":{"rendered":"<section class=\"section\">\n<div class=\"item item-12\">\n<section class=\"text-item\">\n<h1>Nasiona warzyw Szczaw Krwisty bogatym \u017ar\u00f3d\u0142em beta-karotenu<\/h1>\n<\/section><\/div>\n<\/section>\n<section class=\"section\">\n<div class=\"item item-6\">\n<section class=\"image-item\">\n            <img decoding=\"async\" src=\"https:\/\/upload.cdn.baselinker.com\/products\/3018170\/33f6ff3ab93c9fb9ef3e41b85fdbad77.png\" \/><br \/>\n        <\/section>\n<\/p><\/div>\n<div class=\"item item-6\">\n<section class=\"text-item\">\n<p><b>Szczaw krwisty<\/b><\/p>\n<p>RUMEX SANGUINEUS<\/p>\n<p>Ma\u0142o wymagaj\u0105ca, niezwykle dekoracyjna ro\u015blina wieloletnia. Tworzy zwarte k\u0119py li\u015bci, kt\u00f3rych zielona blaszka li\u015bciowa utkana jest siateczk\u0105 karminowych \u017cy\u0142ek nerwowych. M\u0142ode li\u015bcie maj\u0105 smak podobny do li\u015bci szczawiu. S\u0105 bogatym \u017ar\u00f3d\u0142em beta-karotenu, kt\u00f3ry op\u00f3\u017ania procesy starzenia, a tak\u017ce rutyny, kt\u00f3ra uszczelnia i wzmacnia naczynia krwiono\u015bne. Wysiew na g\u0142\u0119boko\u015b\u0107 1 cm od IV-VI lub VIII, bezpo\u015brednio do gruntu.<\/p>\n<ul>\n<li><b>Siew inspekt:<\/b> IV-VI<\/li>\n<li><b>Siew grunt:<\/b> VIII<\/li>\n<li><b>Rozstawa:<\/b> 50\u00d730 cm<\/li>\n<li><b>Przesadzanie:<\/b> VII-VIII<\/li>\n<li><b>Zbi\u00f3r:<\/b> V\u2013X<\/li>\n<\/ul>\n<\/section><\/div>\n<\/section>\n<section class=\"section\">\n<div class=\"item item-6\">\n<section class=\"image-item\">\n            <img decoding=\"async\" src=\"https:\/\/upload.cdn.baselinker.com\/products\/3018170\/31c66528de0899692de2710da7144038.png\" \/><br \/>\n        <\/section>\n<\/p><\/div>\n<div class=\"item item-6\">\n<section class=\"text-item\">\n<p><b>SPRAWDZONA JAKO\u015a\u0106 NASION<\/b><\/p>\n<p>Oferowane przez nas nasiona s\u0105 testowane w\u00a0<b>Laboratorium Oceny Nasion pod wzgl\u0119dem:<\/b><\/p>\n<p>\u2705<b>kie\u0142kowania<\/b><\/p>\n<p>\u2705<b>wilgotno\u015bci<\/b><\/p>\n<p>\u2705<b>czysto\u015bci ziarna<\/b><\/p>\n<p><b>Dzi\u0119ki czemu udost\u0119pniane nasiona s\u0105 \u015bci\u015ble wyselekcjonowane, tylko wysokiej klasy.<\/b><\/p>\n<p>Torebki zakupione na naszej aukcji s\u0105 w pe\u0142ni bezpieczne, posiadaj\u0105\u00a0<b>dat\u0119 wa\u017cno\u015bci i nr partii na opakowaniu.<\/b>\u00a0Gwarantujemy r\u00f3wnie\u017c jako\u015b\u0107 i oryginalno\u015b\u0107 produkt\u00f3w, poniewa\u017c s\u0105 nabywane bezpo\u015brednio od producenta.<\/p>\n<\/section><\/div>\n<\/section>\n<section class=\"section\">\n<div class=\"item item-12\">\n<section class=\"image-item\">\n            <img decoding=\"async\" src=\"https:\/\/upload.cdn.baselinker.com\/products\/3018170\/88cf9dd55e107b375e51b87e2ee021b6.jpg\" \/><br \/>\n        <\/section>\n<\/p><\/div>\n<\/section>\n","protected":false},"excerpt":{"rendered":"<p>Nasiona warzyw Szczaw Krwisty bogatym \u017ar\u00f3d\u0142em beta-karotenu Szczaw krwisty RUMEX SANGUINEUS Ma\u0142o wymagaj\u0105ca, niezwykle dekoracyjna ro\u015blina wieloletnia. Tworzy zwarte k\u0119py li\u015bci, kt\u00f3rych zielona blaszka li\u015bciowa utkana jest siateczk\u0105 karminowych \u017cy\u0142ek nerwowych. M\u0142ode li\u015bcie maj\u0105 smak podobny do li\u015bci szczawiu. S\u0105 bogatym \u017ar\u00f3d\u0142em beta-karotenu, kt\u00f3ry op\u00f3\u017ania procesy starzenia, a tak\u017ce rutyny, kt\u00f3ra uszczelnia i wzmacnia naczynia&#8230;<\/p>\n","protected":false},"featured_media":19676,"comment_status":"open","ping_status":"closed","template":"","meta":{"inline_featured_image":false},"product_cat":[126,162],"product_tag":[],"location":[],"class_list":{"0":"post-19682","1":"product","2":"type-product","3":"status-publish","4":"has-post-thumbnail","6":"product_cat-nasiona-warzyw","7":"product_cat-nasiona","8":"nt-post-class","9":"","12":"excerpt-none","15":"first","16":"instock","17":"shipping-taxable","18":"purchasable","19":"product-type-simple"},"_links":{"self":[{"href":"https:\/\/boskienasiona.pl\/en\/wp-json\/wp\/v2\/product\/19682","targetHints":{"allow":["GET"]}}],"collection":[{"href":"https:\/\/boskienasiona.pl\/en\/wp-json\/wp\/v2\/product"}],"about":[{"href":"https:\/\/boskienasiona.pl\/en\/wp-json\/wp\/v2\/types\/product"}],"replies":[{"embeddable":true,"href":"https:\/\/boskienasiona.pl\/en\/wp-json\/wp\/v2\/comments?post=19682"}],"version-history":[{"count":0,"href":"https:\/\/boskienasiona.pl\/en\/wp-json\/wp\/v2\/product\/19682\/revisions"}],"wp:featuredmedia":[{"embeddable":true,"href":"https:\/\/boskienasiona.pl\/en\/wp-json\/wp\/v2\/media\/19676"}],"wp:attachment":[{"href":"https:\/\/boskienasiona.pl\/en\/wp-json\/wp\/v2\/media?parent=19682"}],"wp:term":[{"taxonomy":"product_cat","embeddable":true,"href":"https:\/\/boskienasiona.pl\/en\/wp-json\/wp\/v2\/product_cat?post=19682"},{"taxonomy":"product_tag","embeddable":true,"href":"https:\/\/boskienasiona.pl\/en\/wp-json\/wp\/v2\/product_tag?post=19682"},{"taxonomy":"location","embeddable":true,"href":"https:\/\/boskienasiona.pl\/en\/wp-json\/wp\/v2\/location?post=19682"}],"curies":[{"name":"wp","href":"https:\/\/api.w.org\/{rel}","templated":true}]}}