{"id":19691,"date":"2025-02-01T17:13:05","date_gmt":"2025-02-01T16:13:05","guid":{"rendered":"https:\/\/boskienasiona.pl\/product\/nasiona-warzyw-kalafior-eearly-snowball-bardzo-wczesny-odporny-na-omszenia\/"},"modified":"2026-04-19T14:17:29","modified_gmt":"2026-04-19T12:17:29","slug":"nasiona-warzyw-kalafior-eearly-snowball-bardzo-wczesny-odporny-na-omszenia","status":"publish","type":"product","link":"https:\/\/boskienasiona.pl\/en\/produkt\/nasiona-warzyw-kalafior-eearly-snowball-bardzo-wczesny-odporny-na-omszenia\/","title":{"rendered":"Nasiona warzyw Kalafior Eearly Snowball Bardzo Wczesny odporny na omszenia"},"content":{"rendered":"<section class=\"section\">\n<div class=\"item item-6\">\n<section class=\"image-item\"><img decoding=\"async\" src=\"https:\/\/upload.cdn.baselinker.com\/products\/3018170\/32b5d67555922206496dcddd1f106aff.jpg\" \/><\/section>\n<\/p><\/div>\n<div class=\"item item-6\">\n<section class=\"text-item\">\n<h1>Kalafior\u00a0Eearly Snowball X<\/h1>\n<p>Odmiana bardzo wczesna, przeznaczona na\u00a0zbi\u00f3r wiosenny, letni i\u00a0jesienny, do\u00a0zbioru nadaje\u00a0si\u0119 ju\u017c po\u00a065 dniach od\u00a0wysadzenia rozsady. Tworzy zwi\u0119z\u0142e, \u015bnie\u017cnobia\u0142e, du\u017ce r\u00f3\u017ce dobrze okryte szerokimi li\u015b\u0107mi. Jest odporna\u00a0no omszenia, r\u00f3\u017cowienie i\u00a0przerastanie li\u015b\u0107mi. Na\u00a0zbi\u00f3r wiosenny wysiew pod\u00a0os\u0142onami I-III; sadzanie\u00a0 rozsady IV-V; na\u00a0zbi\u00f3r letni wysiew w\u00a0III-IV pod\u00a0os\u0142ony, sadzanie rozsady w\u00a0V, na\u00a0zbi\u00f3r jesienny wysiew koniec V do\u00a0po\u0142owy VI, sadzenie rozsady VII.<\/p>\n<p><b>\u2705Siew:<\/b> \u00bd I- VI<\/p>\n<p><b>\u2705Zbi\u00f3r:<\/b> VI- X<\/p>\n<p><b>\u2705Rozstawa:<\/b> 40 x 50 cm<\/p>\n<\/section><\/div>\n<\/section>\n<section class=\"section\">\n<div class=\"item item-12\">\n<section class=\"image-item\"><img decoding=\"async\" src=\"https:\/\/upload.cdn.baselinker.com\/products\/3018170\/7e23c80235dfdbf67309235303e75481.jpg\" \/><\/section>\n<\/p><\/div>\n<\/section>\n<section class=\"section\">\n<div class=\"item item-12\">\n<section class=\"image-item\"><img decoding=\"async\" src=\"https:\/\/upload.cdn.baselinker.com\/products\/3018170\/c3c1f1229cb066fae72c6b6a1795ce8b.jpg\" \/><\/section>\n<\/p><\/div>\n<\/section>\n<section class=\"section\">\n<div class=\"item item-6\">\n<section class=\"image-item\"><img decoding=\"async\" src=\"https:\/\/upload.cdn.baselinker.com\/products\/3018170\/7f14967d1573d458e75a8655b6c10190.jpg\" \/><\/section>\n<\/p><\/div>\n<div class=\"item item-6\">\n<section class=\"text-item\">\n<p><b>SPRAWDZONA JAKO\u015a\u0106 NASION<\/b><\/p>\n<p>Oferowane przez nas nasiona s\u0105 testowane w <b>Laboratorium Oceny Nasion pod wzgl\u0119dem:<\/b><\/p>\n<p>\u2705<b>kie\u0142kowania<\/b><\/p>\n<p>\u2705<b>wilgotno\u015bci<\/b><\/p>\n<p>\u2705<b>czysto\u015bci ziarna<\/b><\/p>\n<p><b>Dzi\u0119ki czemu udost\u0119pniane nasiona s\u0105 \u015bci\u015ble wyselekcjonowane, tylko wysokiej klasy.<\/b><\/p>\n<p>Torebki zakupione na naszej aukcji s\u0105 w pe\u0142ni bezpieczne, posiadaj\u0105 <b>dat\u0119 wa\u017cno\u015bci i nr partii na opakowaniu.<\/b> Gwarantujemy r\u00f3wnie\u017c jako\u015b\u0107 i oryginalno\u015b\u0107 produkt\u00f3w, poniewa\u017c s\u0105 nabywane bezpo\u015brednio od producenta.<\/p>\n<\/section><\/div>\n<\/section>\n","protected":false},"excerpt":{"rendered":"<p>Kalafior\u00a0Eearly Snowball X Odmiana bardzo wczesna, przeznaczona na\u00a0zbi\u00f3r wiosenny, letni i\u00a0jesienny, do\u00a0zbioru nadaje\u00a0si\u0119 ju\u017c po\u00a065 dniach od\u00a0wysadzenia rozsady. Tworzy zwi\u0119z\u0142e, \u015bnie\u017cnobia\u0142e, du\u017ce r\u00f3\u017ce dobrze okryte szerokimi li\u015b\u0107mi. Jest odporna\u00a0no omszenia, r\u00f3\u017cowienie i\u00a0przerastanie li\u015b\u0107mi. Na\u00a0zbi\u00f3r wiosenny wysiew pod\u00a0os\u0142onami I-III; sadzanie\u00a0 rozsady IV-V; na\u00a0zbi\u00f3r letni wysiew w\u00a0III-IV pod\u00a0os\u0142ony, sadzanie rozsady w\u00a0V, na\u00a0zbi\u00f3r jesienny wysiew koniec V do\u00a0po\u0142owy&#8230;<\/p>\n","protected":false},"featured_media":19683,"comment_status":"open","ping_status":"closed","template":"","meta":{"inline_featured_image":false},"product_cat":[126,162],"product_tag":[],"location":[],"class_list":{"0":"post-19691","1":"product","2":"type-product","3":"status-publish","4":"has-post-thumbnail","6":"product_cat-nasiona-warzyw","7":"product_cat-nasiona","8":"nt-post-class","9":"","12":"excerpt-none","15":"first","16":"instock","17":"shipping-taxable","18":"purchasable","19":"product-type-simple"},"_links":{"self":[{"href":"https:\/\/boskienasiona.pl\/en\/wp-json\/wp\/v2\/product\/19691","targetHints":{"allow":["GET"]}}],"collection":[{"href":"https:\/\/boskienasiona.pl\/en\/wp-json\/wp\/v2\/product"}],"about":[{"href":"https:\/\/boskienasiona.pl\/en\/wp-json\/wp\/v2\/types\/product"}],"replies":[{"embeddable":true,"href":"https:\/\/boskienasiona.pl\/en\/wp-json\/wp\/v2\/comments?post=19691"}],"version-history":[{"count":0,"href":"https:\/\/boskienasiona.pl\/en\/wp-json\/wp\/v2\/product\/19691\/revisions"}],"wp:featuredmedia":[{"embeddable":true,"href":"https:\/\/boskienasiona.pl\/en\/wp-json\/wp\/v2\/media\/19683"}],"wp:attachment":[{"href":"https:\/\/boskienasiona.pl\/en\/wp-json\/wp\/v2\/media?parent=19691"}],"wp:term":[{"taxonomy":"product_cat","embeddable":true,"href":"https:\/\/boskienasiona.pl\/en\/wp-json\/wp\/v2\/product_cat?post=19691"},{"taxonomy":"product_tag","embeddable":true,"href":"https:\/\/boskienasiona.pl\/en\/wp-json\/wp\/v2\/product_tag?post=19691"},{"taxonomy":"location","embeddable":true,"href":"https:\/\/boskienasiona.pl\/en\/wp-json\/wp\/v2\/location?post=19691"}],"curies":[{"name":"wp","href":"https:\/\/api.w.org\/{rel}","templated":true}]}}