{"id":19696,"date":"2025-02-01T17:13:15","date_gmt":"2025-02-01T16:13:15","guid":{"rendered":"https:\/\/boskienasiona.pl\/product\/nasiona-warzyw-bob-bialy-hangdown-srednio-wczesny\/"},"modified":"2025-03-29T22:22:46","modified_gmt":"2025-03-29T21:22:46","slug":"nasiona-warzyw-bob-bialy-hangdown-srednio-wczesny","status":"publish","type":"product","link":"https:\/\/boskienasiona.pl\/en\/produkt\/nasiona-warzyw-bob-bialy-hangdown-srednio-wczesny\/","title":{"rendered":"Nasiona warzyw B\u00d3B BIA\u0141Y Hangdown \u015brednio wczesny"},"content":{"rendered":"<section class=\"section\">\n<div class=\"item item-6\">\n<section class=\"image-item\"><img decoding=\"async\" src=\"https:\/\/upload.cdn.baselinker.com\/products\/3018170\/81b5596cb10654810ac3ff5bc874e5f1.jpg\" \/><\/section>\n<\/p><\/div>\n<div class=\"item item-6\">\n<section class=\"text-item\">\n<h1>B\u00f3b Hangdown Bia\u0142y (\u015brednio wczesny)<\/h1>\n<p>Odmiana \u015brednio-wczesna, bardzo plenna. Ro\u015bliny tworz\u0105ce 8-14 str\u0105k\u00f3w zawieraj\u0105cych do&nbsp;5 nasion. \u015awie\u017ce nasiona w&nbsp;kolorze bia\u0142o-seledynowym o&nbsp;wysokich walorach smakowych. Ro\u015blina dorastaj\u0105ca do&nbsp;wysoko\u015bci 125 cm, krzewi\u0105&nbsp;si\u0119 s\u0142abo. Wymaga gleby ci\u0119\u017cszej, \u017cyznej zasobnej w&nbsp;wilgo\u0107. Wysiew gniazdowo po&nbsp;2-3 nasiona na&nbsp;g\u0142\u0119boko\u015b\u0107 4-6&nbsp;cm w&nbsp;III-IV w&nbsp;rozstawie 30-50 x 25 cm.<\/p>\n<ul>\n<li><b>Opakowanie:<\/b> 50g<\/li>\n<li><b>Siew:<\/b> III- IV<\/li>\n<li><b>Zbi\u00f3r:<\/b> VII-VIII<\/li>\n<li><b>Rozstawa:<\/b> 30-50 x 25 cm<\/li>\n<\/ul>\n<\/section><\/div>\n<\/section>\n<section class=\"section\">\n<div class=\"item item-6\">\n<section class=\"image-item\"><img decoding=\"async\" src=\"https:\/\/upload.cdn.baselinker.com\/products\/3018170\/978c23d4aee2f9ffebe646c3dbd3041a.jpg\" \/><\/section>\n<\/p><\/div>\n<div class=\"item item-6\">\n<section class=\"text-item\">\n<p><b>SPRAWDZONA JAKO\u015a\u0106 NASION<\/b><\/p>\n<p>Oferowane przez nas nasiona s\u0105 testowane w <b>Laboratorium Oceny Nasion pod wzgl\u0119dem:<\/b><\/p>\n<p>\u2705<b>kie\u0142kowania<\/b><\/p>\n<p>\u2705<b>wilgotno\u015bci<\/b><\/p>\n<p>\u2705<b>czysto\u015bci ziarna<\/b><\/p>\n<p><b>Dzi\u0119ki czemu udost\u0119pniane nasiona s\u0105 \u015bci\u015ble wyselekcjonowane, tylko wysokiej klasy.<\/b><\/p>\n<p>Torebki zakupione na naszej aukcji s\u0105 w pe\u0142ni bezpieczne, posiadaj\u0105 <b>dat\u0119 wa\u017cno\u015bci i nr partii na opakowaniu.<\/b> Gwarantujemy r\u00f3wnie\u017c jako\u015b\u0107 i oryginalno\u015b\u0107 produkt\u00f3w, poniewa\u017c s\u0105 nabywane bezpo\u015brednio od producenta.<\/p>\n<\/section><\/div>\n<\/section>\n","protected":false},"excerpt":{"rendered":"<p>B\u00f3b Hangdown Bia\u0142y (\u015brednio wczesny) Odmiana \u015brednio-wczesna, bardzo plenna. Ro\u015bliny tworz\u0105ce 8-14 str\u0105k\u00f3w zawieraj\u0105cych do&nbsp;5 nasion. \u015awie\u017ce nasiona w&nbsp;kolorze bia\u0142o-seledynowym o&nbsp;wysokich walorach smakowych. Ro\u015blina dorastaj\u0105ca do&nbsp;wysoko\u015bci 125 cm, krzewi\u0105&nbsp;si\u0119 s\u0142abo. Wymaga gleby ci\u0119\u017cszej, \u017cyznej zasobnej w&nbsp;wilgo\u0107. Wysiew gniazdowo po&nbsp;2-3 nasiona na&nbsp;g\u0142\u0119boko\u015b\u0107 4-6&nbsp;cm w&nbsp;III-IV w&nbsp;rozstawie 30-50 x 25 cm. Opakowanie: 50g Siew: III- IV Zbi\u00f3r: VII-VIII&#8230;<\/p>\n","protected":false},"featured_media":19692,"comment_status":"open","ping_status":"closed","template":"","meta":{"inline_featured_image":false},"product_cat":[126,162],"product_tag":[],"location":[],"class_list":{"0":"post-19696","1":"product","2":"type-product","3":"status-publish","4":"has-post-thumbnail","6":"product_cat-nasiona-warzyw","7":"product_cat-nasiona","8":"nt-post-class","9":"","12":"excerpt-none","15":"first","16":"outofstock","17":"shipping-taxable","18":"purchasable","19":"product-type-simple"},"_links":{"self":[{"href":"https:\/\/boskienasiona.pl\/en\/wp-json\/wp\/v2\/product\/19696","targetHints":{"allow":["GET"]}}],"collection":[{"href":"https:\/\/boskienasiona.pl\/en\/wp-json\/wp\/v2\/product"}],"about":[{"href":"https:\/\/boskienasiona.pl\/en\/wp-json\/wp\/v2\/types\/product"}],"replies":[{"embeddable":true,"href":"https:\/\/boskienasiona.pl\/en\/wp-json\/wp\/v2\/comments?post=19696"}],"version-history":[{"count":0,"href":"https:\/\/boskienasiona.pl\/en\/wp-json\/wp\/v2\/product\/19696\/revisions"}],"wp:featuredmedia":[{"embeddable":true,"href":"https:\/\/boskienasiona.pl\/en\/wp-json\/wp\/v2\/media\/19692"}],"wp:attachment":[{"href":"https:\/\/boskienasiona.pl\/en\/wp-json\/wp\/v2\/media?parent=19696"}],"wp:term":[{"taxonomy":"product_cat","embeddable":true,"href":"https:\/\/boskienasiona.pl\/en\/wp-json\/wp\/v2\/product_cat?post=19696"},{"taxonomy":"product_tag","embeddable":true,"href":"https:\/\/boskienasiona.pl\/en\/wp-json\/wp\/v2\/product_tag?post=19696"},{"taxonomy":"location","embeddable":true,"href":"https:\/\/boskienasiona.pl\/en\/wp-json\/wp\/v2\/location?post=19696"}],"curies":[{"name":"wp","href":"https:\/\/api.w.org\/{rel}","templated":true}]}}