{"id":19709,"date":"2025-02-01T17:13:41","date_gmt":"2025-02-01T16:13:41","guid":{"rendered":"https:\/\/boskienasiona.pl\/product\/nasiona-warzyw-rodkiewka-rzodkiew-de-dix-huit-jours-wczesna-18-dniowa\/"},"modified":"2026-04-19T22:19:01","modified_gmt":"2026-04-19T20:19:01","slug":"nasiona-warzyw-rodkiewka-rzodkiew-de-dix-huit-jours-wczesna-18-dniowa","status":"publish","type":"product","link":"https:\/\/boskienasiona.pl\/en\/produkt\/nasiona-warzyw-rodkiewka-rzodkiew-de-dix-huit-jours-wczesna-18-dniowa\/","title":{"rendered":"NASIONA WARZYW RODKIEWKA RZODKIEW De dix-huit jours wczesna 18 &#8211; DNIOWA"},"content":{"rendered":"<section class=\"section\">\n<div class=\"item item-12\">\n<section class=\"text-item\">\n<h1>NASIONA WARZYW RODKIEWKA RZODKIEW De dix-huit jours wczesna 18 &#8211; DNIOWA<\/h1>\n<\/section><\/div>\n<\/section>\n<section class=\"section\">\n<div class=\"item item-6\">\n<section class=\"image-item\"><img decoding=\"async\" src=\"https:\/\/upload.cdn.baselinker.com\/products\/3018170\/7b80f149ea08aad369266447d0e00664.jpg\" \/><\/section>\n<\/p><\/div>\n<div class=\"item item-6\">\n<section class=\"text-item\">\n<p><b>Rzodkiewka DE DIX-HUIT JOURS \u2013 18 dniowa<\/b><\/p>\n<p>RAPHANUS SATIVUS L.<\/p>\n<p>Odmiana przeznaczona do uprawy w gruncie i pod os\u0142onami. Swoj\u0105 nazw\u0119 zawdzi\u0119cza bardzo szybkiemu wzrostowi. Zgrubienia osi\u0105gaj\u0105 dojrza\u0142o\u015b\u0107 po 18 dniach od siewu, dzi\u0119ki temu mo\u017ce by\u0107 siana i zbierana przez ca\u0142a wiosn\u0119 i jesie\u0144. Korze\u0144 pod\u0142u\u017cny z bia\u0142ym ko\u0144cem, nie ma tendencji do parcenia. Siew: III-V i VIII.<\/p>\n<p><b>\u2705Siew:<\/b> III-V; VIII; 1-2 cm<\/p>\n<p><b>\u2705Zbi\u00f3r:<\/b> IV-VI; IX-X<\/p>\n<p><b>\u2705Rozstawa:<\/b> 10-20\u00d73-5 cm<\/p>\n<\/section><\/div>\n<\/section>\n<section class=\"section\">\n<div class=\"item item-6\">\n<section class=\"image-item\"><img decoding=\"async\" src=\"https:\/\/upload.cdn.baselinker.com\/products\/3018170\/0c78496fd254ab404d694d410fe01130.jpg\" \/><\/section>\n<\/p><\/div>\n<div class=\"item item-6\">\n<section class=\"text-item\">\n<p><b>SPRAWDZONA JAKO\u015a\u0106 NASION<\/b><\/p>\n<p>Oferowane przez nas nasiona s\u0105 testowane w\u00a0<b>Laboratorium Oceny Nasion pod wzgl\u0119dem:<\/b><\/p>\n<p>\u2705<b>kie\u0142kowania<\/b><\/p>\n<p>\u2705<b>wilgotno\u015bci<\/b><\/p>\n<p>\u2705<b>czysto\u015bci ziarna<\/b><\/p>\n<p><b>Dzi\u0119ki czemu udost\u0119pniane nasiona s\u0105 \u015bci\u015ble wyselekcjonowane, tylko wysokiej klasy.<\/b><\/p>\n<p>Torebki zakupione na naszej aukcji s\u0105 w pe\u0142ni bezpieczne, posiadaj\u0105\u00a0<b>dat\u0119 wa\u017cno\u015bci i nr partii na opakowaniu.<\/b>\u00a0Gwarantujemy r\u00f3wnie\u017c jako\u015b\u0107 i oryginalno\u015b\u0107 produkt\u00f3w, poniewa\u017c s\u0105 nabywane bezpo\u015brednio od producenta.<\/p>\n<\/section><\/div>\n<\/section>\n<section class=\"section\">\n<div class=\"item item-12\">\n<section class=\"image-item\"><img decoding=\"async\" src=\"https:\/\/upload.cdn.baselinker.com\/products\/3018170\/fc9150db8ce447839e1ca5edc1f0d4b4.jpg\" \/><\/section>\n<\/p><\/div>\n<\/section>\n<section class=\"section\">\n<div class=\"item item-12\">\n<section class=\"image-item\"><img decoding=\"async\" src=\"https:\/\/upload.cdn.baselinker.com\/products\/3018170\/4b0a23f3bc7ee98529baa8ca082b9f27.jpg\" \/><\/section>\n<\/p><\/div>\n<\/section>\n<section class=\"section\">\n<div class=\"item item-12\">\n<section class=\"image-item\"><img decoding=\"async\" src=\"https:\/\/upload.cdn.baselinker.com\/products\/3018170\/3607a95ed84fa54824e615a96de3f4df.jpg\" \/><\/section>\n<\/p><\/div>\n<\/section>\n<section class=\"section\">\n<div class=\"item item-12\">\n<section class=\"image-item\"><img decoding=\"async\" src=\"https:\/\/upload.cdn.baselinker.com\/products\/3018170\/43c589251ca80ead6049d407f37c16fc.jpg\" \/><\/section>\n<\/p><\/div>\n<\/section>\n","protected":false},"excerpt":{"rendered":"<p>NASIONA WARZYW RODKIEWKA RZODKIEW De dix-huit jours wczesna 18 &#8211; DNIOWA Rzodkiewka DE DIX-HUIT JOURS \u2013 18 dniowa RAPHANUS SATIVUS L. Odmiana przeznaczona do uprawy w gruncie i pod os\u0142onami. Swoj\u0105 nazw\u0119 zawdzi\u0119cza bardzo szybkiemu wzrostowi. Zgrubienia osi\u0105gaj\u0105 dojrza\u0142o\u015b\u0107 po 18 dniach od siewu, dzi\u0119ki temu mo\u017ce by\u0107 siana i zbierana przez ca\u0142a wiosn\u0119 i&#8230;<\/p>\n","protected":false},"featured_media":19697,"comment_status":"open","ping_status":"closed","template":"","meta":{"inline_featured_image":false},"product_cat":[126,162],"product_tag":[],"location":[],"class_list":{"0":"post-19709","1":"product","2":"type-product","3":"status-publish","4":"has-post-thumbnail","6":"product_cat-nasiona-warzyw","7":"product_cat-nasiona","8":"nt-post-class","9":"","12":"excerpt-none","15":"first","16":"instock","17":"shipping-taxable","18":"purchasable","19":"product-type-simple"},"_links":{"self":[{"href":"https:\/\/boskienasiona.pl\/en\/wp-json\/wp\/v2\/product\/19709","targetHints":{"allow":["GET"]}}],"collection":[{"href":"https:\/\/boskienasiona.pl\/en\/wp-json\/wp\/v2\/product"}],"about":[{"href":"https:\/\/boskienasiona.pl\/en\/wp-json\/wp\/v2\/types\/product"}],"replies":[{"embeddable":true,"href":"https:\/\/boskienasiona.pl\/en\/wp-json\/wp\/v2\/comments?post=19709"}],"version-history":[{"count":0,"href":"https:\/\/boskienasiona.pl\/en\/wp-json\/wp\/v2\/product\/19709\/revisions"}],"wp:featuredmedia":[{"embeddable":true,"href":"https:\/\/boskienasiona.pl\/en\/wp-json\/wp\/v2\/media\/19697"}],"wp:attachment":[{"href":"https:\/\/boskienasiona.pl\/en\/wp-json\/wp\/v2\/media?parent=19709"}],"wp:term":[{"taxonomy":"product_cat","embeddable":true,"href":"https:\/\/boskienasiona.pl\/en\/wp-json\/wp\/v2\/product_cat?post=19709"},{"taxonomy":"product_tag","embeddable":true,"href":"https:\/\/boskienasiona.pl\/en\/wp-json\/wp\/v2\/product_tag?post=19709"},{"taxonomy":"location","embeddable":true,"href":"https:\/\/boskienasiona.pl\/en\/wp-json\/wp\/v2\/location?post=19709"}],"curies":[{"name":"wp","href":"https:\/\/api.w.org\/{rel}","templated":true}]}}