{"id":19720,"date":"2025-02-01T17:14:01","date_gmt":"2025-02-01T16:14:01","guid":{"rendered":"https:\/\/boskienasiona.pl\/product\/nasiona-warzyw-seler-naciowy-nuger-wczesny-lekko-slodki-aromat\/"},"modified":"2026-04-19T06:16:14","modified_gmt":"2026-04-19T04:16:14","slug":"nasiona-warzyw-seler-naciowy-nuger-wczesny-lekko-slodki-aromat","status":"publish","type":"product","link":"https:\/\/boskienasiona.pl\/en\/produkt\/nasiona-warzyw-seler-naciowy-nuger-wczesny-lekko-slodki-aromat\/","title":{"rendered":"NASIONA WARZYW SELER NACIOWY NUGER WCZESNY LEKKO S\u0141ODKI AROMAT"},"content":{"rendered":"<section class=\"section\">\n<div class=\"item item-12\">\n<section class=\"text-item\">\n<h1>NASIONA WARZYW SELER NACIOWY NUGER WCZESNY LEKKO S\u0141ODKI AROMAT<\/h1>\n<\/section><\/div>\n<\/section>\n<section class=\"section\">\n<div class=\"item item-6\">\n<section class=\"image-item\">\n            <img decoding=\"async\" src=\"https:\/\/upload.cdn.baselinker.com\/products\/3018170\/7a45e6a8d67f110c45370518b502201f.jpg\" \/><br \/>\n        <\/section>\n<\/p><\/div>\n<div class=\"item item-6\">\n<section class=\"text-item\">\n<p><b>Seler naciowy NUGET<\/b><\/p>\n<p>APIUM GRAVEOLENS L. VAR. DULCE<\/p>\n<p>Odmiana wczesna (okres weg. 70-80 dni), polecana do uprawy z rozsady. \u0141odygi jasnozielone, wzniesione. Li\u015bcie k\u0119dzierzawe. Ogonki li\u015bciowe mo\u017cna spo\u017cywa\u0107 na surowo, jako dodatek do sa\u0142atek i zup lub gotowane jak szparagi. Nadaje lekko s\u0142odkiego aromatu. Wysiew do skrzynek pod os\u0142onami w II-V. Rozsad\u0119 wysadza\u0107 w V-VI, w rozstawie 40\u00d730 cm. Zbi\u00f3r rozpoczyna si\u0119 w sierpniu i mo\u017ce trwa\u0107 do mroz\u00f3w.<\/p>\n<p><b>\u2705Siew:<\/b> \u00bd II-V<\/p>\n<p><b>\u2705Zbi\u00f3r:<\/b> VIII \u2013 X<\/p>\n<p><b>\u2705<\/b><b>Rozstawa:<\/b> 30\u00d740 cm<\/p>\n<\/section><\/div>\n<\/section>\n<section class=\"section\">\n<div class=\"item item-6\">\n<section class=\"image-item\">\n            <img decoding=\"async\" src=\"https:\/\/upload.cdn.baselinker.com\/products\/3018170\/82a8cd1bc5b1516dad97b6fc60074cfc.jpg\" \/><br \/>\n        <\/section>\n<\/p><\/div>\n<div class=\"item item-6\">\n<section class=\"text-item\">\n<p><b>SPRAWDZONA JAKO\u015a\u0106 NASION<\/b><\/p>\n<p>Oferowane przez nas nasiona s\u0105 testowane w\u00a0<b>Laboratorium Oceny Nasion pod wzgl\u0119dem:<\/b><\/p>\n<p>\u2705<b>kie\u0142kowania<\/b><\/p>\n<p>\u2705<b>wilgotno\u015bci<\/b><\/p>\n<p>\u2705<b>czysto\u015bci ziarna<\/b><\/p>\n<p><b>Dzi\u0119ki czemu udost\u0119pniane nasiona s\u0105 \u015bci\u015ble wyselekcjonowane, tylko wysokiej klasy.<\/b><\/p>\n<p>Gwarantujemy r\u00f3wnie\u017c jako\u015b\u0107 i oryginalno\u015b\u0107 produkt\u00f3w, poniewa\u017c s\u0105 nabywane bezpo\u015brednio od producenta.<\/p>\n<\/section><\/div>\n<\/section>\n<section class=\"section\">\n<div class=\"item item-12\">\n<section class=\"image-item\">\n            <img decoding=\"async\" src=\"https:\/\/upload.cdn.baselinker.com\/products\/3018170\/7176815a83367466f6da084507bd1e84.jpg\" \/><br \/>\n        <\/section>\n<\/p><\/div>\n<\/section>\n<section class=\"section\">\n<div class=\"item item-12\">\n<section class=\"image-item\">\n            <img decoding=\"async\" src=\"https:\/\/upload.cdn.baselinker.com\/products\/3018170\/dc3346c7fb9b5bd928b6eef536c1b0a0.jpg\" \/><br \/>\n        <\/section>\n<\/p><\/div>\n<\/section>\n","protected":false},"excerpt":{"rendered":"<p>NASIONA WARZYW SELER NACIOWY NUGER WCZESNY LEKKO S\u0141ODKI AROMAT Seler naciowy NUGET APIUM GRAVEOLENS L. VAR. DULCE Odmiana wczesna (okres weg. 70-80 dni), polecana do uprawy z rozsady. \u0141odygi jasnozielone, wzniesione. Li\u015bcie k\u0119dzierzawe. Ogonki li\u015bciowe mo\u017cna spo\u017cywa\u0107 na surowo, jako dodatek do sa\u0142atek i zup lub gotowane jak szparagi. Nadaje lekko s\u0142odkiego aromatu. Wysiew do&#8230;<\/p>\n","protected":false},"featured_media":19710,"comment_status":"open","ping_status":"closed","template":"","meta":{"inline_featured_image":false},"product_cat":[126,162],"product_tag":[],"location":[],"class_list":{"0":"post-19720","1":"product","2":"type-product","3":"status-publish","4":"has-post-thumbnail","6":"product_cat-nasiona-warzyw","7":"product_cat-nasiona","8":"nt-post-class","9":"","12":"excerpt-none","15":"first","16":"instock","17":"shipping-taxable","18":"purchasable","19":"product-type-simple"},"_links":{"self":[{"href":"https:\/\/boskienasiona.pl\/en\/wp-json\/wp\/v2\/product\/19720","targetHints":{"allow":["GET"]}}],"collection":[{"href":"https:\/\/boskienasiona.pl\/en\/wp-json\/wp\/v2\/product"}],"about":[{"href":"https:\/\/boskienasiona.pl\/en\/wp-json\/wp\/v2\/types\/product"}],"replies":[{"embeddable":true,"href":"https:\/\/boskienasiona.pl\/en\/wp-json\/wp\/v2\/comments?post=19720"}],"version-history":[{"count":0,"href":"https:\/\/boskienasiona.pl\/en\/wp-json\/wp\/v2\/product\/19720\/revisions"}],"wp:featuredmedia":[{"embeddable":true,"href":"https:\/\/boskienasiona.pl\/en\/wp-json\/wp\/v2\/media\/19710"}],"wp:attachment":[{"href":"https:\/\/boskienasiona.pl\/en\/wp-json\/wp\/v2\/media?parent=19720"}],"wp:term":[{"taxonomy":"product_cat","embeddable":true,"href":"https:\/\/boskienasiona.pl\/en\/wp-json\/wp\/v2\/product_cat?post=19720"},{"taxonomy":"product_tag","embeddable":true,"href":"https:\/\/boskienasiona.pl\/en\/wp-json\/wp\/v2\/product_tag?post=19720"},{"taxonomy":"location","embeddable":true,"href":"https:\/\/boskienasiona.pl\/en\/wp-json\/wp\/v2\/location?post=19720"}],"curies":[{"name":"wp","href":"https:\/\/api.w.org\/{rel}","templated":true}]}}