{"id":19729,"date":"2025-02-01T17:14:18","date_gmt":"2025-02-01T16:14:18","guid":{"rendered":"https:\/\/boskienasiona.pl\/product\/nasiona-warzyw-cebula-siedmiolatka-red-toga-smaczna-mrozoodporna-plenna\/"},"modified":"2026-04-19T22:19:02","modified_gmt":"2026-04-19T20:19:02","slug":"nasiona-warzyw-cebula-siedmiolatka-red-toga-smaczna-mrozoodporna-plenna","status":"publish","type":"product","link":"https:\/\/boskienasiona.pl\/en\/produkt\/nasiona-warzyw-cebula-siedmiolatka-red-toga-smaczna-mrozoodporna-plenna\/","title":{"rendered":"Nasiona warzyw Cebula Siedmiolatka RED TOGA SMACZNA MROZOODPORNA PLENNA"},"content":{"rendered":"<section class=\"section\">\n<div class=\"item item-12\">\n<section class=\"text-item\">\n<h1>Nasiona warzyw Cebula Siedmiolatka RED TOGA SMACZNA MROZOODPORNA PLENNA<\/h1>\n<\/section><\/div>\n<\/section>\n<section class=\"section\">\n<div class=\"item item-6\">\n<section class=\"image-item\">\n            <img decoding=\"async\" src=\"https:\/\/upload.cdn.baselinker.com\/products\/3018170\/49aaba4153a674807c050f413479011a.jpg\" \/><br \/>\n        <\/section>\n<\/p><\/div>\n<div class=\"item item-6\">\n<section class=\"text-item\">\n<p><b>Cebula siedmiolatka RED TOGA<\/b><\/p>\n<p>ALLIUM FISTULOSUM L.<\/p>\n<p>Cebula wieloletnia, mrozoodporna. Zgrubienia w atrakcyjnym, purpurowo-czerwonym kolorze, kt\u00f3ry przechodzi stopniowo w zielone, rurkowate li\u015bcie. Najlepiej ro\u015bnie na stanowiskach s\u0142onecznych i glebie bogatej w pr\u00f3chnic\u0119, przepuszczalnej, o odczynie oboj\u0119tnym. W jednym miejscu mo\u017ce rosn\u0105\u0107 ok 4-5 lat. Rozrasta si\u0119 silnie tworz\u0105c k\u0119pki. Zawiera du\u017ce ilo\u015bci witaminy C, A oraz \u017celazo. Idealna do jajecznicy, twarogu, sa\u0142atek, zup. Wysiew na g\u0142\u0119boko\u015b\u0107 1-2cm wprost do gruntu w IV-VIII, w rz\u0119dy co 30 cm. Gdy ro\u015blina osi\u0105gnie wysoko\u015b\u0107 oko\u0142o 5 cm nale\u017cy wykona\u0107 przerywk\u0119, pozostawiaj\u0105c ro\u015bliny co kilka centymetr\u00f3w.<\/p>\n<p><b>\u2705Siew:<\/b> IV\u2013VIII<\/p>\n<p><b>\u2705Zbi\u00f3r:<\/b> VI\u2013IX<\/p>\n<p><b>\u2705Rozstawa:<\/b> 30x30cm<\/p>\n<\/section><\/div>\n<\/section>\n<section class=\"section\">\n<div class=\"item item-6\">\n<section class=\"image-item\">\n            <img decoding=\"async\" src=\"https:\/\/upload.cdn.baselinker.com\/products\/3018170\/34f3d44e47329e3149af2dcb30bacadb.jpg\" \/><br \/>\n        <\/section>\n<\/p><\/div>\n<div class=\"item item-6\">\n<section class=\"text-item\">\n<p><b>SPRAWDZONA JAKO\u015a\u0106 NASION<\/b><\/p>\n<p>Oferowane przez nas nasiona s\u0105 testowane w\u00a0<b>Laboratorium Oceny Nasion pod wzgl\u0119dem:<\/b><\/p>\n<p>\u2705<b>kie\u0142kowania<\/b><\/p>\n<p>\u2705<b>wilgotno\u015bci<\/b><\/p>\n<p>\u2705<b>czysto\u015bci ziarna<\/b><\/p>\n<p><b>Dzi\u0119ki czemu udost\u0119pniane nasiona s\u0105 \u015bci\u015ble wyselekcjonowane, tylko wysokiej klasy.<\/b><\/p>\n<p>Torebki zakupione na naszej aukcji s\u0105 w pe\u0142ni bezpieczne, posiadaj\u0105\u00a0<b>dat\u0119 wa\u017cno\u015bci i nr partii na opakowaniu.<\/b>\u00a0Gwarantujemy r\u00f3wnie\u017c jako\u015b\u0107 i oryginalno\u015b\u0107 produkt\u00f3w, poniewa\u017c s\u0105 nabywane bezpo\u015brednio od producenta.<\/p>\n<\/section><\/div>\n<\/section>\n<section class=\"section\">\n<div class=\"item item-12\">\n<section class=\"image-item\">\n            <img decoding=\"async\" src=\"https:\/\/upload.cdn.baselinker.com\/products\/3018170\/3729b06a186e06025617cab834401687.jpg\" \/><br \/>\n        <\/section>\n<\/p><\/div>\n<\/section>\n<section class=\"section\">\n<div class=\"item item-12\">\n<section class=\"image-item\">\n            <img decoding=\"async\" src=\"https:\/\/upload.cdn.baselinker.com\/products\/3018170\/08e1f8d71ebd0b6bd59c54d3245fef49.jpg\" \/><br \/>\n        <\/section>\n<\/p><\/div>\n<\/section>\n","protected":false},"excerpt":{"rendered":"<p>Nasiona warzyw Cebula Siedmiolatka RED TOGA SMACZNA MROZOODPORNA PLENNA Cebula siedmiolatka RED TOGA ALLIUM FISTULOSUM L. Cebula wieloletnia, mrozoodporna. Zgrubienia w atrakcyjnym, purpurowo-czerwonym kolorze, kt\u00f3ry przechodzi stopniowo w zielone, rurkowate li\u015bcie. Najlepiej ro\u015bnie na stanowiskach s\u0142onecznych i glebie bogatej w pr\u00f3chnic\u0119, przepuszczalnej, o odczynie oboj\u0119tnym. W jednym miejscu mo\u017ce rosn\u0105\u0107 ok 4-5 lat. Rozrasta si\u0119&#8230;<\/p>\n","protected":false},"featured_media":19721,"comment_status":"open","ping_status":"closed","template":"","meta":{"inline_featured_image":false},"product_cat":[126,162],"product_tag":[],"location":[],"class_list":{"0":"post-19729","1":"product","2":"type-product","3":"status-publish","4":"has-post-thumbnail","6":"product_cat-nasiona-warzyw","7":"product_cat-nasiona","8":"nt-post-class","9":"","12":"excerpt-none","15":"first","16":"instock","17":"shipping-taxable","18":"purchasable","19":"product-type-simple"},"_links":{"self":[{"href":"https:\/\/boskienasiona.pl\/en\/wp-json\/wp\/v2\/product\/19729","targetHints":{"allow":["GET"]}}],"collection":[{"href":"https:\/\/boskienasiona.pl\/en\/wp-json\/wp\/v2\/product"}],"about":[{"href":"https:\/\/boskienasiona.pl\/en\/wp-json\/wp\/v2\/types\/product"}],"replies":[{"embeddable":true,"href":"https:\/\/boskienasiona.pl\/en\/wp-json\/wp\/v2\/comments?post=19729"}],"version-history":[{"count":0,"href":"https:\/\/boskienasiona.pl\/en\/wp-json\/wp\/v2\/product\/19729\/revisions"}],"wp:featuredmedia":[{"embeddable":true,"href":"https:\/\/boskienasiona.pl\/en\/wp-json\/wp\/v2\/media\/19721"}],"wp:attachment":[{"href":"https:\/\/boskienasiona.pl\/en\/wp-json\/wp\/v2\/media?parent=19729"}],"wp:term":[{"taxonomy":"product_cat","embeddable":true,"href":"https:\/\/boskienasiona.pl\/en\/wp-json\/wp\/v2\/product_cat?post=19729"},{"taxonomy":"product_tag","embeddable":true,"href":"https:\/\/boskienasiona.pl\/en\/wp-json\/wp\/v2\/product_tag?post=19729"},{"taxonomy":"location","embeddable":true,"href":"https:\/\/boskienasiona.pl\/en\/wp-json\/wp\/v2\/location?post=19729"}],"curies":[{"name":"wp","href":"https:\/\/api.w.org\/{rel}","templated":true}]}}