{"id":19750,"date":"2025-02-01T17:14:53","date_gmt":"2025-02-01T16:14:53","guid":{"rendered":"https:\/\/boskienasiona.pl\/product\/nasiona-warzyw-pomidor-koktajlowy-bajaja-smaczny-plenny-600-750-owocow\/"},"modified":"2026-04-19T14:17:32","modified_gmt":"2026-04-19T12:17:32","slug":"nasiona-warzyw-pomidor-koktajlowy-bajaja-smaczny-plenny-600-750-owocow","status":"publish","type":"product","link":"https:\/\/boskienasiona.pl\/en\/produkt\/nasiona-warzyw-pomidor-koktajlowy-bajaja-smaczny-plenny-600-750-owocow\/","title":{"rendered":"Nasiona warzyw Pomidor Koktajlowy BAJAJA SMACZNY Plenny 600-750 owoc\u00f3w"},"content":{"rendered":"<section class=\"section\">\n<div class=\"item item-6\">\n<section class=\"image-item\">\n            <img decoding=\"async\" src=\"https:\/\/upload.cdn.baselinker.com\/products\/3018170\/4a0b05268d5c81b6929b023d18950e18.jpg\" \/><br \/>\n        <\/section>\n<\/p><\/div>\n<div class=\"item item-6\">\n<section class=\"text-item\">\n<p><b>Pomidor BAJAJA<\/b><\/p>\n<p>SOLANUM \u00a0LYCOPERSICUM \u00a0L.<\/p>\n<p>Bardzo wczesna, niska odmiana pomidora w typie cherry, o przewieszaj\u0105cych si\u0119 p\u0119dach, przeznaczona g\u0142\u00f3wnie do uprawy w pojemnikach na balkonie. Owoce bardzo smaczne, okr\u0105g\u0142e o masie od 8 do 10 g. Z jednej ro\u015bliny mo\u017cna uzyska\u0107 600-750 owoc\u00f3w. Charakteryzuje si\u0119 wysok\u0105 odporno\u015bci\u0105 na choroby bakteryjne i grzybowe. Wysiew nasion<\/p>\n<p>\u00bd III do inspektu, przesadzanie do donic \u00bd V. Zbi\u00f3r od VII do X.<\/p>\n<p><b>\u2705Siew inspekt:<\/b> \u00bd III<\/p>\n<p><b>\u2705Przesadzanie:<\/b> \u00bd V<\/p>\n<p><b>\u2705Zbi\u00f3r:<\/b> VII-X<\/p>\n<p><b>\u2705Rozstawa:<\/b> 1 ro\u015blina\/1 donica<\/p>\n<\/section><\/div>\n<\/section>\n<section class=\"section\">\n<div class=\"item item-6\">\n<section class=\"image-item\">\n            <img decoding=\"async\" src=\"https:\/\/upload.cdn.baselinker.com\/products\/3018170\/de166cb03724ca848cfa888f174d25d4.jpg\" \/><br \/>\n        <\/section>\n<\/p><\/div>\n<div class=\"item item-6\">\n<section class=\"text-item\">\n<p><b>SPRAWDZONA JAKO\u015a\u0106 NASION<\/b><\/p>\n<p>Oferowane przez nas nasiona s\u0105 testowane w <b>Laboratorium Oceny Nasion pod wzgl\u0119dem:<\/b><\/p>\n<p>\u2705<b>kie\u0142kowania<\/b><\/p>\n<p>\u2705<b>wilgotno\u015bci<\/b><\/p>\n<p>\u2705<b>czysto\u015bci ziarna<\/b><\/p>\n<p><b>Dzi\u0119ki czemu udost\u0119pniane nasiona s\u0105 \u015bci\u015ble wyselekcjonowane, tylko wysokiej klasy.<\/b><\/p>\n<p>Torebki zakupione na naszej aukcji s\u0105 w pe\u0142ni bezpieczne, posiadaj\u0105 <b>dat\u0119 wa\u017cno\u015bci i nr partii na opakowaniu.<\/b> Gwarantujemy r\u00f3wnie\u017c jako\u015b\u0107 i oryginalno\u015b\u0107 produkt\u00f3w, poniewa\u017c s\u0105 nabywane bezpo\u015brednio od producenta.<\/p>\n<\/section><\/div>\n<\/section>\n<section class=\"section\">\n<div class=\"item item-12\">\n<section class=\"image-item\">\n            <img decoding=\"async\" src=\"https:\/\/upload.cdn.baselinker.com\/products\/3018170\/66abbc15aefdf593218ef0f96526933a.jpg\" \/><br \/>\n        <\/section>\n<\/p><\/div>\n<\/section>\n<section class=\"section\">\n<div class=\"item item-6\">\n<section class=\"image-item\">\n            <img decoding=\"async\" src=\"https:\/\/upload.cdn.baselinker.com\/products\/3018170\/05c2277a008737549bcb3763a77ad5b4.jpg\" \/><br \/>\n        <\/section>\n<\/p><\/div>\n<div class=\"item item-6\">\n<section class=\"image-item\">\n            <img decoding=\"async\" src=\"https:\/\/upload.cdn.baselinker.com\/products\/3018170\/062269d552503bd887f18eceecddb4a3.jpg\" \/><br \/>\n        <\/section>\n<\/p><\/div>\n<\/section>\n<section class=\"section\">\n<div class=\"item item-6\">\n<section class=\"image-item\">\n            <img decoding=\"async\" src=\"https:\/\/upload.cdn.baselinker.com\/products\/3018170\/bce893cf0073656a07b9d48b4e653bd7.jpg\" \/><br \/>\n        <\/section>\n<\/p><\/div>\n<div class=\"item item-6\">\n<section class=\"image-item\">\n            <img decoding=\"async\" src=\"https:\/\/upload.cdn.baselinker.com\/products\/3018170\/e70e30b431898701f9c5d03289489ac6.jpg\" \/><br \/>\n        <\/section>\n<\/p><\/div>\n<\/section>\n","protected":false},"excerpt":{"rendered":"<p>Pomidor BAJAJA SOLANUM \u00a0LYCOPERSICUM \u00a0L. Bardzo wczesna, niska odmiana pomidora w typie cherry, o przewieszaj\u0105cych si\u0119 p\u0119dach, przeznaczona g\u0142\u00f3wnie do uprawy w pojemnikach na balkonie. Owoce bardzo smaczne, okr\u0105g\u0142e o masie od 8 do 10 g. Z jednej ro\u015bliny mo\u017cna uzyska\u0107 600-750 owoc\u00f3w. Charakteryzuje si\u0119 wysok\u0105 odporno\u015bci\u0105 na choroby bakteryjne i grzybowe. Wysiew nasion \u00bd&#8230;<\/p>\n","protected":false},"featured_media":19730,"comment_status":"open","ping_status":"closed","template":"","meta":{"inline_featured_image":false},"product_cat":[126,162,185],"product_tag":[],"location":[],"class_list":{"0":"post-19750","1":"product","2":"type-product","3":"status-publish","4":"has-post-thumbnail","6":"product_cat-nasiona-warzyw","7":"product_cat-nasiona","8":"product_cat-nasiona-pomidorow","9":"nt-post-class","10":"","13":"excerpt-none","16":"first","17":"instock","18":"shipping-taxable","19":"purchasable","20":"product-type-simple"},"_links":{"self":[{"href":"https:\/\/boskienasiona.pl\/en\/wp-json\/wp\/v2\/product\/19750","targetHints":{"allow":["GET"]}}],"collection":[{"href":"https:\/\/boskienasiona.pl\/en\/wp-json\/wp\/v2\/product"}],"about":[{"href":"https:\/\/boskienasiona.pl\/en\/wp-json\/wp\/v2\/types\/product"}],"replies":[{"embeddable":true,"href":"https:\/\/boskienasiona.pl\/en\/wp-json\/wp\/v2\/comments?post=19750"}],"version-history":[{"count":1,"href":"https:\/\/boskienasiona.pl\/en\/wp-json\/wp\/v2\/product\/19750\/revisions"}],"predecessor-version":[{"id":22598,"href":"https:\/\/boskienasiona.pl\/en\/wp-json\/wp\/v2\/product\/19750\/revisions\/22598"}],"wp:featuredmedia":[{"embeddable":true,"href":"https:\/\/boskienasiona.pl\/en\/wp-json\/wp\/v2\/media\/19730"}],"wp:attachment":[{"href":"https:\/\/boskienasiona.pl\/en\/wp-json\/wp\/v2\/media?parent=19750"}],"wp:term":[{"taxonomy":"product_cat","embeddable":true,"href":"https:\/\/boskienasiona.pl\/en\/wp-json\/wp\/v2\/product_cat?post=19750"},{"taxonomy":"product_tag","embeddable":true,"href":"https:\/\/boskienasiona.pl\/en\/wp-json\/wp\/v2\/product_tag?post=19750"},{"taxonomy":"location","embeddable":true,"href":"https:\/\/boskienasiona.pl\/en\/wp-json\/wp\/v2\/location?post=19750"}],"curies":[{"name":"wp","href":"https:\/\/api.w.org\/{rel}","templated":true}]}}