{"id":19755,"date":"2025-02-01T17:15:04","date_gmt":"2025-02-01T16:15:04","guid":{"rendered":"https:\/\/boskienasiona.pl\/product\/nasiona-warzyw-trawa-cytrynowa-wieloletnia\/"},"modified":"2026-04-18T06:16:06","modified_gmt":"2026-04-18T04:16:06","slug":"nasiona-warzyw-trawa-cytrynowa-wieloletnia","status":"publish","type":"product","link":"https:\/\/boskienasiona.pl\/en\/produkt\/nasiona-warzyw-trawa-cytrynowa-wieloletnia\/","title":{"rendered":"Nasiona warzyw Trawa cytrynowa wieloletnia"},"content":{"rendered":"<section class=\"section\">\n<div class=\"item item-12\">\n<section class=\"text-item\">\n<h1>Nasiona warzyw Trawa cytrynowa wieloletnia<\/h1>\n<\/section><\/div>\n<\/section>\n<section class=\"section\">\n<div class=\"item item-6\">\n<section class=\"image-item\"><img decoding=\"async\" src=\"https:\/\/upload.cdn.baselinker.com\/products\/3018170\/fd875da51ca7e419fe9e62ed861399b0.jpg\" \/><\/section>\n<\/p><\/div>\n<div class=\"item item-6\">\n<section class=\"text-item\">\n<p><b>Trawa cytrynowa<\/b><\/p>\n<p>Ozdobna ro\u015blina wieloletnia, wymagaj\u0105ca w czasie zimy ochrony przed mrozem o d\u0142ugich, ostrych li\u015bciach zawieraj\u0105cych olejki lotne, o zapachu i smaku cytryny. Wysiewa\u0107 w II-IV do doniczek pod os\u0142onami. Nasion nie przykrywa\u0107 ziemi\u0105 tylko delikatnie wcisn\u0105\u0107 w pod\u0142o\u017ce.<\/p>\n<p>W temperaturze 20-25\u00b0C wschody nast\u0119puj\u0105 po 3-4 tygodniach.<\/p>\n<ul>\n<li><b>Siew:<\/b> II-IV<\/li>\n<li><b>Zbi\u00f3r:<\/b> VI-IX<\/li>\n<li><b>Rozstawa:<\/b> 65\u00d720 cm<\/li>\n<li><b>Wysoko\u015b\u0107:<\/b> 80-100 cm<\/li>\n<\/ul>\n<\/section><\/div>\n<\/section>\n<section class=\"section\">\n<div class=\"item item-6\">\n<section class=\"image-item\"><img decoding=\"async\" src=\"https:\/\/upload.cdn.baselinker.com\/products\/3018170\/020188787abcfafa312fd7593907caf7.jpg\" \/><\/section>\n<\/p><\/div>\n<div class=\"item item-6\">\n<section class=\"text-item\">\n<p><b>SPRAWDZONA JAKO\u015a\u0106 NASION<\/b><\/p>\n<p>Oferowane przez nas nasiona s\u0105 testowane w\u00a0<b>Laboratorium Oceny Nasion pod wzgl\u0119dem:<\/b><\/p>\n<p>\u2705<b>kie\u0142kowania<\/b><\/p>\n<p>\u2705<b>wilgotno\u015bci<\/b><\/p>\n<p>\u2705<b>czysto\u015bci ziarna<\/b><\/p>\n<p><b>Dzi\u0119ki czemu udost\u0119pniane nasiona s\u0105 \u015bci\u015ble wyselekcjonowane, tylko wysokiej klasy.<\/b><\/p>\n<p>Torebki zakupione na naszej aukcji s\u0105 w pe\u0142ni bezpieczne, posiadaj\u0105\u00a0<b>dat\u0119 wa\u017cno\u015bci i nr partii na opakowaniu.<\/b>\u00a0Gwarantujemy r\u00f3wnie\u017c jako\u015b\u0107 i oryginalno\u015b\u0107 produkt\u00f3w, poniewa\u017c s\u0105 nabywane bezpo\u015brednio od producenta.<\/p>\n<\/section><\/div>\n<\/section>\n","protected":false},"excerpt":{"rendered":"<p>Nasiona warzyw Trawa cytrynowa wieloletnia Trawa cytrynowa Ozdobna ro\u015blina wieloletnia, wymagaj\u0105ca w czasie zimy ochrony przed mrozem o d\u0142ugich, ostrych li\u015bciach zawieraj\u0105cych olejki lotne, o zapachu i smaku cytryny. Wysiewa\u0107 w II-IV do doniczek pod os\u0142onami. Nasion nie przykrywa\u0107 ziemi\u0105 tylko delikatnie wcisn\u0105\u0107 w pod\u0142o\u017ce. W temperaturze 20-25\u00b0C wschody nast\u0119puj\u0105 po 3-4 tygodniach. Siew: II-IV&#8230;<\/p>\n","protected":false},"featured_media":19751,"comment_status":"open","ping_status":"closed","template":"","meta":{"inline_featured_image":false},"product_cat":[126,162],"product_tag":[],"location":[],"class_list":{"0":"post-19755","1":"product","2":"type-product","3":"status-publish","4":"has-post-thumbnail","6":"product_cat-nasiona-warzyw","7":"product_cat-nasiona","8":"nt-post-class","9":"","12":"excerpt-none","15":"first","16":"instock","17":"shipping-taxable","18":"purchasable","19":"product-type-simple"},"_links":{"self":[{"href":"https:\/\/boskienasiona.pl\/en\/wp-json\/wp\/v2\/product\/19755","targetHints":{"allow":["GET"]}}],"collection":[{"href":"https:\/\/boskienasiona.pl\/en\/wp-json\/wp\/v2\/product"}],"about":[{"href":"https:\/\/boskienasiona.pl\/en\/wp-json\/wp\/v2\/types\/product"}],"replies":[{"embeddable":true,"href":"https:\/\/boskienasiona.pl\/en\/wp-json\/wp\/v2\/comments?post=19755"}],"version-history":[{"count":0,"href":"https:\/\/boskienasiona.pl\/en\/wp-json\/wp\/v2\/product\/19755\/revisions"}],"wp:featuredmedia":[{"embeddable":true,"href":"https:\/\/boskienasiona.pl\/en\/wp-json\/wp\/v2\/media\/19751"}],"wp:attachment":[{"href":"https:\/\/boskienasiona.pl\/en\/wp-json\/wp\/v2\/media?parent=19755"}],"wp:term":[{"taxonomy":"product_cat","embeddable":true,"href":"https:\/\/boskienasiona.pl\/en\/wp-json\/wp\/v2\/product_cat?post=19755"},{"taxonomy":"product_tag","embeddable":true,"href":"https:\/\/boskienasiona.pl\/en\/wp-json\/wp\/v2\/product_tag?post=19755"},{"taxonomy":"location","embeddable":true,"href":"https:\/\/boskienasiona.pl\/en\/wp-json\/wp\/v2\/location?post=19755"}],"curies":[{"name":"wp","href":"https:\/\/api.w.org\/{rel}","templated":true}]}}