{"id":19776,"date":"2025-02-01T17:15:36","date_gmt":"2025-02-01T16:15:36","guid":{"rendered":"https:\/\/boskienasiona.pl\/product\/nasiona-warzyw-pietruszka-naciowa-gigante-d-italia-zimuje-wysiew-wiosna\/"},"modified":"2026-04-19T14:17:34","modified_gmt":"2026-04-19T12:17:34","slug":"nasiona-warzyw-pietruszka-naciowa-gigante-d-italia-zimuje-wysiew-wiosna","status":"publish","type":"product","link":"https:\/\/boskienasiona.pl\/en\/produkt\/nasiona-warzyw-pietruszka-naciowa-gigante-d-italia-zimuje-wysiew-wiosna\/","title":{"rendered":"Nasiona warzyw PIETRUSZKA NACIOWA GIGANTE D ITALIA ZIMUJE wysiew wiosna"},"content":{"rendered":"<section class=\"section\">\n<div class=\"item item-12\">\n<section class=\"text-item\">\n<h1>Nasiona warzyw PIETRUSZKA NACIOWA GIGANTE D ITALIA ZIMUJE wysiew wiosna<\/h1>\n<\/section><\/div>\n<\/section>\n<section class=\"section\">\n<div class=\"item item-6\">\n<section class=\"image-item\"><img decoding=\"async\" src=\"https:\/\/upload.cdn.baselinker.com\/products\/3018170\/fa87509dd79bdfa21bac19d7a7c7b807.jpg\" \/><\/section>\n<\/p><\/div>\n<div class=\"item item-6\">\n<section class=\"text-item\">\n<p><b>Pietruszka naciowa GIGANTE D\u2019ITALIA<\/b><\/p>\n<p>PETROSELINUM HORTENSE\u00a0 HOFFM. VAR. FOLIOSUM<\/p>\n<p>Odmiana plenna o li\u015bciach g\u0142adkich, intensywnie zielonych, bardzo aromatycznych. Na zbi\u00f3r letni wskazany jest siew w lipcu, dobrze zimuje w gruncie, na zbi\u00f3r jesienny nasiona nale\u017cy wysia\u0107 wczesn\u0105 wiosn\u0105. Zbi\u00f3r li\u015bci zaczyna si\u0119 po 90 dniach od wysiewu. Nasiona wysiewa\u0107 na g\u0142\u0119boko\u015b\u0107 1,5-2,5 cm w dobrze uprawione pod\u0142o\u017ce.<\/p>\n<\/section><\/div>\n<\/section>\n<section class=\"section\">\n<div class=\"item item-6\">\n<section class=\"image-item\"><img decoding=\"async\" src=\"https:\/\/upload.cdn.baselinker.com\/products\/3018170\/de39cbd69d9e29d6970b4c9bb84b1dd3.jpg\" \/><\/section>\n<\/p><\/div>\n<div class=\"item item-6\">\n<section class=\"text-item\">\n<p><b>SPRAWDZONA JAKO\u015a\u0106 NASION<\/b><\/p>\n<p>Oferowane przez nas nasiona s\u0105 testowane w\u00a0<b>Laboratorium Oceny Nasion pod wzgl\u0119dem:<\/b><\/p>\n<p>\u2705<b>kie\u0142kowania<\/b><\/p>\n<p>\u2705<b>wilgotno\u015bci<\/b><\/p>\n<p>\u2705<b>czysto\u015bci ziarna<\/b><\/p>\n<p><b>Dzi\u0119ki czemu udost\u0119pniane nasiona s\u0105 \u015bci\u015ble wyselekcjonowane, tylko wysokiej klasy.<\/b><\/p>\n<p>Torebki zakupione na naszej aukcji s\u0105 w pe\u0142ni bezpieczne, posiadaj\u0105\u00a0<b>dat\u0119 wa\u017cno\u015bci i nr partii na opakowaniu.<\/b>\u00a0Gwarantujemy r\u00f3wnie\u017c jako\u015b\u0107 i oryginalno\u015b\u0107 produkt\u00f3w, poniewa\u017c s\u0105 nabywane bezpo\u015brednio od producenta.<\/p>\n<\/section><\/div>\n<\/section>\n<section class=\"section\">\n<div class=\"item item-6\">\n<section class=\"image-item\"><img decoding=\"async\" src=\"https:\/\/upload.cdn.baselinker.com\/products\/3018170\/e50bf492c08cb68f19fad177439ba2ba.jpg\" \/><\/section>\n<\/p><\/div>\n<div class=\"item item-6\">\n<section class=\"image-item\"><img decoding=\"async\" src=\"https:\/\/upload.cdn.baselinker.com\/products\/3018170\/a608d95c3f2a445b25b905c58d700954.jpg\" \/><\/section>\n<\/p><\/div>\n<\/section>\n<section class=\"section\">\n<div class=\"item item-12\">\n<section class=\"image-item\"><img decoding=\"async\" src=\"https:\/\/upload.cdn.baselinker.com\/products\/3018170\/4136a0646d91375180d1a4282f0c10be.jpg\" \/><\/section>\n<\/p><\/div>\n<\/section>\n","protected":false},"excerpt":{"rendered":"<p>Nasiona warzyw PIETRUSZKA NACIOWA GIGANTE D ITALIA ZIMUJE wysiew wiosna Pietruszka naciowa GIGANTE D\u2019ITALIA PETROSELINUM HORTENSE\u00a0 HOFFM. VAR. FOLIOSUM Odmiana plenna o li\u015bciach g\u0142adkich, intensywnie zielonych, bardzo aromatycznych. Na zbi\u00f3r letni wskazany jest siew w lipcu, dobrze zimuje w gruncie, na zbi\u00f3r jesienny nasiona nale\u017cy wysia\u0107 wczesn\u0105 wiosn\u0105. Zbi\u00f3r li\u015bci zaczyna si\u0119 po 90 dniach&#8230;<\/p>\n","protected":false},"featured_media":19756,"comment_status":"open","ping_status":"closed","template":"","meta":{"inline_featured_image":false},"product_cat":[126,162],"product_tag":[],"location":[],"class_list":{"0":"post-19776","1":"product","2":"type-product","3":"status-publish","4":"has-post-thumbnail","6":"product_cat-nasiona-warzyw","7":"product_cat-nasiona","8":"nt-post-class","9":"","12":"excerpt-none","15":"first","16":"instock","17":"shipping-taxable","18":"purchasable","19":"product-type-simple"},"_links":{"self":[{"href":"https:\/\/boskienasiona.pl\/en\/wp-json\/wp\/v2\/product\/19776","targetHints":{"allow":["GET"]}}],"collection":[{"href":"https:\/\/boskienasiona.pl\/en\/wp-json\/wp\/v2\/product"}],"about":[{"href":"https:\/\/boskienasiona.pl\/en\/wp-json\/wp\/v2\/types\/product"}],"replies":[{"embeddable":true,"href":"https:\/\/boskienasiona.pl\/en\/wp-json\/wp\/v2\/comments?post=19776"}],"version-history":[{"count":0,"href":"https:\/\/boskienasiona.pl\/en\/wp-json\/wp\/v2\/product\/19776\/revisions"}],"wp:featuredmedia":[{"embeddable":true,"href":"https:\/\/boskienasiona.pl\/en\/wp-json\/wp\/v2\/media\/19756"}],"wp:attachment":[{"href":"https:\/\/boskienasiona.pl\/en\/wp-json\/wp\/v2\/media?parent=19776"}],"wp:term":[{"taxonomy":"product_cat","embeddable":true,"href":"https:\/\/boskienasiona.pl\/en\/wp-json\/wp\/v2\/product_cat?post=19776"},{"taxonomy":"product_tag","embeddable":true,"href":"https:\/\/boskienasiona.pl\/en\/wp-json\/wp\/v2\/product_tag?post=19776"},{"taxonomy":"location","embeddable":true,"href":"https:\/\/boskienasiona.pl\/en\/wp-json\/wp\/v2\/location?post=19776"}],"curies":[{"name":"wp","href":"https:\/\/api.w.org\/{rel}","templated":true}]}}