{"id":19832,"date":"2025-02-01T17:17:15","date_gmt":"2025-02-01T16:17:15","guid":{"rendered":"https:\/\/boskienasiona.pl\/product\/nasiona-warzyw-na-tasmie-marchew-sr-wczesna-soczysta-znacznik-roslin\/"},"modified":"2026-04-18T14:17:23","modified_gmt":"2026-04-18T12:17:23","slug":"nasiona-warzyw-na-tasmie-marchew-sr-wczesna-soczysta-znacznik-roslin","status":"publish","type":"product","link":"https:\/\/boskienasiona.pl\/en\/produkt\/nasiona-warzyw-na-tasmie-marchew-sr-wczesna-soczysta-znacznik-roslin\/","title":{"rendered":"Nasiona warzyw na ta\u015bmie Marchew \u015ar. Wczesna Soczysta + znacznik ro\u015blin"},"content":{"rendered":"<section class=\"section\">\n<div class=\"item item-12\">\n<section class=\"text-item\">\n<h1>Nasiona warzyw na ta\u015bmie Marchew \u015arednio Wczesna Wysiew Do Czerwca Soczysta + znacznik ro\u015blin<\/h1>\n<\/section><\/div>\n<\/section>\n<section class=\"section\">\n<div class=\"item item-6\">\n<section class=\"image-item\"><img decoding=\"async\" src=\"https:\/\/upload.cdn.baselinker.com\/products\/3018170\/df1be2753a9dae2652f1df4a169a6c16.jpg\" \/><\/section>\n<\/p><\/div>\n<div class=\"item item-6\">\n<section class=\"text-item\">\n<p><b>Nasiona na ta\u015bmie MARCHEW NANTAISE \u015ar. Wczesna<\/b><\/p>\n<p>DAUCUS CAROTA&nbsp; L.<\/p>\n<p>Odmiana \u015brednio wczesna, przeznaczona na&nbsp;zbi\u00f3r letni i&nbsp;jesienny. Korze\u0144 d\u0142ugo\u015bci 20-22cm lekko sto\u017ckowaty z&nbsp;ma\u0142\u0105 tendencj\u0105 do&nbsp;zazielenienia. Mi\u0105\u017csz delikatny, smaczny, o&nbsp;kruchej konsystencji, ciemno-pomara\u0144czowy. Polecana do&nbsp;upraw amatorskich i&nbsp;handlowych<\/p>\n<p>Wysiew nasion od&nbsp;IV do&nbsp;po\u0142owy VI. Zbi\u00f3r od&nbsp;po\u0142. VIII do&nbsp;X<\/p>\n<p>Ta\u015bma nasienna u\u0142atwia wysiew, dzi\u0119ki odpowiedniemu rozmieszczeniu nasion na&nbsp;ta\u015bmie eliminuj\u0105c potrzeb\u0119 stosowania przerywki i&nbsp;pozwala na&nbsp;uzyskanie dobrych plon\u00f3w.<\/p>\n<p><b>Opakowanie zawiera 6m ta\u015bmy nasiennej.<\/b><\/p>\n<p><b>Zestaw zawiera:<\/b><\/p>\n<p><b>\u2705Nasiona na ta\u015bmie MARCHEW NANTAISE \u015ar. Wczesna 1 szt.<\/b><\/p>\n<p><b>\u2705Tabliczka ogrodowa 1 szt.<\/b><\/p>\n<\/section><\/div>\n<\/section>\n<section class=\"section\">\n<div class=\"item item-6\">\n<section class=\"image-item\"><img decoding=\"async\" src=\"https:\/\/upload.cdn.baselinker.com\/products\/3018170\/6383249cd7512943023d868df9d49852.jpg\" \/><\/section>\n<\/p><\/div>\n<div class=\"item item-6\">\n<section class=\"text-item\">\n<p><b>NASIONA NA TA\u015aMIE<\/b><\/p>\n<p>S\u0105 to specjalne ta\u015bmy oraz kr\u0105\u017cki naszpikowane nasionami w odpowiednim zag\u0119szczeniu. Precyzyjne zachowanie odleg\u0142o\u015bci na ta\u015bmie eliminuj\u0105c potrzeb\u0119 stosowania przerywki.\u00a0 Wysiew wymaga jedynie wykopania rowka, umieszczenia w nim ta\u015bmy i zasypania ziemi\u0105. T\u0105 prost\u0105 metod\u0105 mo\u017cna wysiewa\u0107 zar\u00f3wno\u00a0nasiona warzyw gruntowych, jak i zio\u0142a czy kwiaty.<\/p>\n<\/section><\/div>\n<\/section>\n<section class=\"section\">\n<div class=\"item item-6\">\n<section class=\"image-item\"><img decoding=\"async\" src=\"https:\/\/upload.cdn.baselinker.com\/products\/3018170\/9631e7e6d242a0c9552891c9977104cd.jpg\" \/><\/section>\n<\/p><\/div>\n<div class=\"item item-6\">\n<section class=\"text-item\">\n<p><b>Opakowanie zawiera 6m ta\u015bmy nasiennej.<\/b><\/p>\n<p><b>Ta\u015bma nasienna u\u0142atwia wysiew, dzi\u0119ki odpowiedniemu rozmieszczeniu nasion na ta\u015bmie eliminuj\u0105c potrzeb\u0119 stosowania przerywki i pozwala na\u00a0uzyskanie dobrych plon\u00f3w.<\/b><\/p>\n<p><b>WARUNKI UPRAWY:<\/b><\/p>\n<p>1\ufe0f\u20e3 Przygotowa\u0107 pod\u0142o\u017ce usuwaj\u0105c kamienie i grabi\u0105c w celu\u00a0 \u00a0 \u00a0 \u00a0 \u00a0wyr\u00f3wnania i rozdrobnienia powierzchni ziemi.<\/p>\n<p>2\ufe0f\u20e3 Wykona\u0107 w ziemi p\u0142ytki rowek ok. 0,5-1 cm g\u0142\u0119boko\u015bci roz\u0142o\u017cy\u0107 ta\u015bm\u0119, przykry\u0107 warstw\u0105 pod\u0142o\u017ca.<\/p>\n<p>3\ufe0f\u20e3 Obficie podla\u0107 i utrzymywa\u0107 wilgotno\u015b\u0107 nie dopuszczaj\u0105c do przesuszenia w celu u\u0142atwienia kie\u0142kowania.<\/p>\n<\/section><\/div>\n<\/section>\n<section class=\"section\">\n<div class=\"item item-6\">\n<section class=\"image-item\"><img decoding=\"async\" src=\"https:\/\/upload.cdn.baselinker.com\/products\/3018170\/2a63bce378278b27ccc30c31fac2c6ad.jpg\" \/><\/section>\n<\/p><\/div>\n<div class=\"item item-6\">\n<section class=\"text-item\">\n<p><b>SPRAWDZONA JAKO\u015a\u0106 NASION<\/b><\/p>\n<p>Oferowane przez nas nasiona s\u0105 testowane w <b>Laboratorium Oceny Nasion pod wzgl\u0119dem:<\/b><\/p>\n<p>\u2705<b>kie\u0142kowania<\/b><\/p>\n<p>\u2705<b>wilgotno\u015bci<\/b><\/p>\n<p>\u2705<b>czysto\u015bci ziarna<\/b><\/p>\n<p><b>Dzi\u0119ki czemu udost\u0119pniane nasiona s\u0105 \u015bci\u015ble wyselekcjonowane, tylko wysokiej klasy.<\/b><\/p>\n<p>Torebki zakupione na naszej aukcji s\u0105 w pe\u0142ni bezpieczne, posiadaj\u0105 <b>dat\u0119 wa\u017cno\u015bci i nr partii na opakowaniu.<\/b> Gwarantujemy r\u00f3wnie\u017c jako\u015b\u0107 i oryginalno\u015b\u0107 produkt\u00f3w, poniewa\u017c s\u0105 nabywane bezpo\u015brednio od producenta.<\/p>\n<\/section><\/div>\n<\/section>\n<section class=\"section\">\n<div class=\"item item-6\">\n<section class=\"image-item\"><img decoding=\"async\" src=\"https:\/\/upload.cdn.baselinker.com\/products\/3018170\/8a7e67c6842bd0e267528538fee2bd7c.jpg\" \/><\/section>\n<\/p><\/div>\n<div class=\"item item-6\">\n<section class=\"text-item\">\n<p><b>\u2705TABLICZKI OGRODWE<\/b><\/p>\n<p>Tabliczki ogrodowe plastikowe do opisywania ro\u015blin to popularny wyb\u00f3r w\u015br\u00f3d ogrodnik\u00f3w, poniewa\u017c s\u0105 lekkie, trwa\u0142e i \u0142atwe w u\u017cyciu. Wykonane z tworzyw sztucznych, oferuj\u0105 kilka istotnych zalet.<\/p>\n<p><b>Cechy charakterystyczne plastikowych tabliczek ogrodowych:<\/b><\/p>\n<p><b>\u2705Trwa\u0142o\u015b\u0107 i odporno\u015b\u0107 na warunki atmosferyczne:<\/b>&nbsp;Plastikowe tabliczki s\u0105 odporne na deszcz, wilgo\u0107, s\u0142o\u0144ce i zmiany temperatur, co sprawia, \u017ce nie blakn\u0105 ani nie rdzewiej\u0105, jak mo\u017ce to mie\u0107 miejsce w przypadku materia\u0142\u00f3w metalowych czy drewnianych. S\u0105 idealne do u\u017cytku na zewn\u0105trz, w r\u00f3\u017cnych warunkach pogodowych.<\/p>\n<p><b>\u2705Lekko\u015b\u0107 i \u0142atwo\u015b\u0107 monta\u017cu:<\/b>&nbsp;Dzi\u0119ki swojej lekko\u015bci, plastikowe tabliczki s\u0105 \u0142atwe do wbicia w ziemi\u0119. Wystarczy je delikatnie wsun\u0105\u0107 w ziemi\u0119 przy ro\u015blinie, co u\u0142atwia ich szybkie i wygodne ustawianie.<\/p>\n<p><b>\u2705Mo\u017cliwo\u015b\u0107 \u0142atwego zapisu i aktualizacji:<\/b>&nbsp;Tabliczki plastikowe zwykle maj\u0105 powierzchni\u0119, kt\u00f3r\u0105 \u0142atwo zapisa\u0107 za pomoc\u0105 specjalnych marker\u00f3w do pisania na plastiku. Cz\u0119sto u\u017cywa si\u0119 do tego marker\u00f3w, kt\u00f3re mo\u017cna p\u00f3\u017aniej zmy\u0107, co umo\u017cliwia wielokrotne u\u017cycie tabliczki w sezonach. Mo\u017cna na nich zapisa\u0107 nazw\u0119 ro\u015bliny, dat\u0119 sadzenia, wymagania dotycz\u0105ce piel\u0119gnacji czy inne informacje.<\/p>\n<p><b>\u2b50Tabliczka Specyfikacja\u2b50<\/b><\/p>\n<p>\u2714\ufe0f<b>Ilo\u015b\u0107:<\/b> 1 szt<\/p>\n<p>\u2714\ufe0f<b>Kolor:<\/b>&nbsp;Bia\u0142y<\/p>\n<p>\u2714\ufe0f<b>Materia\u0142:<\/b>&nbsp;Tworzywo sztuczne<\/p>\n<p>\u2714\ufe0f<b>Wysoko\u015b\u0107:<\/b>&nbsp;13,5 cm<\/p>\n<p>\u2714\ufe0f<b>Szeroko\u015b\u0107:<\/b>&nbsp;1,7 cm<\/p>\n<p>\u2714\ufe0f<b>Wysoko\u015b\u0107 robocza:&nbsp;<\/b>9 cm<\/p>\n<p>\u2714\ufe0f<b>Szeroko\u015b\u0107 robocza:&nbsp;<\/b>1,7 cm<\/p>\n<\/section><\/div>\n<\/section>\n<section class=\"section\">\n<div class=\"item item-6\">\n<section class=\"image-item\"><img decoding=\"async\" src=\"https:\/\/upload.cdn.baselinker.com\/products\/3018170\/b3424f5f10d49e14496325ae0490df82.jpg\" \/><\/section>\n<\/p><\/div>\n<div class=\"item item-6\">\n<section class=\"image-item\"><img decoding=\"async\" src=\"https:\/\/upload.cdn.baselinker.com\/products\/3018170\/4aec737fbc4dece4d79fede7c80c2c06.jpg\" \/><\/section>\n<\/p><\/div>\n<\/section>\n<section class=\"section\">\n<div class=\"item item-6\">\n<section class=\"image-item\"><img decoding=\"async\" src=\"https:\/\/upload.cdn.baselinker.com\/products\/3018170\/6383249cd7512943023d868df9d49852.jpg\" \/><\/section>\n<\/p><\/div>\n<div class=\"item item-6\">\n<section class=\"image-item\"><img decoding=\"async\" src=\"https:\/\/upload.cdn.baselinker.com\/products\/3018170\/b3424f5f10d49e14496325ae0490df82.jpg\" \/><\/section>\n<\/p><\/div>\n<\/section>\n<section class=\"section\">\n<div class=\"item item-12\">\n<section class=\"image-item\"><img decoding=\"async\" src=\"https:\/\/upload.cdn.baselinker.com\/products\/3018170\/4aec737fbc4dece4d79fede7c80c2c06.jpg\" \/><\/section>\n<\/p><\/div>\n<\/section>\n","protected":false},"excerpt":{"rendered":"<p>Nasiona warzyw na ta\u015bmie Marchew \u015arednio Wczesna Wysiew Do Czerwca Soczysta + znacznik ro\u015blin Nasiona na ta\u015bmie MARCHEW NANTAISE \u015ar. Wczesna DAUCUS CAROTA&nbsp; L. Odmiana \u015brednio wczesna, przeznaczona na&nbsp;zbi\u00f3r letni i&nbsp;jesienny. Korze\u0144 d\u0142ugo\u015bci 20-22cm lekko sto\u017ckowaty z&nbsp;ma\u0142\u0105 tendencj\u0105 do&nbsp;zazielenienia. Mi\u0105\u017csz delikatny, smaczny, o&nbsp;kruchej konsystencji, ciemno-pomara\u0144czowy. Polecana do&nbsp;upraw amatorskich i&nbsp;handlowych Wysiew nasion od&nbsp;IV do&nbsp;po\u0142owy VI. Zbi\u00f3r&#8230;<\/p>\n","protected":false},"featured_media":19810,"comment_status":"open","ping_status":"closed","template":"","meta":{"inline_featured_image":false},"product_cat":[126,162,186,184],"product_tag":[],"location":[],"class_list":{"0":"post-19832","1":"product","2":"type-product","3":"status-publish","4":"has-post-thumbnail","6":"product_cat-nasiona-warzyw","7":"product_cat-nasiona","8":"product_cat-nasiona-marchwi","9":"product_cat-nasiona-warzyw-na-tasmie","10":"nt-post-class","11":"","14":"excerpt-none","17":"first","18":"instock","19":"shipping-taxable","20":"purchasable","21":"product-type-simple"},"_links":{"self":[{"href":"https:\/\/boskienasiona.pl\/en\/wp-json\/wp\/v2\/product\/19832","targetHints":{"allow":["GET"]}}],"collection":[{"href":"https:\/\/boskienasiona.pl\/en\/wp-json\/wp\/v2\/product"}],"about":[{"href":"https:\/\/boskienasiona.pl\/en\/wp-json\/wp\/v2\/types\/product"}],"replies":[{"embeddable":true,"href":"https:\/\/boskienasiona.pl\/en\/wp-json\/wp\/v2\/comments?post=19832"}],"version-history":[{"count":1,"href":"https:\/\/boskienasiona.pl\/en\/wp-json\/wp\/v2\/product\/19832\/revisions"}],"predecessor-version":[{"id":22577,"href":"https:\/\/boskienasiona.pl\/en\/wp-json\/wp\/v2\/product\/19832\/revisions\/22577"}],"wp:featuredmedia":[{"embeddable":true,"href":"https:\/\/boskienasiona.pl\/en\/wp-json\/wp\/v2\/media\/19810"}],"wp:attachment":[{"href":"https:\/\/boskienasiona.pl\/en\/wp-json\/wp\/v2\/media?parent=19832"}],"wp:term":[{"taxonomy":"product_cat","embeddable":true,"href":"https:\/\/boskienasiona.pl\/en\/wp-json\/wp\/v2\/product_cat?post=19832"},{"taxonomy":"product_tag","embeddable":true,"href":"https:\/\/boskienasiona.pl\/en\/wp-json\/wp\/v2\/product_tag?post=19832"},{"taxonomy":"location","embeddable":true,"href":"https:\/\/boskienasiona.pl\/en\/wp-json\/wp\/v2\/location?post=19832"}],"curies":[{"name":"wp","href":"https:\/\/api.w.org\/{rel}","templated":true}]}}