{"id":19837,"date":"2025-02-01T18:23:04","date_gmt":"2025-02-01T17:23:04","guid":{"rendered":"https:\/\/boskienasiona.pl\/product\/nawoz-wieloskladnikowy-uniwersalny-do-warzyw-kwiatow-iglakow-trawnikow\/"},"modified":"2026-04-18T22:17:38","modified_gmt":"2026-04-18T20:17:38","slug":"nawoz-wieloskladnikowy-uniwersalny-do-warzyw-kwiatow-iglakow-trawnikow","status":"publish","type":"product","link":"https:\/\/boskienasiona.pl\/en\/produkt\/nawoz-wieloskladnikowy-uniwersalny-do-warzyw-kwiatow-iglakow-trawnikow\/","title":{"rendered":"Naw\u00f3z wielosk\u0142adnikowy UNIWERSALNY do warzyw kwiat\u00f3w iglak\u00f3w trawnik\u00f3w"},"content":{"rendered":"<section class=\"section\">\n<div class=\"item item-6\">\n<section class=\"image-item\"><img decoding=\"async\" src=\"https:\/\/upload.cdn.baselinker.com\/products\/3018170\/3f9deb1a79d1053b373672bb7cd54345.jpg\"><\/section>\n<\/p><\/div>\n<div class=\"item item-6\">\n<section class=\"text-item\">\n<h1>NAW\u00d3Z MINERALNY &#8211; UNIWERSALNY<\/h1>\n<h1>do kwiat\u00f3w, warzyw, krzew\u00f3w, drzewek i trawnika<\/h1>\n<p><b>Zastosowanie:<\/b> Naw\u00f3z o bogatym sk\u0142adzie, przeznaczony do nawo\u017cenia wszystkich warzyw, kwiat\u00f3w, drzew oraz krzew\u00f3w uprawianych w ogrodzie. Polecany r\u00f3wnie\u017c do zasilania trawnik\u00f3w. Sk\u0142ad nawozu spe\u0142nia wymagania ro\u015blin zapewniaj\u0105c im komplet sk\u0142adnik\u00f3w od\u017cywczych. \u0141atwo przyswajalne makro i mikroelementy gwarantuj\u0105 obfite plony oraz pi\u0119kne kwiaty, a tak\u017ce zwi\u0119kszaj\u0105 odporno\u015b\u0107 na choroby i przemarzanie.<\/p>\n<\/section><\/div>\n<\/section>\n<section class=\"section\">\n<div class=\"item item-6\">\n<section class=\"image-item\"><img decoding=\"async\" src=\"https:\/\/upload.cdn.baselinker.com\/products\/3018170\/7d988496463481ec5a026b1e50b1cd34.jpg\"><\/section>\n<\/p><\/div>\n<div class=\"item item-6\">\n<section class=\"text-item\">\n<p><b>DAWKOWANIE:<\/b><\/p>\n<p><b>\u2705Warzywa<\/b><\/p>\n<p>zasila\u0107 w dawce rocznej 5-10 kg\/100m\u00b2 (2\/3 dawki na 7-14 dni przed siewem lub sadzeniem, 1\/3 dawki w po\u0142owie okresu wegetacji); uprawy pod os\u0142onami nawozi\u0107 w dawce rocznej 8-12 kg\/100m\u00b2 (ca\u0142a dawka na 7-14 dni przed siewem lub sadzeniem).<\/p>\n<p><b>\u2705Trawniki:<\/b><\/p>\n<p>nowe zasila\u0107 nawozem po pierwszym i drugim koszeniu, ka\u017cdorazowo w dawce 2-5 kg\/100m\u00b2. Trawniki wieloletnie nawozi\u0107 w ilo\u015bci 3-5 kg\/100m\u00b2, z cz\u0119stotliwo\u015bci\u0105 3 do 5 razy w okresie marca do sierpnia.<\/p>\n<p><b>\u2705Iglaki:<\/b><\/p>\n<p>w uprawie gruntowej stosowa\u0107 naw\u00f3z w dawce 5-8 kg\/100m\u00b2 trzykrotnie w okresie wegetacji: na pocz\u0105tku kwietnia, w po\u0142owie maja oraz na pocz\u0105tku lipca; 1kg nawozu wystarczy dla 20 \u015bredniej wielko\u015bci ro\u015blin.<\/p>\n<p><b>\u2705Drzewa i krzewy owocowe:<\/b><\/p>\n<p>dawk\u0119 roczn\u0105 8-15 kg\/100m\u00b2 stosowa\u0107 w proporcjach &#8211; 1\/2 dawki wczesn\u0105 wiosn\u0105 i 1\/2 dawki w czasie 7-14 dni po kwitnieniu. Porzeczki, agrest, maliny nawozi\u0107 w dawce rocznej 6-12 kg\/100m2 w proporcjach 2\/3 dawki wiosn\u0105 i 1\/3 dawki po zbiorach. Truskawki nawozi\u0107 dawk\u0105 roczn\u0105 4-6 kg\/100 m2 w proporcjach 1\/3 dawki wiosn\u0105 i 2\/3 dawki po zbiorach. Winoro\u015ble i pozosta\u0142e krzewy jagodowe nawozi\u0107 w dawce rocznej 7-9 kg\/100m2 w ca\u0142o\u015bci wczesn\u0105 wiosn\u0105.<\/p>\n<p><b>\u2705Kwiaty:<\/b><\/p>\n<p>kwiaty jedno-, dwu- i wieloletnie, ro\u015bliny cebulowe oraz krzewy ozdobne nawozi\u0107 przed siewem lub sadzeniem w dawce 20 g\/m\u00b2. W sezonie wegetacyjnym, nawozi\u0107 pog\u0142\u00f3wnie co 3-4 tygodnie od kwietnia do sierpnia, stosuj\u0105c ka\u017cdorazowo dawk\u0119 20 g\/m\u00b2. Przy pojedy\u0144czych nasadzeniach, w zale\u017cno\u015bci od wielko\u015bci ro\u015blin, stosuj\u0119 si\u0119 dawk\u0119 2 &#8211; 4 g nawozu na jedn\u0105 ro\u015blin\u0119.<\/p>\n<p>\u015brednia wydajno\u015b\u0107 z opakowania: <b>1 kg na 50 m2.<\/b><\/p>\n<\/section><\/div>\n<\/section>\n<section class=\"section\">\n<div class=\"item item-6\">\n<section class=\"image-item\"><img decoding=\"async\" src=\"https:\/\/upload.cdn.baselinker.com\/products\/3018170\/7d988496463481ec5a026b1e50b1cd34.jpg\"><\/section>\n<\/p><\/div>\n<div class=\"item item-6\">\n<section class=\"text-item\">\n<p><b>NAW\u00d3Z WE<\/b> <b>B.1.1. i E.2.2. Naw\u00f3z mineralny NPK (CaO + MgO + SO:) 10-8-15 (5,0+3,0+32,0) z mikroskladnikami pokarmowymi<\/b><\/p>\n<p><b>Zawarto\u015b\u0107 sk\u0142adnik\u00f3w pokarmowych:<\/b><\/p>\n<p><b>\u2705Makroelementy<\/b><\/p>\n<p>Azot ca\u0142kowity &#8211; 10,0%,<\/p>\n<p>w formie amonowej &#8211; 10,0%<\/p>\n<p>Fosfor (P) w przeliczeniu na P20, &#8211; 8,0% rozpuszczalny w oboj\u0119tnym cytrynianie amonu i w wodzie<\/p>\n<p>Potas (K) w przeliczeniu na K,0 &#8211; 15,0% rozpuszczalny w wodzie,<\/p>\n<p>Wap\u0144 (Ca) w przeliczeniu na CaO &#8211; 5,0%,<\/p>\n<p>Magnez (Mg) w przeliczeniu na MgO &#8211; 3,0% ca\u0142kowity,<\/p>\n<p>Siarka (5) w przeliczeniu na SO, -32,0% rozpuszczalna w wodzie.<\/p>\n<p><b>\u2705 Mikroelementy:<\/b><\/p>\n<p>Bor (B): 0,01 % rozpuszczany w wodzie, w postaci kwasu borowego<\/p>\n<p>Miedz (Cu): 0,010 % schelatowana przez EDTA\u00a0<\/p>\n<p>Zelazo (Fe): 1,0% schelatowane przez EDTA\u00a0<\/p>\n<p>Mangan (Mn): 0,05 % schelatowany prez EDTA<\/p>\n<p>Molibden (Mo): 0,001 % ca\u0142kowity w postaci soli amonowe]\u00a0<\/p>\n<p>Cynk (Zn): 0,010 % schelatowany prez EDTA<\/p>\n<\/section><\/div>\n<\/section>\n<section class=\"section\">\n<div class=\"item item-12\">\n<section class=\"text-item\">\n<p><b>\u015arodki ostro\u017cno\u015bci:<\/b><\/p>\n<p>W przypadku po\u0142kni\u0119cia skontaktowa\u0107 si\u0119 z lekarzem.<\/p>\n<p><b>W PRZYPADKU DOSTANIA SIE DO OCZU<\/b>: ostro\u017cnie p\u0142uka\u0107 woda przez kilka minut. Wyj\u0105c soczewki kontaktowe, je\u017celi s\u0105 i mo\u017cna je \u0142atwo usun\u0105\u0107. Nadal p\u0142uka\u0107. W przypadku utrzymywania si\u0119 dzia\u0142ania dra\u017cni\u0105cego na oczy: zasi\u0119gn\u0105\u0107 porady lekarza.<\/p>\n<p><b>W PRZYPADKU KONTAKTU ZE SK\u00d3RA<\/b>: sp\u0142uka\u0107 sk\u00f3r\u0119 pod strumieniem wody. Stosowa\u0107 r\u0119kawice ochronne i ochron\u0119 oczu. Chroni\u0107 przed dzie\u0107mi. Przechowywa\u0107 w suchym miejscu, w zamkni\u0119tym pojemniku, w temperaturze nieprzekraczaj\u0105cej 30\u00b0C.<\/p>\n<\/section><\/div>\n<\/section>\n","protected":false},"excerpt":{"rendered":"<p>NAW\u00d3Z MINERALNY &#8211; UNIWERSALNY do kwiat\u00f3w, warzyw, krzew\u00f3w, drzewek i trawnika Zastosowanie: Naw\u00f3z o bogatym sk\u0142adzie, przeznaczony do nawo\u017cenia wszystkich warzyw, kwiat\u00f3w, drzew oraz krzew\u00f3w uprawianych w ogrodzie. Polecany r\u00f3wnie\u017c do zasilania trawnik\u00f3w. Sk\u0142ad nawozu spe\u0142nia wymagania ro\u015blin zapewniaj\u0105c im komplet sk\u0142adnik\u00f3w od\u017cywczych. \u0141atwo przyswajalne makro i mikroelementy gwarantuj\u0105 obfite plony oraz pi\u0119kne kwiaty, a&#8230;<\/p>\n","protected":false},"featured_media":19833,"comment_status":"open","ping_status":"closed","template":"","meta":{"inline_featured_image":false},"product_cat":[167],"product_tag":[],"location":[],"class_list":{"0":"post-19837","1":"product","2":"type-product","3":"status-publish","4":"has-post-thumbnail","6":"product_cat-nawozy","7":"nt-post-class","8":"","11":"excerpt-none","14":"first","15":"instock","16":"shipping-taxable","17":"purchasable","18":"product-type-simple"},"_links":{"self":[{"href":"https:\/\/boskienasiona.pl\/en\/wp-json\/wp\/v2\/product\/19837","targetHints":{"allow":["GET"]}}],"collection":[{"href":"https:\/\/boskienasiona.pl\/en\/wp-json\/wp\/v2\/product"}],"about":[{"href":"https:\/\/boskienasiona.pl\/en\/wp-json\/wp\/v2\/types\/product"}],"replies":[{"embeddable":true,"href":"https:\/\/boskienasiona.pl\/en\/wp-json\/wp\/v2\/comments?post=19837"}],"version-history":[{"count":1,"href":"https:\/\/boskienasiona.pl\/en\/wp-json\/wp\/v2\/product\/19837\/revisions"}],"predecessor-version":[{"id":22440,"href":"https:\/\/boskienasiona.pl\/en\/wp-json\/wp\/v2\/product\/19837\/revisions\/22440"}],"wp:featuredmedia":[{"embeddable":true,"href":"https:\/\/boskienasiona.pl\/en\/wp-json\/wp\/v2\/media\/19833"}],"wp:attachment":[{"href":"https:\/\/boskienasiona.pl\/en\/wp-json\/wp\/v2\/media?parent=19837"}],"wp:term":[{"taxonomy":"product_cat","embeddable":true,"href":"https:\/\/boskienasiona.pl\/en\/wp-json\/wp\/v2\/product_cat?post=19837"},{"taxonomy":"product_tag","embeddable":true,"href":"https:\/\/boskienasiona.pl\/en\/wp-json\/wp\/v2\/product_tag?post=19837"},{"taxonomy":"location","embeddable":true,"href":"https:\/\/boskienasiona.pl\/en\/wp-json\/wp\/v2\/location?post=19837"}],"curies":[{"name":"wp","href":"https:\/\/api.w.org\/{rel}","templated":true}]}}