{"id":19864,"date":"2025-02-01T18:23:59","date_gmt":"2025-02-01T17:23:59","guid":{"rendered":"https:\/\/boskienasiona.pl\/product\/nawoz-naturalny-org-kurzy-obornik-10l-uniwersalny-do-roslin-warzyw-i-inne\/"},"modified":"2026-03-03T22:19:58","modified_gmt":"2026-03-03T21:19:58","slug":"nawoz-naturalny-org-kurzy-obornik-10l-uniwersalny-do-roslin-warzyw-i-inne","status":"publish","type":"product","link":"https:\/\/boskienasiona.pl\/en\/produkt\/nawoz-naturalny-org-kurzy-obornik-10l-uniwersalny-do-roslin-warzyw-i-inne\/","title":{"rendered":"Naw\u00f3z NATURALNY org. Kurzy Obornik 10L Uniwersalny do ro\u015blin warzyw i inne"},"content":{"rendered":"<section class=\"section\">\n<div class=\"item item-6\">\n<section class=\"image-item\"><img decoding=\"async\" src=\"https:\/\/upload.cdn.baselinker.com\/products\/3018170\/b08cd8607a2eb31ac899ae99ada05843.jpg\" \/><\/section>\n<\/p><\/div>\n<div class=\"item item-6\">\n<section class=\"text-item\">\n<h2>Naw\u00f3z NAT\u00d3RALNY organiczny Obornik Kurzy 10L<\/h2>\n<h2>100% Naturalnej Energii<\/h2>\n<p>Zastosowanie: Obornik kurzy granulowany marki Planta to produkt w 100% naturalny Przeznaczony jest do nawo\u017cenia wszystkich ro\u015blin ogrodowych jako naw\u00f3z uniwersalny. Wytworzony na bazie odchod\u00f3w kurzych jest bogaty w \u0142atwo dost\u0119pne sk\u0142adnik od\u017cywcze niezb\u0119dne do prawid\u0142owego rozwoju ro\u015blin. Bogaty sk\u0142ad nawozu pozytywnie wp\u0142ywa na jako\u015b\u0107 i wielko\u015b\u0107 plon\u00f3w oraz na zdrowotno\u015b\u0107 ro\u015blin. Systematyczne stosowa nie w ci\u0105gu sezonu wegetacyjnego zapewnia optymalne warunki rozwoju. Zastosowany w jesieni ulega pe\u0142niejszemu rozk\u0142adowi w trakcie zimy i doskonale przygotowuje gleb\u0119 pod wiosenne uprawy, wzbogacaj\u0105c j\u0105 w makro-i mikroelementy oraz s\u0142odk\u0105 pr\u00f3chnice. Obornik kurzy granulowany marki Planta ma posta\u0107 wysuszonego granulatu. Jest \u0142atwy w dozowaniu i stosowaniu. Nie powoduje ryzyka przenawo\u017cenia. Doskona\u0142e \u017ar\u00f3d\u0142o 100% naturalnej energii dla twojego ogrodu !!!<\/p>\n<\/section><\/div>\n<\/section>\n<section class=\"section\">\n<div class=\"item item-6\">\n<section class=\"image-item\"><img decoding=\"async\" src=\"https:\/\/upload.cdn.baselinker.com\/products\/3018170\/09536359746e7d5bdfbf6c25ef8e70e5.jpg\" \/><\/section>\n<\/p><\/div>\n<div class=\"item item-6\">\n<section class=\"text-item\">\n<p><b>W\u0142a\u015bciwo\u015bci:<\/b><\/p>\n<p>\u2705<b>naw\u00f3z spe\u0142nia wymagania europejskie<\/b><\/p>\n<p><b>\u2705technologia produkcji oparta jest na najnowszych osi\u0105gnieciach w dziedzinie nawo\u017cenia ro\u015blin<\/b><\/p>\n<p><b>\u2705naturalny, bezchlorkowy, wolny od metali ci\u0119\u017ckich<\/b><\/p>\n<p><b>\u2705dzia\u0142a d\u0142ugofalowo, zapewniaj\u0105c odpowiedni wzrost ro\u015blin poprzez systematyczne dostarczanie makro-i mikroelement\u00f3w,<\/b><\/p>\n<p><b>\u2705tworzy pr\u00f3chnice oraz wp\u0142ywa korzystnie na mikroflor\u0119 znajduj\u0105c\u0105 si\u0119 w glebie<\/b><\/p>\n<p><b>\u2705nie wymaga zraszania, co umo\u017cliwia stosowanie w ka\u017cdej porze dnia z wyj\u0105tkiem temperatur poni\u017cej 0\u00b0C<\/b><\/p>\n<p><b>\u2705w wyniku odpowiednie technologii zosta\u0142 pozbawiony nasion chwast\u00f3w, patogen\u00f3w, niepo\u017c\u0105danych grzyb\u00f3w i bakterii,<\/b><\/p>\n<p><b>\u2705wyprodukowany w spos\u00f3b przyjazny dla \u015brodowiska naturalnego<\/b><\/p>\n<p><b>\u2705stosowanie nie niesie za sob\u0105 ubocznych skutk\u00f3w dzia\u0142ania<\/b><\/p>\n<\/section><\/div>\n<\/section>\n<section class=\"section\">\n<div class=\"item item-6\">\n<section class=\"image-item\"><img decoding=\"async\" src=\"https:\/\/upload.cdn.baselinker.com\/products\/3018170\/f66d8c185b85b6b2d30b72bfff2aeafb.jpg\" \/><\/section>\n<\/p><\/div>\n<div class=\"item item-6\">\n<section class=\"text-item\">\n<p><b>DAWKOWANIE:<\/b><\/p>\n<p>\u2705przed siewem lub sadzeniem warzyw obornik wymiesza\u0107 z 10-20cm wierzchni\u0105 warstw\u0105 gleby w ilo\u015bci 10-18kg\/100m2,<\/p>\n<p>\u2705w okresie wegetacji stosowa\u0107 1-2 krotnie w ilo\u015bci 2,5-3,5kg\/100m2. 1L obornika to oko\u0142o 700g. Ka\u017cdorazowo naw\u00f3z wymiesza\u0107 z wierzchni\u0105 warstw\u0105 gleby i podla\u0107,<\/p>\n<p>\u2705w celu przygotowania gleby do kolejnego sezonu ogrodniczego, zaleca sie stosowa\u0107 naw\u00f3z organiczny jesieni\u0105 (wrzesie\u0144-listopad) i wymiesza\u0107 go z gleb\u0105 w ilo\u015bci 10-18kg\/100m2. Pozwoli to na dok\u0142adny rozk\u0142ad nawozu i pe\u0142niejsze wzbogacenie gleby w makro i mikroelementy oraz s\u0142odk\u0105 pr\u00f3chnice,<\/p>\n<p>\u2705\u015brednia wydajno\u015b\u0107 z opakowania: 5 litr\u00f3w na 50 m2.<\/p>\n<p><b>KALENDARZ STOSOWANIA:<\/b><\/p>\n<p>\u2705optymalnie: IV-VI \/ IX-XI &#8211; przygotowanie do kolejnego sezonu ogrodniczego<\/p>\n<p>\u2705mo\u017cna stosowa\u0107: III \/ VII-VIII<\/p>\n<p>\u2705nie stosowa\u0107: XII-II<\/p>\n<\/section><\/div>\n<\/section>\n<section class=\"section\">\n<div class=\"item item-6\">\n<section class=\"image-item\"><img decoding=\"async\" src=\"https:\/\/upload.cdn.baselinker.com\/products\/3018170\/b08cd8607a2eb31ac899ae99ada05843.jpg\" \/><\/section>\n<\/p><\/div>\n<div class=\"item item-6\">\n<section class=\"text-item\">\n<p><b>ZASTOSOWANIE:<\/b><\/p>\n<p><b>\u2705<\/b>Uprawianie ro\u015blin<\/p>\n<p>\u2705Warzywa<\/p>\n<p>\u2705Ro\u015bliny krzewy ozdobne<\/p>\n<p>\u2705Ziemniaki<\/p>\n<p>\u2705Winogrona<\/p>\n<p>\u2705Przygotowanie gleby pod trawniki<\/p>\n<p>\u2705Drzewa i krzewy owocowe<\/p>\n<p>\u2705Sadzonki (dozowanie punktowe)<\/p>\n<\/section><\/div>\n<\/section>\n","protected":false},"excerpt":{"rendered":"<p>Naw\u00f3z NAT\u00d3RALNY organiczny Obornik Kurzy 10L 100% Naturalnej Energii Zastosowanie: Obornik kurzy granulowany marki Planta to produkt w 100% naturalny Przeznaczony jest do nawo\u017cenia wszystkich ro\u015blin ogrodowych jako naw\u00f3z uniwersalny. Wytworzony na bazie odchod\u00f3w kurzych jest bogaty w \u0142atwo dost\u0119pne sk\u0142adnik od\u017cywcze niezb\u0119dne do prawid\u0142owego rozwoju ro\u015blin. Bogaty sk\u0142ad nawozu pozytywnie wp\u0142ywa na jako\u015b\u0107 i&#8230;<\/p>\n","protected":false},"featured_media":19854,"comment_status":"open","ping_status":"closed","template":"","meta":{"inline_featured_image":false},"product_cat":[167],"product_tag":[],"location":[],"class_list":{"0":"post-19864","1":"product","2":"type-product","3":"status-publish","4":"has-post-thumbnail","6":"product_cat-nawozy","7":"nt-post-class","8":"","11":"excerpt-none","14":"first","15":"instock","16":"shipping-taxable","17":"purchasable","18":"product-type-simple"},"_links":{"self":[{"href":"https:\/\/boskienasiona.pl\/en\/wp-json\/wp\/v2\/product\/19864","targetHints":{"allow":["GET"]}}],"collection":[{"href":"https:\/\/boskienasiona.pl\/en\/wp-json\/wp\/v2\/product"}],"about":[{"href":"https:\/\/boskienasiona.pl\/en\/wp-json\/wp\/v2\/types\/product"}],"replies":[{"embeddable":true,"href":"https:\/\/boskienasiona.pl\/en\/wp-json\/wp\/v2\/comments?post=19864"}],"version-history":[{"count":0,"href":"https:\/\/boskienasiona.pl\/en\/wp-json\/wp\/v2\/product\/19864\/revisions"}],"wp:featuredmedia":[{"embeddable":true,"href":"https:\/\/boskienasiona.pl\/en\/wp-json\/wp\/v2\/media\/19854"}],"wp:attachment":[{"href":"https:\/\/boskienasiona.pl\/en\/wp-json\/wp\/v2\/media?parent=19864"}],"wp:term":[{"taxonomy":"product_cat","embeddable":true,"href":"https:\/\/boskienasiona.pl\/en\/wp-json\/wp\/v2\/product_cat?post=19864"},{"taxonomy":"product_tag","embeddable":true,"href":"https:\/\/boskienasiona.pl\/en\/wp-json\/wp\/v2\/product_tag?post=19864"},{"taxonomy":"location","embeddable":true,"href":"https:\/\/boskienasiona.pl\/en\/wp-json\/wp\/v2\/location?post=19864"}],"curies":[{"name":"wp","href":"https:\/\/api.w.org\/{rel}","templated":true}]}}