{"id":19887,"date":"2025-02-01T18:24:59","date_gmt":"2025-02-01T17:24:59","guid":{"rendered":"https:\/\/boskienasiona.pl\/product\/ziemia-uniwersalna-do-kwiatow-roslin-ozdobnych-warzyw-i-ziol-5l\/"},"modified":"2026-02-16T22:18:10","modified_gmt":"2026-02-16T21:18:10","slug":"ziemia-uniwersalna-do-kwiatow-roslin-ozdobnych-warzyw-i-ziol-5l","status":"publish","type":"product","link":"https:\/\/boskienasiona.pl\/en\/produkt\/ziemia-uniwersalna-do-kwiatow-roslin-ozdobnych-warzyw-i-ziol-5l\/","title":{"rendered":"Ziemia Uniwersalna do KWIAT\u00d3W RO\u015aLIN OZDOBNYCH WARZYW I ZI\u00d3\u0141 5L"},"content":{"rendered":"<section class=\"section\">\n<div class=\"item item-6\">\n<section class=\"image-item\"><img decoding=\"async\" src=\"https:\/\/upload.cdn.baselinker.com\/products\/3018170\/db934167f7abcacfde19b87fb3e2fb68.jpg\"><\/section>\n<\/p><\/div>\n<div class=\"item item-6\">\n<section class=\"text-item\">\n<p><b>\u2728ZIEMIA UNIWERSALNA DO KWIAT\u00d3W I WARZYW\u2728<\/b><\/p>\n<p><b>Ziemia uniwersalna Planta do kwiat\u00f3w i warzy jest gotowym do u\u017cycia pod\u0142o\u017cem skomponowanym na bazie mieszanki torf\u00f3w oraz specjalistycznego nawozu zawieraj\u0105cego komplet niezb\u0119dnych sk\u0142adnik\u00f3w od\u017cywczych &#8220;NPK&#8221; (wielosk\u0142adnikowe nawozy mineralne zawieraj\u0105ce azot, fosfor i potas) wzbogacony cennymi mikro- elementami. Ziemia uniwersalna Planta jest \u017cyzna i bogata w pr\u00f3chnice, charakteryzuje si\u0119 odpowiednia struktura pomagaj\u0105c\u0105 zatrzyma\u0107 sk\u0142adniki pokarmowe i optymalizowa\u0107 warunki powietrzno-wodne.<\/b><\/p>\n<p><b>Polecana jest do uprawy:<\/b><\/p>\n<p><b>\u2705Warzyw i zi\u00f3\u0142 w gruncie i pod os\u0142onami<\/b><\/p>\n<p><b>\u2705Ro\u015blin ozdobnych domowych<\/b><\/p>\n<p><b>\u2705Ro\u015blin ogrodowych<\/b><\/p>\n<p><b>\u2705Ro\u015blin balkonowych uprawianych w donicach.<\/b><b><\/b><\/p>\n<\/section><\/div>\n<\/section>\n<section class=\"section\">\n<div class=\"item item-6\">\n<section class=\"image-item\"><img decoding=\"async\" src=\"https:\/\/upload.cdn.baselinker.com\/products\/3018170\/4195233574ee1342edb826998aa6d7f8.jpg\"><\/section>\n<\/p><\/div>\n<div class=\"item item-6\">\n<section class=\"text-item\">\n<p><b>Spos\u00f3b u\u017cycia<\/b>\u00a0<\/p>\n<p>\u2705<b>Sadzenie pojemnikach<\/b><\/p>\n<p>Ziemie zaleca si\u0119 wysypa\u0107 z opakowania i rozlu\u017ani\u0107. Sadz\u0105c ro\u015bliny doniczkowe nale\u017cy na dnie pojemnik\u00f3w umie\u015bci\u0107 warstw\u0119 drenuj\u0105c np. z keramzytu lub grysu. Zwraca\u0107 uwag\u0119 na dro\u017cno\u015b\u0107 otworu donicy. Na dnie donicy u\u0142o\u017cy\u0107 odpowiedniej grubo\u015bci warstw\u0119 ziemi. Bry\u0142\u0119 korzeniowa ro\u015bliny oczy\u015bci\u0107 z obumar\u0142ych korzeni, ewentualnie lekko rozlu\u017ani\u0107 i u\u0142o\u017cy\u0107 w donicy. Nast\u0119pnie pust\u0105 przestrze\u0144 wype\u0142ni\u0107 ziemia lekko ja ugniataj\u0105c. Posadzona ro\u015blin\u0119 podla\u0107 woda.<\/p>\n<\/p>\n<p>\u2705<b>Sadzenie w gruncie<\/b>\u00a0<\/p>\n<p>Przygotowa\u0107 do\u0142ek taki by bry\u0142a korzeniowa ro\u015bliny mie\u015bci\u0142a si\u0119 w nim z du\u017cym zapasem. Wsypa\u0107 na dno do\u0142ka cz\u0119\u015b\u0107 ziemi. Ro\u015blinne umie\u015bci\u0107 w do\u0142ku, a nast\u0119pnie obsypa\u0107 ziemi\u0105, kt\u00f3ra nale\u017cy lekko ugnie\u015b\u0107 i podla\u0107 wod\u0105.<\/p>\n<\/section><\/div>\n<\/section>\n<section class=\"section\">\n<div class=\"item item-6\">\n<section class=\"image-item\"><img decoding=\"async\" src=\"https:\/\/upload.cdn.baselinker.com\/products\/3018170\/493ce61706f0814bf06b15f9bd9d7ec8.jpg\"><\/section>\n<\/p><\/div>\n<div class=\"item item-6\">\n<section class=\"text-item\">\n<p><b>SPECYFIKACJA<\/b><\/p>\n<p><b>\u2705 Pojemno\u015b\u0107 5 litr\u00f3w<\/b><\/p>\n<p><b>\u2705 pH 5,5 &#8211; 6,5<\/b><\/p>\n<p><b>\u2705 Zastosowanie uniwersalne<\/b><\/p>\n<p><b>\u2705Mieszanka torfu + NPK<\/b><\/p>\n<\/section><\/div>\n<\/section>\n<section class=\"section\">\n<div class=\"item item-6\">\n<section class=\"image-item\"><img decoding=\"async\" src=\"https:\/\/upload.cdn.baselinker.com\/products\/3018170\/9aec6273ef11b47fca13022b09cea905.jpg\"><\/section>\n<\/p><\/div>\n<div class=\"item item-6\">\n<section class=\"image-item\"><img decoding=\"async\" src=\"https:\/\/upload.cdn.baselinker.com\/products\/3018170\/fd92ab5f8bebed2a1014294421730c72.jpg\"><\/section>\n<\/p><\/div>\n<\/section>\n<section class=\"section\">\n<div class=\"item item-6\">\n<section class=\"image-item\"><img decoding=\"async\" src=\"https:\/\/upload.cdn.baselinker.com\/products\/3018170\/b4b9518a90e2511c263393921e163828.jpg\"><\/section>\n<\/p><\/div>\n<div class=\"item item-6\">\n<section class=\"image-item\"><img decoding=\"async\" src=\"https:\/\/upload.cdn.baselinker.com\/products\/3018170\/9be1bdd424333894269f61e170f9c59a.jpg\"><\/section>\n<\/p><\/div>\n<\/section>\n<section class=\"section\">\n<div class=\"item item-6\">\n<section class=\"image-item\"><img decoding=\"async\" src=\"https:\/\/upload.cdn.baselinker.com\/products\/3018170\/1848cc29af3faf644760205d54982d19.jpg\"><\/section>\n<\/p><\/div>\n<div class=\"item item-6\">\n<section class=\"image-item\"><img decoding=\"async\" src=\"https:\/\/upload.cdn.baselinker.com\/products\/3018170\/d6c61698105d3a866941814a616a2489.jpg\"><\/section>\n<\/p><\/div>\n<\/section>\n<section class=\"section\">\n<div class=\"item item-6\">\n<section class=\"image-item\"><img decoding=\"async\" src=\"https:\/\/upload.cdn.baselinker.com\/products\/3018170\/9bc491336df558dc2171a67018d09832.jpg\"><\/section>\n<\/p><\/div>\n<div class=\"item item-6\">\n<section class=\"image-item\"><img decoding=\"async\" src=\"https:\/\/upload.cdn.baselinker.com\/products\/3018170\/18d505f05d062d2422a6db96a7cf6132.jpg\"><\/section>\n<\/p><\/div>\n<\/section>\n","protected":false},"excerpt":{"rendered":"<p>\u2728ZIEMIA UNIWERSALNA DO KWIAT\u00d3W I WARZYW\u2728 Ziemia uniwersalna Planta do kwiat\u00f3w i warzy jest gotowym do u\u017cycia pod\u0142o\u017cem skomponowanym na bazie mieszanki torf\u00f3w oraz specjalistycznego nawozu zawieraj\u0105cego komplet niezb\u0119dnych sk\u0142adnik\u00f3w od\u017cywczych &#8220;NPK&#8221; (wielosk\u0142adnikowe nawozy mineralne zawieraj\u0105ce azot, fosfor i potas) wzbogacony cennymi mikro- elementami. Ziemia uniwersalna Planta jest \u017cyzna i bogata w pr\u00f3chnice, charakteryzuje si\u0119&#8230;<\/p>\n","protected":false},"featured_media":19865,"comment_status":"open","ping_status":"closed","template":"","meta":{"inline_featured_image":false},"product_cat":[170],"product_tag":[],"location":[],"class_list":{"0":"post-19887","1":"product","2":"type-product","3":"status-publish","4":"has-post-thumbnail","6":"product_cat-ziemia","7":"nt-post-class","8":"","11":"excerpt-none","14":"first","15":"outofstock","16":"shipping-taxable","17":"purchasable","18":"product-type-simple"},"_links":{"self":[{"href":"https:\/\/boskienasiona.pl\/en\/wp-json\/wp\/v2\/product\/19887","targetHints":{"allow":["GET"]}}],"collection":[{"href":"https:\/\/boskienasiona.pl\/en\/wp-json\/wp\/v2\/product"}],"about":[{"href":"https:\/\/boskienasiona.pl\/en\/wp-json\/wp\/v2\/types\/product"}],"replies":[{"embeddable":true,"href":"https:\/\/boskienasiona.pl\/en\/wp-json\/wp\/v2\/comments?post=19887"}],"version-history":[{"count":0,"href":"https:\/\/boskienasiona.pl\/en\/wp-json\/wp\/v2\/product\/19887\/revisions"}],"wp:featuredmedia":[{"embeddable":true,"href":"https:\/\/boskienasiona.pl\/en\/wp-json\/wp\/v2\/media\/19865"}],"wp:attachment":[{"href":"https:\/\/boskienasiona.pl\/en\/wp-json\/wp\/v2\/media?parent=19887"}],"wp:term":[{"taxonomy":"product_cat","embeddable":true,"href":"https:\/\/boskienasiona.pl\/en\/wp-json\/wp\/v2\/product_cat?post=19887"},{"taxonomy":"product_tag","embeddable":true,"href":"https:\/\/boskienasiona.pl\/en\/wp-json\/wp\/v2\/product_tag?post=19887"},{"taxonomy":"location","embeddable":true,"href":"https:\/\/boskienasiona.pl\/en\/wp-json\/wp\/v2\/location?post=19887"}],"curies":[{"name":"wp","href":"https:\/\/api.w.org\/{rel}","templated":true}]}}