{"id":19912,"date":"2025-02-01T18:25:26","date_gmt":"2025-02-01T17:25:26","guid":{"rendered":"https:\/\/boskienasiona.pl\/product\/pikownik-ogrodowy-sadzarka-ulatwia-sadzenie-nasion\/"},"modified":"2026-04-18T22:17:39","modified_gmt":"2026-04-18T20:17:39","slug":"pikownik-ogrodowy-sadzarka-ulatwia-sadzenie-nasion","status":"publish","type":"product","link":"https:\/\/boskienasiona.pl\/en\/produkt\/pikownik-ogrodowy-sadzarka-ulatwia-sadzenie-nasion\/","title":{"rendered":"Pikownik Ogrodowy Sadzarka U\u0142atwia Sadzenie Nasion"},"content":{"rendered":"<section class=\"section\">\n<div class=\"item item-6\">\n<section class=\"image-item\"><img decoding=\"async\" src=\"https:\/\/upload.cdn.baselinker.com\/products\/3018170\/876ac7cc7add9c5c157bad2e23223880.jpg\" \/><\/section>\n<\/p><\/div>\n<div class=\"item item-6\">\n<section class=\"text-item\">\n<p><b>Pikownik Ogrodowy Sadzarka U\u0142atwia Sadzenie Nasion<\/b><\/p>\n<p>\u2705 Narz\u0119dzie ogrodowe, kt\u00f3re<b> u\u0142atwia sadzenie nasion<\/b> i cebulek w ziemi.<\/p>\n<p>\u2705 Ostrze pikownika pozwala na u<b>tworzenie otwor\u00f3w w ziemi<\/b> o w\u0142a\u015bciwej g\u0142\u0119boko\u015bci i \u015brednicy.<\/p>\n<p>\u2705 Regulowana g\u0142\u0119boko\u015b\u0107 pozwala na dostosowanie pikownika <b>do r\u00f3\u017cnych gatunk\u00f3w ro\u015blin.<\/b><\/p>\n<p>\u2705 Precyzyjne sadzenie zapewnia <b>r\u00f3wnomierny wzrost ro\u015blin<\/b>.<\/p>\n<p>\u2705<b> Szybsze i bardziej efektywne<\/b> sadzenie ni\u017c r\u0119czne kopanie otwor\u00f3w w ziemi.<\/p>\n<p>\u2705<b> Oszcz\u0119dno\u015b\u0107 czasu i energii<\/b> podczas prac ogrodniczych.<\/p>\n<\/section><\/div>\n<\/section>\n<section class=\"section\">\n<div class=\"item item-6\">\n<section class=\"image-item\"><img decoding=\"async\" src=\"https:\/\/upload.cdn.baselinker.com\/products\/3018170\/727806c83c37b77a62074f04ef732cfb.jpg\" \/><\/section>\n<\/p><\/div>\n<div class=\"item item-6\">\n<section class=\"text-item\">\n<p><b>\u2728Pikownik &#8211; narz\u0119dzie ogrodowe u\u0142atwiaj\u0105ce sadzenie nasion \u2728<\/b><\/p>\n<p>Pikownik to narz\u0119dzie ogrodowe, kt\u00f3re u\u0142atwia sadzenie nasion i cebulek w ziemi. Dzi\u0119ki niemu sadzenie jest \u0142atwiejsze, bardziej precyzyjne i efektywne, co pozwala zaoszcz\u0119dzi\u0107 czas i energi\u0119 podczas prac ogrodniczych.<\/p>\n<\/section><\/div>\n<\/section>\n<section class=\"section\">\n<div class=\"item item-6\">\n<section class=\"image-item\"><img decoding=\"async\" src=\"https:\/\/upload.cdn.baselinker.com\/products\/3018170\/74b0377b4d6ea3b2af6ee86b67fa3e6a.jpg\" \/><\/section>\n<\/p><\/div>\n<div class=\"item item-6\">\n<section class=\"text-item\">\n<p><b>Precyzyjne sadzenie dzi\u0119ki ostrzu pikownika<\/b><\/p>\n<p>Ostrze pikownika pozwala na utworzenie otwor\u00f3w w ziemi o w\u0142a\u015bciwej g\u0142\u0119boko\u015bci i \u015brednicy, co umo\u017cliwia dok\u0142adne umieszczenie nasion lub cebulek w ziemi. Dzi\u0119ki temu ro\u015bliny rosn\u0105 r\u00f3wnomiernie, a sadzenie jest szybsze i bardziej efektywne.<\/p>\n<\/section><\/div>\n<\/section>\n<section class=\"section\">\n<div class=\"item item-6\">\n<section class=\"image-item\"><img decoding=\"async\" src=\"https:\/\/upload.cdn.baselinker.com\/products\/3018170\/141444e375c9b5086d319dd8817faa54.jpg\" \/><\/section>\n<\/p><\/div>\n<div class=\"item item-6\">\n<section class=\"text-item\">\n<p><b>Regulowana g\u0142\u0119boko\u015b\u0107 &#8211; dostosowanie do r\u00f3\u017cnych gatunk\u00f3w ro\u015blin<\/b><\/p>\n<p>Pikownik posiada tak\u017ce regulowan\u0105 g\u0142\u0119boko\u015b\u0107, co umo\u017cliwia dostosowanie go do wymaga\u0144 r\u00f3\u017cnych gatunk\u00f3w ro\u015blin. Dzi\u0119ki temu mo\u017cesz zaoszcz\u0119dzi\u0107 czas i unikn\u0105\u0107 konieczno\u015bci r\u0119cznego kopania otwor\u00f3w w ziemi.<\/p>\n<\/section><\/div>\n<\/section>\n<section class=\"section\">\n<div class=\"item item-6\">\n<section class=\"image-item\"><img decoding=\"async\" src=\"https:\/\/upload.cdn.baselinker.com\/products\/3018170\/b2bdae7bf4922e7df5d59b33074272d0.jpg\" \/><\/section>\n<\/p><\/div>\n<div class=\"item item-6\">\n<section class=\"text-item\">\n<p><b>Kup pikownik ju\u017c dzi\u015b i zaoszcz\u0119d\u017a czas i energi\u0119 \u2b50\u2b50\u2b50\u2b50\u2b50<\/b><\/p>\n<p>Nie tra\u0107 wi\u0119cej czasu na r\u0119czne kopanie otwor\u00f3w w ziemi. Kup pikownik ju\u017c dzi\u015b i przekonaj si\u0119, jak wiele korzy\u015bci mo\u017ce przynie\u015b\u0107 twojemu ogrodowi. Dzi\u0119ki temu narz\u0119dziu mo\u017cesz zaoszcz\u0119dzi\u0107 czas i energi\u0119 podczas sadzenia nasion i cebulek, co pozwoli ci cieszy\u0107 si\u0119 pi\u0119knymi i zdrowymi ro\u015blinami w swoim ogrodzie. Skorzystaj z pikownika, aby zwi\u0119kszy\u0107 efektywno\u015b\u0107 swojej pracy ogrodniczej i zyska\u0107 wi\u0119cej czasu na relaks i odpoczynek!<\/p>\n<\/section><\/div>\n<\/section>\n","protected":false},"excerpt":{"rendered":"<p>Pikownik Ogrodowy Sadzarka U\u0142atwia Sadzenie Nasion \u2705 Narz\u0119dzie ogrodowe, kt\u00f3re u\u0142atwia sadzenie nasion i cebulek w ziemi. \u2705 Ostrze pikownika pozwala na utworzenie otwor\u00f3w w ziemi o w\u0142a\u015bciwej g\u0142\u0119boko\u015bci i \u015brednicy. \u2705 Regulowana g\u0142\u0119boko\u015b\u0107 pozwala na dostosowanie pikownika do r\u00f3\u017cnych gatunk\u00f3w ro\u015blin. \u2705 Precyzyjne sadzenie zapewnia r\u00f3wnomierny wzrost ro\u015blin. \u2705 Szybsze i bardziej efektywne sadzenie&#8230;<\/p>\n","protected":false},"featured_media":19888,"comment_status":"open","ping_status":"closed","template":"","meta":{"inline_featured_image":false},"product_cat":[143,178],"product_tag":[],"location":[],"class_list":{"0":"post-19912","1":"product","2":"type-product","3":"status-publish","4":"has-post-thumbnail","6":"product_cat-lopatki-motyczki-pikowniki","7":"product_cat-narzedzia-ogrodowe","8":"nt-post-class","9":"","12":"excerpt-none","15":"first","16":"instock","17":"shipping-taxable","18":"purchasable","19":"product-type-simple"},"_links":{"self":[{"href":"https:\/\/boskienasiona.pl\/en\/wp-json\/wp\/v2\/product\/19912","targetHints":{"allow":["GET"]}}],"collection":[{"href":"https:\/\/boskienasiona.pl\/en\/wp-json\/wp\/v2\/product"}],"about":[{"href":"https:\/\/boskienasiona.pl\/en\/wp-json\/wp\/v2\/types\/product"}],"replies":[{"embeddable":true,"href":"https:\/\/boskienasiona.pl\/en\/wp-json\/wp\/v2\/comments?post=19912"}],"version-history":[{"count":1,"href":"https:\/\/boskienasiona.pl\/en\/wp-json\/wp\/v2\/product\/19912\/revisions"}],"predecessor-version":[{"id":22411,"href":"https:\/\/boskienasiona.pl\/en\/wp-json\/wp\/v2\/product\/19912\/revisions\/22411"}],"wp:featuredmedia":[{"embeddable":true,"href":"https:\/\/boskienasiona.pl\/en\/wp-json\/wp\/v2\/media\/19888"}],"wp:attachment":[{"href":"https:\/\/boskienasiona.pl\/en\/wp-json\/wp\/v2\/media?parent=19912"}],"wp:term":[{"taxonomy":"product_cat","embeddable":true,"href":"https:\/\/boskienasiona.pl\/en\/wp-json\/wp\/v2\/product_cat?post=19912"},{"taxonomy":"product_tag","embeddable":true,"href":"https:\/\/boskienasiona.pl\/en\/wp-json\/wp\/v2\/product_tag?post=19912"},{"taxonomy":"location","embeddable":true,"href":"https:\/\/boskienasiona.pl\/en\/wp-json\/wp\/v2\/location?post=19912"}],"curies":[{"name":"wp","href":"https:\/\/api.w.org\/{rel}","templated":true}]}}