{"id":19923,"date":"2025-02-01T18:25:43","date_gmt":"2025-02-01T17:25:43","guid":{"rendered":"https:\/\/boskienasiona.pl\/product\/ziemia-uniwersalna-do-kwiatow-roslin-ozdobnych-warzyw-i-ziol-10l\/"},"modified":"2026-02-16T22:18:11","modified_gmt":"2026-02-16T21:18:11","slug":"ziemia-uniwersalna-do-kwiatow-roslin-ozdobnych-warzyw-i-ziol-10l","status":"publish","type":"product","link":"https:\/\/boskienasiona.pl\/en\/produkt\/ziemia-uniwersalna-do-kwiatow-roslin-ozdobnych-warzyw-i-ziol-10l\/","title":{"rendered":"Ziemia Uniwersalna do KWIAT\u00d3W RO\u015aLIN OZDOBNYCH WARZYW I ZI\u00d3\u0141 10L"},"content":{"rendered":"<section class=\"section\">\n<div class=\"item item-6\">\n<section class=\"image-item\"><img decoding=\"async\" src=\"https:\/\/upload.cdn.baselinker.com\/products\/3018170\/09bb7f2416b25c32fd5bcd6d8113f8e2.jpg\"><\/section>\n<\/p><\/div>\n<div class=\"item item-6\">\n<section class=\"text-item\">\n<p><b>\u2728ZIEMIA UNIWERSALNA DO KWIAT\u00d3W I WARZYW\u2728<\/b><\/p>\n<p><b>Ziemia uniwersalna Planta do kwiat\u00f3w i warzy jest gotowym do u\u017cycia pod\u0142o\u017cem skomponowanym na bazie mieszanki torf\u00f3w oraz specjalistycznego nawozu zawieraj\u0105cego komplet niezb\u0119dnych sk\u0142adnik\u00f3w od\u017cywczych &#8220;NPK&#8221; (wielosk\u0142adnikowe nawozy mineralne zawieraj\u0105ce azot, fosfor i potas) wzbogacony cennymi mikro- elementami. Ziemia uniwersalna Planta jest \u017cyzna i bogata w pr\u00f3chnice, charakteryzuje si\u0119 odpowiednia struktura pomagaj\u0105c\u0105 zatrzyma\u0107 sk\u0142adniki pokarmowe i optymalizowa\u0107 warunki powietrzno-wodne.<\/b><\/p>\n<p><b>Polecana jest do uprawy:<\/b><\/p>\n<p>\u2705<b>Warzyw i zi\u00f3\u0142 w gruncie i pod os\u0142onami<\/b><\/p>\n<p><b>\u2705Ro\u015blin ozdobnych domowych<\/b><\/p>\n<p><b>\u2705Ro\u015blin ogrodowych<\/b><\/p>\n<p><b>\u2705Ro\u015blin balkonowych uprawianych w donicach.<\/b><b><\/b><\/p>\n<\/section><\/div>\n<\/section>\n<section class=\"section\">\n<div class=\"item item-6\">\n<section class=\"image-item\"><img decoding=\"async\" src=\"https:\/\/upload.cdn.baselinker.com\/products\/3018170\/20ae32244f795cbe0ab0439ae8af1058.jpg\"><\/section>\n<\/p><\/div>\n<div class=\"item item-6\">\n<section class=\"text-item\">\n<p><b>Spos\u00f3b u\u017cycia<\/b><\/p>\n<p>\u2705<b>Sadzenie pojemnikach<\/b><\/p>\n<p>Ziemie zaleca si\u0119 wysypa\u0107 z opakowania i rozlu\u017ani\u0107. Sadz\u0105c ro\u015bliny doniczkowe nale\u017cy na dnie pojemnik\u00f3w umie\u015bci\u0107 warstw\u0119 drenuj\u0105c np. z keramzytu lub grysu. Zwraca\u0107 uwag\u0119 na dro\u017cno\u015b\u0107 otworu donicy. Na dnie donicy u\u0142o\u017cy\u0107 odpowiedniej grubo\u015bci warstw\u0119 ziemi. Bry\u0142\u0119 korzeniowa ro\u015bliny oczy\u015bci\u0107 z obumar\u0142ych korzeni, ewentualnie lekko rozlu\u017ani\u0107 i u\u0142o\u017cy\u0107 w donicy. Nast\u0119pnie pust\u0105 przestrze\u0144 wype\u0142ni\u0107 ziemia lekko ja ugniataj\u0105c. Posadzona ro\u015blin\u0119 podla\u0107 woda.<\/p>\n<p>\u2705<b>Sadzenie w gruncie<\/b><\/p>\n<p>Przygotowa\u0107 do\u0142ek taki by bry\u0142a korzeniowa ro\u015bliny mie\u015bci\u0142a si\u0119 w nim z du\u017cym zapasem. Wsypa\u0107 na dno do\u0142ka cz\u0119\u015b\u0107 ziemi. Ro\u015blinne umie\u015bci\u0107 w do\u0142ku, a nast\u0119pnie obsypa\u0107 ziemi\u0105, kt\u00f3ra nale\u017cy lekko ugnie\u015b\u0107 i podla\u0107 wod\u0105.<\/p>\n<\/section><\/div>\n<\/section>\n<section class=\"section\">\n<div class=\"item item-6\">\n<section class=\"image-item\"><img decoding=\"async\" src=\"https:\/\/upload.cdn.baselinker.com\/products\/3018170\/79786b03091a7a39ba0f2370d424c616.jpg\"><\/section>\n<\/p><\/div>\n<div class=\"item item-6\">\n<section class=\"text-item\">\n<p><b>SPECYFIKACJA<\/b><\/p>\n<p><b>\u2705 Pojemno\u015b\u0107 10 litr\u00f3w<\/b><\/p>\n<p><b>\u2705 pH 5,5 &#8211; 6,5<\/b><\/p>\n<p><b>\u2705 Zastosowanie uniwersalne<\/b><\/p>\n<p><b>\u2705Mieszanka torfu + NPK<\/b><\/p>\n<\/section><\/div>\n<\/section>\n<section class=\"section\">\n<div class=\"item item-6\">\n<section class=\"image-item\"><img decoding=\"async\" src=\"https:\/\/upload.cdn.baselinker.com\/products\/3018170\/9fe0de016241fcafdf60b82a83763b79.jpg\"><\/section>\n<\/p><\/div>\n<div class=\"item item-6\">\n<section class=\"image-item\"><img decoding=\"async\" src=\"https:\/\/upload.cdn.baselinker.com\/products\/3018170\/a17334ff10412615473e96274b85dd51.jpg\"><\/section>\n<\/p><\/div>\n<\/section>\n<section class=\"section\">\n<div class=\"item item-6\">\n<section class=\"image-item\"><img decoding=\"async\" src=\"https:\/\/upload.cdn.baselinker.com\/products\/3018170\/97038299486f1527c217944ec8ebfcd4.jpg\"><\/section>\n<\/p><\/div>\n<div class=\"item item-6\">\n<section class=\"image-item\"><img decoding=\"async\" src=\"https:\/\/upload.cdn.baselinker.com\/products\/3018170\/4140d132d11b0d0a3e9d8dd9ebe78f40.jpg\"><\/section>\n<\/p><\/div>\n<\/section>\n<section class=\"section\">\n<div class=\"item item-6\">\n<section class=\"image-item\"><img decoding=\"async\" src=\"https:\/\/upload.cdn.baselinker.com\/products\/3018170\/1919fedf9a25df046277004f50e228d2.jpg\"><\/section>\n<\/p><\/div>\n<div class=\"item item-6\">\n<section class=\"image-item\"><img decoding=\"async\" src=\"https:\/\/upload.cdn.baselinker.com\/products\/3018170\/9cfd69935542e2fae6890274cecd1f41.jpg\"><\/section>\n<\/p><\/div>\n<\/section>\n<section class=\"section\">\n<div class=\"item item-6\">\n<section class=\"image-item\"><img decoding=\"async\" src=\"https:\/\/upload.cdn.baselinker.com\/products\/3018170\/2d104353252eccf1e02847184a6879c8.jpg\"><\/section>\n<\/p><\/div>\n<div class=\"item item-6\">\n<section class=\"image-item\"><img decoding=\"async\" src=\"https:\/\/upload.cdn.baselinker.com\/products\/3018170\/20a5cf0c355c0fad1b5be7534edb6a82.jpg\"><\/section>\n<\/p><\/div>\n<\/section>\n","protected":false},"excerpt":{"rendered":"<p>\u2728ZIEMIA UNIWERSALNA DO KWIAT\u00d3W I WARZYW\u2728 Ziemia uniwersalna Planta do kwiat\u00f3w i warzy jest gotowym do u\u017cycia pod\u0142o\u017cem skomponowanym na bazie mieszanki torf\u00f3w oraz specjalistycznego nawozu zawieraj\u0105cego komplet niezb\u0119dnych sk\u0142adnik\u00f3w od\u017cywczych &#8220;NPK&#8221; (wielosk\u0142adnikowe nawozy mineralne zawieraj\u0105ce azot, fosfor i potas) wzbogacony cennymi mikro- elementami. Ziemia uniwersalna Planta jest \u017cyzna i bogata w pr\u00f3chnice, charakteryzuje si\u0119&#8230;<\/p>\n","protected":false},"featured_media":19890,"comment_status":"open","ping_status":"closed","template":"","meta":{"inline_featured_image":false},"product_cat":[170],"product_tag":[],"location":[],"class_list":{"0":"post-19923","1":"product","2":"type-product","3":"status-publish","4":"has-post-thumbnail","6":"product_cat-ziemia","7":"nt-post-class","8":"","11":"excerpt-none","14":"first","15":"outofstock","16":"shipping-taxable","17":"purchasable","18":"product-type-simple"},"_links":{"self":[{"href":"https:\/\/boskienasiona.pl\/en\/wp-json\/wp\/v2\/product\/19923","targetHints":{"allow":["GET"]}}],"collection":[{"href":"https:\/\/boskienasiona.pl\/en\/wp-json\/wp\/v2\/product"}],"about":[{"href":"https:\/\/boskienasiona.pl\/en\/wp-json\/wp\/v2\/types\/product"}],"replies":[{"embeddable":true,"href":"https:\/\/boskienasiona.pl\/en\/wp-json\/wp\/v2\/comments?post=19923"}],"version-history":[{"count":0,"href":"https:\/\/boskienasiona.pl\/en\/wp-json\/wp\/v2\/product\/19923\/revisions"}],"wp:featuredmedia":[{"embeddable":true,"href":"https:\/\/boskienasiona.pl\/en\/wp-json\/wp\/v2\/media\/19890"}],"wp:attachment":[{"href":"https:\/\/boskienasiona.pl\/en\/wp-json\/wp\/v2\/media?parent=19923"}],"wp:term":[{"taxonomy":"product_cat","embeddable":true,"href":"https:\/\/boskienasiona.pl\/en\/wp-json\/wp\/v2\/product_cat?post=19923"},{"taxonomy":"product_tag","embeddable":true,"href":"https:\/\/boskienasiona.pl\/en\/wp-json\/wp\/v2\/product_tag?post=19923"},{"taxonomy":"location","embeddable":true,"href":"https:\/\/boskienasiona.pl\/en\/wp-json\/wp\/v2\/location?post=19923"}],"curies":[{"name":"wp","href":"https:\/\/api.w.org\/{rel}","templated":true}]}}