{"id":19952,"date":"2025-02-01T18:26:25","date_gmt":"2025-02-01T17:26:25","guid":{"rendered":"https:\/\/boskienasiona.pl\/product\/narzedzia-ogrodnicze-pazurki-kultywator-verdenia-solidne\/"},"modified":"2026-04-18T22:17:40","modified_gmt":"2026-04-18T20:17:40","slug":"narzedzia-ogrodnicze-pazurki-kultywator-verdenia-solidne","status":"publish","type":"product","link":"https:\/\/boskienasiona.pl\/en\/produkt\/narzedzia-ogrodnicze-pazurki-kultywator-verdenia-solidne\/","title":{"rendered":"Narz\u0119dzia ogrodnicze Pazurki Kultywator Verdenia SOLIDNE"},"content":{"rendered":"<section class=\"section\">\n<div class=\"item item-6\">\n<section class=\"image-item\"><img decoding=\"async\" src=\"https:\/\/upload.cdn.baselinker.com\/products\/3018170\/46431dc248ada163dc2c13dc2522dabb.jpg\"><\/section>\n<\/p><\/div>\n<div class=\"item item-6\">\n<section class=\"text-item\">\n<p><b>\u2728Korzenie? Chwasty? To ju\u017c nie problem!\u2728<\/b><\/p>\n<p>Pazurki ogrodnicze to narz\u0119dzie, kt\u00f3re pozwala na\u00a0<b>precyzyjne i delikatne<\/b>\u00a0prace w ogrodzie. Ich specjalnie zaprojektowane, kr\u00f3tkie i sztywne z\u0119by umo\u017cliwiaj\u0105 \u0142<b>atwe i skuteczne rozlu\u017anienie ziemi bez jej uszkadzania.<\/b>\u00a0Pazurki ogrodnicze s\u0105 r\u00f3wnie\u017c przydatne przy\u00a0<b>usuwaniu chwast\u00f3w i korzeni ro\u015blin<\/b>, a tak\u017ce przy przesadzaniu i podcinaniu korzeni.<\/p>\n<p><b>Specyfikacja<\/b><\/p>\n<p>\u2705pazurki kultywacyjne,<\/p>\n<p>\u2705tr\u00f3jrz\u0119dowe,<\/p>\n<p>\u2705wykonane ze stali,<\/p>\n<p>\u2705r\u0105czka wykonana z tworzywa<\/p>\n<p>\u2705nadaj\u0105 si\u0119 do spulchniania gleby, pielenia oraz prac w twardym gruncie,<\/p>\n<p>\u2705s\u0105 bardzo lekkie,<\/p>\n<p>\u2705zdecydowanie u\u0142atwi\u0105 wiele prac ogrodowych.<\/p>\n<\/section><\/div>\n<\/section>\n","protected":false},"excerpt":{"rendered":"<p>\u2728Korzenie? Chwasty? To ju\u017c nie problem!\u2728 Pazurki ogrodnicze to narz\u0119dzie, kt\u00f3re pozwala na\u00a0precyzyjne i delikatne\u00a0prace w ogrodzie. Ich specjalnie zaprojektowane, kr\u00f3tkie i sztywne z\u0119by umo\u017cliwiaj\u0105 \u0142atwe i skuteczne rozlu\u017anienie ziemi bez jej uszkadzania.\u00a0Pazurki ogrodnicze s\u0105 r\u00f3wnie\u017c przydatne przy\u00a0usuwaniu chwast\u00f3w i korzeni ro\u015blin, a tak\u017ce przy przesadzaniu i podcinaniu korzeni. Specyfikacja \u2705pazurki kultywacyjne, \u2705tr\u00f3jrz\u0119dowe, \u2705wykonane ze&#8230;<\/p>\n","protected":false},"featured_media":19946,"comment_status":"open","ping_status":"closed","template":"","meta":{"inline_featured_image":false},"product_cat":[143,178],"product_tag":[],"location":[],"class_list":{"0":"post-19952","1":"product","2":"type-product","3":"status-publish","4":"has-post-thumbnail","6":"product_cat-lopatki-motyczki-pikowniki","7":"product_cat-narzedzia-ogrodowe","8":"nt-post-class","9":"","12":"excerpt-none","15":"first","16":"instock","17":"shipping-taxable","18":"purchasable","19":"product-type-simple"},"_links":{"self":[{"href":"https:\/\/boskienasiona.pl\/en\/wp-json\/wp\/v2\/product\/19952","targetHints":{"allow":["GET"]}}],"collection":[{"href":"https:\/\/boskienasiona.pl\/en\/wp-json\/wp\/v2\/product"}],"about":[{"href":"https:\/\/boskienasiona.pl\/en\/wp-json\/wp\/v2\/types\/product"}],"replies":[{"embeddable":true,"href":"https:\/\/boskienasiona.pl\/en\/wp-json\/wp\/v2\/comments?post=19952"}],"version-history":[{"count":1,"href":"https:\/\/boskienasiona.pl\/en\/wp-json\/wp\/v2\/product\/19952\/revisions"}],"predecessor-version":[{"id":22410,"href":"https:\/\/boskienasiona.pl\/en\/wp-json\/wp\/v2\/product\/19952\/revisions\/22410"}],"wp:featuredmedia":[{"embeddable":true,"href":"https:\/\/boskienasiona.pl\/en\/wp-json\/wp\/v2\/media\/19946"}],"wp:attachment":[{"href":"https:\/\/boskienasiona.pl\/en\/wp-json\/wp\/v2\/media?parent=19952"}],"wp:term":[{"taxonomy":"product_cat","embeddable":true,"href":"https:\/\/boskienasiona.pl\/en\/wp-json\/wp\/v2\/product_cat?post=19952"},{"taxonomy":"product_tag","embeddable":true,"href":"https:\/\/boskienasiona.pl\/en\/wp-json\/wp\/v2\/product_tag?post=19952"},{"taxonomy":"location","embeddable":true,"href":"https:\/\/boskienasiona.pl\/en\/wp-json\/wp\/v2\/location?post=19952"}],"curies":[{"name":"wp","href":"https:\/\/api.w.org\/{rel}","templated":true}]}}