{"id":19967,"date":"2025-02-01T18:26:36","date_gmt":"2025-02-01T17:26:36","guid":{"rendered":"https:\/\/boskienasiona.pl\/product\/narzedzia-ogrodnicze-motyczka-dwustronna-sercowka-trojzab-solidna-verdenia\/"},"modified":"2026-04-18T22:17:42","modified_gmt":"2026-04-18T20:17:42","slug":"narzedzia-ogrodnicze-motyczka-dwustronna-sercowka-trojzab-solidna-verdenia","status":"publish","type":"product","link":"https:\/\/boskienasiona.pl\/en\/produkt\/narzedzia-ogrodnicze-motyczka-dwustronna-sercowka-trojzab-solidna-verdenia\/","title":{"rendered":"Narz\u0119dzia ogrodnicze Motyczka dwustronna Serc\u00f3wka tr\u00f3jz\u0105b SOLIDNA VERDENIA"},"content":{"rendered":"<section class=\"section\">\n<div class=\"item item-6\">\n<section class=\"image-item\"><img decoding=\"async\" src=\"https:\/\/upload.cdn.baselinker.com\/products\/3018170\/5fec0011f282d24fcf5de92b92416811.jpg\"><\/section>\n<\/p><\/div>\n<div class=\"item item-6\">\n<section class=\"text-item\">\n<p><b>\u2728Precyzja i wygoda w zasi\u0119gu r\u0119ki!\u2728<\/b><\/p>\n<p>\u2747\ufe0fMotyczka (serc\u00f3wka) dwustronna z pazurkami to narz\u0119dzie ogrodowe, kt\u00f3re pozwala na\u00a0<b>delikatne rozlu\u017anienie gleby bez jej uszkadzania.\u00a0<\/b>Dzi\u0119ki dw\u00f3m r\u00f3\u017cnym rodzajom ostrzy, narz\u0119dzie jest wszechstronne i dostosowane do r\u00f3\u017cnych prac ogrodowych. Wygodny kszta\u0142t r\u0105czki i lekka konstrukcja sprawiaj\u0105, \u017ce motyczka dwustronna z pazurkami jest\u00a0<b>idealnym narz\u0119dziem dla ka\u017cdego mi\u0142o\u015bnika ogrod\u00f3w.<\/b><\/p>\n<p><b>Specyfikacja<\/b><\/p>\n<p><b>\u2705stosowana do okopywania ro\u015blin<\/b><\/p>\n<p><b>\u2705idealna do wzruszania twardej, zaskorupionej gleby<\/b><\/p>\n<p><b>\u2705pazurki s\u0142u\u017c\u0105 przede wszystkim do pielenia, napowietrzania gleby, oznaczania grz\u0105dek i robienia otwor\u00f3w do sadzenia<\/b><\/p>\n<p><b>\u2705wykonana ze stali<\/b><\/p>\n<p><b>\u2705bardzo \u0142adny kszta\u0142t<\/b><\/p>\n<\/section><\/div>\n<\/section>\n","protected":false},"excerpt":{"rendered":"<p>\u2728Precyzja i wygoda w zasi\u0119gu r\u0119ki!\u2728 \u2747\ufe0fMotyczka (serc\u00f3wka) dwustronna z pazurkami to narz\u0119dzie ogrodowe, kt\u00f3re pozwala na\u00a0delikatne rozlu\u017anienie gleby bez jej uszkadzania.\u00a0Dzi\u0119ki dw\u00f3m r\u00f3\u017cnym rodzajom ostrzy, narz\u0119dzie jest wszechstronne i dostosowane do r\u00f3\u017cnych prac ogrodowych. Wygodny kszta\u0142t r\u0105czki i lekka konstrukcja sprawiaj\u0105, \u017ce motyczka dwustronna z pazurkami jest\u00a0idealnym narz\u0119dziem dla ka\u017cdego mi\u0142o\u015bnika ogrod\u00f3w. Specyfikacja \u2705stosowana&#8230;<\/p>\n","protected":false},"featured_media":19961,"comment_status":"open","ping_status":"closed","template":"","meta":{"inline_featured_image":false},"product_cat":[143,178],"product_tag":[],"location":[],"class_list":{"0":"post-19967","1":"product","2":"type-product","3":"status-publish","4":"has-post-thumbnail","6":"product_cat-lopatki-motyczki-pikowniki","7":"product_cat-narzedzia-ogrodowe","8":"nt-post-class","9":"","12":"excerpt-none","15":"first","16":"instock","17":"shipping-taxable","18":"purchasable","19":"product-type-simple"},"_links":{"self":[{"href":"https:\/\/boskienasiona.pl\/en\/wp-json\/wp\/v2\/product\/19967","targetHints":{"allow":["GET"]}}],"collection":[{"href":"https:\/\/boskienasiona.pl\/en\/wp-json\/wp\/v2\/product"}],"about":[{"href":"https:\/\/boskienasiona.pl\/en\/wp-json\/wp\/v2\/types\/product"}],"replies":[{"embeddable":true,"href":"https:\/\/boskienasiona.pl\/en\/wp-json\/wp\/v2\/comments?post=19967"}],"version-history":[{"count":1,"href":"https:\/\/boskienasiona.pl\/en\/wp-json\/wp\/v2\/product\/19967\/revisions"}],"predecessor-version":[{"id":22408,"href":"https:\/\/boskienasiona.pl\/en\/wp-json\/wp\/v2\/product\/19967\/revisions\/22408"}],"wp:featuredmedia":[{"embeddable":true,"href":"https:\/\/boskienasiona.pl\/en\/wp-json\/wp\/v2\/media\/19961"}],"wp:attachment":[{"href":"https:\/\/boskienasiona.pl\/en\/wp-json\/wp\/v2\/media?parent=19967"}],"wp:term":[{"taxonomy":"product_cat","embeddable":true,"href":"https:\/\/boskienasiona.pl\/en\/wp-json\/wp\/v2\/product_cat?post=19967"},{"taxonomy":"product_tag","embeddable":true,"href":"https:\/\/boskienasiona.pl\/en\/wp-json\/wp\/v2\/product_tag?post=19967"},{"taxonomy":"location","embeddable":true,"href":"https:\/\/boskienasiona.pl\/en\/wp-json\/wp\/v2\/location?post=19967"}],"curies":[{"name":"wp","href":"https:\/\/api.w.org\/{rel}","templated":true}]}}