{"id":19976,"date":"2025-02-01T18:26:47","date_gmt":"2025-02-01T17:26:47","guid":{"rendered":"https:\/\/boskienasiona.pl\/product\/narzedzia-ogrodnicze-motyczka-ogrodnicza-verdenia-solidna\/"},"modified":"2026-04-18T22:17:43","modified_gmt":"2026-04-18T20:17:43","slug":"narzedzia-ogrodnicze-motyczka-ogrodnicza-verdenia-solidna","status":"publish","type":"product","link":"https:\/\/boskienasiona.pl\/en\/produkt\/narzedzia-ogrodnicze-motyczka-ogrodnicza-verdenia-solidna\/","title":{"rendered":"Narz\u0119dzia ogrodnicze Motyczka ogrodnicza Verdenia SOLIDNA"},"content":{"rendered":"<section class=\"section\">\n<div class=\"item item-6\">\n<section class=\"image-item\"><img decoding=\"async\" src=\"https:\/\/upload.cdn.baselinker.com\/products\/3018170\/cc8d5e7d7a6db984a9be654464e7d463.jpg\"><\/section>\n<\/p><\/div>\n<div class=\"item item-6\">\n<section class=\"text-item\">\n<p><b>\u2728Pi\u0119kne i zdrowe ro\u015bliny w Twoim ogrodzie! \u2728<\/b><\/p>\n<p>\u2747\ufe0fMotyczka ogrodowa to narz\u0119dzie o szerokim ostrzu, kt\u00f3re sprawdza si\u0119 w pracy<b>\u00a0na wi\u0119kszych obszarach<\/b>. S\u0142u\u017cy do usuwania chwast\u00f3w, wyr\u00f3wnywania gleby oraz rozlu\u017aniania ziemi przed posianiem nasion.\u00a0<b>Dzi\u0119ki swojej konstrukcji motyczka ogrodowa jest wygodna i skuteczna w u\u017cytkowaniu.<\/b><\/p>\n<p><b>Specyfikacja<\/b><\/p>\n<p>\u2705s\u0142u\u017cy do wzruszania twardej, zaskorupionej gleby<\/p>\n<p>\u2705idealna do pielenia i okopywania ro\u015blin<\/p>\n<p><b>\u2705wykonana ze stali<\/b><\/p>\n<p>\u2705bardzo \u0142adny kszta\u0142t<\/p>\n<\/section><\/div>\n<\/section>\n","protected":false},"excerpt":{"rendered":"<p>\u2728Pi\u0119kne i zdrowe ro\u015bliny w Twoim ogrodzie! \u2728 \u2747\ufe0fMotyczka ogrodowa to narz\u0119dzie o szerokim ostrzu, kt\u00f3re sprawdza si\u0119 w pracy\u00a0na wi\u0119kszych obszarach. S\u0142u\u017cy do usuwania chwast\u00f3w, wyr\u00f3wnywania gleby oraz rozlu\u017aniania ziemi przed posianiem nasion.\u00a0Dzi\u0119ki swojej konstrukcji motyczka ogrodowa jest wygodna i skuteczna w u\u017cytkowaniu. Specyfikacja \u2705s\u0142u\u017cy do wzruszania twardej, zaskorupionej gleby \u2705idealna do pielenia i&#8230;<\/p>\n","protected":false},"featured_media":19970,"comment_status":"open","ping_status":"closed","template":"","meta":{"inline_featured_image":false},"product_cat":[143,178],"product_tag":[],"location":[],"class_list":{"0":"post-19976","1":"product","2":"type-product","3":"status-publish","4":"has-post-thumbnail","6":"product_cat-lopatki-motyczki-pikowniki","7":"product_cat-narzedzia-ogrodowe","8":"nt-post-class","9":"","12":"excerpt-none","15":"first","16":"instock","17":"shipping-taxable","18":"purchasable","19":"product-type-simple"},"_links":{"self":[{"href":"https:\/\/boskienasiona.pl\/en\/wp-json\/wp\/v2\/product\/19976","targetHints":{"allow":["GET"]}}],"collection":[{"href":"https:\/\/boskienasiona.pl\/en\/wp-json\/wp\/v2\/product"}],"about":[{"href":"https:\/\/boskienasiona.pl\/en\/wp-json\/wp\/v2\/types\/product"}],"replies":[{"embeddable":true,"href":"https:\/\/boskienasiona.pl\/en\/wp-json\/wp\/v2\/comments?post=19976"}],"version-history":[{"count":1,"href":"https:\/\/boskienasiona.pl\/en\/wp-json\/wp\/v2\/product\/19976\/revisions"}],"predecessor-version":[{"id":22407,"href":"https:\/\/boskienasiona.pl\/en\/wp-json\/wp\/v2\/product\/19976\/revisions\/22407"}],"wp:featuredmedia":[{"embeddable":true,"href":"https:\/\/boskienasiona.pl\/en\/wp-json\/wp\/v2\/media\/19970"}],"wp:attachment":[{"href":"https:\/\/boskienasiona.pl\/en\/wp-json\/wp\/v2\/media?parent=19976"}],"wp:term":[{"taxonomy":"product_cat","embeddable":true,"href":"https:\/\/boskienasiona.pl\/en\/wp-json\/wp\/v2\/product_cat?post=19976"},{"taxonomy":"product_tag","embeddable":true,"href":"https:\/\/boskienasiona.pl\/en\/wp-json\/wp\/v2\/product_tag?post=19976"},{"taxonomy":"location","embeddable":true,"href":"https:\/\/boskienasiona.pl\/en\/wp-json\/wp\/v2\/location?post=19976"}],"curies":[{"name":"wp","href":"https:\/\/api.w.org\/{rel}","templated":true}]}}