{"id":19985,"date":"2025-02-01T18:26:58","date_gmt":"2025-02-01T17:26:58","guid":{"rendered":"https:\/\/boskienasiona.pl\/product\/narzedzia-ogrodnicze-grabie-grabki-verdenia-solidne\/"},"modified":"2026-04-18T22:17:44","modified_gmt":"2026-04-18T20:17:44","slug":"narzedzia-ogrodnicze-grabie-grabki-verdenia-solidne","status":"publish","type":"product","link":"https:\/\/boskienasiona.pl\/en\/produkt\/narzedzia-ogrodnicze-grabie-grabki-verdenia-solidne\/","title":{"rendered":"Narz\u0119dzia ogrodnicze Grabie grabki Verdenia SOLIDNE"},"content":{"rendered":"<section class=\"section\">\n<div class=\"item item-6\">\n<section class=\"image-item\"><img decoding=\"async\" src=\"https:\/\/upload.cdn.baselinker.com\/products\/3018170\/c8a93b61d4fe5e18a41808df5dfe8caf.jpg\"><\/section>\n<\/p><\/div>\n<div class=\"item item-6\">\n<section class=\"text-item\">\n<p><b>\u2728Porz\u0105dek w ogrodzie, na jaki zas\u0142ugujesz!\u2728<\/b><\/p>\n<p>\u2747\ufe0fMa\u0142e grabki ogrodnicze to niezb\u0119dne narz\u0119dzie dla ka\u017cdego ogrodnika, zw\u0142aszcza\u00a0<b>podczas prac na ma\u0142ych powierzchniach<\/b>. Ich niewielki rozmiar pozwala na\u00a0<b>precyzyjne zbieranie\u00a0<\/b>li\u015bci, trawy czy ma\u0142ych kamieni, co u\u0142atwia utrzymanie porz\u0105dku w ogrodzie.<\/p>\n<p>Ma\u0142e grabki ogrodnicze s\u0105 tak\u017ce\u00a0<b>lekkie i \u0142atwe w obs\u0142udze<\/b>, co pozwala na d\u0142ugie i wygodne prace. Dzi\u0119ki specjalnej konstrukcji, grabki s\u0105 trwa\u0142e i\u00a0<b>odporne na uszkodzenia<\/b>, co czyni je niezwykle wydajnym narz\u0119dziem w\u00a0<b>d\u0142ugi okres u\u017cytkowania.<\/b><\/p>\n<p><b>Specyfikacja<\/b><\/p>\n<p><b>\u2705grabki ogrodnicze stalowe 5-z\u0119bne Verdenia<\/b><\/p>\n<p><b>\u2705s\u0142u\u017c\u0105 do grabienia, spulchniania i wyr\u00f3wnywania ma\u0142ych powierzchni ziemi<\/b><\/p>\n<p><b>\u2705zapewnia pewny chwyt i wygod\u0119 u\u017cytkowania, a tak\u017ce zabezpiecza przed przypadkowymi uszkodzeniami<\/b><\/p>\n<p><b>\u2705z\u0119by z wysokiej jako\u015bci stali posiadaj\u0105 \u0142agodne kraw\u0119dzie bezpieczne dla ro\u015blin<\/b><\/p>\n<\/section><\/div>\n<\/section>\n","protected":false},"excerpt":{"rendered":"<p>\u2728Porz\u0105dek w ogrodzie, na jaki zas\u0142ugujesz!\u2728 \u2747\ufe0fMa\u0142e grabki ogrodnicze to niezb\u0119dne narz\u0119dzie dla ka\u017cdego ogrodnika, zw\u0142aszcza\u00a0podczas prac na ma\u0142ych powierzchniach. Ich niewielki rozmiar pozwala na\u00a0precyzyjne zbieranie\u00a0li\u015bci, trawy czy ma\u0142ych kamieni, co u\u0142atwia utrzymanie porz\u0105dku w ogrodzie. Ma\u0142e grabki ogrodnicze s\u0105 tak\u017ce\u00a0lekkie i \u0142atwe w obs\u0142udze, co pozwala na d\u0142ugie i wygodne prace. Dzi\u0119ki specjalnej konstrukcji,&#8230;<\/p>\n","protected":false},"featured_media":19979,"comment_status":"open","ping_status":"closed","template":"","meta":{"inline_featured_image":false},"product_cat":[143,178],"product_tag":[],"location":[],"class_list":{"0":"post-19985","1":"product","2":"type-product","3":"status-publish","4":"has-post-thumbnail","6":"product_cat-lopatki-motyczki-pikowniki","7":"product_cat-narzedzia-ogrodowe","8":"nt-post-class","9":"","12":"excerpt-none","15":"first","16":"instock","17":"shipping-taxable","18":"purchasable","19":"product-type-simple"},"_links":{"self":[{"href":"https:\/\/boskienasiona.pl\/en\/wp-json\/wp\/v2\/product\/19985","targetHints":{"allow":["GET"]}}],"collection":[{"href":"https:\/\/boskienasiona.pl\/en\/wp-json\/wp\/v2\/product"}],"about":[{"href":"https:\/\/boskienasiona.pl\/en\/wp-json\/wp\/v2\/types\/product"}],"replies":[{"embeddable":true,"href":"https:\/\/boskienasiona.pl\/en\/wp-json\/wp\/v2\/comments?post=19985"}],"version-history":[{"count":1,"href":"https:\/\/boskienasiona.pl\/en\/wp-json\/wp\/v2\/product\/19985\/revisions"}],"predecessor-version":[{"id":22406,"href":"https:\/\/boskienasiona.pl\/en\/wp-json\/wp\/v2\/product\/19985\/revisions\/22406"}],"wp:featuredmedia":[{"embeddable":true,"href":"https:\/\/boskienasiona.pl\/en\/wp-json\/wp\/v2\/media\/19979"}],"wp:attachment":[{"href":"https:\/\/boskienasiona.pl\/en\/wp-json\/wp\/v2\/media?parent=19985"}],"wp:term":[{"taxonomy":"product_cat","embeddable":true,"href":"https:\/\/boskienasiona.pl\/en\/wp-json\/wp\/v2\/product_cat?post=19985"},{"taxonomy":"product_tag","embeddable":true,"href":"https:\/\/boskienasiona.pl\/en\/wp-json\/wp\/v2\/product_tag?post=19985"},{"taxonomy":"location","embeddable":true,"href":"https:\/\/boskienasiona.pl\/en\/wp-json\/wp\/v2\/location?post=19985"}],"curies":[{"name":"wp","href":"https:\/\/api.w.org\/{rel}","templated":true}]}}