{"id":19996,"date":"2025-02-01T18:27:08","date_gmt":"2025-02-01T17:27:08","guid":{"rendered":"https:\/\/boskienasiona.pl\/product\/narzedzia-ogrodnicze-lopatka-ogrodowa-verdenia-solidna\/"},"modified":"2026-04-18T22:17:45","modified_gmt":"2026-04-18T20:17:45","slug":"narzedzia-ogrodnicze-lopatka-ogrodowa-verdenia-solidna","status":"publish","type":"product","link":"https:\/\/boskienasiona.pl\/en\/produkt\/narzedzia-ogrodnicze-lopatka-ogrodowa-verdenia-solidna\/","title":{"rendered":"Narz\u0119dzia ogrodnicze \u0141opatka ogrodowa Verdenia SOLIDNA"},"content":{"rendered":"<section class=\"section\">\n<div class=\"item item-6\">\n<section class=\"image-item\"><img decoding=\"async\" src=\"https:\/\/upload.cdn.baselinker.com\/products\/3018170\/8f806fb4c8c378dd03528200edd083b0.jpg\"><\/section>\n<\/p><\/div>\n<div class=\"item item-6\">\n<section class=\"text-item\">\n<p><b>\u2728\u0141opatka ogrodnicza &#8211; szybka, \u0142atwa i efektywna praca!\u2728<\/b><\/p>\n<p>\u2747\ufe0fSzeroka \u0142opatka ogrodnicza to\u00a0<b>niezb\u0119dne narz\u0119dzie w ka\u017cdym ogrodzie.<\/b>\u00a0Dzi\u0119ki swojej szeroko\u015bci pozwala na efektywne zbieranie i przenoszenie wi\u0119kszej ilo\u015bci ziemi, li\u015bci czy kamieni w jednym ruchu. To skuteczne i wygodne rozwi\u0105zanie, kt\u00f3re pozwala na\u00a0<b>oszcz\u0119dno\u015b\u0107 czasu i wysi\u0142ku<\/b>\u00a0podczas prac ogrodowych. Ponadto, dzi\u0119ki wytrzyma\u0142ej konstrukcji, szeroka \u0142opatka ogrodnicza jest niezwykle trwa\u0142a i\u00a0<b>s\u0142u\u017cy przez wiele lat!<\/b><\/p>\n<\/section><\/div>\n<\/section>\n","protected":false},"excerpt":{"rendered":"<p>\u2728\u0141opatka ogrodnicza &#8211; szybka, \u0142atwa i efektywna praca!\u2728 \u2747\ufe0fSzeroka \u0142opatka ogrodnicza to\u00a0niezb\u0119dne narz\u0119dzie w ka\u017cdym ogrodzie.\u00a0Dzi\u0119ki swojej szeroko\u015bci pozwala na efektywne zbieranie i przenoszenie wi\u0119kszej ilo\u015bci ziemi, li\u015bci czy kamieni w jednym ruchu. To skuteczne i wygodne rozwi\u0105zanie, kt\u00f3re pozwala na\u00a0oszcz\u0119dno\u015b\u0107 czasu i wysi\u0142ku\u00a0podczas prac ogrodowych. Ponadto, dzi\u0119ki wytrzyma\u0142ej konstrukcji, szeroka \u0142opatka ogrodnicza jest niezwykle&#8230;<\/p>\n","protected":false},"featured_media":19990,"comment_status":"open","ping_status":"closed","template":"","meta":{"inline_featured_image":false},"product_cat":[143,178],"product_tag":[],"location":[],"class_list":{"0":"post-19996","1":"product","2":"type-product","3":"status-publish","4":"has-post-thumbnail","6":"product_cat-lopatki-motyczki-pikowniki","7":"product_cat-narzedzia-ogrodowe","8":"nt-post-class","9":"","12":"excerpt-none","15":"first","16":"instock","17":"shipping-taxable","18":"purchasable","19":"product-type-simple"},"_links":{"self":[{"href":"https:\/\/boskienasiona.pl\/en\/wp-json\/wp\/v2\/product\/19996","targetHints":{"allow":["GET"]}}],"collection":[{"href":"https:\/\/boskienasiona.pl\/en\/wp-json\/wp\/v2\/product"}],"about":[{"href":"https:\/\/boskienasiona.pl\/en\/wp-json\/wp\/v2\/types\/product"}],"replies":[{"embeddable":true,"href":"https:\/\/boskienasiona.pl\/en\/wp-json\/wp\/v2\/comments?post=19996"}],"version-history":[{"count":1,"href":"https:\/\/boskienasiona.pl\/en\/wp-json\/wp\/v2\/product\/19996\/revisions"}],"predecessor-version":[{"id":22405,"href":"https:\/\/boskienasiona.pl\/en\/wp-json\/wp\/v2\/product\/19996\/revisions\/22405"}],"wp:featuredmedia":[{"embeddable":true,"href":"https:\/\/boskienasiona.pl\/en\/wp-json\/wp\/v2\/media\/19990"}],"wp:attachment":[{"href":"https:\/\/boskienasiona.pl\/en\/wp-json\/wp\/v2\/media?parent=19996"}],"wp:term":[{"taxonomy":"product_cat","embeddable":true,"href":"https:\/\/boskienasiona.pl\/en\/wp-json\/wp\/v2\/product_cat?post=19996"},{"taxonomy":"product_tag","embeddable":true,"href":"https:\/\/boskienasiona.pl\/en\/wp-json\/wp\/v2\/product_tag?post=19996"},{"taxonomy":"location","embeddable":true,"href":"https:\/\/boskienasiona.pl\/en\/wp-json\/wp\/v2\/location?post=19996"}],"curies":[{"name":"wp","href":"https:\/\/api.w.org\/{rel}","templated":true}]}}